{"id":103198,"date":"2022-10-06T13:35:47","date_gmt":"2022-10-06T17:35:47","guid":{"rendered":"https:\/\/www.aicanada.ca\/?page_id=103198"},"modified":"2024-07-05T18:30:14","modified_gmt":"2024-07-05T22:30:14","slug":"conferencier","status":"publish","type":"page","link":"https:\/\/www.aicanada.ca\/fr\/evenements-aic\/congres-national-de-lice-2024\/conferencier\/","title":{"rendered":"Conf\u00e9rencier"},"content":{"rendered":"\n<div class=\"wp-block-columns is-layout-flex wp-container-core-columns-is-layout-28f84493 wp-block-columns-is-layout-flex\">\n<div class=\"wp-block-column is-layout-flow wp-block-column-is-layout-flow\">\n<h2 class=\"wp-block-heading\"><strong>Humoriste, \u00e9crivain et expert en communication prim\u00e9 : Bill Carr<\/strong><\/h2>\n\n\n\n<figure class=\"wp-block-image alignright size-large is-resized\"><img loading=\"lazy\" decoding=\"async\" width=\"1024\" height=\"838\" src=\"https:\/\/www.aicanada.ca\/wp-content\/uploads\/Bill-Carr-website-headshot-1024x838.png\" alt=\"\" class=\"wp-image-124860\" style=\"width:467px;height:auto\" srcset=\"https:\/\/www.aicanada.ca\/wp-content\/uploads\/Bill-Carr-website-headshot-1024x838.png 1024w, https:\/\/www.aicanada.ca\/wp-content\/uploads\/Bill-Carr-website-headshot-300x245.png 300w, https:\/\/www.aicanada.ca\/wp-content\/uploads\/Bill-Carr-website-headshot-768x628.png 768w, https:\/\/www.aicanada.ca\/wp-content\/uploads\/Bill-Carr-website-headshot-1536x1256.png 1536w, https:\/\/www.aicanada.ca\/wp-content\/uploads\/Bill-Carr-website-headshot-660x540.png 660w, https:\/\/www.aicanada.ca\/wp-content\/uploads\/Bill-Carr-website-headshot.png 2000w\" sizes=\"auto, (max-width: 1024px) 100vw, 1024px\" \/><\/figure>\n\n\n\n<p><strong>L&rsquo;Institut canadien des \u00e9valuateurs est heureux d&rsquo;annoncer que le conf\u00e9rencier principal du Congr\u00e8s national de l&rsquo;ICE 2024 est Bill Carr.<\/strong><\/p>\n\n\n\n<p>Bill Carr est un artiste, un acteur, un humoriste, un \u00e9crivain et un conf\u00e9rencier inspirant. Depuis plus de 30 ans, Bill aide des groupes de 12 \u00e0 1200 personnes \u00e0 rire de ce qui est insignifiant tout en les aidant \u00e0 r\u00e9fl\u00e9chir profond\u00e9ment \u00e0 ce qui compte. Bill aide les gens \u00e0 voir leur monde d&rsquo;une mani\u00e8re nouvelle et passionnante. Son m\u00e9lange unique d&rsquo;humour et de perspicacit\u00e9 inspire le rire et la r\u00e9flexion, offrant \u00e0 son public une perspective nouvelle sur ce \u00e0 quoi il est confront\u00e9 tous les jours. L&rsquo;utilisation de l&rsquo;humour pour aider les gens \u00e0 r\u00e9fl\u00e9chir sur leur propre nature humaine inn\u00e9e et \u00e0 comprendre qui ils sont dans un contexte social plus large est \u00e0 la base de tout le travail de Bill.<\/p>\n\n\n\n<p>Tout au long de sa carri\u00e8re, Bill s&rsquo;est produit sur des sc\u00e8nes de th\u00e9\u00e2tre \u00e0 travers le Canada et \u00e0 l&rsquo;\u00e9tranger. Il a \u00e9galement beaucoup travaill\u00e9 dans l&rsquo;industrie du cin\u00e9ma et de la t\u00e9l\u00e9vision, dans des r\u00f4les de personnages et en tant que commentateur social \u00e0 la CBC.<\/p>\n\n\n\n<p>Bill est le cofondateur d&rsquo;ARC &#8211; the Atlantic Restorative Company &#8211; dont la vision et la mission motivantes sont de &laquo;&nbsp;cr\u00e9er un espace pour un \u00e9change humain authentique&nbsp;&raquo;.<\/p>\n\n\n\n<p>Bill a \u00e9crit un livre intitul\u00e9 &laquo;&nbsp;Acting Up : Lessons from the Theatre of Life&nbsp;&raquo;, dans lequel il partage ses exp\u00e9riences diverses et vari\u00e9es en tant qu&rsquo;artiste et transmet \u00e0 la fois les le\u00e7ons apprises et les erreurs commises, et lance un d\u00e9fi \u00e0 ceux qui souhaitent vivre de mani\u00e8re plus authentique et avec un but pr\u00e9cis.<\/p>\n\n\n\n<p><em>Photo et biographie avec l&rsquo;aimable autorisation de Bill Carr.<\/em><\/p>\n\n\n\n<h2 class=\"wp-block-heading has-text-align-center\">Vous souhaitez rejoindre la d\u00e9l\u00e9gation du Congr\u00e8s national de l&rsquo;ICE 2024 ?<\/h2>\n\n\n\n<div class=\"wp-block-columns is-layout-flex wp-container-core-columns-is-layout-28f84493 wp-block-columns-is-layout-flex\">\n<div class=\"wp-block-column is-layout-flow wp-block-column-is-layout-flow\">\n<div class=\"wp-block-cover has-white-color has-text-color has-link-color wp-elements-80fae6912e6e4f959022f429538eedd0\" style=\"padding-top:var(--wp--preset--spacing--50);padding-right:var(--wp--preset--spacing--50);padding-bottom:var(--wp--preset--spacing--50);padding-left:var(--wp--preset--spacing--50);min-height:50px;aspect-ratio:unset;\"><span aria-hidden=\"true\" class=\"wp-block-cover__background has-background-dim-80 has-background-dim\" style=\"background-color:#003367\"><\/span><img loading=\"lazy\" decoding=\"async\" width=\"900\" height=\"600\" class=\"wp-block-cover__image-background wp-image-125253\" alt=\"\" src=\"https:\/\/www.aicanada.ca\/wp-content\/uploads\/Shopping-Photo-Hi-Res-e1564160373303-1.jpg\" data-object-fit=\"cover\" srcset=\"https:\/\/www.aicanada.ca\/wp-content\/uploads\/Shopping-Photo-Hi-Res-e1564160373303-1.jpg 900w, https:\/\/www.aicanada.ca\/wp-content\/uploads\/Shopping-Photo-Hi-Res-e1564160373303-1-300x200.jpg 300w, https:\/\/www.aicanada.ca\/wp-content\/uploads\/Shopping-Photo-Hi-Res-e1564160373303-1-768x512.jpg 768w, https:\/\/www.aicanada.ca\/wp-content\/uploads\/Shopping-Photo-Hi-Res-e1564160373303-1-810x540.jpg 810w\" sizes=\"auto, (max-width: 900px) 100vw, 900px\" \/><div class=\"wp-block-cover__inner-container is-layout-constrained wp-container-core-cover-is-layout-f611be13 wp-block-cover-is-layout-constrained\">\n<p class=\"has-text-align-center has-x-large-font-size\"><strong><a href=\"https:\/\/www.aicanada.ca\/aic-events\/event-registration\/?e=AIC2024P\" target=\"_blank\" rel=\"noreferrer noopener\">Cliquez ici pour vous inscrire d\u00e8s aujourd&rsquo;hui !<\/a><\/strong><\/p>\n<\/div><\/div>\n<\/div>\n<\/div>\n<\/div>\n<\/div>\n\n\n\n<div style=\"height:15px\" aria-hidden=\"true\" class=\"wp-block-spacer\"><\/div>\n\n\n\n<p class=\"has-text-align-center\">Avec remerciements \u00e0 notre commanditaire pour l&rsquo;inscription, Offerland.<\/p>\n\n\n\n<figure class=\"wp-block-image aligncenter size-large is-resized\"><a href=\"https:\/\/www.offerland.ca\/\" target=\"_blank\" rel=\"noreferrer noopener\"><img loading=\"lazy\" decoding=\"async\" width=\"1024\" height=\"245\" src=\"https:\/\/www.aicanada.ca\/wp-content\/uploads\/Offerland-Logo-1024x245.png\" alt=\"\" class=\"wp-image-127842\" style=\"width:376px;height:auto\" srcset=\"https:\/\/www.aicanada.ca\/wp-content\/uploads\/Offerland-Logo-1024x245.png 1024w, https:\/\/www.aicanada.ca\/wp-content\/uploads\/Offerland-Logo-300x72.png 300w, https:\/\/www.aicanada.ca\/wp-content\/uploads\/Offerland-Logo-768x184.png 768w, https:\/\/www.aicanada.ca\/wp-content\/uploads\/Offerland-Logo-1536x367.png 1536w, https:\/\/www.aicanada.ca\/wp-content\/uploads\/Offerland-Logo-2048x490.png 2048w\" sizes=\"auto, (max-width: 1024px) 100vw, 1024px\" \/><\/a><\/figure>\n\n\n\n<div style=\"height:15px\" aria-hidden=\"true\" class=\"wp-block-spacer\"><\/div>\n\n\n\r\n<div class=\"mp-block-conference-sponsors mp-block clearfix align\">\r\n\r\n\t\r\n\t\t\r\n\t\t\t\r\n\t\t\t\r\n\t\t\t<h3 class=\"aic-conference-sponsors-heading blue-text underline-thin-grey\">\r\n\t\t\t\t\t\t\t\t\tCommanditaires du Congr\u00e8s de l\u2019ICE 2025\t\t\t\t\r\n\t\t\t\t\t\t\t\t\t<a href=\"https:\/\/site.pheedloop.com\/event\/EVEAGQZTLWDLB\/Apply#category\">\r\n\t\t\t\t\t\tBecome a sponsor <span class=\"icon icon-arrow-right2\"><\/span>\r\n\t\t\t\t\t<\/a>\r\n\t\t\t\t\t\t\t<\/h3>\r\n\r\n\t\t\t<div class=\"aic-conference-sponsors\">\r\n\r\n\t\t\t\t\r\n\t\t\t\t\t\t\t\t\t\t\t<div class=\"splide\">\r\n\t\t\t\t\t\t\t<div class=\"splide__track\">\r\n\t\t\t\t\t\t\t\t<ul class=\"splide__list\">\r\n\t\t\t\t\t\r\n\t\t\t\t\t\t\t\t\t\t\r\n\t\t\t\t\t\t\r\n\t\t\t\t\t\t\t\t\t\t\t\t\t<li class=\"splide__slide\">\r\n\t\t\t\t\t\t\r\n\t\t\t\t\t\t<div class=\"aic-sponsor-tier-title\">\r\n\t\t\t\t\t\t\tCommanditaires\t\t\t\t\t\t<\/div>\r\n\r\n\t\t\t\t\t\t\r\n\t\t\t\t\t\t\t\r\n\t\t\t\t\t\t\t\t\r\n\t\t\t\t\t\t\t\t\t\t\t\t\t\t\t\t\t<li class=\"splide__slide\">\r\n\t\t\t\t\t\t\t\t\r\n\t\t\t\t\t\t\t\t\t\t\t\t\t\t\t\t\t<a class=\"aic-sponsor\" href=\"https:\/\/www.altusgroup.com\/\" target=\"_blank\">\r\n\t\t\t\t\t\t\t\t\r\n\t\t\t\t\t\t\t\t\t<img decoding=\"async\" src=\"https:\/\/www.aicanada.ca\/wp-content\/uploads\/Altus.png\" alt=\"Image du commanditaire\" \/>\r\n\r\n\t\t\t\t\t\t\t\t\t\t\t\t\t\t\t\t\t<\/a>\r\n\t\t\t\t\t\t\t\t\r\n\t\t\t\t\t\t\t\t\t\t\t\t\t\t\t\t\t<\/li>\r\n\t\t\t\t\t\t\t\t\r\n\t\t\t\t\t\t\t\r\n\t\t\t\t\t\t\t\t\r\n\t\t\t\t\t\t\t\t\t\t\t\t\t\t\t\t\t<li class=\"splide__slide\">\r\n\t\t\t\t\t\t\t\t\r\n\t\t\t\t\t\t\t\t\t\t\t\t\t\t\t\t\t<a class=\"aic-sponsor\" href=\"https:\/\/www.avisonyoung.ca\/\" target=\"_blank\">\r\n\t\t\t\t\t\t\t\t\r\n\t\t\t\t\t\t\t\t\t<img decoding=\"async\" src=\"https:\/\/www.aicanada.ca\/wp-content\/uploads\/AY.png\" alt=\"Image du commanditaire\" \/>\r\n\r\n\t\t\t\t\t\t\t\t\t\t\t\t\t\t\t\t\t<\/a>\r\n\t\t\t\t\t\t\t\t\r\n\t\t\t\t\t\t\t\t\t\t\t\t\t\t\t\t\t<\/li>\r\n\t\t\t\t\t\t\t\t\r\n\t\t\t\t\t\t\t\r\n\t\t\t\t\t\t\t\t\r\n\t\t\t\t\t\t\t\t\t\t\t\t\t\t\t\t\t<li class=\"splide__slide\">\r\n\t\t\t\t\t\t\t\t\r\n\t\t\t\t\t\t\t\t\t\t\t\t\t\t\t\t\t<a class=\"aic-sponsor\" href=\"https:\/\/www.cbre.ca\/\" target=\"_blank\">\r\n\t\t\t\t\t\t\t\t\r\n\t\t\t\t\t\t\t\t\t<img decoding=\"async\" src=\"https:\/\/www.aicanada.ca\/wp-content\/uploads\/CBRE-1.png\" alt=\"Image du commanditaire\" \/>\r\n\r\n\t\t\t\t\t\t\t\t\t\t\t\t\t\t\t\t\t<\/a>\r\n\t\t\t\t\t\t\t\t\r\n\t\t\t\t\t\t\t\t\t\t\t\t\t\t\t\t\t<\/li>\r\n\t\t\t\t\t\t\t\t\r\n\t\t\t\t\t\t\t\r\n\t\t\t\t\t\t\t\t\r\n\t\t\t\t\t\t\t\t\t\t\t\t\t\t\t\t\t<li class=\"splide__slide\">\r\n\t\t\t\t\t\t\t\t\r\n\t\t\t\t\t\t\t\t\t\t\t\t\t\t\t\t\t<a class=\"aic-sponsor\" href=\"https:\/\/www.cagbc.org\/\" target=\"_blank\">\r\n\t\t\t\t\t\t\t\t\r\n\t\t\t\t\t\t\t\t\t<img decoding=\"async\" src=\"https:\/\/www.aicanada.ca\/wp-content\/uploads\/L_CAGBC_WRITTEN_RGB_CHARCOAL_E.png\" alt=\"Image du commanditaire\" \/>\r\n\r\n\t\t\t\t\t\t\t\t\t\t\t\t\t\t\t\t\t<\/a>\r\n\t\t\t\t\t\t\t\t\r\n\t\t\t\t\t\t\t\t\t\t\t\t\t\t\t\t\t<\/li>\r\n\t\t\t\t\t\t\t\t\r\n\t\t\t\t\t\t\t\r\n\t\t\t\t\t\t\t\t\r\n\t\t\t\t\t\t\t\t\t\t\t\t\t\t\t\t\t<li class=\"splide__slide\">\r\n\t\t\t\t\t\t\t\t\r\n\t\t\t\t\t\t\t\t\t\t\t\t\t\t\t\t\t<a class=\"aic-sponsor\" href=\"https:\/\/www.collierscanada.com\/en-ca\/canada\/cities\/ottawa\" target=\"_blank\">\r\n\t\t\t\t\t\t\t\t\r\n\t\t\t\t\t\t\t\t\t<img decoding=\"async\" src=\"https:\/\/www.aicanada.ca\/wp-content\/uploads\/Colliers.png\" alt=\"Image du commanditaire\" \/>\r\n\r\n\t\t\t\t\t\t\t\t\t\t\t\t\t\t\t\t\t<\/a>\r\n\t\t\t\t\t\t\t\t\r\n\t\t\t\t\t\t\t\t\t\t\t\t\t\t\t\t\t<\/li>\r\n\t\t\t\t\t\t\t\t\r\n\t\t\t\t\t\t\t\r\n\t\t\t\t\t\t\t\t\r\n\t\t\t\t\t\t\t\t\t\t\t\t\t\t\t\t\t<li class=\"splide__slide\">\r\n\t\t\t\t\t\t\t\t\r\n\t\t\t\t\t\t\t\t\t\t\t\t\t\t\t\t\t<div class=\"aic-sponsor\">\r\n\t\t\t\t\t\t\t\t\r\n\t\t\t\t\t\t\t\t\t<img decoding=\"async\" src=\"https:\/\/www.aicanada.ca\/wp-content\/uploads\/Kelman-1.png\" alt=\"Image du commanditaire\" \/>\r\n\r\n\t\t\t\t\t\t\t\t\t\t\t\t\t\t\t\t\t<\/div>\r\n\t\t\t\t\t\t\t\t\r\n\t\t\t\t\t\t\t\t\t\t\t\t\t\t\t\t\t<\/li>\r\n\t\t\t\t\t\t\t\t\r\n\t\t\t\t\t\t\t\r\n\t\t\t\t\t\t\t\t\r\n\t\t\t\t\t\t\t\t\t\t\t\t\t\t\t\t\t<li class=\"splide__slide\">\r\n\t\t\t\t\t\t\t\t\r\n\t\t\t\t\t\t\t\t\t\t\t\t\t\t\t\t\t<a class=\"aic-sponsor\" href=\"https:\/\/fct.ca\/\" target=\"_blank\">\r\n\t\t\t\t\t\t\t\t\r\n\t\t\t\t\t\t\t\t\t<img decoding=\"async\" src=\"https:\/\/www.aicanada.ca\/wp-content\/uploads\/FCT_Master_4C_E.png\" alt=\"Image du commanditaire\" \/>\r\n\r\n\t\t\t\t\t\t\t\t\t\t\t\t\t\t\t\t\t<\/a>\r\n\t\t\t\t\t\t\t\t\r\n\t\t\t\t\t\t\t\t\t\t\t\t\t\t\t\t\t<\/li>\r\n\t\t\t\t\t\t\t\t\r\n\t\t\t\t\t\t\t\r\n\t\t\t\t\t\t\t\t\r\n\t\t\t\t\t\t\t\t\t\t\t\t\t\t\t\t\t<li class=\"splide__slide\">\r\n\t\t\t\t\t\t\t\t\r\n\t\t\t\t\t\t\t\t\t\t\t\t\t\t\t\t\t<a class=\"aic-sponsor\" href=\"https:\/\/www.fnf.ca\/\" target=\"_blank\">\r\n\t\t\t\t\t\t\t\t\r\n\t\t\t\t\t\t\t\t\t<img decoding=\"async\" src=\"https:\/\/www.aicanada.ca\/wp-content\/uploads\/FNF.png\" alt=\"Image du commanditaire\" \/>\r\n\r\n\t\t\t\t\t\t\t\t\t\t\t\t\t\t\t\t\t<\/a>\r\n\t\t\t\t\t\t\t\t\r\n\t\t\t\t\t\t\t\t\t\t\t\t\t\t\t\t\t<\/li>\r\n\t\t\t\t\t\t\t\t\r\n\t\t\t\t\t\t\t\r\n\t\t\t\t\t\t\t\t\r\n\t\t\t\t\t\t\t\t\t\t\t\t\t\t\t\t\t<li class=\"splide__slide\">\r\n\t\t\t\t\t\t\t\t\r\n\t\t\t\t\t\t\t\t\t\t\t\t\t\t\t\t\t<a class=\"aic-sponsor\" href=\"https:\/\/www.hubinternational.com\/en-CA\/\" target=\"_blank\">\r\n\t\t\t\t\t\t\t\t\r\n\t\t\t\t\t\t\t\t\t<img decoding=\"async\" src=\"https:\/\/www.aicanada.ca\/wp-content\/uploads\/HUB.png\" alt=\"Image du commanditaire\" \/>\r\n\r\n\t\t\t\t\t\t\t\t\t\t\t\t\t\t\t\t\t<\/a>\r\n\t\t\t\t\t\t\t\t\r\n\t\t\t\t\t\t\t\t\t\t\t\t\t\t\t\t\t<\/li>\r\n\t\t\t\t\t\t\t\t\r\n\t\t\t\t\t\t\t\r\n\t\t\t\t\t\t\t\t\r\n\t\t\t\t\t\t\t\t\t\t\t\t\t\t\t\t\t<li class=\"splide__slide\">\r\n\t\t\t\t\t\t\t\t\r\n\t\t\t\t\t\t\t\t\t\t\t\t\t\t\t\t\t<a class=\"aic-sponsor\" href=\"https:\/\/topdogappraisal.com\/\" target=\"_blank\">\r\n\t\t\t\t\t\t\t\t\r\n\t\t\t\t\t\t\t\t\t<img decoding=\"async\" src=\"https:\/\/www.aicanada.ca\/wp-content\/uploads\/topdog-1.png\" alt=\"Image du commanditaire\" \/>\r\n\r\n\t\t\t\t\t\t\t\t\t\t\t\t\t\t\t\t\t<\/a>\r\n\t\t\t\t\t\t\t\t\r\n\t\t\t\t\t\t\t\t\t\t\t\t\t\t\t\t\t<\/li>\r\n\t\t\t\t\t\t\t\t\r\n\t\t\t\t\t\t\t\r\n\t\t\t\t\t\t\t\t\r\n\t\t\t\t\t\t\t\t\t\t\t\t\t\t\t\t\t<li class=\"splide__slide\">\r\n\t\t\t\t\t\t\t\t\r\n\t\t\t\t\t\t\t\t\t\t\t\t\t\t\t\t\t<a class=\"aic-sponsor\" href=\"https:\/\/offerland.ca\/\" target=\"_blank\">\r\n\t\t\t\t\t\t\t\t\r\n\t\t\t\t\t\t\t\t\t<img decoding=\"async\" src=\"https:\/\/www.aicanada.ca\/wp-content\/uploads\/OfferLand-1.png\" alt=\"Image du commanditaire\" \/>\r\n\r\n\t\t\t\t\t\t\t\t\t\t\t\t\t\t\t\t\t<\/a>\r\n\t\t\t\t\t\t\t\t\r\n\t\t\t\t\t\t\t\t\t\t\t\t\t\t\t\t\t<\/li>\r\n\t\t\t\t\t\t\t\t\r\n\t\t\t\t\t\t\t\r\n\t\t\t\t\t\t\t\t\r\n\t\t\t\t\t\t\t\t\t\t\t\t\t\t\t\t\t<li class=\"splide__slide\">\r\n\t\t\t\t\t\t\t\t\r\n\t\t\t\t\t\t\t\t\t\t\t\t\t\t\t\t\t<a class=\"aic-sponsor\" href=\"https:\/\/realpac.ca\/\" target=\"_blank\">\r\n\t\t\t\t\t\t\t\t\r\n\t\t\t\t\t\t\t\t\t<img decoding=\"async\" src=\"https:\/\/www.aicanada.ca\/wp-content\/uploads\/REALPAC_Logo_Grey_Dots-Col.png\" alt=\"Image du commanditaire\" \/>\r\n\r\n\t\t\t\t\t\t\t\t\t\t\t\t\t\t\t\t\t<\/a>\r\n\t\t\t\t\t\t\t\t\r\n\t\t\t\t\t\t\t\t\t\t\t\t\t\t\t\t\t<\/li>\r\n\t\t\t\t\t\t\t\t\r\n\t\t\t\t\t\t\t\r\n\t\t\t\t\t\t\t\t\r\n\t\t\t\t\t\t\t\t\t\t\t\t\t\t\t\t\t<li class=\"splide__slide\">\r\n\t\t\t\t\t\t\t\t\r\n\t\t\t\t\t\t\t\t\t\t\t\t\t\t\t\t\t<a class=\"aic-sponsor\" href=\"https:\/\/rsmcanada.com\/\" target=\"_blank\">\r\n\t\t\t\t\t\t\t\t\r\n\t\t\t\t\t\t\t\t\t<img decoding=\"async\" src=\"https:\/\/www.aicanada.ca\/wp-content\/uploads\/RSM.png\" alt=\"Image du commanditaire\" \/>\r\n\r\n\t\t\t\t\t\t\t\t\t\t\t\t\t\t\t\t\t<\/a>\r\n\t\t\t\t\t\t\t\t\r\n\t\t\t\t\t\t\t\t\t\t\t\t\t\t\t\t\t<\/li>\r\n\t\t\t\t\t\t\t\t\r\n\t\t\t\t\t\t\t\r\n\t\t\t\t\t\t\t\t\r\n\t\t\t\t\t\t\t\t\t\t\t\t\t\t\t\t\t<li class=\"splide__slide\">\r\n\t\t\t\t\t\t\t\t\r\n\t\t\t\t\t\t\t\t\t\t\t\t\t\t\t\t\t<a class=\"aic-sponsor\" href=\"https:\/\/www.rpsrealsolutions.com\/\" target=\"_blank\">\r\n\t\t\t\t\t\t\t\t\r\n\t\t\t\t\t\t\t\t\t<img decoding=\"async\" src=\"https:\/\/www.aicanada.ca\/wp-content\/uploads\/RPS-eng-tagline.png\" alt=\"Image du commanditaire\" \/>\r\n\r\n\t\t\t\t\t\t\t\t\t\t\t\t\t\t\t\t\t<\/a>\r\n\t\t\t\t\t\t\t\t\r\n\t\t\t\t\t\t\t\t\t\t\t\t\t\t\t\t\t<\/li>\r\n\t\t\t\t\t\t\t\t\r\n\t\t\t\t\t\t\t\r\n\t\t\t\t\t\t\t\t\r\n\t\t\t\t\t\t\t\t\t\t\t\t\t\t\t\t\t<li class=\"splide__slide\">\r\n\t\t\t\t\t\t\t\t\r\n\t\t\t\t\t\t\t\t\t\t\t\t\t\t\t\t\t<a class=\"aic-sponsor\" href=\"https:\/\/www.solidifi.ca\/\" target=\"_blank\">\r\n\t\t\t\t\t\t\t\t\r\n\t\t\t\t\t\t\t\t\t<img decoding=\"async\" src=\"https:\/\/www.aicanada.ca\/wp-content\/uploads\/solidifi_logo_BLUE.png\" alt=\"Image du commanditaire\" \/>\r\n\r\n\t\t\t\t\t\t\t\t\t\t\t\t\t\t\t\t\t<\/a>\r\n\t\t\t\t\t\t\t\t\r\n\t\t\t\t\t\t\t\t\t\t\t\t\t\t\t\t\t<\/li>\r\n\t\t\t\t\t\t\t\t\r\n\t\t\t\t\t\t\t\r\n\t\t\t\t\t\t\t\t\r\n\t\t\t\t\t\t\t\t\t\t\t\t\t\t\t\t\t<li class=\"splide__slide\">\r\n\t\t\t\t\t\t\t\t\r\n\t\t\t\t\t\t\t\t\t\t\t\t\t\t\t\t\t<div class=\"aic-sponsor\">\r\n\t\t\t\t\t\t\t\t\r\n\t\t\t\t\t\t\t\t\t<img decoding=\"async\" src=\"\" alt=\"Image du commanditaire\" \/>\r\n\r\n\t\t\t\t\t\t\t\t\t\t\t\t\t\t\t\t\t<\/div>\r\n\t\t\t\t\t\t\t\t\r\n\t\t\t\t\t\t\t\t\t\t\t\t\t\t\t\t\t<\/li>\r\n\t\t\t\t\t\t\t\t\r\n\t\t\t\t\t\t\t\r\n\t\t\t\t\t\t\t\t\r\n\t\t\t\t\t\t\t\t\t\t\t\t\t\t\t\t\t<li class=\"splide__slide\">\r\n\t\t\t\t\t\t\t\t\r\n\t\t\t\t\t\t\t\t\t\t\t\t\t\t\t\t\t<a class=\"aic-sponsor\" href=\"https:\/\/www.ulaval.ca\/\" target=\"_blank\">\r\n\t\t\t\t\t\t\t\t\r\n\t\t\t\t\t\t\t\t\t<img decoding=\"async\" src=\"https:\/\/www.aicanada.ca\/wp-content\/uploads\/UL_FSA_DFAI_C_d.jpeg\" alt=\"Image du commanditaire\" \/>\r\n\r\n\t\t\t\t\t\t\t\t\t\t\t\t\t\t\t\t\t<\/a>\r\n\t\t\t\t\t\t\t\t\r\n\t\t\t\t\t\t\t\t\t\t\t\t\t\t\t\t\t<\/li>\r\n\t\t\t\t\t\t\t\t\r\n\t\t\t\t\t\t\t\r\n\t\t\t\t\t\t\t\t\r\n\t\t\t\t\t\t\t\t\t\t\t\t\t\t\t\t\t<li class=\"splide__slide\">\r\n\t\t\t\t\t\t\t\t\r\n\t\t\t\t\t\t\t\t\t\t\t\t\t\t\t\t\t<a class=\"aic-sponsor\" href=\"https:\/\/www.nationwideappraisals.com\/NAS\/\" target=\"_blank\">\r\n\t\t\t\t\t\t\t\t\r\n\t\t\t\t\t\t\t\t\t<img decoding=\"async\" src=\"https:\/\/www.aicanada.ca\/wp-content\/uploads\/NAS-Logo-Horiz-RGB-13.png\" alt=\"Image du commanditaire\" \/>\r\n\r\n\t\t\t\t\t\t\t\t\t\t\t\t\t\t\t\t\t<\/a>\r\n\t\t\t\t\t\t\t\t\r\n\t\t\t\t\t\t\t\t\t\t\t\t\t\t\t\t\t<\/li>\r\n\t\t\t\t\t\t\t\t\r\n\t\t\t\t\t\t\t\r\n\t\t\t\t\t\t\t\t\r\n\t\t\t\t\t\t\t\t\t\t\t\t\t\t\t\t\t<li class=\"splide__slide\">\r\n\t\t\t\t\t\t\t\t\r\n\t\t\t\t\t\t\t\t\t\t\t\t\t\t\t\t\t<a class=\"aic-sponsor\" href=\"https:\/\/www.sauder.ubc.ca\/\" target=\"_blank\">\r\n\t\t\t\t\t\t\t\t\r\n\t\t\t\t\t\t\t\t\t<img decoding=\"async\" src=\"https:\/\/www.aicanada.ca\/wp-content\/uploads\/UBC-1.png\" alt=\"Image du commanditaire\" \/>\r\n\r\n\t\t\t\t\t\t\t\t\t\t\t\t\t\t\t\t\t<\/a>\r\n\t\t\t\t\t\t\t\t\r\n\t\t\t\t\t\t\t\t\t\t\t\t\t\t\t\t\t<\/li>\r\n\t\t\t\t\t\t\t\t\r\n\t\t\t\t\t\t\t\r\n\t\t\t\t\t\t\t\t\r\n\t\t\t\t\t\t\t\t\t\t\t\t\t\t\t\t\t<li class=\"splide__slide\">\r\n\t\t\t\t\t\t\t\t\r\n\t\t\t\t\t\t\t\t\t\t\t\t\t\t\t\t\t<a class=\"aic-sponsor\" href=\"https:\/\/www.ulaval.ca\/\" target=\"_blank\">\r\n\t\t\t\t\t\t\t\t\r\n\t\t\t\t\t\t\t\t\t<img decoding=\"async\" src=\"https:\/\/www.aicanada.ca\/wp-content\/uploads\/UL_FSA_DFAI_C_d-1.jpeg\" alt=\"Image du commanditaire\" \/>\r\n\r\n\t\t\t\t\t\t\t\t\t\t\t\t\t\t\t\t\t<\/a>\r\n\t\t\t\t\t\t\t\t\r\n\t\t\t\t\t\t\t\t\t\t\t\t\t\t\t\t\t<\/li>\r\n\t\t\t\t\t\t\t\t\r\n\t\t\t\t\t\t\t\r\n\t\t\t\t\t\t\t\t\r\n\t\t\t\t\t\t\t\t\t\t\t\t\t\t\t\t\t<li class=\"splide__slide\">\r\n\t\t\t\t\t\t\t\t\r\n\t\t\t\t\t\t\t\t\t\t\t\t\t\t\t\t\t<a class=\"aic-sponsor\" href=\"https:\/\/www.trisura.com\/investors\/\" target=\"_blank\">\r\n\t\t\t\t\t\t\t\t\r\n\t\t\t\t\t\t\t\t\t<img decoding=\"async\" src=\"https:\/\/www.aicanada.ca\/wp-content\/uploads\/Trisura-1.png\" alt=\"Image du commanditaire\" \/>\r\n\r\n\t\t\t\t\t\t\t\t\t\t\t\t\t\t\t\t\t<\/a>\r\n\t\t\t\t\t\t\t\t\r\n\t\t\t\t\t\t\t\t\t\t\t\t\t\t\t\t\t<\/li>\r\n\t\t\t\t\t\t\t\t\r\n\t\t\t\t\t\t\t\r\n\t\t\t\t\t\t\t\t\r\n\t\t\t\t\t\t\t\t\t\t\t\t\t\t\t\t\t<li class=\"splide__slide\">\r\n\t\t\t\t\t\t\t\t\r\n\t\t\t\t\t\t\t\t\t\t\t\t\t\t\t\t\t<a class=\"aic-sponsor\" href=\"https:\/\/www.verragroupvaluation.com\/\" target=\"_blank\">\r\n\t\t\t\t\t\t\t\t\r\n\t\t\t\t\t\t\t\t\t<img decoding=\"async\" src=\"https:\/\/www.aicanada.ca\/wp-content\/uploads\/VerraGroup-scaled.jpg\" alt=\"Image du commanditaire\" \/>\r\n\r\n\t\t\t\t\t\t\t\t\t\t\t\t\t\t\t\t\t<\/a>\r\n\t\t\t\t\t\t\t\t\r\n\t\t\t\t\t\t\t\t\t\t\t\t\t\t\t\t\t<\/li>\r\n\t\t\t\t\t\t\t\t\r\n\t\t\t\t\t\t\t\r\n\t\t\t\t\t\t\r\n\t\t\t\t\t\t\t\t\t\t\t\t\t<\/li>\r\n\t\t\t\t\t\t\r\n\t\t\t\t\t\r\n\t\t\t\t\t\t\t\t\t\t\t\t\t<\/ul>\r\n\t\t\t\t\t\t\t<\/div>\r\n\t\t\t\t\t\t<\/div>\r\n\t\t\t\t\t\r\n\t\t\t\t\r\n\t\t\t<\/div>\r\n\r\n\t\t\r\n\t\r\n<\/div>","protected":false},"excerpt":{"rendered":"<p>Humoriste, \u00e9crivain et expert en communication prim\u00e9 : Bill Carr L&rsquo;Institut canadien des \u00e9valuateurs est heureux d&rsquo;annoncer que le conf\u00e9rencier principal du Congr\u00e8s national de<\/p>\n","protected":false},"author":15571,"featured_media":0,"parent":125456,"menu_order":0,"comment_status":"closed","ping_status":"closed","template":"","meta":{"_acf_changed":false,"_relevanssi_hide_post":"","_relevanssi_hide_content":"","_relevanssi_pin_for_all":"","_relevanssi_pin_keywords":"","_relevanssi_unpin_keywords":"","_relevanssi_related_keywords":"","_relevanssi_related_include_ids":"","_relevanssi_related_exclude_ids":"","_relevanssi_related_no_append":"","_relevanssi_related_not_related":"","_relevanssi_related_posts":"","_relevanssi_noindex_reason":"","_lmt_disableupdate":"no","_lmt_disable":"","footnotes":""},"class_list":["post-103198","page","type-page","status-publish","hentry"],"acf":[],"_links":{"self":[{"href":"https:\/\/www.aicanada.ca\/fr\/wp-json\/wp\/v2\/pages\/103198","targetHints":{"allow":["GET"]}}],"collection":[{"href":"https:\/\/www.aicanada.ca\/fr\/wp-json\/wp\/v2\/pages"}],"about":[{"href":"https:\/\/www.aicanada.ca\/fr\/wp-json\/wp\/v2\/types\/page"}],"author":[{"embeddable":true,"href":"https:\/\/www.aicanada.ca\/fr\/wp-json\/wp\/v2\/users\/15571"}],"replies":[{"embeddable":true,"href":"https:\/\/www.aicanada.ca\/fr\/wp-json\/wp\/v2\/comments?post=103198"}],"version-history":[{"count":14,"href":"https:\/\/www.aicanada.ca\/fr\/wp-json\/wp\/v2\/pages\/103198\/revisions"}],"predecessor-version":[{"id":133284,"href":"https:\/\/www.aicanada.ca\/fr\/wp-json\/wp\/v2\/pages\/103198\/revisions\/133284"}],"up":[{"embeddable":true,"href":"https:\/\/www.aicanada.ca\/fr\/wp-json\/wp\/v2\/pages\/125456"}],"wp:attachment":[{"href":"https:\/\/www.aicanada.ca\/fr\/wp-json\/wp\/v2\/media?parent=103198"}],"curies":[{"name":"wp","href":"https:\/\/api.w.org\/{rel}","templated":true}]}}