{"id":105284,"date":"2022-12-13T09:45:02","date_gmt":"2022-12-13T14:45:02","guid":{"rendered":"https:\/\/www.aicanada.ca\/?page_id=105284"},"modified":"2024-07-05T18:30:13","modified_gmt":"2024-07-05T22:30:13","slug":"conseils-pour-les-courtiers-en-hypothecaires-professionnels","status":"publish","type":"page","link":"https:\/\/www.aicanada.ca\/fr\/need-an-appraiser\/pour-les-professionnels-de-lhypotheque\/conseils-pour-les-courtiers-en-hypothecaires-professionnels\/","title":{"rendered":"Conseils pour les courtiers en hypoth\u00e8caires professionnels"},"content":{"rendered":"\n<div class=\"wp-block-columns is-layout-flex wp-container-core-columns-is-layout-28f84493 wp-block-columns-is-layout-flex\">\n<div class=\"wp-block-column is-layout-flow wp-block-column-is-layout-flow\">\n<h3 class=\"wp-block-heading\">\u00c9tablir une relation de confiance avec un \u00e9valuateur professionnel pour aider votre client \u00e0 r\u00e9aliser l&rsquo;un des plus gros investissements qu&rsquo;il fera dans sa vie est une bonne strat\u00e9gie pour r\u00e9ussir.&nbsp; Ces conseils \u00ab&nbsp;reconnus et \u00e9prouv\u00e9s&nbsp;\u00bb peuvent vous aider \u00e0 naviguer dans le processus.<\/h3>\n<\/div>\n\n\n\n<div class=\"wp-block-column is-layout-flow wp-block-column-is-layout-flow\">\r\n    <div class=\"mp-block-linked-content mp-block clearfix\">\r\n\r\n\t\t\t\t\t\t\t\t\t                <a href=\"https:\/\/www.aicanada.ca\/wp-content\/uploads\/AIC-2023-5-Tips-for-Broker-When-Ordering-an-Appraisal-Web-FR.pdf\" class=\"content-box-link\" target=\"_blank\" title=\"T\u00e9l\u00e9chargez le PDF ici ! \">\r\n\t\t\t\t\t                    <div class=\"content-box-text\">\r\n\t\t\t\t\t\tT\u00e9l\u00e9chargez le PDF ici !                     <\/div>\r\n                    <div class=\"content-box-link-icon\">\r\n                        <span class=\"icon icon-arrow-right2\"><\/span>\r\n                    <\/div>\r\n                <\/a>\r\n\t\t\t\t\t    <\/div>\r\n\r\n<\/div>\n<\/div>\n\n\n\n<hr class=\"wp-block-separator has-alpha-channel-opacity\"\/>\n\n\n\n<ol class=\"wp-block-list\" type=\"1\">\n<li><a href=\"https:\/\/www.aicanada.ca\/need-an-appraiser\/find-an-appraiser\/\"><strong>Trouvez un \u00e9valuateur local<\/strong><\/a><strong> en utilisant le service Trouver un \u00e9valuateur de l\u2019ICE.<\/strong><\/li>\n\n\n\n<li><strong>Partagez tous les d\u00e9tails pertinents<\/strong> concernant le bien avec l&rsquo;\u00e9valuateur et gardez les canaux de communication ouverts entre l&#8217;emprunteur, le pr\u00eateur et l&rsquo;\u00e9valuateur.<\/li>\n\n\n\n<li><strong>Soyez clair quant \u00e0 l&rsquo;utilisation du rapport.<\/strong> Discutez avec l&rsquo;\u00e9valuateur du type de pr\u00eat hypoth\u00e9caire (conventionnel, deuxi\u00e8me hypoth\u00e8que, marge de cr\u00e9dit hypoth\u00e9caire, pr\u00eateur priv\u00e9 ou traditionnel).&nbsp; Des utilisations diff\u00e9rentes peuvent n\u00e9cessiter des m\u00e9thodes diff\u00e9rentes.<\/li>\n\n\n\n<li><strong>Demandez un rapport pr\u00e9liminaire si vous \u00eates toujours \u00e0 la recherche d&rsquo;un pr\u00eateur.<\/strong>&nbsp; Un rapport pr\u00e9liminaire peut vous fournir, \u00e0 vous ou \u00e0 un pr\u00eateur potentiel, des renseignements pr\u00e9cieux qui vous aideront \u00e0 obtenir un financement plus rapidement.&nbsp; Une fois que vous avez trouv\u00e9 le bon pr\u00eateur, le rapport peut \u00eatre rapidement finalis\u00e9 et livr\u00e9 au pr\u00eateur afin de r\u00e9duire les d\u00e9lais.&nbsp; <\/li>\n\n\n\n<li><strong>Lorsque vous changez de pr\u00eateur, demandez l&rsquo;autorisation.<\/strong>&nbsp; Si le rapport identifie un pr\u00eateur initial et que ce dernier est remplac\u00e9 par un second pr\u00eateur, l&rsquo;\u00e9valuateur devra obtenir la permission du pr\u00eateur initial avant de rediriger le rapport vers le second pr\u00eateur.&nbsp;Cela n\u00e9cessitera une \u00ab lettre de fiabilit\u00e9&nbsp;\u00bb.&nbsp; Demandez \u00e0 un \u00e9valuateur quels sont les frais pour ce service et soyez pr\u00eat \u00e0 faciliter l&rsquo;obtention de la permission du pr\u00eateur initial.<\/li>\n\n\n\n<li><strong>Demandez une nouvelle \u00e9valuation ou une \u00e9valuation actualis\u00e9e<\/strong>. Dans un march\u00e9 en \u00e9volution, les pr\u00eateurs exigent souvent une \u00e9valuation r\u00e9cente pour disposer des informations les plus r\u00e9centes.&nbsp; Vous devrez peut-\u00eatre demander \u00e0 l&rsquo;\u00e9valuateur de fournir une nouvelle \u00e9valuation ou une \u00e9valuation mise \u00e0 jour.<\/li>\n\n\n\n<li><strong>G\u00e9rez les attentes.<\/strong>&nbsp; Les courtiers, les emprunteurs, les pr\u00eateurs et les \u00e9valuateurs sont tous occup\u00e9s et travaillent avec acharnement pour aider leurs clients, surtout en p\u00e9riode de changement.&nbsp; Pr\u00e9venez votre client qu&rsquo;il peut toujours y avoir des retards dus \u00e0 des circonstances impr\u00e9vues.&nbsp;Soyez clair quant aux diff\u00e9rents participants \u00e0 une transaction immobili\u00e8re &#8211; votre \u00ab&nbsp;client&nbsp;\u00bb n&rsquo;est pas n\u00e9cessairement le \u00ab&nbsp;client&nbsp;\u00bb de l&rsquo;\u00e9valuateur.&nbsp; Vous et l&rsquo;\u00e9valuateur devrez pr\u00e9server la confidentialit\u00e9 du client et respecter les lois provinciales et f\u00e9d\u00e9rales sur la protection des renseignements personnels.&nbsp;<\/li>\n<\/ol>\n\n\n\n<p><\/p>\n","protected":false},"excerpt":{"rendered":"<p>\u00c9tablir une relation de confiance avec un \u00e9valuateur professionnel pour aider votre client \u00e0 r\u00e9aliser l&rsquo;un des plus gros investissements qu&rsquo;il fera dans sa vie<\/p>\n","protected":false},"author":15571,"featured_media":0,"parent":50945,"menu_order":0,"comment_status":"closed","ping_status":"closed","template":"","meta":{"_acf_changed":false,"_relevanssi_hide_post":"","_relevanssi_hide_content":"","_relevanssi_pin_for_all":"","_relevanssi_pin_keywords":"","_relevanssi_unpin_keywords":"","_relevanssi_related_keywords":"","_relevanssi_related_include_ids":"","_relevanssi_related_exclude_ids":"","_relevanssi_related_no_append":"","_relevanssi_related_not_related":"","_relevanssi_related_posts":"","_relevanssi_noindex_reason":"","_lmt_disableupdate":"no","_lmt_disable":"","footnotes":""},"class_list":["post-105284","page","type-page","status-publish","hentry"],"acf":[],"_links":{"self":[{"href":"https:\/\/www.aicanada.ca\/fr\/wp-json\/wp\/v2\/pages\/105284","targetHints":{"allow":["GET"]}}],"collection":[{"href":"https:\/\/www.aicanada.ca\/fr\/wp-json\/wp\/v2\/pages"}],"about":[{"href":"https:\/\/www.aicanada.ca\/fr\/wp-json\/wp\/v2\/types\/page"}],"author":[{"embeddable":true,"href":"https:\/\/www.aicanada.ca\/fr\/wp-json\/wp\/v2\/users\/15571"}],"replies":[{"embeddable":true,"href":"https:\/\/www.aicanada.ca\/fr\/wp-json\/wp\/v2\/comments?post=105284"}],"version-history":[{"count":8,"href":"https:\/\/www.aicanada.ca\/fr\/wp-json\/wp\/v2\/pages\/105284\/revisions"}],"predecessor-version":[{"id":133282,"href":"https:\/\/www.aicanada.ca\/fr\/wp-json\/wp\/v2\/pages\/105284\/revisions\/133282"}],"up":[{"embeddable":true,"href":"https:\/\/www.aicanada.ca\/fr\/wp-json\/wp\/v2\/pages\/50945"}],"wp:attachment":[{"href":"https:\/\/www.aicanada.ca\/fr\/wp-json\/wp\/v2\/media?parent=105284"}],"curies":[{"name":"wp","href":"https:\/\/api.w.org\/{rel}","templated":true}]}}