{"id":119309,"date":"2023-10-13T14:52:49","date_gmt":"2023-10-13T18:52:49","guid":{"rendered":"https:\/\/www.aicanada.ca\/a-propos-de-lice\/evaluation-immobiliere-au-canada\/canadian-property-valuation-2016\/"},"modified":"2024-07-05T18:29:22","modified_gmt":"2024-07-05T22:29:22","slug":"evaluation-immobiliere-au-canada-2016","status":"publish","type":"page","link":"https:\/\/www.aicanada.ca\/fr\/a-propos-de-lice\/evaluation-immobiliere-au-canada\/evaluation-immobiliere-au-canada-2016\/","title":{"rendered":"Evaluation immobiliere au Canada 2016"},"content":{"rendered":"\n<p>T\u00e9l\u00e9chargez les revues d&rsquo;\u00c9valuation immobili\u00e8re au Canada de 2016 ci-dessous.<\/p>\n\n\n    <div class=\"mp-block-cpv-issues mp-block clearfix\">\r\n\t\t\t\t\t            <div class=\"cpv-issue\">\r\n\t\t\t\t                    <div class=\"cpv-box-image\">\r\n                        <a href=\"https:\/\/www.aicanada.ca\/wp-content\/uploads\/CPV_Book4_2016-Revised-2016-12-01.pdf\" target=\"_blank\" onClick=\"gtag('event', 'cpv_link', {'event_category': 'PDF file', 'event_label': 'https:\/\/www.aicanada.ca\/wp-content\/uploads\/CPV_Book4_2016-Revised-2016-12-01.pdf'});\">\r\n                            <img decoding=\"async\" src=\"https:\/\/www.aicanada.ca\/wp-content\/uploads\/CPV-V60-Boook-4-1.jpg\" alt=\"2016 &#8211; Volume 60 &#8211; Tome 4\"\/>\r\n                            <span class=\"icon icon-download5\"><\/span>\r\n                        <\/a>\r\n                    <\/div>\r\n\t\t\t\t                <div class=\"cpv-box-text\">\r\n                    <div class=\"issue-title\">2016 &#8211; Volume 60 &#8211; Tome 4<\/div>\r\n\t\t\t\t\t<ul>\n<li>\u00c9valuation li\u00e9e aux t\u00e9l\u00e9communications: l\u2019exp\u00e9rience de Metro Vancouver<\/li>\n<li>Le paysage du commerce de d\u00e9tail au Canada<\/li>\n<li>Le mod\u00e8le d\u2019autor\u00e9glementation de l\u2019ICE: Comment il fonctionne et pourquoi pourquoi il prot\u00e8ge le public<\/li>\n<li>\u00c9valuation et perspectives de la SCHL du march\u00e9 de l\u2019habitation au Canada.<\/li>\n<\/ul>\n                <\/div>\r\n\t\t\t\t                    <div class=\"cpv-box-links\">\r\n\t\t\t\t\t\t                            <a href=\"https:\/\/www.aicanada.ca\/fr\/cpv-issue\/2016-volume-60-livre-4\/\" onClick=\"gtag('event', 'cpv_link', {'event_category': 'Web Link', 'event_label': 'https:\/\/www.aicanada.ca\/fr\/cpv-issue\/2016-volume-60-livre-4\/'});\">\r\n                                <span class=\"icon icon-new-tab2\"><\/span><br\/>\r\n                                WEB\r\n                            <\/a>\r\n\t\t\t\t\t\t\t\t\t\t\t\t                            <a href=\"https:\/\/issuu.com\/kelmanonline\/docs\/cpv_book4_2016\" onClick=\"gtag('event', 'cpv_link', {'event_category': 'Issuu Link', 'event_label': 'https:\/\/issuu.com\/kelmanonline\/docs\/cpv_book4_2016'});\">\r\n                                <span class=\"icon icon-new-tab2\"><\/span><br\/>\r\n                                3D\r\n                            <\/a>\r\n\t\t\t\t\t\t                    <\/div>\r\n\t\t\t\t            <\/div>\r\n\t\t\t\t\t            <div class=\"cpv-issue\">\r\n\t\t\t\t                    <div class=\"cpv-box-image\">\r\n                        <a href=\"https:\/\/www.aicanada.ca\/wp-content\/uploads\/CPV_Book3_2016.pdf\" target=\"_blank\" onClick=\"gtag('event', 'cpv_link', {'event_category': 'PDF file', 'event_label': 'https:\/\/www.aicanada.ca\/wp-content\/uploads\/CPV_Book3_2016.pdf'});\">\r\n                            <img decoding=\"async\" src=\"https:\/\/www.aicanada.ca\/wp-content\/uploads\/CPV-Book-3-2016-cover.jpg\" alt=\"2016 \u2013 Volume 60 \u2013 Tome 3\"\/>\r\n                            <span class=\"icon icon-download5\"><\/span>\r\n                        <\/a>\r\n                    <\/div>\r\n\t\t\t\t                <div class=\"cpv-box-text\">\r\n                    <div class=\"issue-title\">2016 \u2013 Volume 60 \u2013 Tome 3<\/div>\r\n\t\t\t\t\t<ul>\n<li>Une approche strat\u00e9gique de l\u2019immobilier municipal<\/li>\n<li>L\u2019\u00e9valuation de la machinerie et de l\u2019\u00e9quipement avec Darrell Thorvaldson<\/li>\n<li>Les NUPPEC 2016<\/li>\n<li>Expropriation: Retour sur l\u2019avantage particulie<\/li>\n<\/ul>\n                <\/div>\r\n\t\t\t\t                    <div class=\"cpv-box-links\">\r\n\t\t\t\t\t\t                            <a href=\"https:\/\/www.aicanada.ca\/fr\/cpv-issue\/2016-volume-60-livre-3\/\" onClick=\"gtag('event', 'cpv_link', {'event_category': 'Web Link', 'event_label': 'https:\/\/www.aicanada.ca\/fr\/cpv-issue\/2016-volume-60-livre-3\/'});\">\r\n                                <span class=\"icon icon-new-tab2\"><\/span><br\/>\r\n                                WEB\r\n                            <\/a>\r\n\t\t\t\t\t\t\t\t\t\t\t\t                            <a href=\"https:\/\/issuu.com\/kelmanonline\/docs\/cpv_book3_2016\" onClick=\"gtag('event', 'cpv_link', {'event_category': 'Issuu Link', 'event_label': 'https:\/\/issuu.com\/kelmanonline\/docs\/cpv_book3_2016'});\">\r\n                                <span class=\"icon icon-new-tab2\"><\/span><br\/>\r\n                                3D\r\n                            <\/a>\r\n\t\t\t\t\t\t                    <\/div>\r\n\t\t\t\t            <\/div>\r\n\t\t\t\t\t            <div class=\"cpv-issue\">\r\n\t\t\t\t                    <div class=\"cpv-box-image\">\r\n                        <a href=\"https:\/\/www.aicanada.ca\/wp-content\/uploads\/CPV_Book-2-2016.pdf\" target=\"_blank\" onClick=\"gtag('event', 'cpv_link', {'event_category': 'PDF file', 'event_label': 'https:\/\/www.aicanada.ca\/wp-content\/uploads\/CPV_Book-2-2016.pdf'});\">\r\n                            <img decoding=\"async\" src=\"https:\/\/www.aicanada.ca\/wp-content\/uploads\/2016-2.png\" alt=\"2016 &#8211; Volume 60 &#8211; Tome 2\"\/>\r\n                            <span class=\"icon icon-download5\"><\/span>\r\n                        <\/a>\r\n                    <\/div>\r\n\t\t\t\t                <div class=\"cpv-box-text\">\r\n                    <div class=\"issue-title\">2016 &#8211; Volume 60 &#8211; Tome 2<\/div>\r\n\t\t\t\t\t<ul>\n<li>Les NUPPEC, la Loi sur l\u2019expropriation de l\u2019Ontario et l\u2019exception juridictionnelle<\/li>\n<li>\u00c9valuer l\u2019\u00e9nergie solaire<\/li>\n<li>Les ICP : un outil pr\u00e9cieux ou une autre chinoiserie administrative?<\/li>\n<li>Propri\u00e9t\u00e9s \u00e0 vocation sp\u00e9ciale dans un march\u00e9 restreint \u2013 r\u00e9vision de l\u2019\u00e9valuation<\/li>\n<li>Diversification d\u2019un CRA \u2013 propri\u00e9t\u00e9s d\u00e9t\u00e9rior\u00e9es<\/li>\n<\/ul>\n                <\/div>\r\n\t\t\t\t                    <div class=\"cpv-box-links\">\r\n\t\t\t\t\t\t                            <a href=\"https:\/\/www.aicanada.ca\/fr\/cpv-issue\/2016-volume-60-livre-2\/\" onClick=\"gtag('event', 'cpv_link', {'event_category': 'Web Link', 'event_label': 'https:\/\/www.aicanada.ca\/fr\/cpv-issue\/2016-volume-60-livre-2\/'});\">\r\n                                <span class=\"icon icon-new-tab2\"><\/span><br\/>\r\n                                WEB\r\n                            <\/a>\r\n\t\t\t\t\t\t\t\t\t\t\t\t                            <a href=\"https:\/\/issuu.com\/kelmanonline\/docs\/cpv_summer2016_issuu\" onClick=\"gtag('event', 'cpv_link', {'event_category': 'Issuu Link', 'event_label': 'https:\/\/issuu.com\/kelmanonline\/docs\/cpv_summer2016_issuu'});\">\r\n                                <span class=\"icon icon-new-tab2\"><\/span><br\/>\r\n                                3D\r\n                            <\/a>\r\n\t\t\t\t\t\t                    <\/div>\r\n\t\t\t\t            <\/div>\r\n\t\t\t\t\t            <div class=\"cpv-issue\">\r\n\t\t\t\t                    <div class=\"cpv-box-image\">\r\n                        <a href=\"https:\/\/www.aicanada.ca\/wp-content\/uploads\/CPV_Spring-2016-Book-1_Final-Copy.pdf\" target=\"_blank\" onClick=\"gtag('event', 'cpv_link', {'event_category': 'PDF file', 'event_label': 'https:\/\/www.aicanada.ca\/wp-content\/uploads\/CPV_Spring-2016-Book-1_Final-Copy.pdf'});\">\r\n                            <img decoding=\"async\" src=\"https:\/\/www.aicanada.ca\/wp-content\/uploads\/2016-1.png\" alt=\"2016 \u2013 Volume 60 \u2013 Tome 1\"\/>\r\n                            <span class=\"icon icon-download5\"><\/span>\r\n                        <\/a>\r\n                    <\/div>\r\n\t\t\t\t                <div class=\"cpv-box-text\">\r\n                    <div class=\"issue-title\">2016 \u2013 Volume 60 \u2013 Tome 1<\/div>\r\n\t\t\t\t\t<ul>\n<li>L\u2019effet pr\u00e9judiciable et corridors de LTHT<\/li>\n<li>Reb\u00e2tir l\u2019\u00e9conomie afghane \u00e0 l\u2019aide des NUPPEC<\/li>\n<li>\u00c9valuer l\u2019\u00e9nergie solaire<\/li>\n<li>Pratiques exemplaires \u2013 Exemples sur le terrain<\/li>\n<\/ul>\n                <\/div>\r\n\t\t\t\t                    <div class=\"cpv-box-links\">\r\n\t\t\t\t\t\t                            <a href=\"https:\/\/www.aicanada.ca\/fr\/cpv-issue\/2016-volume-60-livre-1\/\" onClick=\"gtag('event', 'cpv_link', {'event_category': 'Web Link', 'event_label': 'https:\/\/www.aicanada.ca\/fr\/cpv-issue\/2016-volume-60-livre-1\/'});\">\r\n                                <span class=\"icon icon-new-tab2\"><\/span><br\/>\r\n                                WEB\r\n                            <\/a>\r\n\t\t\t\t\t\t\t\t\t\t\t\t                            <a href=\"https:\/\/issuu.com\/kelmanonline\/docs\/cpv_spring2016_issuu?e=8125529\/34315364\" onClick=\"gtag('event', 'cpv_link', {'event_category': 'Issuu Link', 'event_label': 'https:\/\/issuu.com\/kelmanonline\/docs\/cpv_spring2016_issuu?e=8125529\/34315364'});\">\r\n                                <span class=\"icon icon-new-tab2\"><\/span><br\/>\r\n                                3D\r\n                            <\/a>\r\n\t\t\t\t\t\t                    <\/div>\r\n\t\t\t\t            <\/div>\r\n\t\t    <\/div>\r\n","protected":false},"excerpt":{"rendered":"<p>T\u00e9l\u00e9chargez les revues d&rsquo;\u00c9valuation immobili\u00e8re au Canada de 2016 ci-dessous.<\/p>\n","protected":false},"author":4,"featured_media":0,"parent":28373,"menu_order":0,"comment_status":"closed","ping_status":"closed","template":"","meta":{"_acf_changed":false,"_relevanssi_hide_post":"","_relevanssi_hide_content":"","_relevanssi_pin_for_all":"","_relevanssi_pin_keywords":"","_relevanssi_unpin_keywords":"","_relevanssi_related_keywords":"","_relevanssi_related_include_ids":"","_relevanssi_related_exclude_ids":"","_relevanssi_related_no_append":"","_relevanssi_related_not_related":"","_relevanssi_related_posts":"","_relevanssi_noindex_reason":"","_lmt_disableupdate":"","_lmt_disable":"","footnotes":""},"class_list":["post-119309","page","type-page","status-publish","hentry"],"acf":[],"_links":{"self":[{"href":"https:\/\/www.aicanada.ca\/fr\/wp-json\/wp\/v2\/pages\/119309","targetHints":{"allow":["GET"]}}],"collection":[{"href":"https:\/\/www.aicanada.ca\/fr\/wp-json\/wp\/v2\/pages"}],"about":[{"href":"https:\/\/www.aicanada.ca\/fr\/wp-json\/wp\/v2\/types\/page"}],"author":[{"embeddable":true,"href":"https:\/\/www.aicanada.ca\/fr\/wp-json\/wp\/v2\/users\/4"}],"replies":[{"embeddable":true,"href":"https:\/\/www.aicanada.ca\/fr\/wp-json\/wp\/v2\/comments?post=119309"}],"version-history":[{"count":2,"href":"https:\/\/www.aicanada.ca\/fr\/wp-json\/wp\/v2\/pages\/119309\/revisions"}],"predecessor-version":[{"id":133271,"href":"https:\/\/www.aicanada.ca\/fr\/wp-json\/wp\/v2\/pages\/119309\/revisions\/133271"}],"up":[{"embeddable":true,"href":"https:\/\/www.aicanada.ca\/fr\/wp-json\/wp\/v2\/pages\/28373"}],"wp:attachment":[{"href":"https:\/\/www.aicanada.ca\/fr\/wp-json\/wp\/v2\/media?parent=119309"}],"curies":[{"name":"wp","href":"https:\/\/api.w.org\/{rel}","templated":true}]}}