{"id":139967,"date":"2024-12-05T13:36:52","date_gmt":"2024-12-05T18:36:52","guid":{"rendered":"https:\/\/www.aicanada.ca\/?page_id=139967"},"modified":"2026-03-05T14:59:43","modified_gmt":"2026-03-05T19:59:43","slug":"congres-national-2026","status":"publish","type":"page","link":"https:\/\/www.aicanada.ca\/fr\/evenements-aic\/congres-national-2026\/","title":{"rendered":"Congr\u00e8s national 2026 de\u00a0l&rsquo;ICE"},"content":{"rendered":"\n<div class=\"wp-block-columns is-layout-flex wp-container-core-columns-is-layout-28f84493 wp-block-columns-is-layout-flex\">\n<div class=\"wp-block-column is-layout-flow wp-block-column-is-layout-flow\">\n<p>Du 27 au 30 mai 2026, les professionnels de l\u2019\u00e9valuation immobili\u00e8re du Canada se r\u00e9uniront \u00e0 Toronto \u2014 la capitale financi\u00e8re du pays et un p\u00f4le dynamique de croissance, de d\u00e9veloppement et d\u2019occasions.<\/p>\n\n\n\n<p>Pendant trois journ\u00e9es enrichissantes, entrez en contact avec des professionnels de partout au pays, \u00e9changez des id\u00e9es et renforcez les relations qui font progresser notre industrie.<\/p>\n\n\n\n<p><strong>ENTREZ DANS L\u2019AVENIR DE L\u2019\u00c9VALUATION IMMOBILI\u00c8RE<\/strong><\/p>\n\n\n\n<p>D\u00e9couvrez les tendances \u00e9mergentes, l\u2019\u00e9volution des normes et des strat\u00e9gies novatrices lors de s\u00e9ances dynamiques con\u00e7ues pour informer et inspirer. \u00c9largissez votre r\u00e9seau national et obtenez des perspectives concr\u00e8tes pour renforcer votre pratique dans un march\u00e9 en constante \u00e9volution.<\/p>\n\n\n\n<p><strong>LIEU<\/strong><br><strong><em>H\u00f4tel The Westin Harbour Castle<\/em><\/strong>, 1, Harbour Square, Toronto (Ontario) M5J 1A6<br>T\u00e9l. : 416-869-1600 | R\u00e9servez votre s\u00e9jour d\u00e8s maintenant!<\/p>\n\n\n\n<p><strong>D\u00c9COUVREZ LE PROGRAMME DE LA CONF\u00c9RENCE DE CETTE ANN\u00c9E<\/strong><\/p>\n\n\n\n<p>D\u00e9couvrez un programme tourn\u00e9 vers l\u2019avenir, con\u00e7u pour offrir aux professionnels canadiens de l\u2019\u00e9valuation immobili\u00e8re des perspectives concr\u00e8tes, une intelligence de march\u00e9 et des occasions de r\u00e9seautage enrichissantes.<\/p>\n\n\n\n<ul class=\"wp-block-list\">\n<li>Conf\u00e9rencier principal : le futurologue Greg Lindsay<\/li>\n\n\n\n<li>Panel sur le march\u00e9 et les perspectives \u00e9conomiques<\/li>\n\n\n\n<li>Pl\u00e9ni\u00e8re : la complexit\u00e9 des copropri\u00e9t\u00e9s \u2014 ce que tout \u00e9valuateur doit savoir<\/li>\n\n\n\n<li>S\u00e9ances sur les tendances \u00e9mergentes et l\u2019\u00e9volution des pratiques d&rsquo;\u00e9valuation<\/li>\n\n\n\n<li>S\u00e9ances \u00e9ducatives pour soutenir votre d\u00e9veloppement professionnel<\/li>\n\n\n\n<li>Occasions de r\u00e9seautage avec des pairs de partout au pays<\/li>\n<\/ul>\n\n\n\n<p>D\u2019autres s\u00e9ances et activit\u00e9s seront ajout\u00e9es au programme afin de vous permettre de maximiser votre exp\u00e9rience lors de la conf\u00e9rence \u2014 restez \u00e0 l\u2019aff\u00fbt.<\/p>\n\n\n\n<p><a href=\"https:\/\/site.pheedloop.com\/event\/AIC26ICE\/Program\">Visitez le site Web de la conf\u00e9rence pour consulter le programme complet et obtenir plus de d\u00e9tails.<\/a><\/p>\n\n\n\n<p><strong>QUESTIONS<\/strong><br>Pour toute question li\u00e9e \u00e0 la conf\u00e9rence, veuillez nous contacter par l\u2019entremise du syst\u00e8me de billetterie \u00ab&nbsp;<a href=\"https:\/\/www.aicanada.ca\/fr\/accueil-des-membres\/soutien-aux-membres\/\" target=\"_blank\" rel=\"noreferrer noopener\">Demandez \u00e0 l\u2019ICE<\/a>&nbsp;\u00bb.<\/p>\n<\/div>\n<\/div>\n\n\n\n<div class=\"wp-block-buttons is-content-justification-center is-layout-flex wp-container-core-buttons-is-layout-a89b3969 wp-block-buttons-is-layout-flex\">\n<div class=\"wp-block-button has-custom-width wp-block-button__width-50\"><a class=\"wp-block-button__link has-text-align-center wp-element-button\" href=\"https:\/\/www.aicanada.ca\/fr\/evenements-aic\/inscription-a-levenement\/?e=AIC2026P\" target=\"_blank\" rel=\"noreferrer noopener\"><strong><strong>I<\/strong><\/strong>NSCRIVEZ-VOUS MAINTENANT<\/a><\/div>\n\n\n\n<div class=\"wp-block-button has-custom-width wp-block-button__width-50\"><a class=\"wp-block-button__link has-text-align-center wp-element-button\" href=\"https:\/\/site.pheedloop.com\/event\/AIC26ICE\/call\" target=\"_blank\" rel=\"noreferrer noopener\"><strong>DEVENEZ COMMANDITAIRE D\u00c8S MAINTENANT POUR ACCRO\u00ceTRE VOTRE VISIBILIT\u00c9<\/strong><\/a><\/div>\n\n\n\n<div class=\"wp-block-button\"><a class=\"wp-block-button__link wp-element-button\" href=\"https:\/\/site.pheedloop.com\/event\/AIC26ICE\/Program\">D\u00c9COUVREZ LE PROGRAMME DE LA CONF\u00c9RENCE D\u00c8S MAINTENANT<\/a><\/div>\n<\/div>\n\n\n\n<p><\/p>\n","protected":false},"excerpt":{"rendered":"<p>Du 27 au 30 mai 2026, les professionnels de l\u2019\u00e9valuation immobili\u00e8re du Canada se r\u00e9uniront \u00e0 Toronto \u2014 la capitale financi\u00e8re du pays et un<\/p>\n","protected":false},"author":18838,"featured_media":151273,"parent":54076,"menu_order":1,"comment_status":"closed","ping_status":"closed","template":"template-aic-conference.php","meta":{"_acf_changed":false,"_relevanssi_hide_post":"","_relevanssi_hide_content":"","_relevanssi_pin_for_all":"","_relevanssi_pin_keywords":"","_relevanssi_unpin_keywords":"","_relevanssi_related_keywords":"","_relevanssi_related_include_ids":"","_relevanssi_related_exclude_ids":"","_relevanssi_related_no_append":"","_relevanssi_related_not_related":"","_relevanssi_related_posts":"","_relevanssi_noindex_reason":"","_lmt_disableupdate":"no","_lmt_disable":"","footnotes":""},"class_list":["post-139967","page","type-page","status-publish","has-post-thumbnail","hentry"],"acf":[],"_links":{"self":[{"href":"https:\/\/www.aicanada.ca\/fr\/wp-json\/wp\/v2\/pages\/139967","targetHints":{"allow":["GET"]}}],"collection":[{"href":"https:\/\/www.aicanada.ca\/fr\/wp-json\/wp\/v2\/pages"}],"about":[{"href":"https:\/\/www.aicanada.ca\/fr\/wp-json\/wp\/v2\/types\/page"}],"author":[{"embeddable":true,"href":"https:\/\/www.aicanada.ca\/fr\/wp-json\/wp\/v2\/users\/18838"}],"replies":[{"embeddable":true,"href":"https:\/\/www.aicanada.ca\/fr\/wp-json\/wp\/v2\/comments?post=139967"}],"version-history":[{"count":15,"href":"https:\/\/www.aicanada.ca\/fr\/wp-json\/wp\/v2\/pages\/139967\/revisions"}],"predecessor-version":[{"id":158191,"href":"https:\/\/www.aicanada.ca\/fr\/wp-json\/wp\/v2\/pages\/139967\/revisions\/158191"}],"up":[{"embeddable":true,"href":"https:\/\/www.aicanada.ca\/fr\/wp-json\/wp\/v2\/pages\/54076"}],"wp:featuredmedia":[{"embeddable":true,"href":"https:\/\/www.aicanada.ca\/fr\/wp-json\/wp\/v2\/media\/151273"}],"wp:attachment":[{"href":"https:\/\/www.aicanada.ca\/fr\/wp-json\/wp\/v2\/media?parent=139967"}],"curies":[{"name":"wp","href":"https:\/\/api.w.org\/{rel}","templated":true}]}}