{"id":146080,"date":"2025-04-08T15:33:57","date_gmt":"2025-04-08T19:33:57","guid":{"rendered":"https:\/\/www.aicanada.ca\/?page_id=146080"},"modified":"2025-05-05T10:07:38","modified_gmt":"2025-05-05T14:07:38","slug":"ice-101-102","status":"publish","type":"page","link":"https:\/\/www.aicanada.ca\/fr\/devenir-un-evaluateur\/voie-menant-a-une-designation-de-lice\/ice-101-102\/","title":{"rendered":"ICE 101 &amp; ICE 102"},"content":{"rendered":"\n<p><\/p>\n\n\n\n<div class=\"wp-block-media-text is-stacked-on-mobile\" style=\"grid-template-columns:52% auto\"><figure class=\"wp-block-media-text__media\"><img loading=\"lazy\" decoding=\"async\" width=\"1024\" height=\"512\" src=\"https:\/\/www.aicanada.ca\/wp-content\/uploads\/AIC-101-1024x512.png\" alt=\"\" class=\"wp-image-145704 size-full\" srcset=\"https:\/\/www.aicanada.ca\/wp-content\/uploads\/AIC-101-1024x512.png 1024w, https:\/\/www.aicanada.ca\/wp-content\/uploads\/AIC-101-300x150.png 300w, https:\/\/www.aicanada.ca\/wp-content\/uploads\/AIC-101-768x384.png 768w, https:\/\/www.aicanada.ca\/wp-content\/uploads\/AIC-101-1080x540.png 1080w, https:\/\/www.aicanada.ca\/wp-content\/uploads\/AIC-101.png 1200w\" sizes=\"auto, (max-width: 1024px) 100vw, 1024px\" \/><\/figure><div class=\"wp-block-media-text__content\">\n<h2 class=\"wp-block-heading\">ICE 101<\/h2>\n\n\n\n<p><strong>Envoyez un courriel \u00e0 <a href=\"mailto:info@aicanada.ca\">info@aicanada.ca<\/a> pour obtenir des informations sur le cours ICE 101 en fran\u00e7ais.<\/strong><\/p>\n\n\n\n<p>Le cours ICE 101 est un cours en ligne asynchrone \u00e0 progression autonome offert par le personnel et les membres nationaux de l&rsquo;Institut canadien des \u00e9valuateurs (ICE) et administr\u00e9 par l&rsquo;Universit\u00e9 de la Colombie-Britannique (UBC). Il donne un aper\u00e7u de la profession d&rsquo;\u00e9valuateur ainsi que des renseignements importants que les membres stagiaires doivent conna\u00eetre au fur et \u00e0 mesure qu&rsquo;ils progressent dans l&rsquo;obtention de leur titre. Il d\u00e9crit les exigences de l&rsquo;ICE pour l&rsquo;obtention du titre de CRA ou d&rsquo;AACI et pr\u00e9sente des \u00e9l\u00e9ments importants des Normes uniformes canadiennes de pratique professionnelle de l&rsquo;\u00e9valuation (NUCPEP) afin de guider efficacement les membres candidats dans leurs exigences en mati\u00e8re d&rsquo;exp\u00e9rience appliqu\u00e9e.<\/p>\n\n\n\n<p>Les personnes qui souhaitent se joindre \u00e0 l&rsquo;ICE en tant que membres \u00e9tudiants doivent suivre le cours ICE 101.<\/p>\n\n\n\n<div class=\"wp-block-buttons is-layout-flex wp-block-buttons-is-layout-flex\">\n<div class=\"wp-block-button\"><a class=\"wp-block-button__link wp-element-button\" href=\"https:\/\/www.sauder.ubc.ca\/programs\/real-estate\/credit-programs\/aic101\">S&rsquo;inscrire \u00e0 ICE 101<\/a><\/div>\n<\/div>\n<\/div><\/div>\n\n\n\n<hr class=\"wp-block-separator has-alpha-channel-opacity\"\/>\n\n\n\n<div class=\"wp-block-media-text is-stacked-on-mobile\" style=\"grid-template-columns:52% auto\"><figure class=\"wp-block-media-text__media\"><img loading=\"lazy\" decoding=\"async\" width=\"1024\" height=\"512\" src=\"https:\/\/www.aicanada.ca\/wp-content\/uploads\/ICE-102-1024x512.png\" alt=\"\" class=\"wp-image-146106 size-full\" srcset=\"https:\/\/www.aicanada.ca\/wp-content\/uploads\/ICE-102-1024x512.png 1024w, https:\/\/www.aicanada.ca\/wp-content\/uploads\/ICE-102-300x150.png 300w, https:\/\/www.aicanada.ca\/wp-content\/uploads\/ICE-102-768x384.png 768w, https:\/\/www.aicanada.ca\/wp-content\/uploads\/ICE-102-1080x540.png 1080w, https:\/\/www.aicanada.ca\/wp-content\/uploads\/ICE-102.png 1200w\" sizes=\"auto, (max-width: 1024px) 100vw, 1024px\" \/><\/figure><div class=\"wp-block-media-text__content\">\n<h2 class=\"wp-block-heading\">ICE 102<\/h2>\n\n\n\n<p>Completing AIC 102: Introduction to Professional Practice (ITPP) is a prerequisite for applying for membership as an AIC candidate. Administered by UBC, AIC 102 is available in English and French.<\/p>\n\n\n\n<p>Les personnes qui souhaitent adh\u00e9rer \u00e0 l\u2019ICE en tant que membres stagiaires doivent suivre le ICE 101 et ICE 102 avant de soumettre leur demande de candidature.<\/p>\n\n\n\n<div class=\"wp-block-buttons is-layout-flex wp-block-buttons-is-layout-flex\">\n<div class=\"wp-block-button\"><a class=\"wp-block-button__link wp-element-button\" href=\"https:\/\/www.sauder.ubc.ca\/programs\/real-estate\/credit-programs\/introduction-professional-practice\">S&rsquo;inscrire \u00e0 ICE 102<\/a><\/div>\n<\/div>\n<\/div><\/div>\n\n\n\n<p><\/p>\n","protected":false},"excerpt":{"rendered":"","protected":false},"author":19777,"featured_media":0,"parent":52760,"menu_order":0,"comment_status":"closed","ping_status":"closed","template":"","meta":{"_acf_changed":false,"_relevanssi_hide_post":"","_relevanssi_hide_content":"","_relevanssi_pin_for_all":"","_relevanssi_pin_keywords":"","_relevanssi_unpin_keywords":"","_relevanssi_related_keywords":"","_relevanssi_related_include_ids":"","_relevanssi_related_exclude_ids":"","_relevanssi_related_no_append":"","_relevanssi_related_not_related":"","_relevanssi_related_posts":"","_relevanssi_noindex_reason":"","_lmt_disableupdate":"","_lmt_disable":"","footnotes":""},"class_list":["post-146080","page","type-page","status-publish","hentry"],"acf":[],"_links":{"self":[{"href":"https:\/\/www.aicanada.ca\/fr\/wp-json\/wp\/v2\/pages\/146080","targetHints":{"allow":["GET"]}}],"collection":[{"href":"https:\/\/www.aicanada.ca\/fr\/wp-json\/wp\/v2\/pages"}],"about":[{"href":"https:\/\/www.aicanada.ca\/fr\/wp-json\/wp\/v2\/types\/page"}],"author":[{"embeddable":true,"href":"https:\/\/www.aicanada.ca\/fr\/wp-json\/wp\/v2\/users\/19777"}],"replies":[{"embeddable":true,"href":"https:\/\/www.aicanada.ca\/fr\/wp-json\/wp\/v2\/comments?post=146080"}],"version-history":[{"count":5,"href":"https:\/\/www.aicanada.ca\/fr\/wp-json\/wp\/v2\/pages\/146080\/revisions"}],"predecessor-version":[{"id":147330,"href":"https:\/\/www.aicanada.ca\/fr\/wp-json\/wp\/v2\/pages\/146080\/revisions\/147330"}],"up":[{"embeddable":true,"href":"https:\/\/www.aicanada.ca\/fr\/wp-json\/wp\/v2\/pages\/52760"}],"wp:attachment":[{"href":"https:\/\/www.aicanada.ca\/fr\/wp-json\/wp\/v2\/media?parent=146080"}],"curies":[{"name":"wp","href":"https:\/\/api.w.org\/{rel}","templated":true}]}}