{"id":28238,"date":"2013-05-30T19:03:10","date_gmt":"2013-05-30T19:03:10","guid":{"rendered":"https:\/\/www.aicanada.ca\/fr\/career-opportunities\/"},"modified":"2025-12-05T17:12:25","modified_gmt":"2025-12-05T22:12:25","slug":"opportunites-de-carriere","status":"publish","type":"page","link":"https:\/\/www.aicanada.ca\/fr\/devenir-un-evaluateur\/opportunites-de-carriere\/","title":{"rendered":"Opportunit\u00e9s de carri\u00e8re et d&rsquo;affaires"},"content":{"rendered":"\n<div class=\"wp-block-columns is-layout-flex wp-container-core-columns-is-layout-28f84493 wp-block-columns-is-layout-flex\">\n<div class=\"wp-block-column is-layout-flow wp-block-column-is-layout-flow\">\n<h2 class=\"wp-block-heading\"><span class=\"wp-rich-text-font-awesome-icon wp-font-awesome-icon\"><svg aria-hidden=\"true\" focusable=\"false\" data-prefix=\"fas\" data-icon=\"magnifying-glass\" class=\"svg-inline--fa fa-magnifying-glass \" role=\"img\" xmlns=\"http:\/\/www.w3.org\/2000\/svg\" viewBox=\"0 0 512 512\"><path fill=\"currentColor\" d=\"M416 208c0 45.9-14.9 88.3-40 122.7L502.6 457.4c12.5 12.5 12.5 32.8 0 45.3s-32.8 12.5-45.3 0L330.7 376C296.3 401.1 253.9 416 208 416 93.1 416 0 322.9 0 208S93.1 0 208 0 416 93.1 416 208zM208 352a144 144 0 1 0 0-288 144 144 0 1 0 0 288z\"><\/path><\/svg><\/span> Trouver un emploi ou une opportunit\u00e9\u00a0d&rsquo;affaire<\/h2>\n\n\n\n<p><strong><a href=\"https:\/\/www.aicanada.ca\/fr\/devenir-un-evaluateur\/opportunites-de-carriere\/rechercher-des-opportunites-de-carriere\/\">Cliquez ici<\/a><\/strong> pour consulter les offres d\u2019emploi ou opportunit\u00e9s d&rsquo;affaires.<\/p>\n<\/div>\n\n\n\n<div class=\"wp-block-column is-layout-flow wp-block-column-is-layout-flow\">\n<h2 class=\"wp-block-heading\"><span class=\"wp-rich-text-font-awesome-icon wp-font-awesome-icon\"><svg aria-hidden=\"true\" focusable=\"false\" data-prefix=\"fas\" data-icon=\"user-check\" class=\"svg-inline--fa fa-user-check \" role=\"img\" xmlns=\"http:\/\/www.w3.org\/2000\/svg\" viewBox=\"0 0 640 512\"><path fill=\"currentColor\" d=\"M136 128a120 120 0 1 1 240 0 120 120 0 1 1 -240 0zM48 482.3C48 383.8 127.8 304 226.3 304l59.4 0c98.5 0 178.3 79.8 178.3 178.3 0 16.4-13.3 29.7-29.7 29.7L77.7 512C61.3 512 48 498.7 48 482.3zM612.4 132.7l-80 128c-4.2 6.7-11.4 10.9-19.3 11.3s-15.5-3.2-20.2-9.6l-48-64c-8-10.6-5.8-25.6 4.8-33.6s25.6-5.8 33.6 4.8l27 36 61.4-98.3c7-11.2 21.8-14.7 33.1-7.6s14.7 21.8 7.6 33.1z\"><\/path><\/svg><\/span> Embaucher un membre de\u00a0l&rsquo;ICE<\/h2>\n\n\n\n<p>Pour la liste des membres de l&rsquo;ICE disponibles et offrant leurs services <a href=\"https:\/\/www.aicanada.ca\/fr\/devenir-un-evaluateur\/opportunites-de-carriere\/embaucher-un-membre-ice\/\"><strong>cliquez ici<\/strong><\/a>.<\/p>\n<\/div>\n<\/div>\n\n\n\n<div class=\"wp-block-columns is-layout-flex wp-container-core-columns-is-layout-28f84493 wp-block-columns-is-layout-flex\">\n<div class=\"wp-block-column is-layout-flow wp-block-column-is-layout-flow\">\n<h2 class=\"wp-block-heading\"><span class=\"wp-rich-text-font-awesome-icon wp-font-awesome-icon\"><svg aria-hidden=\"true\" focusable=\"false\" data-prefix=\"fas\" data-icon=\"clipboard-check\" class=\"svg-inline--fa fa-clipboard-check \" role=\"img\" xmlns=\"http:\/\/www.w3.org\/2000\/svg\" viewBox=\"0 0 384 512\"><path fill=\"currentColor\" d=\"M311.4 32l8.6 0c35.3 0 64 28.7 64 64l0 352c0 35.3-28.7 64-64 64L64 512c-35.3 0-64-28.7-64-64L0 96C0 60.7 28.7 32 64 32l8.6 0C83.6 12.9 104.3 0 128 0L256 0c23.7 0 44.4 12.9 55.4 32zM248 112c13.3 0 24-10.7 24-24s-10.7-24-24-24L136 64c-13.3 0-24 10.7-24 24s10.7 24 24 24l112 0zm28.4 148.7c7-11.2 3.6-26-7.6-33.1s-26-3.6-33.1 7.6l-61.4 98.3-27-36c-8-10.6-23-12.8-33.6-4.8s-12.8 23-4.8 33.6l48 64c4.7 6.3 12.3 9.9 20.2 9.6s15.1-4.5 19.3-11.3l80-128z\"><\/path><\/svg><\/span> Afficher une offre d\u2019emploi ou une opportunit\u00e9\u00a0d&rsquo;affaire<\/h2>\n\n\n\n<p>Pour afficher une opportunit\u00e9 dans votre entreprise, <strong><a href=\"https:\/\/www.aicanada.ca\/fr\/devenir-un-evaluateur\/opportunites-de-carriere\/publier-une-opportunite-de-carriere\/\">cliquez ici <\/a><\/strong>. Les offres d&#8217;emploi sont examin\u00e9es par l\u2019ICE et sont publi\u00e9es apr\u00e8s avoir \u00e9t\u00e9 approuv\u00e9es par l\u2019ICE.<\/p>\n<\/div>\n\n\n\n<div class=\"wp-block-column is-layout-flow wp-block-column-is-layout-flow\">\n<h2 class=\"wp-block-heading\"><span class=\"wp-rich-text-font-awesome-icon wp-font-awesome-icon\"><svg aria-hidden=\"true\" focusable=\"false\" data-prefix=\"fas\" data-icon=\"user-pen\" class=\"svg-inline--fa fa-user-pen \" role=\"img\" xmlns=\"http:\/\/www.w3.org\/2000\/svg\" viewBox=\"0 0 640 512\"><path fill=\"currentColor\" d=\"M256.1 248a120 120 0 1 0 0-240 120 120 0 1 0 0 240zm-29.7 56c-98.5 0-178.3 79.8-178.3 178.3 0 16.4 13.3 29.7 29.7 29.7l196.5 0 10.9-54.5c4.3-21.7 15-41.6 30.6-57.2l67.3-67.3c-28-18.3-61.4-28.9-97.4-28.9l-59.4 0zM332.3 466.9l-11.9 59.6c-.2 .9-.3 1.9-.3 2.9 0 8 6.5 14.6 14.6 14.6 1 0 1.9-.1 2.9-.3l59.6-11.9c12.4-2.5 23.8-8.6 32.7-17.5l118.9-118.9-80-80-118.9 118.9c-8.9 8.9-15 20.3-17.5 32.7zm267.8-123c22.1-22.1 22.1-57.9 0-80s-57.9-22.1-80 0l-28.8 28.8 80 80 28.8-28.8z\"><\/path><\/svg><\/span> Publier votre\u00a0CV<\/h2>\n\n\n\n<p>Si vous souhaitez afficher votre disponibilit\u00e9 pour des contrats de services <strong><a href=\"https:\/\/www.aicanada.ca\/fr\/devenir-un-evaluateur\/opportunites-de-carriere\/postez-votre-cv\/\">cliquez ici <\/a><\/strong>. Ces annonces sont examin\u00e9es par l\u2019ICE et ne sont publi\u00e9es apr\u00e8s avoir \u00e9t\u00e9 approuv\u00e9es par l\u2019ICE.<\/p>\n<\/div>\n<\/div>\n\n\n\n<div style=\"height:30px\" aria-hidden=\"true\" class=\"wp-block-spacer\"><\/div>\n\n\n\n<div class=\"wp-block-buttons is-content-justification-center is-layout-flex wp-container-core-buttons-is-layout-a89b3969 wp-block-buttons-is-layout-flex\">\n<div class=\"wp-block-button\"><a class=\"wp-block-button__link has-white-color has-navy-blue-background-color has-text-color has-background has-text-align-center wp-element-button\" href=\"http:\/\/aicanada.ca\/fr\/devenir-un-evaluateur\/faqs\/\">Vous souhaitez obtenir plus d&rsquo;informations sur la mani\u00e8re de devenir un \u00c9valuateur Professionnel (\u00c9. Pro.) ? Lisez notre FAQ.<\/a><\/div>\n<\/div>\n","protected":false},"excerpt":{"rendered":"<p>Trouver un emploi ou une opportunit\u00e9\u00a0d&rsquo;affaire Cliquez ici pour consulter les offres d\u2019emploi ou opportunit\u00e9s d&rsquo;affaires. Embaucher un membre de\u00a0l&rsquo;ICE Pour la liste des membres<\/p>\n","protected":false},"author":4,"featured_media":0,"parent":54080,"menu_order":5,"comment_status":"closed","ping_status":"closed","template":"","meta":{"_acf_changed":false,"_relevanssi_hide_post":"","_relevanssi_hide_content":"","_relevanssi_pin_for_all":"","_relevanssi_pin_keywords":"","_relevanssi_unpin_keywords":"","_relevanssi_related_keywords":"","_relevanssi_related_include_ids":"","_relevanssi_related_exclude_ids":"","_relevanssi_related_no_append":"","_relevanssi_related_not_related":"","_relevanssi_related_posts":"","_relevanssi_noindex_reason":"","_lmt_disableupdate":"","_lmt_disable":"","footnotes":""},"class_list":["post-28238","page","type-page","status-publish","hentry"],"acf":[],"_links":{"self":[{"href":"https:\/\/www.aicanada.ca\/fr\/wp-json\/wp\/v2\/pages\/28238","targetHints":{"allow":["GET"]}}],"collection":[{"href":"https:\/\/www.aicanada.ca\/fr\/wp-json\/wp\/v2\/pages"}],"about":[{"href":"https:\/\/www.aicanada.ca\/fr\/wp-json\/wp\/v2\/types\/page"}],"author":[{"embeddable":true,"href":"https:\/\/www.aicanada.ca\/fr\/wp-json\/wp\/v2\/users\/4"}],"replies":[{"embeddable":true,"href":"https:\/\/www.aicanada.ca\/fr\/wp-json\/wp\/v2\/comments?post=28238"}],"version-history":[{"count":14,"href":"https:\/\/www.aicanada.ca\/fr\/wp-json\/wp\/v2\/pages\/28238\/revisions"}],"predecessor-version":[{"id":155462,"href":"https:\/\/www.aicanada.ca\/fr\/wp-json\/wp\/v2\/pages\/28238\/revisions\/155462"}],"up":[{"embeddable":true,"href":"https:\/\/www.aicanada.ca\/fr\/wp-json\/wp\/v2\/pages\/54080"}],"wp:attachment":[{"href":"https:\/\/www.aicanada.ca\/fr\/wp-json\/wp\/v2\/media?parent=28238"}],"curies":[{"name":"wp","href":"https:\/\/api.w.org\/{rel}","templated":true}]}}