{"id":28241,"date":"2013-05-14T15:20:01","date_gmt":"2013-05-14T15:20:01","guid":{"rendered":"https:\/\/www.aicanada.ca\/fr\/sample-page\/"},"modified":"2025-08-26T15:25:41","modified_gmt":"2025-08-26T19:25:41","slug":"sample-page","status":"publish","type":"page","link":"https:\/\/www.aicanada.ca\/fr\/","title":{"rendered":"Accueil"},"content":{"rendered":"\n<h1 class=\"wp-block-heading has-text-align-center\" id=\"les-evaluateurs-immobiliers-de-premier-choix-au-canada\">EXPERTS EN \u00c9VALUATION IMMOBILI\u00c8RE<\/h1>\n\n\n\n<p>Les \u00e9valuateurs professionnels (\u00c9. Pro.) de l&rsquo;Institut canadien des \u00e9valuateurs (ICE) sont les experts en \u00e9valuation immobili\u00e8re du Canada. Les membres de l&rsquo;ICE sont des professionnels qualifi\u00e9s qui offrent des services d&rsquo;\u00e9valuation ind\u00e9pendants, \u00e9liminant les incertitudes de vos transactions immobili\u00e8res r\u00e9sidentielles, commerciales&nbsp;et&nbsp;industrielles.<\/p>\n\n\n\n<p>Obtenez une opinion d&rsquo;expert en mati\u00e8re d&rsquo;examen d&rsquo;\u00e9valuation, de consultation, de planification de fonds de r\u00e9serve, d&rsquo;\u00e9valuation de machines et d&rsquo;\u00e9quipement, ou de services d&rsquo;\u00e9valuation&nbsp;de&nbsp;mass.<\/p>\n\n\n\n<div style=\"height:20px\" aria-hidden=\"true\" class=\"wp-block-spacer\"><\/div>\n\n\n\n<div class=\"wp-block-columns callout-columns is-layout-flex wp-container-core-columns-is-layout-28f84493 wp-block-columns-is-layout-flex\">\n<div class=\"wp-block-column is-layout-flow wp-block-column-is-layout-flow\">\n<div class=\"wp-block-cover has-custom-content-position is-position-top-left flex-cover\" style=\"padding-top:var(--wp--preset--spacing--80);padding-right:var(--wp--preset--spacing--30);padding-bottom:var(--wp--preset--spacing--80);padding-left:var(--wp--preset--spacing--30);min-height:100%;;aspect-ratio:unset;display:table\"><img loading=\"lazy\" decoding=\"async\" width=\"216\" height=\"187\" class=\"wp-block-cover__image-background wp-image-116771 size-full\" alt=\"\" src=\"https:\/\/www.aicanada.ca\/wp-content\/uploads\/Book-3-e1693591810190.jpg\" data-object-fit=\"cover\"\/><span aria-hidden=\"true\" class=\"wp-block-cover__background has-navy-blue-background-color has-background-dim-90 has-background-dim\"><\/span><div class=\"wp-block-cover__inner-container is-layout-flow wp-block-cover-is-layout-flow\">\n<p class=\"has-text-align-left has-white-color has-text-color has-link-color has-medium-font-size wp-elements-fca0b29de8b5b2f85e885d454f8d6dd8\" style=\"line-height:1.2;text-transform:uppercase\"><strong><a href=\"https:\/\/www.aicanada.ca\/fr\/devenir-un-evaluateur\/pourquoi-devenir-un-evaluateur\/\">Pourquoi devenir \u00e9valuateur professionnel (\u00c9. Pro.)<\/a><\/strong><\/p>\n\n\n\n<p><strong>Devenir \u00e9valuateur professionnel ouvre des portes sur l\u2019ensemble du secteur immobilier.<\/strong><\/p>\n\n\n\n<div class=\"wp-block-group flex-fill d-flex align-items-end is-content-justification-left is-layout-constrained wp-container-core-group-is-layout-12dd3699 wp-block-group-is-layout-constrained\">\n<p class=\"has-white-color has-text-color has-link-color has-small-font-size wp-elements-ddf6cbbf4ba935213e5f68702b453857\" style=\"border-bottom-color:var(--wp--preset--color--white);border-bottom-width:1px;padding-bottom:var(--wp--preset--spacing--20);line-height:1.2;text-transform:none\"><strong><a href=\"https:\/\/www.aicanada.ca\/fr\/devenir-un-evaluateur\/pourquoi-devenir-un-evaluateur\/\">Pour en apprendre davantage.<\/a><\/strong><\/p>\n<\/div>\n<\/div><\/div>\n<\/div>\n\n\n\n<div class=\"wp-block-column is-layout-flow wp-block-column-is-layout-flow\">\n<div class=\"wp-block-cover has-custom-content-position is-position-top-left flex-cover\" style=\"padding-top:var(--wp--preset--spacing--80);padding-right:var(--wp--preset--spacing--30);padding-bottom:var(--wp--preset--spacing--80);padding-left:var(--wp--preset--spacing--30);min-height:100%;;aspect-ratio:unset;display:table\"><img loading=\"lazy\" decoding=\"async\" width=\"374\" height=\"280\" class=\"wp-block-cover__image-background wp-image-106632 size-full\" alt=\"\" src=\"https:\/\/www.aicanada.ca\/wp-content\/uploads\/book.jpg\" data-object-fit=\"cover\" srcset=\"https:\/\/www.aicanada.ca\/wp-content\/uploads\/book.jpg 374w, https:\/\/www.aicanada.ca\/wp-content\/uploads\/book-300x225.jpg 300w\" sizes=\"auto, (max-width: 374px) 100vw, 374px\" \/><span aria-hidden=\"true\" class=\"wp-block-cover__background has-green-background-color has-background-dim-90 has-background-dim\"><\/span><div class=\"wp-block-cover__inner-container is-layout-flow wp-block-cover-is-layout-flow\">\n<p class=\"has-text-align-left has-white-color has-text-color has-link-color has-medium-font-size wp-elements-085bf9320fca34e2c861847f2ad52f86\" style=\"line-height:1.2;text-transform:uppercase\"><strong><a href=\"https:\/\/www.aicanada.ca\/fr\/a-propos-de-lice\/repondre-a-vos-preoccupations\/\">Processus de r\u00e9solution des&nbsp;plaintes<\/a><\/strong><\/p>\n\n\n\n<p><strong>Le Processus de r\u00e9solution des plaintes de l\u2019ICE veut maintenir l\u2019excellence de la profession d\u2019\u00e9valuateur et des services que les membres de l\u2019ICE rendent au public.<\/strong><\/p>\n\n\n\n<div class=\"wp-block-group flex-fill d-flex align-items-end is-content-justification-left is-layout-constrained wp-container-core-group-is-layout-12dd3699 wp-block-group-is-layout-constrained\">\n<p class=\"has-white-color has-text-color has-link-color has-small-font-size wp-elements-1fbb72f2732f76043389a9b4ae085410\" style=\"border-bottom-color:var(--wp--preset--color--white);border-bottom-width:1px;padding-bottom:var(--wp--preset--spacing--20);line-height:1.2;text-transform:none\"><strong><a href=\"https:\/\/www.aicanada.ca\/fr\/a-propos-de-lice\/repondre-a-vos-preoccupations\/\">Pour en apprendre davantage.<\/a><\/strong><\/p>\n<\/div>\n<\/div><\/div>\n<\/div>\n\n\n\n<div class=\"wp-block-column is-layout-flow wp-block-column-is-layout-flow\">\n<div class=\"wp-block-cover has-custom-content-position is-position-top-left flex-cover\" style=\"padding-top:var(--wp--preset--spacing--80);padding-right:var(--wp--preset--spacing--30);padding-bottom:var(--wp--preset--spacing--80);padding-left:var(--wp--preset--spacing--30);min-height:100%;;aspect-ratio:unset;display:table\"><img loading=\"lazy\" decoding=\"async\" width=\"380\" height=\"340\" class=\"wp-block-cover__image-background wp-image-49111 size-full\" alt=\"Careers\" src=\"https:\/\/www.aicanada.ca\/wp-content\/uploads\/careers.jpg\" data-object-fit=\"cover\" srcset=\"https:\/\/www.aicanada.ca\/wp-content\/uploads\/careers.jpg 380w, https:\/\/www.aicanada.ca\/wp-content\/uploads\/careers-300x268.jpg 300w\" sizes=\"auto, (max-width: 380px) 100vw, 380px\" \/><span aria-hidden=\"true\" class=\"wp-block-cover__background has-dark-grey-background-color has-background-dim-90 has-background-dim\"><\/span><div class=\"wp-block-cover__inner-container is-layout-flow wp-block-cover-is-layout-flow\">\n<p class=\"has-text-align-left has-white-color has-text-color has-link-color has-medium-font-size wp-elements-5b0848565f9bb6a55a087c93a9aaf19f\" style=\"line-height:1.2;text-transform:uppercase\"><strong><a href=\"https:\/\/www.aicanada.ca\/fr\/devenir-un-evaluateur\/opportunites-de-carriere\/\">Carri\u00e8re et opportunit\u00e9s&nbsp;d\u2019affaires<\/a><\/strong><\/p>\n\n\n\n<p><strong>Afficher un emploi. Trouver un emploi. Embaucher un membre de l\u2019ICE.<\/strong><\/p>\n\n\n\n<div class=\"wp-block-group flex-fill d-flex align-items-end is-content-justification-left is-layout-constrained wp-container-core-group-is-layout-12dd3699 wp-block-group-is-layout-constrained\">\n<p class=\"has-white-color has-text-color has-link-color has-small-font-size wp-elements-ea17b0a6266646c55ba9e754df6efb6c\" style=\"border-bottom-color:var(--wp--preset--color--white);border-bottom-width:1px;padding-bottom:var(--wp--preset--spacing--20);line-height:1.2;text-transform:none\"><strong><a href=\"https:\/\/www.aicanada.ca\/fr\/devenir-un-evaluateur\/opportunites-de-carriere\/\">Visiter la section des carri\u00e8res.<\/a><\/strong><\/p>\n<\/div>\n<\/div><\/div>\n<\/div>\n<\/div>\n\n\n\n<div style=\"height:20px\" aria-hidden=\"true\" class=\"wp-block-spacer\"><\/div>\n\n\n\r\n<div class=\"mp-block-latest-news mp-block clearfix\">\r\n    <div class=\"latest-news\">\r\n        <a href=\"https:\/\/www.aicanada.ca\/fr\/news-events\/\" class=\"read-all\">\r\n\t\t\tLire toutes les derni\u00e8res nouvelles et \u00e9v\u00e9nements        <\/a>\r\n\r\n        <div class=\"latest-news-items clearfix\">\r\n\t\t\t\r\n\t\t\t\t\t\t\t\t\t\t\t\t\r\n                    <a href=\"https:\/\/site.pheedloop.com\/event\/AIC26ICE\/home\" class=\"latest-news-item\" target=\"_blank\">\r\n                        <!-- IMAGE -->\r\n                        <div class=\"latest-news-image\">\r\n                            <img decoding=\"async\" src=\"https:\/\/www.aicanada.ca\/wp-content\/uploads\/Call-for-Presentations-2026-500x500.png\" alt=\"Congr\u00e8s national 2026 de\u00a0l&rsquo;ICE\"\/>\r\n                        <\/div>\r\n\r\n                        <!-- TITLE -->\r\n                        <div class=\"latest-news-excerpt\">\r\n                            <h2 class=\"post-title\">Congr\u00e8s national 2026 de\u00a0l&rsquo;ICE<\/h2>\r\n\r\n\t\t\t\t\t\t\t                        <\/div>\r\n\r\n                        <!-- LINK TEXT -->\r\n\t\t\t\t\t\t                        <div class=\"latest-news-link\">En savoir plus<\/div>\r\n                    <\/a>\r\n\t\t\t\t\t\t\t\t\t\r\n                    <a href=\"https:\/\/www.aicanada.ca\/fr\/a-propos-de-lice\/advocacy\/\" class=\"latest-news-item\" target=\"_blank\">\r\n                        <!-- IMAGE -->\r\n                        <div class=\"latest-news-image\">\r\n                            <img decoding=\"async\" src=\"https:\/\/www.aicanada.ca\/wp-content\/uploads\/Copy-of-PushPolitics-Banner-Poster-Square-2-500x500.png\" alt=\"D\u00e9fense des int\u00e9r\u00eats et politiques d\u2019int\u00e9r\u00eat public\"\/>\r\n                        <\/div>\r\n\r\n                        <!-- TITLE -->\r\n                        <div class=\"latest-news-excerpt\">\r\n                            <h2 class=\"post-title\">D\u00e9fense des int\u00e9r\u00eats et politiques d\u2019int\u00e9r\u00eat public<\/h2>\r\n\r\n\t\t\t\t\t\t\t                        <\/div>\r\n\r\n                        <!-- LINK TEXT -->\r\n\t\t\t\t\t\t                        <div class=\"latest-news-link\">En savoir plus<\/div>\r\n                    <\/a>\r\n\t\t\t\t\t\t\t\t\t\r\n                    <a href=\"https:\/\/www.aicanada.ca\/wp-content\/uploads\/Fall-2025-Pre-Budget-Submission-AIC.pdf\" class=\"latest-news-item\" target=\"_blank\">\r\n                        <!-- IMAGE -->\r\n                        <div class=\"latest-news-image\">\r\n                            <img decoding=\"async\" src=\"https:\/\/www.aicanada.ca\/wp-content\/uploads\/Pre-budget-Consultation-2025-6-500x500.png\" alt=\"Soumission \u00e9crite dans le cadre de la consultation pr\u00e9budg\u00e9taireen vue du budget f\u00e9d\u00e9ral de l\u2019automne 2025\"\/>\r\n                        <\/div>\r\n\r\n                        <!-- TITLE -->\r\n                        <div class=\"latest-news-excerpt\">\r\n                            <h2 class=\"post-title\">Soumission \u00e9crite dans le cadre de la consultation pr\u00e9budg\u00e9taireen vue du budget f\u00e9d\u00e9ral de l\u2019automne 2025<\/h2>\r\n\r\n\t\t\t\t\t\t\t                        <\/div>\r\n\r\n                        <!-- LINK TEXT -->\r\n\t\t\t\t\t\t                        <div class=\"latest-news-link\">Lire ici<\/div>\r\n                    <\/a>\r\n\t\t\t\t\t\t\t\t\t\r\n                    <a href=\"https:\/\/www.aicanada.ca\/fr\/a-propos-de-lice\/conseil-dadministration\/\" class=\"latest-news-item\" target=\"_blank\">\r\n                        <!-- IMAGE -->\r\n                        <div class=\"latest-news-image\">\r\n                            <img decoding=\"async\" src=\"https:\/\/www.aicanada.ca\/wp-content\/uploads\/montreal_headshot_mikeuclide19linkedinVbXC3Fcs1748360666-500x500.jpg\" alt=\"Pr\u00e9sident et conseil d\u2019administration 2025-2026 de l\u2019ICE\"\/>\r\n                        <\/div>\r\n\r\n                        <!-- TITLE -->\r\n                        <div class=\"latest-news-excerpt\">\r\n                            <h2 class=\"post-title\">Pr\u00e9sident et conseil d\u2019administration 2025-2026 de l\u2019ICE<\/h2>\r\n\r\n\t\t\t\t\t\t\t                        <\/div>\r\n\r\n                        <!-- LINK TEXT -->\r\n\t\t\t\t\t\t                        <div class=\"latest-news-link\">En savoir plus <\/div>\r\n                    <\/a>\r\n\t\t\t\t\t\t\t\t\t\t        <\/div>\r\n    <\/div>\r\n<\/div>\r\n","protected":false},"excerpt":{"rendered":"<p>EXPERTS EN \u00c9VALUATION IMMOBILI\u00c8RE Les \u00e9valuateurs professionnels (\u00c9. Pro.) de l&rsquo;Institut canadien des \u00e9valuateurs (ICE) sont les experts en \u00e9valuation immobili\u00e8re du Canada. Les membres<\/p>\n","protected":false},"author":15571,"featured_media":0,"parent":0,"menu_order":0,"comment_status":"closed","ping_status":"closed","template":"template-home.php","meta":{"_acf_changed":false,"_relevanssi_hide_post":"","_relevanssi_hide_content":"","_relevanssi_pin_for_all":"","_relevanssi_pin_keywords":"","_relevanssi_unpin_keywords":"","_relevanssi_related_keywords":"","_relevanssi_related_include_ids":"","_relevanssi_related_exclude_ids":"","_relevanssi_related_no_append":"","_relevanssi_related_not_related":"","_relevanssi_related_posts":"","_relevanssi_noindex_reason":"","_lmt_disableupdate":"no","_lmt_disable":"","footnotes":""},"class_list":["post-28241","page","type-page","status-publish","hentry"],"acf":[],"_links":{"self":[{"href":"https:\/\/www.aicanada.ca\/fr\/wp-json\/wp\/v2\/pages\/28241","targetHints":{"allow":["GET"]}}],"collection":[{"href":"https:\/\/www.aicanada.ca\/fr\/wp-json\/wp\/v2\/pages"}],"about":[{"href":"https:\/\/www.aicanada.ca\/fr\/wp-json\/wp\/v2\/types\/page"}],"author":[{"embeddable":true,"href":"https:\/\/www.aicanada.ca\/fr\/wp-json\/wp\/v2\/users\/15571"}],"replies":[{"embeddable":true,"href":"https:\/\/www.aicanada.ca\/fr\/wp-json\/wp\/v2\/comments?post=28241"}],"version-history":[{"count":15,"href":"https:\/\/www.aicanada.ca\/fr\/wp-json\/wp\/v2\/pages\/28241\/revisions"}],"predecessor-version":[{"id":151563,"href":"https:\/\/www.aicanada.ca\/fr\/wp-json\/wp\/v2\/pages\/28241\/revisions\/151563"}],"wp:attachment":[{"href":"https:\/\/www.aicanada.ca\/fr\/wp-json\/wp\/v2\/media?parent=28241"}],"curies":[{"name":"wp","href":"https:\/\/api.w.org\/{rel}","templated":true}]}}