{"id":28294,"date":"2015-12-24T09:38:23","date_gmt":"2015-12-24T14:38:23","guid":{"rendered":"https:\/\/www.aicanada.ca\/fr\/awards\/honorary-aaci\/"},"modified":"2025-12-05T16:15:21","modified_gmt":"2025-12-05T21:15:21","slug":"honorary-aaci","status":"publish","type":"page","link":"https:\/\/www.aicanada.ca\/fr\/a-propos-de-lice\/prix-benevoles\/honorary-aaci\/","title":{"rendered":"AACI Honoraire"},"content":{"rendered":"\n<p>Cette cat\u00e9gorie de membre, institu\u00e9e en 2007, est remise aux personnes sans reproche au point de vue d\u00e9ontologique et reconnues publiquement comme des leaders dans les domaines des affaires, du droit, des universit\u00e9s et autres, et qui contribuent \u00e0 am\u00e9liorer le profil, le respect, l\u2019ensemble de connaissances et la promotion de la profession d\u2019\u00e9valuateur pour l\u2019ICE.<\/p>\n\n\n\n<h2 class=\"wp-block-heading\"><span class=\"wp-rich-text-font-awesome-icon wp-font-awesome-icon\"><svg aria-hidden=\"true\" focusable=\"false\" data-prefix=\"fas\" data-icon=\"award\" class=\"svg-inline--fa fa-award \" role=\"img\" xmlns=\"http:\/\/www.w3.org\/2000\/svg\" viewBox=\"0 0 448 512\"><path fill=\"currentColor\" d=\"M245.9-25.9c-13.4-8.2-30.3-8.2-43.7 0-24.4 14.9-39.5 18.9-68.1 18.3-15.7-.4-30.3 8.1-37.9 21.9-13.7 25.1-24.8 36.2-49.9 49.9-13.8 7.5-22.2 22.2-21.9 37.9 .7 28.6-3.4 43.7-18.3 68.1-8.2 13.4-8.2 30.3 0 43.7 14.9 24.4 18.9 39.5 18.3 68.1-.4 15.7 8.1 30.3 21.9 37.9 22.1 12.1 33.3 22.1 45.1 41.5L42.7 458.5c-5.9 11.9-1.1 26.3 10.7 32.2l86 43c11.5 5.7 25.5 1.4 31.7-9.8l52.8-95.1 52.8 95.1c6.2 11.2 20.2 15.6 31.7 9.8l86-43c11.9-5.9 16.7-20.3 10.7-32.2l-48.6-97.2c11.7-19.4 23-29.4 45.1-41.5 13.8-7.5 22.2-22.2 21.9-37.9-.7-28.6 3.4-43.7 18.3-68.1 8.2-13.4 8.2-30.3 0-43.7-14.9-24.4-18.9-39.5-18.3-68.1 .4-15.7-8.1-30.3-21.9-37.9-25.1-13.7-36.2-24.8-49.9-49.9-7.5-13.8-22.2-22.2-37.9-21.9-28.6 .7-43.7-3.4-68.1-18.3zM224 96a96 96 0 1 1 0 192 96 96 0 1 1 0-192z\"><\/path><\/svg><\/span> R\u00c9CIPIENDAIRES DE 2023<\/h2>\n\n\n\n<h3 class=\"wp-block-heading\"><strong>Vikki Leslie<\/strong><\/h3>\n\n\n\n<h3 class=\"wp-block-heading\">Ontario<\/h3>\n\n\n\n<p>Vikki est la\/\u00e9tait la directrice g\u00e9n\u00e9rale de l&rsquo;Association de l&rsquo;Ontario. <\/p>\n\n\n\n<hr class=\"wp-block-separator has-text-color has-light-grey-color has-css-opacity has-light-grey-background-color has-background is-style-wide\"\/>\n\n\n\n<details class=\"wp-block-details is-style-aic-grey-border-details is-layout-flow wp-block-details-is-layout-flow\"><summary>Voir les r\u00e9cipiendaires pr\u00e9c\u00e9dents<\/summary>\n<ul class=\"wp-block-list\">\n<li>Marilyn Sterenka, ED, Saskatchewan<\/li>\n\n\n\n<li>Antoine Hacault, P. App., AACI<\/li>\n\n\n\n<li>Richard L. (Rick) Borges II, MAI, SRA, Past President Appraisal Institute<\/li>\n\n\n\n<li>Sheila Botting, Senior Practice Partner, Client Cabinet &amp; National Leader, Deloitte Real Estate at Deloitte Toronto, Ontario<\/li>\n\n\n\n<li>John Bridal, Associate Director, Program Development, Diploma, AIC, BBRE &amp; Certificate Program, University of British Columbia<\/li>\n\n\n\n<li>Michael Brooks, Partner Aird &amp; Berlis LLP Toronto, Ontario<\/li>\n\n\n\n<li>Dr. James DeWald, Associate Professor, Strategy and Global Management Haskayne School of Business, University of Calgary Calgary, Alberta<\/li>\n\n\n\n<li>Connie Fair, President and Chief Executive Officer, BC Land Titles &amp; Survey Authority (LTSA) Victoria, British Columbia<\/li>\n\n\n\n<li>Andr\u00e9 Gravelle, Director, Diploma, AIC, BBRE &amp; Certificate Programs, University of British Columbia<\/li>\n\n\n\n<li>Craig Kelman, Owner, Kelman &amp; Associates and Editor\/Publisher of the Canadian Property Valuation magazine<\/li>\n\n\n\n<li>Keith Lancastle, Chief Executive Officer, Appraisal Institute of Canada<\/li>\n\n\n\n<li>Georges Lozano, Retired Chief Executive Officer, Appraisal Institute of Canada Ottawa, Ontario<\/li>\n\n\n\n<li>Jane Londerville, Associate Professor Housing &amp; Real Estate Management Advisor University of Guelph Guelph, Ontario<\/li>\n\n\n\n<li>Davida Mckay, Executive Director, AIC-Nova Scotia and the Nova Scotia Real Estate Appraisers Association (NSREAA)<\/li>\n\n\n\n<li>Daniel Muzyka, President and Chief Executive Officer The Conference Board of Canada RBC Financial Group Professor of Entrepreneurship University of British Columbia\u2019s Sauder School of Business Ottawa, Ontario<\/li>\n\n\n\n<li>Janice O\u2019Brien, Executive Director Appraisal Institute of Canada \u2013 British Columbia Vancouver, British Columbia<\/li>\n\n\n\n<li>James Ramsay, Gaming Strategy Project Officer PEI Lotteries Commission Finance, Energy and Municipal Affairs Province of Prince Edward Island<\/li>\n\n\n\n<li>Dr. Ted Rowe, Broker-Owner and President RE\/MAX in Newfoundland and Labrador St. John\u2019s, Newfoundland and Labrador<\/li>\n\n\n\n<li>John H. Shevchuk Lex Pacifica Law Corporation Vancouver, British Columbia<\/li>\n\n\n\n<li>Wayne R. Whitlock, Q.C, Partner, Co-Head of Commercial Real Estate Bennett Jones, LLP Calgary, Alberta<\/li>\n\n\n\n<li>Stephen Waqu\u00e9, Q.C., Senior Partner Borden Ladner Gervais, LLP Toronto, Ontario<\/li>\n<\/ul>\n<\/details>\n","protected":false},"excerpt":{"rendered":"<p>Cette cat\u00e9gorie de membre, institu\u00e9e en 2007, est remise aux personnes sans reproche au point de vue d\u00e9ontologique et reconnues publiquement comme des leaders dans<\/p>\n","protected":false},"author":4,"featured_media":0,"parent":51000,"menu_order":0,"comment_status":"closed","ping_status":"closed","template":"","meta":{"_acf_changed":false,"_relevanssi_hide_post":"","_relevanssi_hide_content":"","_relevanssi_pin_for_all":"","_relevanssi_pin_keywords":"","_relevanssi_unpin_keywords":"","_relevanssi_related_keywords":"","_relevanssi_related_include_ids":"","_relevanssi_related_exclude_ids":"","_relevanssi_related_no_append":"","_relevanssi_related_not_related":"","_relevanssi_related_posts":"","_relevanssi_noindex_reason":"","_lmt_disableupdate":"","_lmt_disable":"","footnotes":""},"class_list":["post-28294","page","type-page","status-publish","hentry"],"acf":[],"_links":{"self":[{"href":"https:\/\/www.aicanada.ca\/fr\/wp-json\/wp\/v2\/pages\/28294","targetHints":{"allow":["GET"]}}],"collection":[{"href":"https:\/\/www.aicanada.ca\/fr\/wp-json\/wp\/v2\/pages"}],"about":[{"href":"https:\/\/www.aicanada.ca\/fr\/wp-json\/wp\/v2\/types\/page"}],"author":[{"embeddable":true,"href":"https:\/\/www.aicanada.ca\/fr\/wp-json\/wp\/v2\/users\/4"}],"replies":[{"embeddable":true,"href":"https:\/\/www.aicanada.ca\/fr\/wp-json\/wp\/v2\/comments?post=28294"}],"version-history":[{"count":15,"href":"https:\/\/www.aicanada.ca\/fr\/wp-json\/wp\/v2\/pages\/28294\/revisions"}],"predecessor-version":[{"id":155436,"href":"https:\/\/www.aicanada.ca\/fr\/wp-json\/wp\/v2\/pages\/28294\/revisions\/155436"}],"up":[{"embeddable":true,"href":"https:\/\/www.aicanada.ca\/fr\/wp-json\/wp\/v2\/pages\/51000"}],"wp:attachment":[{"href":"https:\/\/www.aicanada.ca\/fr\/wp-json\/wp\/v2\/media?parent=28294"}],"curies":[{"name":"wp","href":"https:\/\/api.w.org\/{rel}","templated":true}]}}