{"id":28296,"date":"2015-12-24T09:24:36","date_gmt":"2015-12-24T14:24:36","guid":{"rendered":"https:\/\/www.aicanada.ca\/fr\/awards\/fellow\/"},"modified":"2025-12-04T17:57:50","modified_gmt":"2025-12-04T22:57:50","slug":"fellow","status":"publish","type":"page","link":"https:\/\/www.aicanada.ca\/fr\/a-propos-de-lice\/prix-benevoles\/fellow\/","title":{"rendered":"Fellow"},"content":{"rendered":"\n<p>Les Fellows de l\u2019Institut canadien des \u00e9valuateurs sont des membres d\u00e9sign\u00e9s qui se sont distingu\u00e9s par leurs contributions exemplaires \u00e0 la profession. Cela est d\u00e9montr\u00e9 par un niveau \u00e9lev\u00e9 d\u2019excellence et des r\u00e9alisations qui ont contribu\u00e9 \u00e0 l\u2019avancement de la profession.<\/p>\n\n\n\n<h2 class=\"wp-block-heading\">R\u00e9cipiendaire de 2025<\/h2>\n\n\n\n<p>La r\u00e9cipiendaire de 2025 est Dena Knopp, \u00c9. Pro., CRA.<\/p>\n\n\n\n<hr class=\"wp-block-separator has-text-color has-light-grey-color has-css-opacity has-light-grey-background-color has-background is-style-wide\"\/>\n\n\n\n<details class=\"wp-block-details is-style-aic-grey-border-details is-layout-flow wp-block-details-is-layout-flow\"><summary>Voir les r\u00e9cipiendaires pr\u00e9c\u00e9dents<\/summary>\n<ul class=\"wp-block-list\">\n<li>Claudio Polito, \u00c9. Pro., AACI, Fellow (2024)<\/li>\n\n\n\n<li>Suzanne de Jong, P. App., AACI, Fellow (2023)<\/li>\n\n\n\n<li>Philson Kempton, P. App., AACI, Fellow (2023)<\/li>\n\n\n\n<li>Carl Nilsen, P. App., AACI, Fellow (2023)<\/li>\n\n\n\n<li>Patricia Cooper, P. App., AACI Fellow (2022)<\/li>\n\n\n\n<li>Deana Halladay, P. App., CRA, Fellow (2022)<\/li>\n\n\n\n<li>Andr\u00e9 Pouliot, P. App., AACI, Fellow (2022)<\/li>\n\n\n\n<li>Darrell Thorvaldson, P. App., AACI, Fellow (2022)<\/li>\n\n\n\n<li>Larry Dybvig, AACI, P. App., Fellow (2021)<\/li>\n\n\n\n<li>Jan Wicherek, AACI, P. App., Fellow (2021)<\/li>\n\n\n\n<li>T. Fox, AACI, P.App<\/li>\n\n\n\n<li>D. Babineau, AACI, P.App<\/li>\n\n\n\n<li>A.M. Barber, AACI, P.App<\/li>\n\n\n\n<li>D.A. Beatty, AACI, P.App<\/li>\n\n\n\n<li>G.S. Bennett, AACI, P.App<\/li>\n\n\n\n<li>Raymond Bower, AACI, P.App<\/li>\n\n\n\n<li>D. Brewer, AACI, P.App<\/li>\n\n\n\n<li>L. Brosseau, AACI, P.App<\/li>\n\n\n\n<li>D.J. Clark, AACI, P.App<\/li>\n\n\n\n<li>J.A. Clark, AACI, P.App<\/li>\n\n\n\n<li>P.J. Clark, AACI, P.App<\/li>\n\n\n\n<li>Rick Colbourne, AACI, P.App<\/li>\n\n\n\n<li>Michel Colgan, AACI, P.App<\/li>\n\n\n\n<li>W. Crawford, AACI, P.App<\/li>\n\n\n\n<li>D. Doucet, AACI, P.App<\/li>\n\n\n\n<li>B. Duncan, AACI, P.App<\/li>\n\n\n\n<li>G.D. Frampton, AACI, P.App<\/li>\n\n\n\n<li>B.D. Girvan, AACI, P.App<\/li>\n\n\n\n<li>K. Goodwin, AACI, P.App<\/li>\n\n\n\n<li>W.G.R. Gosset, AACI, P.App<\/li>\n\n\n\n<li>M.R. Grover, AACI, P.App<\/li>\n\n\n\n<li>C. Hardy, AACI, P.App<\/li>\n\n\n\n<li>C.G. Hayes, AACI, P.App<\/li>\n\n\n\n<li>D.C. Highfield, AACI, P.App<\/li>\n\n\n\n<li>D.F. Hildebrand, AACI, P.App D.F. Horne, AACI, P.App<\/li>\n\n\n\n<li>L.H. Howard, AACI, P.App<\/li>\n\n\n\n<li>A.M. Ingram, AACI, P.App<\/li>\n\n\n\n<li>I. Jorgensen, AACI, P.App<\/li>\n\n\n\n<li>P.J. Kempton, Sr., AACI, P.App<\/li>\n\n\n\n<li>J.M. Kirkland, AACI, P.App<\/li>\n\n\n\n<li>D.W. Lambert, AACI, P.App<\/li>\n\n\n\n<li>P. Lawrek, AACI, P.App<\/li>\n\n\n\n<li>M.A. Martyn, AACI, P.App<\/li>\n\n\n\n<li>R. Mason, AACI, P.App<\/li>\n\n\n\n<li>G. Maurice, AACI, P.App<\/li>\n\n\n\n<li>M.J. Mendela, AACI, P.App<\/li>\n\n\n\n<li>P. MacLellan, AACI, P.App<\/li>\n\n\n\n<li>D.H. Moore, AACI, P.App<\/li>\n\n\n\n<li>B.F. McMullan, AACI, P.App<\/li>\n\n\n\n<li>L.W. North, AACI, P.App<\/li>\n\n\n\n<li>P. Olscamp, AACI, P.App<\/li>\n\n\n\n<li>D. Osland, AACI, P.App<\/li>\n\n\n\n<li>R. Robson, AACI, P.App<\/li>\n\n\n\n<li>D.J. Rundell, AACI, P.App<\/li>\n\n\n\n<li>G.A. Shufelt, AACI, P.App D. Shum, AACI, P.App<\/li>\n\n\n\n<li>L. Smith, AACI, P.App<\/li>\n\n\n\n<li>R.C. Soderquist, AACI, P.App<\/li>\n\n\n\n<li>K.F. Stroud, AACI, P.App<\/li>\n\n\n\n<li>R.Tipple, AACI, P.App<\/li>\n\n\n\n<li>G.J. Tomiuk, AACI, P.App<\/li>\n\n\n\n<li>G. Uba, AACI, P.App<\/li>\n\n\n\n<li>R.E. Wade, AACI, P.App<\/li>\n\n\n\n<li>B. Wagar, AACI, P.App<\/li>\n\n\n\n<li>G.A. Ward, AACI , P.App<\/li>\n\n\n\n<li>A.R. Warga, AACI, P.App<\/li>\n\n\n\n<li>G. Wilkinson, AACI, P.App<\/li>\n\n\n\n<li>D. Wilson, AACI, P.App<\/li>\n\n\n\n<li>S. Wilson, AACI, P.App<\/li>\n\n\n\n<li>S. Young, AACI, P.App<\/li>\n<\/ul>\n<\/details>\n","protected":false},"excerpt":{"rendered":"<p>Les Fellows de l\u2019Institut canadien des \u00e9valuateurs sont des membres d\u00e9sign\u00e9s qui se sont distingu\u00e9s par leurs contributions exemplaires \u00e0 la profession. Cela est d\u00e9montr\u00e9<\/p>\n","protected":false},"author":4,"featured_media":0,"parent":51000,"menu_order":0,"comment_status":"closed","ping_status":"closed","template":"","meta":{"_acf_changed":false,"_relevanssi_hide_post":"","_relevanssi_hide_content":"","_relevanssi_pin_for_all":"","_relevanssi_pin_keywords":"","_relevanssi_unpin_keywords":"","_relevanssi_related_keywords":"","_relevanssi_related_include_ids":"","_relevanssi_related_exclude_ids":"","_relevanssi_related_no_append":"","_relevanssi_related_not_related":"","_relevanssi_related_posts":"","_relevanssi_noindex_reason":"","_lmt_disableupdate":"","_lmt_disable":"","footnotes":""},"class_list":["post-28296","page","type-page","status-publish","hentry"],"acf":[],"_links":{"self":[{"href":"https:\/\/www.aicanada.ca\/fr\/wp-json\/wp\/v2\/pages\/28296","targetHints":{"allow":["GET"]}}],"collection":[{"href":"https:\/\/www.aicanada.ca\/fr\/wp-json\/wp\/v2\/pages"}],"about":[{"href":"https:\/\/www.aicanada.ca\/fr\/wp-json\/wp\/v2\/types\/page"}],"author":[{"embeddable":true,"href":"https:\/\/www.aicanada.ca\/fr\/wp-json\/wp\/v2\/users\/4"}],"replies":[{"embeddable":true,"href":"https:\/\/www.aicanada.ca\/fr\/wp-json\/wp\/v2\/comments?post=28296"}],"version-history":[{"count":15,"href":"https:\/\/www.aicanada.ca\/fr\/wp-json\/wp\/v2\/pages\/28296\/revisions"}],"predecessor-version":[{"id":155234,"href":"https:\/\/www.aicanada.ca\/fr\/wp-json\/wp\/v2\/pages\/28296\/revisions\/155234"}],"up":[{"embeddable":true,"href":"https:\/\/www.aicanada.ca\/fr\/wp-json\/wp\/v2\/pages\/51000"}],"wp:attachment":[{"href":"https:\/\/www.aicanada.ca\/fr\/wp-json\/wp\/v2\/media?parent=28296"}],"curies":[{"name":"wp","href":"https:\/\/api.w.org\/{rel}","templated":true}]}}