{"id":28321,"date":"2014-04-08T18:34:34","date_gmt":"2014-04-08T18:34:34","guid":{"rendered":"https:\/\/www.aicanada.ca\/fr\/seminars-events\/aic-101-intro-to-appraisal-profession\/"},"modified":"2025-11-03T11:22:26","modified_gmt":"2025-11-03T16:22:26","slug":"ice-101-introduction-a-la-profession-devaluateur","status":"publish","type":"page","link":"https:\/\/www.aicanada.ca\/fr\/evenements-aic\/ice-101-introduction-a-la-profession-devaluateur\/","title":{"rendered":"ICE 101 \u2013 Introduction \u00e0 la profession d\u2019\u00e9valuateur"},"content":{"rendered":"\n<div class=\"wp-block-columns is-layout-flex wp-container-core-columns-is-layout-28f84493 wp-block-columns-is-layout-flex\">\n<div class=\"wp-block-column is-layout-flow wp-block-column-is-layout-flow\" style=\"flex-basis:60%\">\n<p>Le cours ICE 101 est offert par le personnel du bureau national de l\u2019Institut canadien des \u00e9valuateurs (ICE) en format webinaire. Il pr\u00e9sente un survol de toute l\u2019information importante de la profession d\u2019\u00e9valuateur ainsi que de l\u2019information importante que doivent conna\u00eetre les membres stagiaires dans leur cheminement vers l\u2019obtention de leur titre professionnel. II d\u00e9crit les exigences de l\u2019ICE pour les titres CRA ou AACI et introduit les \u00e9l\u00e9ments importants des Normes uniformes de pratique professionnelle en mati\u00e8re d\u2019\u00e9valuation au Canada (NUPPEC) afin de guider efficacement les membres stagiaires dans l\u2019acquisition de son exp\u00e9rience pratique.<\/p>\n<\/div>\n\n\n\n<div class=\"wp-block-column has-lighter-grey-background-color has-background is-layout-flow wp-block-column-is-layout-flow\" style=\"padding-top:var(--wp--preset--spacing--50);padding-right:var(--wp--preset--spacing--50);padding-bottom:var(--wp--preset--spacing--50);padding-left:var(--wp--preset--spacing--50);flex-basis:40%\">\n<p><strong>ICE 101 est une exigence obligatoire pour devenir membre candidat.<\/strong><br><strong>Co\u00fbt<\/strong>: $95 | <strong>Cr\u00e9dits<\/strong>: 3<br>Instructeurs: Rebecca McCarthy (Coordonatrice, Admissions et accr\u00e9ditation),&nbsp;Mike Schulkowsky (AACI, P.App &#8211; Directeur, Examinateur de l&rsquo;\u00e9valuation )<\/p>\n<\/div>\n<\/div>\n\n\n\n<div style=\"height:1em\" aria-hidden=\"true\" class=\"wp-block-spacer\"><\/div>\n\n\n\n<h2 class=\"wp-block-heading\">Prochains s\u00e9minaires et \u00e9v\u00e9nements<\/h2>\n\n\n<div class=\"mp-block-events-calendar mp-block clearfix\">\r\n\t\tIl n&rsquo;y a aucun \u00e9v\u00e9nement \u00e0 venir prochainement<\/div>","protected":false},"excerpt":{"rendered":"<p>Le cours ICE 101 est offert par le personnel du bureau national de l\u2019Institut canadien des \u00e9valuateurs (ICE) en format webinaire. Il pr\u00e9sente un survol<\/p>\n","protected":false},"author":15571,"featured_media":0,"parent":54076,"menu_order":2,"comment_status":"closed","ping_status":"closed","template":"","meta":{"_acf_changed":false,"_relevanssi_hide_post":"","_relevanssi_hide_content":"","_relevanssi_pin_for_all":"","_relevanssi_pin_keywords":"","_relevanssi_unpin_keywords":"","_relevanssi_related_keywords":"","_relevanssi_related_include_ids":"","_relevanssi_related_exclude_ids":"","_relevanssi_related_no_append":"","_relevanssi_related_not_related":"","_relevanssi_related_posts":"","_relevanssi_noindex_reason":"","_lmt_disableupdate":"","_lmt_disable":"","footnotes":""},"class_list":["post-28321","page","type-page","status-publish","hentry"],"acf":[],"_links":{"self":[{"href":"https:\/\/www.aicanada.ca\/fr\/wp-json\/wp\/v2\/pages\/28321","targetHints":{"allow":["GET"]}}],"collection":[{"href":"https:\/\/www.aicanada.ca\/fr\/wp-json\/wp\/v2\/pages"}],"about":[{"href":"https:\/\/www.aicanada.ca\/fr\/wp-json\/wp\/v2\/types\/page"}],"author":[{"embeddable":true,"href":"https:\/\/www.aicanada.ca\/fr\/wp-json\/wp\/v2\/users\/15571"}],"replies":[{"embeddable":true,"href":"https:\/\/www.aicanada.ca\/fr\/wp-json\/wp\/v2\/comments?post=28321"}],"version-history":[{"count":15,"href":"https:\/\/www.aicanada.ca\/fr\/wp-json\/wp\/v2\/pages\/28321\/revisions"}],"predecessor-version":[{"id":154057,"href":"https:\/\/www.aicanada.ca\/fr\/wp-json\/wp\/v2\/pages\/28321\/revisions\/154057"}],"up":[{"embeddable":true,"href":"https:\/\/www.aicanada.ca\/fr\/wp-json\/wp\/v2\/pages\/54076"}],"wp:attachment":[{"href":"https:\/\/www.aicanada.ca\/fr\/wp-json\/wp\/v2\/media?parent=28321"}],"curies":[{"name":"wp","href":"https:\/\/api.w.org\/{rel}","templated":true}]}}