{"id":28323,"date":"2014-02-04T19:14:36","date_gmt":"2014-02-04T19:14:36","guid":{"rendered":"https:\/\/www.aicanada.ca\/fr\/professional-practice\/professional-practice-seminar-resources\/"},"modified":"2025-12-05T16:16:58","modified_gmt":"2025-12-05T21:16:58","slug":"professional-practice-seminar-resources","status":"publish","type":"page","link":"https:\/\/www.aicanada.ca\/fr\/evenements-aic\/seminaire-de-pratique-professionnelle\/professional-practice-seminar-resources\/","title":{"rendered":"Ressources du s\u00e9minaire de pratique professionnelle"},"content":{"rendered":"\n<p>Veuillez t\u00e9l\u00e9charger et examiner les documents pertinents \u00e9num\u00e9r\u00e9s ci-dessous avant de commencer votre s\u00e9minaire sur la pratique professionnelle.<\/p>\n\n\n\n<h2 class=\"wp-block-heading\"><span class=\"wp-rich-text-font-awesome-icon wp-font-awesome-icon\"><svg aria-hidden=\"true\" focusable=\"false\" data-prefix=\"fas\" data-icon=\"file-arrow-down\" class=\"svg-inline--fa fa-file-arrow-down \" role=\"img\" xmlns=\"http:\/\/www.w3.org\/2000\/svg\" viewBox=\"0 0 384 512\"><path fill=\"currentColor\" d=\"M0 64C0 28.7 28.7 0 64 0L213.5 0c17 0 33.3 6.7 45.3 18.7L365.3 125.3c12 12 18.7 28.3 18.7 45.3L384 448c0 35.3-28.7 64-64 64L64 512c-35.3 0-64-28.7-64-64L0 64zm208-5.5l0 93.5c0 13.3 10.7 24 24 24L325.5 176 208 58.5zM175 441c9.4 9.4 24.6 9.4 33.9 0l64-64c9.4-9.4 9.4-24.6 0-33.9s-24.6-9.4-33.9 0l-23 23 0-86.1c0-13.3-10.7-24-24-24s-24 10.7-24 24l0 86.1-23-23c-9.4-9.4-24.6-9.4-33.9 0s-9.4 24.6 0 33.9l64 64z\"><\/path><\/svg><\/span> Ressources de SPP &#8211; webinaire et sessions en classe<\/h2>\n\n\n\n<ul class=\"wp-block-list\">\n<li><strong>Pr\u00e9sentation de SPP<\/strong>&nbsp;(sera affich\u00e9 d\u00e8s qu&rsquo;il sera disponible)<\/li>\n\n\n\n<li><a href=\"https:\/\/www.aicanada.ca\/fr\/a-propos-de-lice\/cuspap\/\"><strong>NUPPEC 2018<\/strong><\/a><\/li>\n\n\n\n<li><a href=\"https:\/\/www.aicanada.ca\/wp-content\/uploads\/AIC-CONSOLIDATED-REGULATIONS_2014-Effective-April-30-2014-French.pdf\"><strong>R\u00e8glements consolid\u00e9s&nbsp;<\/strong><\/a><\/li>\n\n\n\n<li><strong><a href=\"https:\/\/www.aicanada.ca\/wp-content\/uploads\/By-Laws-2023_FRE_2-June-2023_FINAL.pdf\" target=\"_blank\" rel=\"noreferrer noopener\">R\u00e8glements<\/a><\/strong><\/li>\n\n\n\n<li><a href=\"https:\/\/www.aicanada.ca\/fr\/accueil-des-membres\/ressources-de-pratique-professionnelle\/professional-excellence-bulletins\/\"><strong>Les bulletins sur la pr\u00e9vention des r\u00e9clamations<\/strong><\/a><\/li>\n<\/ul>\n","protected":false},"excerpt":{"rendered":"<p>Veuillez t\u00e9l\u00e9charger et examiner les documents pertinents \u00e9num\u00e9r\u00e9s ci-dessous avant de commencer votre s\u00e9minaire sur la pratique professionnelle. Ressources de SPP &#8211; webinaire et sessions<\/p>\n","protected":false},"author":15571,"featured_media":32361,"parent":28451,"menu_order":1,"comment_status":"closed","ping_status":"closed","template":"","meta":{"_acf_changed":false,"_relevanssi_hide_post":"","_relevanssi_hide_content":"","_relevanssi_pin_for_all":"","_relevanssi_pin_keywords":"","_relevanssi_unpin_keywords":"","_relevanssi_related_keywords":"","_relevanssi_related_include_ids":"","_relevanssi_related_exclude_ids":"","_relevanssi_related_no_append":"","_relevanssi_related_not_related":"","_relevanssi_related_posts":"","_relevanssi_noindex_reason":"","_lmt_disableupdate":"","_lmt_disable":"","footnotes":""},"class_list":["post-28323","page","type-page","status-publish","has-post-thumbnail","hentry"],"acf":[],"_links":{"self":[{"href":"https:\/\/www.aicanada.ca\/fr\/wp-json\/wp\/v2\/pages\/28323","targetHints":{"allow":["GET"]}}],"collection":[{"href":"https:\/\/www.aicanada.ca\/fr\/wp-json\/wp\/v2\/pages"}],"about":[{"href":"https:\/\/www.aicanada.ca\/fr\/wp-json\/wp\/v2\/types\/page"}],"author":[{"embeddable":true,"href":"https:\/\/www.aicanada.ca\/fr\/wp-json\/wp\/v2\/users\/15571"}],"replies":[{"embeddable":true,"href":"https:\/\/www.aicanada.ca\/fr\/wp-json\/wp\/v2\/comments?post=28323"}],"version-history":[{"count":14,"href":"https:\/\/www.aicanada.ca\/fr\/wp-json\/wp\/v2\/pages\/28323\/revisions"}],"predecessor-version":[{"id":155440,"href":"https:\/\/www.aicanada.ca\/fr\/wp-json\/wp\/v2\/pages\/28323\/revisions\/155440"}],"up":[{"embeddable":true,"href":"https:\/\/www.aicanada.ca\/fr\/wp-json\/wp\/v2\/pages\/28451"}],"wp:featuredmedia":[{"embeddable":true,"href":"https:\/\/www.aicanada.ca\/fr\/wp-json\/wp\/v2\/media\/32361"}],"wp:attachment":[{"href":"https:\/\/www.aicanada.ca\/fr\/wp-json\/wp\/v2\/media?parent=28323"}],"curies":[{"name":"wp","href":"https:\/\/api.w.org\/{rel}","templated":true}]}}