{"id":28326,"date":"2013-11-15T16:40:11","date_gmt":"2013-11-15T21:40:11","guid":{"rendered":"https:\/\/www.aicanada.ca\/fr\/about-our-profession\/cuspap\/"},"modified":"2026-01-19T16:02:30","modified_gmt":"2026-01-19T21:02:30","slug":"cuspap","status":"publish","type":"page","link":"https:\/\/www.aicanada.ca\/fr\/a-propos-de-lice\/cuspap\/","title":{"rendered":"Normes uniformes de pratique professionnelle en mati\u00e8re d\u2019\u00e9valuation au Canada (NUPPEC)"},"content":{"rendered":"\n<p>Les Normes uniformes de pratique professionnelle en mati\u00e8re d\u2019\u00e9valuation au Canada (\u00ab les Normes \u00bb ou \u00ab les NUPPEC&nbsp;\u00bb)&nbsp;&nbsp;reconnaissent&nbsp;l\u2019\u00e9volution du r\u00f4le et des responsabilit\u00e9s du professionnel de l\u2019\u00e9valuation au sein&nbsp;de l\u2019Institut canadien des \u00e9valuateurs (ICE).&nbsp;<\/p>\n\n\n\n<p>La conformit\u00e9 aux&nbsp;<strong>NUPPEC<\/strong>&nbsp;est obligatoire&nbsp;pour tous les types de contrats de services professionnels.&nbsp;Tout mandat r\u00e9alis\u00e9 le&nbsp;<strong>1er avril 2026 ou apr\u00e8s cette date<\/strong>, y compris un&nbsp;<strong>mandat r\u00e9trospectif<\/strong>, doit \u00eatre conforme aux&nbsp;<strong>NUPPEC 2026<\/strong>.&nbsp;<\/p>\n\n\n\n<h2 class=\"wp-block-heading\"><mark style=\"background-color:rgba(0, 0, 0, 0)\" class=\"has-inline-color has-navy-blue-color\"><strong>Structure des Normes 2026<\/strong>&nbsp;<\/mark><\/h2>\n\n\n\n<p>D\u00e9finitions:&nbsp;<\/p>\n\n\n\n<ol start=\"1\" class=\"wp-block-list\">\n<li>Norme relative \u00e0 l\u2019\u00e9thique professionnelle&nbsp;<\/li>\n\n\n\n<li>Norme relative&nbsp;\u00e0&nbsp;la r\u00e9daction de rapports&nbsp;<\/li>\n\n\n\n<li>Norme relative aux actes d\u2019\u00e9valuation de propri\u00e9t\u00e9s immobili\u00e8res&nbsp;<\/li>\n\n\n\n<li>Norme relative aux actes d\u2019examen&nbsp;<\/li>\n\n\n\n<li>Norme relative aux actes de consultation&nbsp;<\/li>\n\n\n\n<li>Norme relative \u00e0 l\u2019\u00e9tude de fonds de pr\u00e9voyance&nbsp;<\/li>\n\n\n\n<li>Norme relative \u00e0 l\u2019\u00e9valuation de machinerie et \u00e9quipement&nbsp;<\/li>\n\n\n\n<li>Norme relative \u00e0 l\u2019\u00e9valuation de masse&nbsp;<\/li>\n<\/ol>\n\n\n\n<p><strong>Chaque norme des NUPPEC&nbsp;comprend&nbsp;<\/strong>&nbsp;<\/p>\n\n\n\n<p><strong>R\u00e8gles :<\/strong>&nbsp;exigences g\u00e9n\u00e9rales qui \u00e9tablissent les normes minimales de performance.&nbsp;<\/p>\n\n\n\n<p><strong>Commentaires :<\/strong>&nbsp;pr\u00e9cisent, interpr\u00e8tent, expliquent et d\u00e9veloppent les r\u00e8gles.&nbsp;<\/p>\n\n\n\n<h2 class=\"wp-block-heading\"><mark style=\"background-color:rgba(0, 0, 0, 0)\" class=\"has-inline-color has-navy-blue-color\"><strong>Quoi de neuf dans les&nbsp;NUPPEC&nbsp;2026<\/strong>&nbsp;<\/mark><\/h2>\n\n\n\n<ol start=\"1\" class=\"wp-block-list\">\n<li><strong>Norme relative \u00e0 l\u2019\u00e9thique professionnelle \u2013 Commentaires<\/strong>&nbsp;<\/li>\n<\/ol>\n\n\n\n<ul class=\"wp-block-list\">\n<li><strong>Nouveau :<\/strong>&nbsp;5.5&nbsp;Cosignature&nbsp;&nbsp;<\/li>\n\n\n\n<li>5.8.3 \u2013 Pr\u00e9cision sur l\u2019entreposage \u00e9lectronique&nbsp;<\/li>\n\n\n\n<li>5.9.5 \u2013 Photographie d\u2019une propri\u00e9t\u00e9 et respect de la vie priv\u00e9e&nbsp;<\/li>\n<\/ul>\n\n\n\n<ol start=\"2\" class=\"wp-block-list\">\n<li><strong>Norme relative \u00e0 la r\u00e9daction de rapports \u2013 Commentaires<\/strong>&nbsp;<\/li>\n<\/ol>\n\n\n\n<ul class=\"wp-block-list\">\n<li>7.1.7 Rapport \u00ab Drive-by \u00bb ou \u00ab Desktop \u00bb \u2013 Toutes les donn\u00e9es doivent dater de moins de 3 ans&nbsp;<\/li>\n\n\n\n<li>7.1.12 Rapport sur le loyer du march\u00e9 \u2013 Crit\u00e8res d\u00e9plac\u00e9s des Notes de pratique 2024 vers les NUPPEC&nbsp;2026&nbsp;<\/li>\n\n\n\n<li>7.12.3 et 7.12.4 \u2013 Inspection par un non-membre supprim\u00e9e&nbsp;<\/li>\n<\/ul>\n\n\n\n<ol start=\"3\" class=\"wp-block-list\">\n<li><strong>Norme relative aux actes d\u2019\u00e9valuation de propri\u00e9t\u00e9s immobili\u00e8res \u2013 R\u00e8gles<\/strong>&nbsp;<\/li>\n<\/ol>\n\n\n\n<ul class=\"wp-block-list\">\n<li>8.2.14.i \u2013 Ajout du terme \u00ab offres \u00bb&nbsp;<\/li>\n<\/ul>\n\n\n\n<ol start=\"4\" class=\"wp-block-list\">\n<li><strong>Norme relative aux actes d\u2019\u00e9valuation de propri\u00e9t\u00e9s immobili\u00e8res \u2013 Commentaires<\/strong>&nbsp;<\/li>\n<\/ol>\n\n\n\n<ul class=\"wp-block-list\">\n<li>9.14.1 \u2013 Convention de vente,&nbsp;d\u2019option, d\u2019offres(s)&nbsp;et&nbsp;d\u2019inscription&nbsp;qui est&nbsp;survenue pas plus d\u2019un an (1) avant la date r\u00e9elle&nbsp;<\/li>\n\n\n\n<li>9.14.2 \u2013 Vente datant de moins de 3 ans&nbsp;<\/li>\n<\/ul>\n\n\n\n<ol start=\"5\" class=\"wp-block-list\">\n<li><strong>Norme relative aux actes de consultation \u2013 Commentaires<\/strong><strong>&nbsp;<\/strong>&nbsp;<\/li>\n<\/ol>\n\n\n\n<ul class=\"wp-block-list\">\n<li>13.8&nbsp;\u2013&nbsp;Validation d\u2019un rapport produit par un MEA&nbsp;\u2013 Directives \u00e9largies sur l\u2019utilisation de l\u2019IA&nbsp;<\/li>\n\n\n\n<li>13.9&nbsp;\u2013&nbsp;Co\u00fbt de reproduction \u00e0 neuf (CRN) ou co\u00fbt de remplacement (CR) des am\u00e9liorations&nbsp;\u2013 Directives \u00e9largies pour l\u2019estimation du CRN ou CR des am\u00e9liorations&nbsp;<\/li>\n<\/ul>\n\n\n\n<ol start=\"6\" class=\"wp-block-list\">\n<li><strong>Norme relative \u00e0 l\u2019\u00e9valuation de machinerie et \u00e9quipement<\/strong>&nbsp;<\/li>\n<\/ol>\n\n\n\n<ul class=\"wp-block-list\">\n<li>17.1.3 et 17.1.4 \u2013 Le rapport d\u2019\u00e9valuation des machines et \u00e9quipements peut \u00eatre autonome&nbsp;<\/li>\n<\/ul>\n\n\n\n<h3 class=\"wp-block-heading\"><mark style=\"background-color:rgba(0, 0, 0, 0)\" class=\"has-inline-color has-navy-blue-color\">Merci \u00e0 tous nos b\u00e9n\u00e9voles<\/mark><\/h3>\n\n\n\n<p>Nous remercions les b\u00e9n\u00e9voles pour leur contribution \u00e0 l\u2019am\u00e9lioration du des normes 2026, et nos membres francophones pour leur travail visant \u00e0 am\u00e9liorer la version fran\u00e7aise des NUPPEC.&nbsp;<\/p>\n\n\n\n<h3 class=\"wp-block-heading\"><mark style=\"background-color:rgba(0, 0, 0, 0)\" class=\"has-inline-color has-navy-blue-color\">Questions<\/mark><\/h3>\n\n\n\n<p>Des questions? Veuillez utiliser la fonction&nbsp;<a href=\"https:\/\/www.aicanada.ca\/fr\/accueil-des-membres\/soutien-aux-membres\/\"><strong>Demandez \u00e0 l\u2019ICE<\/strong><\/a>.<\/p>\n\n\n\n<h2 class=\"wp-block-heading\"><mark style=\"background-color:rgba(0, 0, 0, 0)\" class=\"has-inline-color has-navy-blue-color\">Ressources<\/mark><\/h2>\n\n\n\r\n    <div class=\"mp-block-linked-content mp-block clearfix\">\r\n\r\n\t\t\t\t\t\t\t\t\t                <a href=\"https:\/\/www.aicanada.ca\/fr\/a-propos-de-lice\/cuspap\/normes-uniformes-de-pratique-professionnelle-en-matiere-devaluation-au-canada-nuppec\/\" class=\"content-box-link\" target=\"\" title=\"NUPPEC 2024 (en\u00a0vigueur\u00a0d\u00e8s\u00a0le\u00a01er\u00a0janvier\u00a02024)\">\r\n\t\t\t\t\t                    <div class=\"content-box-text\">\r\n\t\t\t\t\t\tNUPPEC 2024 (en\u00a0vigueur\u00a0d\u00e8s\u00a0le\u00a01er\u00a0janvier\u00a02024)                    <\/div>\r\n                    <div class=\"content-box-link-icon\">\r\n                        <span class=\"icon icon-arrow-right2\"><\/span>\r\n                    <\/div>\r\n                <\/a>\r\n\t\t\t\t\t\t\t                <a href=\"https:\/\/www.aicanada.ca\/wp-content\/uploads\/2026-NUPPEC-1.pdf\" class=\"content-box-link\" target=\"\" title=\"NUPPEC 2026 (en vigueur \u00e0 partir du 1er avril 2026)\">\r\n\t\t\t\t\t                    <div class=\"content-box-text\">\r\n\t\t\t\t\t\tNUPPEC 2026 (en vigueur \u00e0 partir du 1er avril 2026)                    <\/div>\r\n                    <div class=\"content-box-link-icon\">\r\n                        <span class=\"icon icon-arrow-right2\"><\/span>\r\n                    <\/div>\r\n                <\/a>\r\n\t\t\t\t\t    <\/div>\r\n\r\n","protected":false},"excerpt":{"rendered":"<p>Les Normes uniformes de pratique professionnelle en mati\u00e8re d\u2019\u00e9valuation au Canada (\u00ab les Normes \u00bb ou \u00ab les NUPPEC&nbsp;\u00bb)&nbsp;&nbsp;reconnaissent&nbsp;l\u2019\u00e9volution du r\u00f4le et des responsabilit\u00e9s du<\/p>\n","protected":false},"author":15571,"featured_media":0,"parent":54085,"menu_order":0,"comment_status":"closed","ping_status":"closed","template":"","meta":{"_acf_changed":false,"_relevanssi_hide_post":"","_relevanssi_hide_content":"","_relevanssi_pin_for_all":"","_relevanssi_pin_keywords":"","_relevanssi_unpin_keywords":"","_relevanssi_related_keywords":"","_relevanssi_related_include_ids":"","_relevanssi_related_exclude_ids":"","_relevanssi_related_no_append":"","_relevanssi_related_not_related":"","_relevanssi_related_posts":"","_relevanssi_noindex_reason":"","_lmt_disableupdate":"","_lmt_disable":"","footnotes":""},"class_list":["post-28326","page","type-page","status-publish","hentry"],"acf":[],"_links":{"self":[{"href":"https:\/\/www.aicanada.ca\/fr\/wp-json\/wp\/v2\/pages\/28326","targetHints":{"allow":["GET"]}}],"collection":[{"href":"https:\/\/www.aicanada.ca\/fr\/wp-json\/wp\/v2\/pages"}],"about":[{"href":"https:\/\/www.aicanada.ca\/fr\/wp-json\/wp\/v2\/types\/page"}],"author":[{"embeddable":true,"href":"https:\/\/www.aicanada.ca\/fr\/wp-json\/wp\/v2\/users\/15571"}],"replies":[{"embeddable":true,"href":"https:\/\/www.aicanada.ca\/fr\/wp-json\/wp\/v2\/comments?post=28326"}],"version-history":[{"count":15,"href":"https:\/\/www.aicanada.ca\/fr\/wp-json\/wp\/v2\/pages\/28326\/revisions"}],"predecessor-version":[{"id":156718,"href":"https:\/\/www.aicanada.ca\/fr\/wp-json\/wp\/v2\/pages\/28326\/revisions\/156718"}],"up":[{"embeddable":true,"href":"https:\/\/www.aicanada.ca\/fr\/wp-json\/wp\/v2\/pages\/54085"}],"wp:attachment":[{"href":"https:\/\/www.aicanada.ca\/fr\/wp-json\/wp\/v2\/media?parent=28326"}],"curies":[{"name":"wp","href":"https:\/\/api.w.org\/{rel}","templated":true}]}}