{"id":28338,"date":"2013-06-07T14:46:31","date_gmt":"2013-06-07T14:46:31","guid":{"rendered":"https:\/\/www.aicanada.ca\/fr\/career-opportunities\/post-your-resume\/"},"modified":"2024-07-05T18:34:29","modified_gmt":"2024-07-05T22:34:29","slug":"postez-votre-cv","status":"publish","type":"page","link":"https:\/\/www.aicanada.ca\/fr\/devenir-un-evaluateur\/opportunites-de-carriere\/postez-votre-cv\/","title":{"rendered":"Postez votre CV"},"content":{"rendered":"\n<p><strong>Attention :<\/strong> les\u00a0CV\u00a0sont affich\u00e9s pendant 90 jours. Si vous \u00eates toujours \u00e0 la recherche d&rsquo;un emploi \u00e0 ce moment-l\u00e0, vous devrez r\u00e9afficher votre\u00a0CV.<\/p>\n","protected":false},"excerpt":{"rendered":"<p>Attention : les\u00a0CV\u00a0sont affich\u00e9s pendant 90 jours. Si vous \u00eates toujours \u00e0 la recherche d&rsquo;un emploi \u00e0 ce moment-l\u00e0, vous devrez r\u00e9afficher votre\u00a0CV.<\/p>\n","protected":false},"author":4,"featured_media":0,"parent":28238,"menu_order":0,"comment_status":"closed","ping_status":"closed","template":"template-post-resume.php","meta":{"_acf_changed":false,"_relevanssi_hide_post":"","_relevanssi_hide_content":"","_relevanssi_pin_for_all":"","_relevanssi_pin_keywords":"","_relevanssi_unpin_keywords":"","_relevanssi_related_keywords":"","_relevanssi_related_include_ids":"","_relevanssi_related_exclude_ids":"","_relevanssi_related_no_append":"","_relevanssi_related_not_related":"","_relevanssi_related_posts":"","_relevanssi_noindex_reason":"","_lmt_disableupdate":"","_lmt_disable":"","footnotes":""},"class_list":["post-28338","page","type-page","status-publish","hentry"],"acf":[],"_links":{"self":[{"href":"https:\/\/www.aicanada.ca\/fr\/wp-json\/wp\/v2\/pages\/28338","targetHints":{"allow":["GET"]}}],"collection":[{"href":"https:\/\/www.aicanada.ca\/fr\/wp-json\/wp\/v2\/pages"}],"about":[{"href":"https:\/\/www.aicanada.ca\/fr\/wp-json\/wp\/v2\/types\/page"}],"author":[{"embeddable":true,"href":"https:\/\/www.aicanada.ca\/fr\/wp-json\/wp\/v2\/users\/4"}],"replies":[{"embeddable":true,"href":"https:\/\/www.aicanada.ca\/fr\/wp-json\/wp\/v2\/comments?post=28338"}],"version-history":[{"count":3,"href":"https:\/\/www.aicanada.ca\/fr\/wp-json\/wp\/v2\/pages\/28338\/revisions"}],"predecessor-version":[{"id":119345,"href":"https:\/\/www.aicanada.ca\/fr\/wp-json\/wp\/v2\/pages\/28338\/revisions\/119345"}],"up":[{"embeddable":true,"href":"https:\/\/www.aicanada.ca\/fr\/wp-json\/wp\/v2\/pages\/28238"}],"wp:attachment":[{"href":"https:\/\/www.aicanada.ca\/fr\/wp-json\/wp\/v2\/media?parent=28338"}],"curies":[{"name":"wp","href":"https:\/\/api.w.org\/{rel}","templated":true}]}}