{"id":28340,"date":"2013-06-07T14:43:51","date_gmt":"2013-06-07T14:43:51","guid":{"rendered":"https:\/\/www.aicanada.ca\/fr\/career-opportunities\/post-a-job\/"},"modified":"2024-07-05T18:34:30","modified_gmt":"2024-07-05T22:34:30","slug":"publier-une-opportunite-de-carriere","status":"publish","type":"page","link":"https:\/\/www.aicanada.ca\/fr\/devenir-un-evaluateur\/opportunites-de-carriere\/publier-une-opportunite-de-carriere\/","title":{"rendered":"Publier une opportunit\u00e9 de carri\u00e8re"},"content":{"rendered":"\n<p>Veuillez noter que la publication d\u2019une offre d\u2019emploi sur le site web de l\u2019ICE est soumise \u00e0 des frais de <strong>50 dollars<\/strong>.<\/p>\n\n\n\n<p>Vous serez invit\u00e9 \u00e0 payer une fois que vous aurez compl\u00e9t\u00e9 les d\u00e9tails de l\u2019offre d\u2019emploi ci-dessous.<\/p>\n\n\n\n<p><strong>Les \u00e9l\u00e9ments marqu\u00e9s d&rsquo;un ast\u00e9risque<mark style=\"background-color:rgba(0, 0, 0, 0)\" class=\"has-inline-color has-red-color\">*<\/mark> sont obligatoires.<\/strong><\/p>\n","protected":false},"excerpt":{"rendered":"<p>Veuillez noter que la publication d\u2019une offre d\u2019emploi sur le site web de l\u2019ICE est soumise \u00e0 des frais de 50 dollars. Vous serez invit\u00e9<\/p>\n","protected":false},"author":4,"featured_media":0,"parent":28238,"menu_order":0,"comment_status":"closed","ping_status":"closed","template":"template-post-job.php","meta":{"_acf_changed":false,"_relevanssi_hide_post":"","_relevanssi_hide_content":"","_relevanssi_pin_for_all":"","_relevanssi_pin_keywords":"","_relevanssi_unpin_keywords":"","_relevanssi_related_keywords":"","_relevanssi_related_include_ids":"","_relevanssi_related_exclude_ids":"","_relevanssi_related_no_append":"","_relevanssi_related_not_related":"","_relevanssi_related_posts":"","_relevanssi_noindex_reason":"","_lmt_disableupdate":"","_lmt_disable":"","footnotes":""},"class_list":["post-28340","page","type-page","status-publish","hentry"],"acf":[],"_links":{"self":[{"href":"https:\/\/www.aicanada.ca\/fr\/wp-json\/wp\/v2\/pages\/28340","targetHints":{"allow":["GET"]}}],"collection":[{"href":"https:\/\/www.aicanada.ca\/fr\/wp-json\/wp\/v2\/pages"}],"about":[{"href":"https:\/\/www.aicanada.ca\/fr\/wp-json\/wp\/v2\/types\/page"}],"author":[{"embeddable":true,"href":"https:\/\/www.aicanada.ca\/fr\/wp-json\/wp\/v2\/users\/4"}],"replies":[{"embeddable":true,"href":"https:\/\/www.aicanada.ca\/fr\/wp-json\/wp\/v2\/comments?post=28340"}],"version-history":[{"count":5,"href":"https:\/\/www.aicanada.ca\/fr\/wp-json\/wp\/v2\/pages\/28340\/revisions"}],"predecessor-version":[{"id":128824,"href":"https:\/\/www.aicanada.ca\/fr\/wp-json\/wp\/v2\/pages\/28340\/revisions\/128824"}],"up":[{"embeddable":true,"href":"https:\/\/www.aicanada.ca\/fr\/wp-json\/wp\/v2\/pages\/28238"}],"wp:attachment":[{"href":"https:\/\/www.aicanada.ca\/fr\/wp-json\/wp\/v2\/media?parent=28340"}],"curies":[{"name":"wp","href":"https:\/\/api.w.org\/{rel}","templated":true}]}}