{"id":28451,"date":"2013-03-20T13:46:13","date_gmt":"2013-03-20T17:46:13","guid":{"rendered":"https:\/\/www.aicanada.ca\/fr\/seminars-events\/continuing-professional-development\/professional-practice-seminar\/"},"modified":"2026-04-10T15:50:11","modified_gmt":"2026-04-10T19:50:11","slug":"seminaire-de-pratique-professionnelle","status":"publish","type":"page","link":"https:\/\/www.aicanada.ca\/fr\/evenements-aic\/seminaire-de-pratique-professionnelle\/","title":{"rendered":"S\u00e9minaire de pratique professionnelle (SPP)"},"content":{"rendered":"\n<p><strong>Les SPP est une exigence obligatoire pour les stagiaires et les membres d\u00e9sign\u00e9s seulement.<\/strong><\/p>\n\n\n\n<p>Les SPP permettent aux membres de se tenir inform\u00e9s :<\/p>\n\n\n\n<ul class=\"wp-block-list\">\n<li>des obligations professionnelles et \u00e9thiques<\/li>\n\n\n\n<li>des mises \u00e0 jour des normes et des directives<\/li>\n\n\n\n<li>des consid\u00e9rations relatives \u00e0 la gestion des risques et \u00e0 la responsabilit\u00e9 professionnelle<\/li>\n\n\n\n<li>des changements r\u00e9glementaires et de l\u2019environnement professionnel<\/li>\n<\/ul>\n\n\n\n<h2 class=\"wp-block-heading\"><strong>SPP et PPC<\/strong><\/h2>\n\n\n\n<p>\u00c0 compter du&nbsp;<strong>cycle de perfectionnement professionnel continu (PPC) 2026-2027<\/strong>, les SPP&nbsp;<strong>ne seront plus pris en compte dans le PPC<\/strong>.<\/p>\n\n\n\n<p>Les SPP sont une formation obligatoire en pratique professionnelle et sont distincts des activit\u00e9s de perfectionnement professionnel facultatives.<\/p>\n\n\n\n<p>Les membres d\u00e9sign\u00e9s et les stagiaires de l\u2019ICE doivent suivre le SPP et obtenir les cr\u00e9dits de perfectionnement professionnel discr\u00e9tionnaires conform\u00e9ment au&nbsp;<a href=\"https:\/\/www.aicanada.ca\/fr\/accueil-des-membres\/ressources-de-pratique-professionnelle\/programme-de-perfectionnement-professionnel-continu\/\" target=\"_blank\" rel=\"noreferrer noopener\">PPC<\/a>&nbsp;<a href=\"https:\/\/www.aicanada.ca\/wp-content\/uploads\/2025-025-RMc-CPD-Policy-2025.pdf\"><\/a>obligatoire de l\u2019ICE.<\/p>\n\n\n\n<p><strong>Cependant, les stagiaires et membres d\u00e9sign\u00e9s doivent suivre le module 1 du SPP de l\u2019ICE avant le 15 avril 2026 et les membres d\u00e9sign\u00e9s doivent obtenir au moins 20 cr\u00e9dits de PPC.<\/strong><\/p>\n\n\n\n<h2 class=\"wp-block-heading\">MODULE 1 DU SPP \u2013 MISES \u00c0 JOUR DES NUPPEC ET DES POLITIQUES DE L\u2019ICE<\/h2>\n\n\n\n<p>\ud83d\udccc&nbsp;<strong>OBJECTIF :<\/strong>&nbsp;Pour s\u2019aligner sur la date d\u2019entr\u00e9e en vigueur des Normes uniformes de pratique professionnelle en mati\u00e8re d\u2019\u00e9valuation au Canada (NUPPEC) ce module aide les membres \u00e0 comprendre les mises \u00e0 jour des NUPPEC et des politiques de l\u2019ICE.<\/p>\n\n\n\n<p><strong>DATE LIMITE :<\/strong>\u00a015 avril, 2026<\/p>\n\n\n\n<p><strong>VOUS APPRENDREZ :<\/strong><\/p>\n\n\n\n<ul class=\"wp-block-list\">\n<li>Les principales mises \u00e0 jour des&nbsp;<strong>NUPPEC 2026<\/strong><\/li>\n\n\n\n<li>Les r\u00e9visions des politiques de l\u2019ICE et leur incidence sur votre pratique<\/li>\n\n\n\n<li>Des conseils pour appliquer les normes mises \u00e0 jour en toute confiance<\/li>\n<\/ul>\n\n\n\n<p><strong>FORMAT<\/strong>&nbsp;<strong>ET D\u00c9TAILS<\/strong><\/p>\n\n\n\n<ul class=\"wp-block-list\">\n<li>La pr\u00e9sentation enregistr\u00e9e dure environ 120 minutes<\/li>\n\n\n\n<li>Quiz \u00e0 choix multiples de 10 questions \u00e0 remplir apr\u00e8s le visionnement<\/li>\n\n\n\n<li>Disponibles sur la&nbsp;<a href=\"https:\/\/secure5.sauder.ubc.ca\/re_creditprogram\/public\/admission\/pps_registration.xhtml?cpdcourse=901\">plateforme d\u2019apprentissage de l\u2019UBC<\/a>&nbsp;en fran\u00e7ais et en anglais<\/li>\n\n\n\n<li>Le co\u00fbt par module est de 172,50 $ + taxes<\/li>\n<\/ul>\n\n\n\n<h2 class=\"wp-block-heading\">MODULE 2 DU SPP \u2013 ASSURANCE ET PRATIQUES EXEMPLAIRES<\/h2>\n\n\n\n<p>\ud83d\udccc&nbsp;<strong>Objectif :<\/strong>&nbsp;Renforcer les connaissances en mati\u00e8re d\u2019assurance responsabilit\u00e9 professionnelle et consolider les pratiques exemplaires.<\/p>\n\n\n\n<p><strong>Vous apprendrez :<\/strong><\/p>\n\n\n\n<ul class=\"wp-block-list\">\n<li>Les notions essentielles du&nbsp;<strong>programme d\u2019assurance responsabilit\u00e9 professionnelle de l\u2019ICE<\/strong><\/li>\n\n\n\n<li>Les pratiques exemplaires pour r\u00e9duire les risques et assurer la conformit\u00e9<\/li>\n\n\n\n<li>Des strat\u00e9gies pratiques pour soutenir une pratique coh\u00e9rente et de haute qualit\u00e9<\/li>\n<\/ul>\n\n\n\n<p><strong>DISPONIBILIT\u00c9 :<\/strong>&nbsp;Janvier 2027<br><strong>DATE LIMITE D\u2019ACH\u00c8VEMENT :<\/strong>&nbsp;31 mars 2027<\/p>\n\n\n\n<p><strong>FORMAT:<\/strong><\/p>\n\n\n\n<ul class=\"wp-block-list\">\n<li>La pr\u00e9sentation enregistr\u00e9e durera environ 90 minutes<\/li>\n\n\n\n<li>Quiz \u00e0 choix multiples de 10 questions \u00e0 remplir apr\u00e8s le visionnement<\/li>\n<\/ul>\n\n\n\n<h2 class=\"wp-block-heading\">\u00c9VALUATIONS<\/h2>\n\n\n\n<p>Afin de rendre l\u2019exp\u00e9rience d\u2019apprentissage plus interactive et efficace :<\/p>\n\n\n\n<ul class=\"wp-block-list\">\n<li>V\u00e9rifications de connaissances int\u00e9gr\u00e9es dans chaque module<\/li>\n\n\n\n<li>Court quiz \u00e0 choix multiples de 10 questions \u00e0 la fin de chaque module<\/li>\n\n\n\n<li>Nouvelle note de passage : 70 % (au lieu de 60 %)<\/li>\n\n\n\n<li>R\u00e9sultat de l\u2019\u00e9valuation : Si un membre n\u2019atteint pas la note minimale de 70 %, il devra simplement reprendre l\u2019\u00e9valuation jusqu\u2019\u00e0 ce qu\u2019il r\u00e9ussisse. Des frais de reprise s\u2019appliqueront. Cela n\u2019a aucune incidence sur le statut de membre ou sur la d\u00e9signation.<\/li>\n<\/ul>\n\n\n\n<h2 class=\"wp-block-heading\">POURQUOI CE CHANGEMENT<\/h2>\n\n\n\n<p>Conform\u00e9ment aux pratiques de gouvernance de l\u2019ICE, la modification de la note minimale de r\u00e9ussite pour les modules SPP a \u00e9t\u00e9 officiellement examin\u00e9e et approuv\u00e9e par le conseil d\u2019administration de l\u2019ICE lors de sa r\u00e9union du 20 ao\u00fbt 2025.<\/p>\n\n\n\n<p>Cette modification, r\u00e9alis\u00e9e en consultation avec le partenaire \u00e9ducatif de l\u2019ICE, l\u2019Univerity of British Columbia (UBC), et recommand\u00e9e par le Comit\u00e9 des pratiques professionnelles, compos\u00e9 de membres, refl\u00e8te plus fid\u00e8lement les normes attendues de la profession, favorise un engagement plus approfondi envers le contenu et soutient une pratique coh\u00e9rente et de haute qualit\u00e9 parmi les membres de l\u2019ICE \u2014 des avantages qui renforcent la confiance du public ainsi que la cr\u00e9dibilit\u00e9 professionnelle des membres.<\/p>\n\n\n\n<p>Ces avantages renforcent la confiance du public et la cr\u00e9dibilit\u00e9 professionnelle des membres.<\/p>\n\n\n\n<h2 class=\"wp-block-heading\">R\u00c9PONSE AUX QUIZ<\/h2>\n\n\n\n<p><strong>Processus de reprise, calendrier et frais<\/strong><\/p>\n\n\n\n<p>Le quiz permet de v\u00e9rifier la m\u00e9morisation et la compr\u00e9hension des principales mises \u00e0 jour apport\u00e9es aux NUPPEC 2026 et aux politiques de l\u2019ICE. Les questions sont bas\u00e9es sur des faits ; il n\u2019y a pas de questions de r\u00e9flexion critique.<\/p>\n\n\n\n<p>Il n\u2019y a pas de limite au nombre de reprises \u2014 les membres peuvent repasser le quiz de chaque module autant de fois que n\u00e9cessaire pour obtenir la note minimale de 70 %. La plupart des membres r\u00e9ussissent d\u00e8s leur premi\u00e8re tentative.<\/p>\n\n\n\n<p>Les reprises n\u2019ont aucune incidence sur le statut des membres, ne d\u00e9clenchent pas de r\u00e9vision de la pratique professionnelle et n\u2019entra\u00eenent pas de cons\u00e9quences disciplinaires&nbsp;<strong>avant la date limite applicable.<\/strong><\/p>\n\n\n\n<p>Cependant, si un membre ne r\u00e9ussit pas \u00e0 compl\u00e9ter un module du SPP avant les dates limites ;<\/p>\n\n\n\n<ul class=\"wp-block-list\">\n<li>Une amende de 250 $ est appliqu\u00e9e, et<\/li>\n\n\n\n<li>Le membre est suspendu jusqu\u2019\u00e0 ce que le SPP soit r\u00e9ussi et que l\u2019amende soit pay\u00e9e.<\/li>\n<\/ul>\n\n\n\n<p>Une fois le SPP r\u00e9ussi, la suspension est lev\u00e9e et le membre retrouve son statut de membre en r\u00e8gle.<\/p>\n\n\n\n<p>Il n\u2019y a pas de d\u00e9lai d\u2019attente officiel entre les tentatives, bien que l\u2019UBC puisse exiger un court d\u00e9lai de traitement administratif pouvant aller jusqu\u2019\u00e0 un jour ouvrable entre les tentatives. Dans la plupart des cas, les membres devraient pouvoir repasser le test le jour m\u00eame.<\/p>\n\n\n\n<p>Chaque nouvelle tentative entra\u00eene des frais de<strong>&nbsp;25 $.<\/strong><\/p>\n\n\n\n<h3 class=\"wp-block-heading\">STATUT DES MEMBRES<\/h3>\n\n\n\n<p>Les membres restent en r\u00e8gle et peuvent continuer \u00e0 exercer leur profession pendant qu\u2019ils terminent ou repassent le SPP.<\/p>\n\n\n\n<p><strong>CEPENDANT :&nbsp;<\/strong>Toutes les tentatives, y compris les reprises, doivent \u00eatre compl\u00e9t\u00e9es au plus tard le 15 avril, 2026 pour l\u2019ann\u00e9e 2026 et le 31 mars 2027 pour l\u2019ann\u00e9e 2027. Apr\u00e8s cette date, les dispositions relatives \u00e0 la suspension et \u00e0 l\u2019amende pr\u00e9vues par la politique de perfectionnement professionnel continu (PPC) s\u2019appliquent.<\/p>\n\n\n\n<p>L\u2019UBC dispose de sa propre plateforme de test s\u00e9curis\u00e9e et enregistre les tentatives de mani\u00e8re confidentielle.<\/p>\n\n\n\n<p>L\u2019ICE re\u00e7oit la confirmation de la r\u00e9ussite, si le membre l\u2019autorise.<\/p>\n\n\n\n<p>Les tentatives infructueuses ne sont ni inscrites dans les dossiers des membres ou du PPC de l\u2019ICE, ni divulgu\u00e9es publiquement. La suspension pour non-conformit\u00e9 peut \u00eatre mentionn\u00e9e sur le site web de l\u2019ICE, conform\u00e9ment \u00e0 la politique de PPC.<\/p>\n\n\n\n<h3 class=\"wp-block-heading\">AJUSTEMENTS POUR LES HANDICAPS DOCUMENT\u00c9S<\/h3>\n\n\n\n<p>Des ajustements sont disponibles pour les membres ayant des handicaps document\u00e9s ou d\u2019autres conditions qui affectent les tests.<\/p>\n\n\n\n<h3 class=\"wp-block-heading\">PAR L\u2019INTERM\u00c9DIAIRE DE L\u2019UBC :<\/h3>\n\n\n\n<p>Le<a href=\"https:\/\/students.ubc.ca\/about-student-services\/centre-for-accessibility\/\" target=\"_blank\" rel=\"noreferrer noopener\">&nbsp;<\/a><a href=\"https:\/\/students.ubc.ca\/about-student-services\/centre-for-accessibility\/\" target=\"_blank\" rel=\"noreferrer noopener\">Centre for Accessibility<\/a>&nbsp;de l\u2019UBC fournit un soutien professionnel pour toutes les \u00e9valuations administr\u00e9es par l\u2019UBC, y compris le quiz du SPP.<\/p>\n\n\n\n<h3 class=\"wp-block-heading\">PAR L\u2019INTERM\u00c9DIAIRE DE L\u2019ICE :<\/h3>\n\n\n\n<p>Les membres peuvent \u00e9galement demander des ajustements directement aupr\u00e8s du bureau national de l\u2019ICE. Les membres sont encourag\u00e9s \u00e0 contacter le&nbsp;<a href=\"https:\/\/www.aicanada.ca\/fr\/accueil-des-membres\/soutien-aux-membres\/\">syst\u00e8me de billetterie Demandez \u00e0 l\u2019ICE.<\/a><\/p>\n\n\n\n<h2 class=\"wp-block-heading\"><strong>ICE 102: INTRODUCTION \u00c0 LA PRATIQUE PROFESSIONNELLE<\/strong><\/h2>\n\n\n\n<p>S\u00e9ance en ligne<\/p>\n\n\n\n<ul class=\"wp-block-list\">\n<li><strong>Format :<\/strong>&nbsp;Offert en ligne,&nbsp;<a href=\"https:\/\/secure5.sauder.ubc.ca\/re_creditprogram\/public\/admission\/pps_registration.xhtml?cpdcourse=901\">sur demande par l\u2019University of British-Columbia<\/a>.<\/li>\n\n\n\n<li><strong>Frais d\u2019inscription:<\/strong>&nbsp;172.50 $ par module.<\/li>\n<\/ul>\n\n\n\n<p>S\u00e9ance en personne<\/p>\n\n\n\n<ul class=\"wp-block-list\">\n<li><strong>Format :<\/strong>&nbsp;S\u00e9ance d\u2019une journ\u00e9e en personne.<\/li>\n\n\n\n<li><strong>Offert par :<\/strong>&nbsp;Affili\u00e9s provinciaux.<\/li>\n\n\n\n<li><strong>Horaire :<\/strong>&nbsp;Contactez votre affili\u00e9 provincial ou&nbsp;<a href=\"https:\/\/www.aicanada.ca\/fr\/evenements-aic\/seminaire-de-pratique-professionnelle\/?results\">consultez les prochains s\u00e9minaires de pratique professionnelle.<\/a><\/li>\n\n\n\n<li><strong>Co\u00fbt :<\/strong>&nbsp;Contactez votre affili\u00e9 provincial.<\/li>\n<\/ul>\n\n\n\n<p><a href=\"https:\/\/www.aicanada.ca\/fr\/evenements-aic\/seminaire-de-pratique-professionnelle\/?results\"><strong>Voir les S\u00e9minaires de pratique professionnelle \u00e0 venir&nbsp;<\/strong><\/a><\/p>\n\n\n\n<p>La r\u00e9ussite du ICE 102: Introduction \u00e0 la pratique professionnelle est&nbsp;<strong>une condition pr\u00e9lable \u00e0 toute demande d\u2019adh\u00e9sion en tant que stagiaire de l\u2019ICE.<\/strong><\/p>\n\n\n\n<p>Les personnes qui souhaitent adh\u00e9rer \u00e0 l\u2019ICE en tant que membres stagiaires doivent suivre l\u2019ICE 102: Introduction \u00e0 la pratique professionnelle avant de soumettre leur demande de candidature.<\/p>\n\n\n\n<p>Les informations concernant l\u2019ICE 102 peuvent \u00eatre trouv\u00e9es&nbsp;<a href=\"https:\/\/www.aicanada.ca\/fr\/devenir-un-evaluateur\/voie-menant-a-une-designation-de-lice\/path-designation-candidate-member\/\"><strong>ici<\/strong><\/a>.<\/p>\n\n\n\n<h2 class=\"wp-block-heading\"><strong>QUESTIONS<\/strong><\/h2>\n\n\n\n<details class=\"wp-block-details is-style-aic-grey-border-details is-layout-flow wp-block-details-is-layout-flow\"><summary>Le S\u00e9minaire de pratique professionnelle (SPP) est-il obligatoire ?<\/summary>\n<p>Le SPP est une exigence obligatoire pour le maintien de votre adh\u00e9sion, et est pertinent autant pour les stagiaires que les membres d\u00e9sign\u00e9s. Les \u00e9tudiants et les membres retir\u00e9s n&rsquo;ont pas besoin de compl\u00e8ter le SPP. Les membres en cong\u00e9 de compassion doivent compl\u00e9ter le PPS \u00e0 leur retour au travail.<\/p>\n<\/details>\n\n\n\n<details class=\"wp-block-details is-style-aic-grey-border-details is-layout-flow wp-block-details-is-layout-flow\"><summary>Quel est le format du SPP \u00e0 partir de 2026 ?<\/summary>\n<p>\u00c0 compter de 2026, le SPP est divis\u00e9 en deux modules. Le module 1 doit \u00eatre compl\u00e9t\u00e9 en 2026. Le module 2 doit \u00eatre compl\u00e9t\u00e9 en 2027.<\/p>\n<\/details>\n\n\n\n<details class=\"wp-block-details is-style-aic-grey-border-details is-layout-flow wp-block-details-is-layout-flow\"><summary>Quand le module 1 du SPP doit-il \u00eatre compl\u00e9t\u00e9 ?<\/summary>\n<p>Le module 1 du SPP doit \u00eatre compl\u00e9t\u00e9 d\u2019ici le 15 avril 2026.<\/p>\n<\/details>\n\n\n\n<details class=\"wp-block-details is-style-aic-grey-border-details is-layout-flow wp-block-details-is-layout-flow\"><summary>Que se passe-t-il si le SPP n\u2019est pas compl\u00e9t\u00e9 avant la date limite ?<\/summary>\n<p>Le non-respect de l\u2019exigence pour compl\u00e9ter le module 1 du SPP d\u2019ici la date limite entra\u00eenera une suspension , la perte du statut de membre en r\u00e8gle, une p\u00e9nalit\u00e9 financi\u00e8re et le et le refus de la couverture d\u2019assurance, incluant \u00e0 la fois les stagiaires et les cosignataires dans le registre.<\/p>\n<\/details>\n\n\n\n<details class=\"wp-block-details is-style-aic-grey-border-details is-layout-flow wp-block-details-is-layout-flow\"><summary>Sur quoi porte le module 1 du SPP ?<\/summary>\n<p>Il permet aux stagiaires et aux membres d\u00e9sign\u00e9s de rester \u00e0 jour en ce qui concerne :<\/p>\n\n\n\n<ul class=\"wp-block-list\">\n<li>les obligations professionnelles et d\u00e9ontologiques<\/li>\n\n\n\n<li>les mises \u00e0 jour des normes et des politiques<\/li>\n<\/ul>\n<\/details>\n\n\n\n<details class=\"wp-block-details is-style-aic-grey-border-details is-layout-flow wp-block-details-is-layout-flow\"><summary>Le SPP donne-t-il des cr\u00e9dits de PPC ?<\/summary>\n<p>Le SPP ne donne pas droit \u00e0 des cr\u00e9dits aupr\u00e8s du programme de PPC et doit \u00eatre compl\u00e9t\u00e9 ind\u00e9pendamment. Les SPP sont une formation obligatoire en pratique professionnelle et sont distincts des activit\u00e9s de perfectionnement professionnel facultatives. Les membres d\u00e9sign\u00e9s et les stagiaires de l\u2019ICE doivent suivre le SPP et obtenir les cr\u00e9dits de perfectionnement professionnel discr\u00e9tionnaires conform\u00e9ment au PPC obligatoire de l\u2019ICE. \u00c0 partir de 2026, le programme PPC est r\u00e9serv\u00e9 aux membres d\u00e9sign\u00e9s, tandis que le programme d&rsquo;exp\u00e9rience pratique s&rsquo;adresse aux stagiaires. Cependant, les stagiaires et membres d\u00e9sign\u00e9s doivent suivre le module 1 du SPP de l\u2019ICE avant le 15 avril 2026<\/p>\n<\/details>\n\n\n\n<details class=\"wp-block-details is-style-aic-grey-border-details is-layout-flow wp-block-details-is-layout-flow\"><summary>Quelle est la note de passage du SPP ?<\/summary>\n<p>\u00c0 compter de 2026, la note de passage du SPP sera de 70 %.<\/p>\n<\/details>\n\n\n\n<details class=\"wp-block-details is-style-aic-grey-border-details is-layout-flow wp-block-details-is-layout-flow\"><summary>Peut-on reprendre le quiz du SPP ?<\/summary>\n<p>Il n&rsquo;y a pas de limite au nombre de reprises \u2014 les membres peuvent repasser le quiz de chaque module autant de fois que n\u00e9cessaire pour obtenir la note minimale de 70 %. Les reprises de quiz entra\u00eenent un co\u00fbt administratif de 25 $ et leur traitementainsi que leur attribution peuvent prendre jusqu\u2019\u00e0 un jour ouvrable.<\/p>\n<\/details>\n\n\n\n<details class=\"wp-block-details is-style-aic-grey-border-details is-layout-flow wp-block-details-is-layout-flow\"><summary>Comment puis-je m\u2019inscrire au SPP ?<\/summary>\n<p>Les deux modules seront disponibles sur la plateforme d&rsquo;apprentissage de l&rsquo;UBC en fran\u00e7ais et en anglais.<\/p>\n\n\n\n<p>Les \u00e9tudiants actuels et anciens de la Division immobili\u00e8re peuvent acc\u00e9der imm\u00e9diatement \u00e0 leur cours en se connectant \u00e0 la plateforme d\u2019apprentissage de l\u2019UBC avant de s\u2019inscrire.<\/p>\n\n\n\n<p>Veuillez noter que le traitement de l\u2019inscription peut prendre jusqu\u2019\u00e0 un jour ouvrable.<\/p>\n\n\n\n<div class=\"wp-block-buttons is-layout-flex wp-block-buttons-is-layout-flex\">\n<div class=\"wp-block-button\"><a class=\"wp-block-button__link wp-element-button\" href=\"https:\/\/www.sauder.ubc.ca\/node\/7227\">Fran\u00e7ais<\/a><\/div>\n\n\n\n<div class=\"wp-block-button\"><a class=\"wp-block-button__link wp-element-button\" href=\"https:\/\/www.sauder.ubc.ca\/programs\/real-estate\/credit-programs\/appraisal-institute-of-canada-professional-practice-seminar\">Anglais<\/a><\/div>\n<\/div>\n<\/details>\n\n\n\n<details class=\"wp-block-details is-style-aic-grey-border-details is-layout-flow wp-block-details-is-layout-flow\"><summary>\u00c0 qui dois-je m\u2019adresser pour des questions sur le contenu du SPP ou des probl\u00e8mes techniques ?<\/summary>\n<p>Pour toutes questions li\u00e9es \u00e0 l\u2019inscription au s\u00e9minaire, \u00e0 l\u2019administration ou les probl\u00e8mes techniques relatifs \u00e0 la plateforme d\u2019apprentissage de UBC (y compris le quiz), veuillez communiquer directement avec l\u2019Universit\u00e9 \u00e0 l\u2019adresse suivante : <a href=\"mailto:info@realestate.sauder.ubc.ca\">info@realestate.sauder.ubc.ca<\/a>. <\/p>\n\n\n\n<p>Pour toutes questions suppl\u00e9mentaires, veuillez communiquer avec l\u2019\u00e9quipe de l\u2019ICE via son syst\u00e8me de billetterie.<\/p>\n<\/details>\n\n\n\n<p>Pour toute question suppl\u00e9mentaire, veuillez contacter le&nbsp;<a href=\"https:\/\/www.aicanada.ca\/fr\/accueil-des-membres\/soutien-aux-membres\/\">syst\u00e8me de billetterie Demandez \u00e0 l\u2019ICE.<\/a><font dir=\"auto\" style=\"vertical-align: inherit;\"><font dir=\"auto\" style=\"vertical-align: inherit;\"> <\/font><\/font><\/p>\n\n\n\n<div style=\"height:1em\" aria-hidden=\"true\" class=\"wp-block-spacer\"><\/div>\n\n\n\n<h2 class=\"wp-block-heading\" id=\"opportunites-spp\"><mark style=\"background-color:rgba(0, 0, 0, 0)\" class=\"has-inline-color has-navy-blue-color\"><strong>S\u00e9ances disponibles<\/strong><\/mark><\/h2>\n\n\n<div class=\"mp-block-events-calendar mp-block clearfix\">\r\n\t\t\t\t\t<div class=\"events-calendar-block gutenberg-block\">\r\n\t\t\t\t\t\t\t\t<script type=\"text\/javascript\">\r\n\t\t\t\t\t\/* <![CDATA[ *\/\r\n\t\t\t\t\tvar events_calendar_json = {\"items\":[{\"name\":\"S\\u00e9minaire ICE D\\u2019Introduction \\u00c0 La Pratique Professionnelle\",\"image\":false,\"day\":\"01\",\"month\":\"01\",\"year\":\"2024\",\"time\":\"12:00am-12:00am\",\"duration\":1,\"color\":\"1\",\"location\":false,\"entity_code\":\"AIC\",\"address\":false,\"lang\":\"Fran\\u00e7ais\",\"delivery_method\":\"Formation \\u00e0 distance\",\"delivery_method_class\":\"distance\",\"cpd_credits\":\"Cr\\u00e9dits de PPC:14\",\"prices\":false,\"presenter\":false,\"coordinator\":\"Sophie Fortier - Professional Practice Coordinator - 613-234-6533 ext 239 or sophief@aicanada.ca\",\"email\":\"\",\"description\":\"***PR&#201;REQUIS POUR MEMBRE STAGIAIRE et les membres de l&#39;OEAQ (&#201;.A.) utilisant l&#39;entente reciproque ***.Comment acc&#233;der au mat&#233;riel du s&#233;minaire: Apr&#232;s votre inscription, vous recevrez un courriel de editm@aicanada.ca Ce courriel vous donnera acc&#232;s &#224; la page Web du SIPP. Envoyer les tests remplis : Enregistrez les pdf sur votre disque dur. Utiliser la convention de d&#233;nomination suivante : NOM, pr&#233;nom, #module-date-mois-ann&#233;e (p. ex., 01-jan-19) Envoyez tous les tests remplis par courriel &#224; editm@aicanada.ca Une note de passage est de 60 %. Obtenir vos r&#233;sultats : Vos r&#233;sultats vous seront envoy&#233;s par courriel. Vos cr&#233;dits de PPC seront ajout&#233;s &#224; votre dossier de PPC par le personnel au bureau national.\",\"event_cta\":\"<a href=\\\"https:\\\/\\\/www.aicanada.ca\\\/aic-events\\\/event-registration\\\/?e=ICESIPP24\\\" class=\\\"event-btn active\\\">S\\u2019inscrire<\\\/a>\"}]};\r\n\t\t\t\t\t\/* ]]> *\/\r\n\t\t\t\t<\/script>\r\n\t\t\t\t<div class=\"tiva-events-calendar full hidden-tablet-small hidden-landscape-phone hidden-portait-phone\" data-source=\"json\" data-view=\"list\"><\/div>\r\n\t\t\t\t\t\t\t\t\t<div class=\"tiva-events-calendar compact visible-tablet-small visible-landscape-phone visible-portrait-phone\" data-source=\"json\" data-view=\"list\"><\/div>\r\n\t\t\t\t\t\t\t<\/div>\r\n\t\t\t<\/div>","protected":false},"excerpt":{"rendered":"<p>Les SPP est une exigence obligatoire pour les stagiaires et les membres d\u00e9sign\u00e9s seulement. Les SPP permettent aux membres de se tenir inform\u00e9s : SPP<\/p>\n","protected":false},"author":4,"featured_media":0,"parent":54076,"menu_order":3,"comment_status":"closed","ping_status":"closed","template":"","meta":{"_acf_changed":false,"_relevanssi_hide_post":"","_relevanssi_hide_content":"","_relevanssi_pin_for_all":"","_relevanssi_pin_keywords":"","_relevanssi_unpin_keywords":"","_relevanssi_related_keywords":"","_relevanssi_related_include_ids":"","_relevanssi_related_exclude_ids":"","_relevanssi_related_no_append":"","_relevanssi_related_not_related":"","_relevanssi_related_posts":"","_relevanssi_noindex_reason":"","_lmt_disableupdate":"","_lmt_disable":"","footnotes":""},"class_list":["post-28451","page","type-page","status-publish","hentry"],"acf":[],"_links":{"self":[{"href":"https:\/\/www.aicanada.ca\/fr\/wp-json\/wp\/v2\/pages\/28451","targetHints":{"allow":["GET"]}}],"collection":[{"href":"https:\/\/www.aicanada.ca\/fr\/wp-json\/wp\/v2\/pages"}],"about":[{"href":"https:\/\/www.aicanada.ca\/fr\/wp-json\/wp\/v2\/types\/page"}],"author":[{"embeddable":true,"href":"https:\/\/www.aicanada.ca\/fr\/wp-json\/wp\/v2\/users\/4"}],"replies":[{"embeddable":true,"href":"https:\/\/www.aicanada.ca\/fr\/wp-json\/wp\/v2\/comments?post=28451"}],"version-history":[{"count":15,"href":"https:\/\/www.aicanada.ca\/fr\/wp-json\/wp\/v2\/pages\/28451\/revisions"}],"predecessor-version":[{"id":159650,"href":"https:\/\/www.aicanada.ca\/fr\/wp-json\/wp\/v2\/pages\/28451\/revisions\/159650"}],"up":[{"embeddable":true,"href":"https:\/\/www.aicanada.ca\/fr\/wp-json\/wp\/v2\/pages\/54076"}],"wp:attachment":[{"href":"https:\/\/www.aicanada.ca\/fr\/wp-json\/wp\/v2\/media?parent=28451"}],"curies":[{"name":"wp","href":"https:\/\/api.w.org\/{rel}","templated":true}]}}