{"id":28469,"date":"2013-01-16T17:05:05","date_gmt":"2013-01-16T17:05:05","guid":{"rendered":"https:\/\/www.aicanada.ca\/fr\/industry-resources\/addressing-your-concerns\/complaint-resolution-faqs\/"},"modified":"2025-12-05T16:22:13","modified_gmt":"2025-12-05T21:22:13","slug":"complaint-resolution-faqs","status":"publish","type":"page","link":"https:\/\/www.aicanada.ca\/fr\/a-propos-de-lice\/complaint-resolution-faqs\/","title":{"rendered":"R\u00e8glement des plaintes et questions des consommateurs"},"content":{"rendered":"\n<div class=\"wp-block-columns is-layout-flex wp-container-core-columns-is-layout-28f84493 wp-block-columns-is-layout-flex\">\n<div class=\"wp-block-column is-layout-flow wp-block-column-is-layout-flow\" style=\"flex-basis:60%\">\n<h2 class=\"wp-block-heading\"><span class=\"wp-rich-text-font-awesome-icon wp-font-awesome-icon\"><svg aria-hidden=\"true\" focusable=\"false\" data-prefix=\"fas\" data-icon=\"comment\" class=\"svg-inline--fa fa-comment \" role=\"img\" xmlns=\"http:\/\/www.w3.org\/2000\/svg\" viewBox=\"0 0 512 512\"><path fill=\"currentColor\" d=\"M512 240c0 132.5-114.6 240-256 240-37.1 0-72.3-7.4-104.1-20.7L33.5 510.1c-9.4 4-20.2 1.7-27.1-5.8S-2 485.8 2.8 476.8l48.8-92.2C19.2 344.3 0 294.3 0 240 0 107.5 114.6 0 256 0S512 107.5 512 240z\"><\/path><\/svg><\/span> Questions de consommation courantes<\/h2>\n\n\n\n<details class=\"wp-block-details is-style-aic-grey-border-details is-layout-flow wp-block-details-is-layout-flow\"><summary>Je suis un consommateur \u00e0 la recherche de financement. J&rsquo;ai pay\u00e9 pour le rapport; puis-je obtenir une copie?<\/summary>\n<p><strong>Si vous \u00eates emprunteur :<\/strong><\/p>\n\n\n\n<p>Dans le cas d&rsquo;un financement hypoth\u00e9caire, le pr\u00eateur est g\u00e9n\u00e9ralement le client qui peut d\u00e9cider qui paie l&rsquo;\u00e9valuation et s&rsquo;il vous en fournit une copie.<\/p>\n\n\n\n<p>Si vous n&rsquo;\u00eates PAS le propri\u00e9taire actuel, les lois sur la confidentialit\u00e9 et la protection de la vie priv\u00e9e peuvent s&rsquo;appliquer \u00e0 la fois au pr\u00eateur et au membre de l&rsquo;ICE (\u00e9valuateur).<\/p>\n\n\n\n<p>&nbsp;<\/p>\n\n\n\n<p><strong>Si vous refinancez votre propre maison :<\/strong><\/p>\n\n\n\n<p>Dans le cas d&rsquo;un refinancement hypoth\u00e9caire, le pr\u00eateur est g\u00e9n\u00e9ralement le client.<\/p>\n\n\n\n<p>Un propri\u00e9taire a le droit d&rsquo;avoir acc\u00e8s \u00e0 ses propres informations personnelles contenues dans un rapport d&rsquo;\u00e9valuation. Vous pouvez donc contacter le pr\u00eateur ou le membre de l&rsquo;ICE (\u00e9valuateur) pour demander une copie d&rsquo;un rapport expurg\u00e9 ne contenant que vos informations personnelles.<\/p>\n\n\n\n<p>L&rsquo;ICE ne poss\u00e8de PAS de copies des rapports d&rsquo;\u00e9valuation.<\/p>\n\n\n\n<p>&nbsp;<\/p>\n<\/details>\n\n\n\n<details class=\"wp-block-details is-style-aic-grey-border-details is-layout-flow wp-block-details-is-layout-flow\"><summary>J&rsquo;ai deux rapports et les valeurs varient. Y a-t-il une marge d&rsquo;erreur?<\/summary>\n<ul class=\"wp-block-list\">\n<li>Une \u00e9valuation ne d\u00e9termine pas la valeur marchande mais fournit plut\u00f4t une estimation de la valeur marchande.<\/li>\n\n\n\n<li>Cette estimation est consid\u00e9r\u00e9e comme la valeur la plus probable qu&rsquo;une propri\u00e9t\u00e9 recueillera dans un march\u00e9 immobilier sp\u00e9cifique au cours d&rsquo;une p\u00e9riode donn\u00e9e.<\/li>\n\n\n\n<li>L&rsquo;exactitude d&rsquo;une \u00e9valuation d\u00e9pend fortement de la disponibilit\u00e9 et de la fiabilit\u00e9 des donn\u00e9es, qui varieront pour chaque type de propri\u00e9t\u00e9 et chaque emplacement au Canada.<\/li>\n\n\n\n<li>Il y a une attente d&rsquo;exactitude dans les param\u00e8tres des conditions et des hypoth\u00e8ses et compte tenu de la disponibilit\u00e9 de l&rsquo;information \u00e0 ce moment-l\u00e0, mais il n&rsquo;y a pas de marge d&rsquo;erreur sp\u00e9cifique.<\/li>\n<\/ul>\n<\/details>\n\n\n\n<details class=\"wp-block-details is-style-aic-grey-border-details is-layout-flow wp-block-details-is-layout-flow\"><summary>Quelle est la diff\u00e9rence entre une lettre de transmission et une lettre de fiabilit\u00e9?<\/summary>\n<p>Une &laquo;&nbsp;lettre de transmission&nbsp;&raquo; est similaire \u00e0 une lettre d&rsquo;accompagnement d&rsquo;un rapport. Elle fournit un r\u00e9sum\u00e9 du rapport, y compris, mais sans s&rsquo;y limiter \u00e0: l&rsquo;identification du client auquel le rapport est adress\u00e9, l&rsquo;objet du rapport, l&rsquo;utilisation autoris\u00e9e du rapport et une estimation finale de la valeur.<\/p>\n\n\n\n<p>Une &laquo;&nbsp;lettre de fiabilit\u00e9&nbsp;&raquo; autorise un autre client ou utilisateur autoris\u00e9 \u00e0 se fier sur un rapport.<\/p>\n\n\n\n<p>Example: Vous compl\u00e9tez un rapport d&rsquo;\u00e9valuation pour un pr\u00eateur et le pr\u00eat n&rsquo;a pas lieu. Vous vous adressez alors \u00e0 un nouveau pr\u00eateur pour obtenir un financement. Le nouveau pr\u00eateur peut souhaiter s&rsquo;appuyer sur le rapport d\u00e9j\u00e0 \u00e9tabli pour le premier pr\u00eateur. Si certains crit\u00e8res sont remplis, l&rsquo;\u00e9valuateur peut d\u00e9livrer une lettre de fiabilit\u00e9 permettant au nouveau pr\u00eateur de se fier sur le rapport pour prendre sa d\u00e9cision de pr\u00eat.<\/p>\n\n\n\n<p>Traduit avec www.DeepL.com\/Translator (version gratuite)<\/p>\n<\/details>\n<\/div>\n\n\n\n<div class=\"wp-block-column is-layout-flow wp-block-column-is-layout-flow\" style=\"flex-basis:40%\">\n<p><strong>Si vous avez une question qui n\u2019est pas abord\u00e9e dans cette FAQ ou si vous avez besoin de plus d\u2019information, veuillez communiquer avec la Directrice en pratique professionnelle, comme suit :<\/strong><\/p>\n\n\n\n<p>Sans frais : 1-888-551-5521<\/p>\n\n\n\n<p>T\u00e9l\u00e9phone : 613-234-6533<\/p>\n\n\n\n<p>Courriel : &nbsp;<a href=\"mailto:info@aicanada.ca\">info@aicanada.ca<\/a><\/p>\n<\/div>\n<\/div>\n\n\n\n<h2 class=\"wp-block-heading\"><span class=\"wp-rich-text-font-awesome-icon wp-font-awesome-icon\"><svg aria-hidden=\"true\" focusable=\"false\" data-prefix=\"fas\" data-icon=\"magnifying-glass\" class=\"svg-inline--fa fa-magnifying-glass \" role=\"img\" xmlns=\"http:\/\/www.w3.org\/2000\/svg\" viewBox=\"0 0 512 512\"><path fill=\"currentColor\" d=\"M416 208c0 45.9-14.9 88.3-40 122.7L502.6 457.4c12.5 12.5 12.5 32.8 0 45.3s-32.8 12.5-45.3 0L330.7 376C296.3 401.1 253.9 416 208 416 93.1 416 0 322.9 0 208S93.1 0 208 0 416 93.1 416 208zM208 352a144 144 0 1 0 0-288 144 144 0 1 0 0 288z\"><\/path><\/svg><\/span> R\u00e9pondre \u00e0 vos pr\u00e9occupations &#8211; FAQ<\/h2>\n\n\n\n<details class=\"wp-block-details is-style-aic-grey-border-details is-layout-flow wp-block-details-is-layout-flow\"><summary>1. Qui peut loger une plainte?<\/summary>\n<p>Toute personne peut loger une plainte, y compris une tierce partie qui pourrait avoir obtenu une copie d\u2019un rapport d\u2019\u00e9valuation ou qui utilise les services d\u2019\u00e9valuation immobili\u00e8re d\u2019un \u00e9valuateur.<\/p>\n<\/details>\n\n\n\n<details class=\"wp-block-details is-style-aic-grey-border-details is-layout-flow wp-block-details-is-layout-flow\"><summary>2. Un membre peut-il loger une plainte \u00e0 l\u2019encontre d\u2019un autre membre?<\/summary>\n<p>Oui, un membre de l\u2019ICE peut d\u00e9poser une plainte contre un autre membre de l\u2019ICE. On rappelle aux membres que l\u2019identit\u00e9 du plaignant sera communiqu\u00e9e au membre vis\u00e9 par la plainte.<\/p>\n<\/details>\n\n\n\n<details class=\"wp-block-details is-style-aic-grey-border-details is-layout-flow wp-block-details-is-layout-flow\"><summary>3. \u00c0 quels types de plaintes le CRP r\u00e9pondra-t-il?<\/summary>\n<p>Les Comit\u00e9s sur la pratique professionnelle amorceront une enqu\u00eate suite aux plaintes qui traitent :<\/p>\n\n\n\n<ul class=\"wp-block-list\">\n<li>d\u2019infractions aux NUPPEC, qu\u2019elles soient relatives aux normes d\u2019\u00e9valuation, de r\u00e9vision, de consultation, et d\u2019\u00e9thique;<\/li>\n\n\n\n<li>d\u2019all\u00e9gations de pratiques commerciales inappropri\u00e9es;<\/li>\n\n\n\n<li>de toute conduite contraire aux normes, r\u00e8glements ou statuts de l\u2019ICE et qui pourrait affecter l\u2019Institut, la profession ou un autre membre.<\/li>\n<\/ul>\n<\/details>\n\n\n\n<details class=\"wp-block-details is-style-aic-grey-border-details is-layout-flow wp-block-details-is-layout-flow\"><summary>4. Que ne fera pas le CRP?<\/summary>\n<p>Le PRP ne fera pas ce qui suit :<\/p>\n\n\n\n<ul class=\"wp-block-list\">\n<li>Arbitrer l\u2019opinion finale sur la valeur indiqu\u00e9e dans un rapport<\/li>\n\n\n\n<li>Donner une opinion concernant l\u2019opinion finale sur la valeur indiqu\u00e9e dans un rapport<\/li>\n\n\n\n<li>\u00catre un examen technique d\u2019un rapport<\/li>\n\n\n\n<li>Recommander une indemnisation financi\u00e8re<\/li>\n\n\n\n<li>Ordonner d\u2019accorder une indemnisation financi\u00e8re au plaignant<\/li>\n\n\n\n<li>Examiner les frais ou d\u00e9bours\u00e9s d\u2019un membre<\/li>\n\n\n\n<li>Agir comme tribunal<\/li>\n\n\n\n<li>Faire ex\u00e9cuter des ententes contractuelles<\/li>\n\n\n\n<li>Obliger un \u00e9valuateur \u00e0 refaire son rapport<\/li>\n\n\n\n<li>Donner des avis juridiques<\/li>\n<\/ul>\n\n\n\n<p>On conseille au plaignant qui d\u00e9sire ces types de rem\u00e8de de chercher r\u00e9paration par d\u2019autres moyens.<\/p>\n<\/details>\n\n\n\n<details class=\"wp-block-details is-style-aic-grey-border-details is-layout-flow wp-block-details-is-layout-flow\"><summary>5. Qu&rsquo;est-ce qu&rsquo;une \u00abconduite digne de sanction\u00bb?<\/summary>\n<p>La conduite m\u00e9ritant des sanctions inclut&nbsp;:<\/p>\n\n\n\n<ul class=\"wp-block-list\">\n<li>tout acte ou omission pr\u00e9judiciable aux meilleurs int\u00e9r\u00eats du public ou \u00e0 l\u2019int\u00e9grit\u00e9 de la profession<\/li>\n\n\n\n<li>non-conformit\u00e9 aux NUPPEC<\/li>\n\n\n\n<li>assurance invalide<\/li>\n\n\n\n<li>inscription incorrecte dans le Registre de cosignature des stagiaires de l\u2019ICE<\/li>\n\n\n\n<li>inscription incorrecte dans le Registre des non-membres de l\u2019ICE<\/li>\n\n\n\n<li>inscription incorrecte dans la cat\u00e9gorie \u00ab \u00e0 honoraires \u00bb ou \u00ab r\u00e9mun\u00e9r\u00e9 \u00bb<\/li>\n\n\n\n<li>divulgation inappropri\u00e9e de l\u2019information<\/li>\n\n\n\n<li>conduite inappropri\u00e9e envers un plaignant<\/li>\n<\/ul>\n<\/details>\n\n\n\n<details class=\"wp-block-details is-style-aic-grey-border-details is-layout-flow wp-block-details-is-layout-flow\"><summary>6. Quelles sortes de disciplines peuvent \u00eatre impos\u00e9es en tant que sanction?<\/summary>\n<p>Les sanctions comprennent:<\/p>\n\n\n\n<ul class=\"wp-block-list\">\n<li>Amende\n<ul class=\"wp-block-list\">\n<li>Une amende ne d\u00e9passant pas 10 000,00 $<\/li>\n<\/ul>\n<\/li>\n\n\n\n<li>\u00c9ducation\n<ul class=\"wp-block-list\">\n<li>Une sanction destin\u00e9e \u00e0 fournir la base \u00e9ducative permettant \u00e0 un membre d&rsquo;am\u00e9liorer ses pratiques d&rsquo;\u00e9valuation. Il est effectu\u00e9 aux frais du membre.<\/li>\n<\/ul>\n<\/li>\n\n\n\n<li>Examen par les pairs\n<ul class=\"wp-block-list\">\n<li>Un examen administratif effectu\u00e9 conform\u00e9ment au programme d&rsquo;examen par les pairs de l&rsquo;AIC d&rsquo;un rapport sur un service professionnel rendu par un membre de l&rsquo;AIC<\/li>\n<\/ul>\n<\/li>\n\n\n\n<li>R\u00e9primande\n<ul class=\"wp-block-list\">\n<li>Un avertissement \u00e9crit attirant l&rsquo;attention du membre sur une violation des statuts, r\u00e8glements, politiques et \/ ou NUPPEC de l&rsquo;Institut<\/li>\n<\/ul>\n<\/li>\n\n\n\n<li>Censure\n<ul class=\"wp-block-list\">\n<li>Une expression \u00e9crite formelle de critique et de d\u00e9sapprobation pour une violation des statuts, r\u00e8glements, politiques ou CUSPAP de l&rsquo;Institut<\/li>\n<\/ul>\n<\/li>\n\n\n\n<li>Expulsion\n<ul class=\"wp-block-list\">\n<li>Une expulsion d\u00e9finitive du membre de l&rsquo;Institut. Un membre qui a \u00e9t\u00e9 expuls\u00e9 peut \u00eatre consid\u00e9r\u00e9 pour la r\u00e9int\u00e9gration de l&rsquo;adh\u00e9sion apr\u00e8s une p\u00e9riode de cinq (5) ans<\/li>\n<\/ul>\n<\/li>\n\n\n\n<li>Suspension\n<ul class=\"wp-block-list\">\n<li>La suspension de l\u2019adh\u00e9sion d\u2019un membre.<\/li>\n\n\n\n<li>La suspension des privil\u00e8ges de cosignature d\u2019un membre d\u00e9sign\u00e9.<\/li>\n<\/ul>\n<\/li>\n<\/ul>\n<\/details>\n\n\n\n<details class=\"wp-block-details is-style-aic-grey-border-details is-layout-flow wp-block-details-is-layout-flow\"><summary>7. Les sanctions sont-elles publi\u00e9es?<\/summary>\n<p>Un sommaire du cas comportant les faits li\u00e9s aux r\u00e9sultats du sujet de plainte sera publi\u00e9 dans la zone publique du site Web de l\u2019ICE pour une p\u00e9riode de douze (12)\u00a0mois.<\/p>\n\n\n\n<p>Selon le type de sanction, le sommaire du cas peut \u00eatre ou non caviard\u00e9. Le caviardage signifie que l\u2019information qui pourrait identifier le membre est supprim\u00e9e. Cependant, un jury d\u2019audition peut ordonner que le sommaire du cas soit publi\u00e9 sans caviardage dans la page publique pour une p\u00e9riode de douze (12) mois.<\/p>\n\n\n\n<p>Dans les cas exceptionnels o\u00f9 il est absolument n\u00e9cessaire de prot\u00e9ger l\u2019int\u00e9r\u00eat du public, une sanction de conduite sera publi\u00e9e dans un journal local.<\/p>\n<\/details>\n\n\n\n<details class=\"wp-block-details is-style-aic-grey-border-details is-layout-flow wp-block-details-is-layout-flow\"><summary>8. Comment puis-je me renseigner au sujet d\u2019une d\u00e9cision d\u2019adjudication?<\/summary>\n<p>Si vous \u00eates la partie demanderesse et que vous avez sign\u00e9 un formulaire de consentement \u00e0 ce que l\u2019ICE divulgue de l\u2019information \u00e0 votre sujet, y compris votre nom, l\u2019ICE sera alors en mesure de vous adresser une copie de la d\u00e9cision finale.<\/p>\n<\/details>\n\n\n\n<details class=\"wp-block-details is-style-aic-grey-border-details is-layout-flow wp-block-details-is-layout-flow\"><summary>9. Le dossier d\u2019une plainte peut-il \u00eatre mis en suspens?<\/summary>\n<p>Oui, le dossier d\u2019une plainte peut \u00eatre plac\u00e9 en suspens. Le membre peut demander qu\u2019une enqu\u00eate ou une audience soient plac\u00e9es en suspens s\u2019il existe des questions l\u00e9gales encore \u00e0 r\u00e9gler. Cela signifie que l\u2019administration de la plainte est mise en attente jusqu\u2019\u00e0 ce que la question l\u00e9gale soit r\u00e9gl\u00e9e.<\/p>\n<\/details>\n\n\n\n<details class=\"wp-block-details is-style-aic-grey-border-details is-layout-flow wp-block-details-is-layout-flow\"><summary>10. Vais-je recevoir une copie d&rsquo;une d\u00e9cision finale?<\/summary>\n<p>Le plaignant recevra les conclusions et toute sanction impos\u00e9e <strong>relativement \u00e0 la substance de sa plainte<\/strong>, fournies dans :<\/p>\n\n\n\n<ul class=\"wp-block-list\">\n<li>une Entente de consentement \u00e0 une sanction,<\/li>\n\n\n\n<li>la d\u00e9cision finale rendue par un sous-comit\u00e9 d\u2019arbitrage, ou<\/li>\n\n\n\n<li>la d\u00e9cision finale rendue par un jury d\u2019audition du sous-comit\u00e9 d\u2019appel.<\/li>\n<\/ul>\n<\/details>\n\n\n\n<details class=\"wp-block-details is-style-aic-grey-border-details is-layout-flow wp-block-details-is-layout-flow\"><summary>11. O\u00f9 puis-je obtenir de plus amples renseignements?<\/summary>\n<p>Visitez ce <strong><a href=\"https:\/\/www.aicanada.ca\/fr\/a-propos-de-lice\/repondre-a-vos-preoccupations\/\">lien<\/a><\/strong>.<\/p>\n<\/details>\n","protected":false},"excerpt":{"rendered":"<p>Questions de consommation courantes Si vous avez une question qui n\u2019est pas abord\u00e9e dans cette FAQ ou si vous avez besoin de plus d\u2019information, veuillez<\/p>\n","protected":false},"author":4,"featured_media":1113,"parent":54085,"menu_order":2,"comment_status":"closed","ping_status":"closed","template":"","meta":{"_acf_changed":false,"_relevanssi_hide_post":"","_relevanssi_hide_content":"","_relevanssi_pin_for_all":"","_relevanssi_pin_keywords":"","_relevanssi_unpin_keywords":"","_relevanssi_related_keywords":"","_relevanssi_related_include_ids":"","_relevanssi_related_exclude_ids":"","_relevanssi_related_no_append":"","_relevanssi_related_not_related":"","_relevanssi_related_posts":"","_relevanssi_noindex_reason":"","_lmt_disableupdate":"","_lmt_disable":"","footnotes":""},"class_list":["post-28469","page","type-page","status-publish","has-post-thumbnail","hentry"],"acf":[],"_links":{"self":[{"href":"https:\/\/www.aicanada.ca\/fr\/wp-json\/wp\/v2\/pages\/28469","targetHints":{"allow":["GET"]}}],"collection":[{"href":"https:\/\/www.aicanada.ca\/fr\/wp-json\/wp\/v2\/pages"}],"about":[{"href":"https:\/\/www.aicanada.ca\/fr\/wp-json\/wp\/v2\/types\/page"}],"author":[{"embeddable":true,"href":"https:\/\/www.aicanada.ca\/fr\/wp-json\/wp\/v2\/users\/4"}],"replies":[{"embeddable":true,"href":"https:\/\/www.aicanada.ca\/fr\/wp-json\/wp\/v2\/comments?post=28469"}],"version-history":[{"count":14,"href":"https:\/\/www.aicanada.ca\/fr\/wp-json\/wp\/v2\/pages\/28469\/revisions"}],"predecessor-version":[{"id":155444,"href":"https:\/\/www.aicanada.ca\/fr\/wp-json\/wp\/v2\/pages\/28469\/revisions\/155444"}],"up":[{"embeddable":true,"href":"https:\/\/www.aicanada.ca\/fr\/wp-json\/wp\/v2\/pages\/54085"}],"wp:featuredmedia":[{"embeddable":true,"href":"https:\/\/www.aicanada.ca\/fr\/wp-json\/wp\/v2\/media\/1113"}],"wp:attachment":[{"href":"https:\/\/www.aicanada.ca\/fr\/wp-json\/wp\/v2\/media?parent=28469"}],"curies":[{"name":"wp","href":"https:\/\/api.w.org\/{rel}","templated":true}]}}