{"id":40674,"date":"2016-12-05T15:29:58","date_gmt":"2016-12-05T20:29:58","guid":{"rendered":"https:\/\/www.aicanada.ca\/fr\/?page_id=40674"},"modified":"2024-07-05T18:32:48","modified_gmt":"2024-07-05T22:32:48","slug":"hebergement-et-transport","status":"publish","type":"page","link":"https:\/\/www.aicanada.ca\/fr\/evenements-aic\/congres-national-de-lice-2024\/hebergement-et-transport\/","title":{"rendered":"H\u00e9bergement et Transport"},"content":{"rendered":"\n<div class=\"wp-block-columns is-layout-flex wp-container-core-columns-is-layout-28f84493 wp-block-columns-is-layout-flex\">\n<div class=\"wp-block-column is-layout-flow wp-block-column-is-layout-flow\">\n<div class=\"wp-block-columns is-layout-flex wp-container-core-columns-is-layout-28f84493 wp-block-columns-is-layout-flex\">\n<div class=\"wp-block-column is-layout-flow wp-block-column-is-layout-flow\" style=\"flex-basis:66.66%\">\n<h2 class=\"wp-block-heading has-dark-grey-color has-text-color has-link-color wp-elements-7faa35cb1e33ddddc26f47159e89f703\">H\u00c9BERGEMENT ET LIEU DU CONGR\u00c8S<\/h2>\n\n\n\n<p><strong>LIEU DU CONGR\u00c8S<\/strong><\/p>\n\n\n\n<p>Le congr\u00e8s national de l\u2019ICE 2023 se tiendra au <strong>Prince Edward Island Convention Centre (Centre des congr\u00e8s de l&rsquo;\u00cele-du-Prince-\u00c9douard)<\/strong> qui est situ\u00e9 dans le Delta Hotels by Marriott Prince Edward.<\/p>\n\n\n\n<p><strong>INFORMATIONS SUR L&rsquo;H\u00d4TEL<\/strong><\/p>\n\n\n\n<p><strong>Le Delta Hotels by Marriott Prince Edward <\/strong>est actuellement enti\u00e8rement r\u00e9serv\u00e9. Cependant, l&rsquo;option suivante est disponible pour l&rsquo;h\u00e9bergement.<\/p>\n\n\n\n<hr class=\"wp-block-separator has-alpha-channel-opacity\"\/>\n\n\n\n<h3 class=\"wp-block-heading\"><strong><a href=\"http:\/\/theartshotel.ca\"><span style=\"text-decoration: underline;\">The Art<\/span><\/a><a href=\"http:\/\/theartshotel.ca\" target=\"_blank\" rel=\"noreferrer noopener\"><span style=\"text-decoration: underline;\">s Hotel<\/span><\/a> \u2013 <strong>10 minutes \u00e0 pied<\/strong><\/strong><\/h3>\n\n\n\n<p>155 Kent St, Charlottetown, PE C1A 5Y6<\/p>\n\n\n\n<p>T\u00e9l: 1-888-670-2787 |&nbsp;<a href=\"mailto:info@theartshotel.ca\">info@theartshotel.ca<\/a><\/p>\n\n\n\n<p>Des tarifs de congr\u00e8s \u00e0 partir de <strong>139 $ par nuit <\/strong>sont disponibles jusqu&rsquo;au <strong>vendredi 3 mai 2024 <\/strong>(en fonction des disponibilit\u00e9s) &#8211; les r\u00e9servations peuvent \u00eatre effectu\u00e9es <a href=\"https:\/\/secure.webrez.com\/Bookings105\/activity-edit.html?hotel_id=2881&amp;table=hotels&amp;listing_id=2881&amp;mode=command&amp;command=bookingrequestform_v2&amp;date_from=20240605&amp;date_to=20240609&amp;package_id=293534&amp;date_from=20240605&amp;date_to=20240609\" target=\"_blank\" rel=\"noreferrer noopener\"><strong><span style=\"text-decoration: underline;\">directement en ligne.<\/span><\/strong><\/a><\/p>\n<\/div>\n\n\n\n<div class=\"wp-block-column is-vertically-aligned-center is-layout-flow wp-block-column-is-layout-flow\" style=\"flex-basis:33.33%\">\r\n    <div class=\"mp-block-justified-gallery mp-block clearfix align\">\r\n\r\n        <div class=\"justified-gallery-block clearfix\">\r\n\r\n\t\t\t\t\t\t\t\r\n                <a href=\"https:\/\/www.aicanada.ca\/wp-content\/uploads\/stockvault-pei-lighthouse-hdr169859.jpg\" class=\"gallery-item fancybox\" data-fancybox=\"gallery-4681\" data-caption=\"Wood Islands Lighthouse Museum, PEI\" data-type=\"image\">\r\n                    <img decoding=\"async\" src=\"https:\/\/www.aicanada.ca\/wp-content\/uploads\/stockvault-pei-lighthouse-hdr169859-810x540.jpg\" id=\"125404\" alt=\"\"\/>\r\n                <\/a>\r\n\r\n\t\t\t\t\t\t\t\r\n                <a href=\"https:\/\/www.aicanada.ca\/wp-content\/uploads\/iStock-636809808-scaled.jpg\" class=\"gallery-item fancybox\" data-fancybox=\"gallery-4681\" data-caption=\"Colorful Buildings on Great George St - Charlottetown - Canada\" data-type=\"image\">\r\n                    <img decoding=\"async\" src=\"https:\/\/www.aicanada.ca\/wp-content\/uploads\/iStock-636809808-813x540.jpg\" id=\"125411\" alt=\"\"\/>\r\n                <\/a>\r\n\r\n\t\t\t\r\n        <\/div>\r\n\r\n    <\/div>\r\n\r\n\r\n<\/div>\n<\/div>\n<\/div>\n<\/div>\n\n\n\n<hr class=\"wp-block-separator has-alpha-channel-opacity\"\/>\n\n\n\n<div style=\"height:14px\" aria-hidden=\"true\" class=\"wp-block-spacer\"><\/div>\n\n\n\n<div class=\"wp-block-columns is-layout-flex wp-container-core-columns-is-layout-28f84493 wp-block-columns-is-layout-flex\">\n<div class=\"wp-block-column is-layout-flow wp-block-column-is-layout-flow\">\n<figure class=\"wp-block-embed is-type-video is-provider-youtube wp-block-embed-youtube\"><div class=\"wp-block-embed__wrapper\">\n<img decoding=\"async\" src=\"https:\/\/i.ytimg.com\/vi\/Vpw1i41e9OY\/hqdefault.jpg\" class=\"oembed-image\" onclick=\"this.outerHTML='&lt;iframe class=&quot;oembed-iframe&quot; title=&quot;Can&amp;#039;t Wait to See You - Love, Charlottetown&quot; width=&quot;500&quot; height=&quot;281&quot; src=&quot;https:\/\/www.youtube.com\/embed\/Vpw1i41e9OY?feature=oembed&amp;autoplay=1&quot; frameborder=&quot;0&quot; allow=&quot;accelerometer; autoplay; clipboard-write; encrypted-media; gyroscope; picture-in-picture; web-share&quot; referrerpolicy=&quot;strict-origin-when-cross-origin&quot; allowfullscreen&gt;&lt;\/iframe&gt;';jQuery('.oembed-iframe').each(function() { var _this = jQuery(this), iframeWidth, iframeHeight,iframeAspect;iframeAspect = 9 \/ 16;iframeWidth = _this.parent().width();iframeHeight = iframeWidth * iframeAspect;_this.css('width', iframeWidth);_this.css('height', iframeHeight);});\" alt=\"Can&#039;t Wait to See You - Love, Charlottetown\">\n<\/div><\/figure>\n<\/div>\n\n\n\n<div class=\"wp-block-column is-layout-flow wp-block-column-is-layout-flow\">\n<h2 class=\"wp-block-heading has-dark-grey-color has-text-color has-link-color wp-elements-787ece955f72e06ddefbb2480134fb32\"><strong>Voyages a\u00e9riens<\/strong><\/h2>\n\n\n\n<p>Utilisez le code promotionnel <strong>QFQ3TPX1<\/strong> pour \u00e9conomiser 5% sur les tarifs standards en Am\u00e9rique du Nord, 10% sur les tarifs flexibles et plus avec <a href=\"https:\/\/www.aircanada.com\/ca\/fr\/aco\/home.html\" target=\"_blank\" rel=\"noreferrer noopener\"><strong><span style=\"text-decoration: underline;\">Air Canada.<\/span><\/strong><\/a> Pour les voyages internationaux, 10% sur les tarifs standards et plus. La p\u00e9riode de voyage commence le mardi 28 mai 2024 et se termine le dimanche 16 juin 2024.<\/p>\n\n\n\n<p>Utilisez le code promotionnel&nbsp;<strong>AIC24&nbsp;<\/strong>pour \u00e9conomiser 10% sur tous les tarifs de base (\u00e0 l&rsquo;exception des tarifs de la plus basse classe lors d&rsquo;une p\u00e9riode de vente promotionnelle) pour les d\u00e9placements \u00e0 destination et au retour du Congr\u00e8s annuel de l&rsquo;ICE 2024 avec <strong><span style=\"text-decoration: underline;\"><a href=\"https:\/\/www.flyporter.com\/en-ca\/?promocode=AIC24\" target=\"_blank\" rel=\"noreferrer noopener\">Porter Airlines.<\/a><\/span><\/strong> La p\u00e9riode de voyage commence le dimanche 2 juin 2024 et se termine le lundi 10 juin 2024.<\/p>\n\n\n\n<h2 class=\"wp-block-heading\"><strong>Location de voitures<\/strong><\/h2>\n\n\n\n<p>Les v\u00e9hicules de location \u00e0 Charlottetown sont limit\u00e9s &#8211; r\u00e9servez votre voiture de location <strong><a href=\"https:\/\/www.aicanada.ca\/fr\/accueil-des-membres\/services-aux-membres\/loyaltydiscount-programs\/\" target=\"_blank\" rel=\"noreferrer noopener\"><span style=\"text-decoration: underline;\">AVIS\/Budget<\/span><\/a><\/strong> t\u00f4t par l&rsquo;entremise du portail des membres de l&rsquo;ICE pour \u00e9conomiser.<\/p>\n\n\n\n<p>Pour ceux et celles qui voyagent \u00e0 partir des villes participantes, des rabais <strong><a href=\"https:\/\/www.aicanada.ca\/fr\/accueil-des-membres\/services-aux-membres\/loyaltydiscount-programs\/\" target=\"_blank\" rel=\"noreferrer noopener\"><span style=\"text-decoration: underline;\">ParkN&rsquo; Fly<\/span><\/a><\/strong> sont \u00e9galement disponibles sur le portail des membres de l&rsquo;ICE.<\/p>\n<\/div>\n<\/div>\n\n\n\n<div style=\"height:26px\" aria-hidden=\"true\" class=\"wp-block-spacer\"><\/div>\n\n\n\n<div class=\"wp-block-cover has-white-color has-text-color has-link-color wp-elements-80fae6912e6e4f959022f429538eedd0\" style=\"padding-top:var(--wp--preset--spacing--50);padding-right:var(--wp--preset--spacing--50);padding-bottom:var(--wp--preset--spacing--50);padding-left:var(--wp--preset--spacing--50);min-height:50px;aspect-ratio:unset;\"><span aria-hidden=\"true\" class=\"wp-block-cover__background has-background-dim-80 has-background-dim\" style=\"background-color:#003367\"><\/span><img loading=\"lazy\" decoding=\"async\" width=\"900\" height=\"600\" class=\"wp-block-cover__image-background wp-image-125253\" alt=\"\" src=\"https:\/\/www.aicanada.ca\/wp-content\/uploads\/Shopping-Photo-Hi-Res-e1564160373303-1.jpg\" data-object-fit=\"cover\" srcset=\"https:\/\/www.aicanada.ca\/wp-content\/uploads\/Shopping-Photo-Hi-Res-e1564160373303-1.jpg 900w, https:\/\/www.aicanada.ca\/wp-content\/uploads\/Shopping-Photo-Hi-Res-e1564160373303-1-300x200.jpg 300w, https:\/\/www.aicanada.ca\/wp-content\/uploads\/Shopping-Photo-Hi-Res-e1564160373303-1-768x512.jpg 768w, https:\/\/www.aicanada.ca\/wp-content\/uploads\/Shopping-Photo-Hi-Res-e1564160373303-1-810x540.jpg 810w\" sizes=\"auto, (max-width: 900px) 100vw, 900px\" \/><div class=\"wp-block-cover__inner-container is-layout-constrained wp-container-core-cover-is-layout-f611be13 wp-block-cover-is-layout-constrained\">\n<p class=\"has-text-align-center has-x-large-font-size\"><strong><a href=\"https:\/\/www.aicanada.ca\/aic-events\/event-registration\/?e=AIC2024P\" target=\"_blank\" rel=\"noreferrer noopener\">Cliquez ici pour vous inscrire d\u00e8s aujourd&rsquo;hui !<\/a><\/strong><\/p>\n<\/div><\/div>\n\n\n\n<div class=\"wp-block-columns is-layout-flex wp-container-core-columns-is-layout-28f84493 wp-block-columns-is-layout-flex\">\n<div class=\"wp-block-column is-layout-flow wp-block-column-is-layout-flow\">\n<div style=\"height:15px\" aria-hidden=\"true\" class=\"wp-block-spacer\"><\/div>\n\n\n\n<p class=\"has-text-align-center\">Avec remerciements \u00e0 notre commanditaire pour l&rsquo;inscription, Offerland.<\/p>\n\n\n\n<figure class=\"wp-block-image aligncenter size-large is-resized\"><a href=\"https:\/\/www.offerland.ca\/\" target=\"_blank\" rel=\"noreferrer noopener\"><img loading=\"lazy\" decoding=\"async\" width=\"1024\" height=\"245\" src=\"https:\/\/www.aicanada.ca\/wp-content\/uploads\/Offerland-Logo-1024x245.png\" alt=\"\" class=\"wp-image-127842\" style=\"width:376px;height:auto\" srcset=\"https:\/\/www.aicanada.ca\/wp-content\/uploads\/Offerland-Logo-1024x245.png 1024w, https:\/\/www.aicanada.ca\/wp-content\/uploads\/Offerland-Logo-300x72.png 300w, https:\/\/www.aicanada.ca\/wp-content\/uploads\/Offerland-Logo-768x184.png 768w, https:\/\/www.aicanada.ca\/wp-content\/uploads\/Offerland-Logo-1536x367.png 1536w, https:\/\/www.aicanada.ca\/wp-content\/uploads\/Offerland-Logo-2048x490.png 2048w\" sizes=\"auto, (max-width: 1024px) 100vw, 1024px\" \/><\/a><\/figure>\n<\/div>\n<\/div>\n\n\n\n<div style=\"height:15px\" aria-hidden=\"true\" class=\"wp-block-spacer\"><\/div>\n\n\n\r\n<div class=\"mp-block-conference-sponsors mp-block clearfix align\">\r\n\r\n\t\r\n\t\t\r\n\t\t\t\r\n\t\t\t\r\n\t\t\t<h3 class=\"aic-conference-sponsors-heading blue-text underline-thin-grey\">\r\n\t\t\t\t\t\t\t\t\tCommanditaires du Congr\u00e8s de l\u2019ICE 2025\t\t\t\t\r\n\t\t\t\t\t\t\t\t\t<a href=\"https:\/\/site.pheedloop.com\/event\/EVEAGQZTLWDLB\/Apply#category\">\r\n\t\t\t\t\t\tBecome a sponsor <span class=\"icon icon-arrow-right2\"><\/span>\r\n\t\t\t\t\t<\/a>\r\n\t\t\t\t\t\t\t<\/h3>\r\n\r\n\t\t\t<div class=\"aic-conference-sponsors\">\r\n\r\n\t\t\t\t\r\n\t\t\t\t\t\t\t\t\t\t\t<div class=\"splide\">\r\n\t\t\t\t\t\t\t<div class=\"splide__track\">\r\n\t\t\t\t\t\t\t\t<ul class=\"splide__list\">\r\n\t\t\t\t\t\r\n\t\t\t\t\t\t\t\t\t\t\r\n\t\t\t\t\t\t\r\n\t\t\t\t\t\t\t\t\t\t\t\t\t<li class=\"splide__slide\">\r\n\t\t\t\t\t\t\r\n\t\t\t\t\t\t<div class=\"aic-sponsor-tier-title\">\r\n\t\t\t\t\t\t\tCommanditaires\t\t\t\t\t\t<\/div>\r\n\r\n\t\t\t\t\t\t\r\n\t\t\t\t\t\t\t\r\n\t\t\t\t\t\t\t\t\r\n\t\t\t\t\t\t\t\t\t\t\t\t\t\t\t\t\t<li class=\"splide__slide\">\r\n\t\t\t\t\t\t\t\t\r\n\t\t\t\t\t\t\t\t\t\t\t\t\t\t\t\t\t<a class=\"aic-sponsor\" href=\"https:\/\/www.altusgroup.com\/\" target=\"_blank\">\r\n\t\t\t\t\t\t\t\t\r\n\t\t\t\t\t\t\t\t\t<img decoding=\"async\" src=\"https:\/\/www.aicanada.ca\/wp-content\/uploads\/Altus.png\" alt=\"Image du commanditaire\" \/>\r\n\r\n\t\t\t\t\t\t\t\t\t\t\t\t\t\t\t\t\t<\/a>\r\n\t\t\t\t\t\t\t\t\r\n\t\t\t\t\t\t\t\t\t\t\t\t\t\t\t\t\t<\/li>\r\n\t\t\t\t\t\t\t\t\r\n\t\t\t\t\t\t\t\r\n\t\t\t\t\t\t\t\t\r\n\t\t\t\t\t\t\t\t\t\t\t\t\t\t\t\t\t<li class=\"splide__slide\">\r\n\t\t\t\t\t\t\t\t\r\n\t\t\t\t\t\t\t\t\t\t\t\t\t\t\t\t\t<a class=\"aic-sponsor\" href=\"https:\/\/www.avisonyoung.ca\/\" target=\"_blank\">\r\n\t\t\t\t\t\t\t\t\r\n\t\t\t\t\t\t\t\t\t<img decoding=\"async\" src=\"https:\/\/www.aicanada.ca\/wp-content\/uploads\/AY.png\" alt=\"Image du commanditaire\" \/>\r\n\r\n\t\t\t\t\t\t\t\t\t\t\t\t\t\t\t\t\t<\/a>\r\n\t\t\t\t\t\t\t\t\r\n\t\t\t\t\t\t\t\t\t\t\t\t\t\t\t\t\t<\/li>\r\n\t\t\t\t\t\t\t\t\r\n\t\t\t\t\t\t\t\r\n\t\t\t\t\t\t\t\t\r\n\t\t\t\t\t\t\t\t\t\t\t\t\t\t\t\t\t<li class=\"splide__slide\">\r\n\t\t\t\t\t\t\t\t\r\n\t\t\t\t\t\t\t\t\t\t\t\t\t\t\t\t\t<a class=\"aic-sponsor\" href=\"https:\/\/www.cbre.ca\/\" target=\"_blank\">\r\n\t\t\t\t\t\t\t\t\r\n\t\t\t\t\t\t\t\t\t<img decoding=\"async\" src=\"https:\/\/www.aicanada.ca\/wp-content\/uploads\/CBRE-1.png\" alt=\"Image du commanditaire\" \/>\r\n\r\n\t\t\t\t\t\t\t\t\t\t\t\t\t\t\t\t\t<\/a>\r\n\t\t\t\t\t\t\t\t\r\n\t\t\t\t\t\t\t\t\t\t\t\t\t\t\t\t\t<\/li>\r\n\t\t\t\t\t\t\t\t\r\n\t\t\t\t\t\t\t\r\n\t\t\t\t\t\t\t\t\r\n\t\t\t\t\t\t\t\t\t\t\t\t\t\t\t\t\t<li class=\"splide__slide\">\r\n\t\t\t\t\t\t\t\t\r\n\t\t\t\t\t\t\t\t\t\t\t\t\t\t\t\t\t<a class=\"aic-sponsor\" href=\"https:\/\/www.cagbc.org\/\" target=\"_blank\">\r\n\t\t\t\t\t\t\t\t\r\n\t\t\t\t\t\t\t\t\t<img decoding=\"async\" src=\"https:\/\/www.aicanada.ca\/wp-content\/uploads\/L_CAGBC_WRITTEN_RGB_CHARCOAL_E.png\" alt=\"Image du commanditaire\" \/>\r\n\r\n\t\t\t\t\t\t\t\t\t\t\t\t\t\t\t\t\t<\/a>\r\n\t\t\t\t\t\t\t\t\r\n\t\t\t\t\t\t\t\t\t\t\t\t\t\t\t\t\t<\/li>\r\n\t\t\t\t\t\t\t\t\r\n\t\t\t\t\t\t\t\r\n\t\t\t\t\t\t\t\t\r\n\t\t\t\t\t\t\t\t\t\t\t\t\t\t\t\t\t<li class=\"splide__slide\">\r\n\t\t\t\t\t\t\t\t\r\n\t\t\t\t\t\t\t\t\t\t\t\t\t\t\t\t\t<a class=\"aic-sponsor\" href=\"https:\/\/www.collierscanada.com\/en-ca\/canada\/cities\/ottawa\" target=\"_blank\">\r\n\t\t\t\t\t\t\t\t\r\n\t\t\t\t\t\t\t\t\t<img decoding=\"async\" src=\"https:\/\/www.aicanada.ca\/wp-content\/uploads\/Colliers.png\" alt=\"Image du commanditaire\" \/>\r\n\r\n\t\t\t\t\t\t\t\t\t\t\t\t\t\t\t\t\t<\/a>\r\n\t\t\t\t\t\t\t\t\r\n\t\t\t\t\t\t\t\t\t\t\t\t\t\t\t\t\t<\/li>\r\n\t\t\t\t\t\t\t\t\r\n\t\t\t\t\t\t\t\r\n\t\t\t\t\t\t\t\t\r\n\t\t\t\t\t\t\t\t\t\t\t\t\t\t\t\t\t<li class=\"splide__slide\">\r\n\t\t\t\t\t\t\t\t\r\n\t\t\t\t\t\t\t\t\t\t\t\t\t\t\t\t\t<div class=\"aic-sponsor\">\r\n\t\t\t\t\t\t\t\t\r\n\t\t\t\t\t\t\t\t\t<img decoding=\"async\" src=\"https:\/\/www.aicanada.ca\/wp-content\/uploads\/Kelman-1.png\" alt=\"Image du commanditaire\" \/>\r\n\r\n\t\t\t\t\t\t\t\t\t\t\t\t\t\t\t\t\t<\/div>\r\n\t\t\t\t\t\t\t\t\r\n\t\t\t\t\t\t\t\t\t\t\t\t\t\t\t\t\t<\/li>\r\n\t\t\t\t\t\t\t\t\r\n\t\t\t\t\t\t\t\r\n\t\t\t\t\t\t\t\t\r\n\t\t\t\t\t\t\t\t\t\t\t\t\t\t\t\t\t<li class=\"splide__slide\">\r\n\t\t\t\t\t\t\t\t\r\n\t\t\t\t\t\t\t\t\t\t\t\t\t\t\t\t\t<a class=\"aic-sponsor\" href=\"https:\/\/fct.ca\/\" target=\"_blank\">\r\n\t\t\t\t\t\t\t\t\r\n\t\t\t\t\t\t\t\t\t<img decoding=\"async\" src=\"https:\/\/www.aicanada.ca\/wp-content\/uploads\/FCT_Master_4C_E.png\" alt=\"Image du commanditaire\" \/>\r\n\r\n\t\t\t\t\t\t\t\t\t\t\t\t\t\t\t\t\t<\/a>\r\n\t\t\t\t\t\t\t\t\r\n\t\t\t\t\t\t\t\t\t\t\t\t\t\t\t\t\t<\/li>\r\n\t\t\t\t\t\t\t\t\r\n\t\t\t\t\t\t\t\r\n\t\t\t\t\t\t\t\t\r\n\t\t\t\t\t\t\t\t\t\t\t\t\t\t\t\t\t<li class=\"splide__slide\">\r\n\t\t\t\t\t\t\t\t\r\n\t\t\t\t\t\t\t\t\t\t\t\t\t\t\t\t\t<a class=\"aic-sponsor\" href=\"https:\/\/www.fnf.ca\/\" target=\"_blank\">\r\n\t\t\t\t\t\t\t\t\r\n\t\t\t\t\t\t\t\t\t<img decoding=\"async\" src=\"https:\/\/www.aicanada.ca\/wp-content\/uploads\/FNF.png\" alt=\"Image du commanditaire\" \/>\r\n\r\n\t\t\t\t\t\t\t\t\t\t\t\t\t\t\t\t\t<\/a>\r\n\t\t\t\t\t\t\t\t\r\n\t\t\t\t\t\t\t\t\t\t\t\t\t\t\t\t\t<\/li>\r\n\t\t\t\t\t\t\t\t\r\n\t\t\t\t\t\t\t\r\n\t\t\t\t\t\t\t\t\r\n\t\t\t\t\t\t\t\t\t\t\t\t\t\t\t\t\t<li class=\"splide__slide\">\r\n\t\t\t\t\t\t\t\t\r\n\t\t\t\t\t\t\t\t\t\t\t\t\t\t\t\t\t<a class=\"aic-sponsor\" href=\"https:\/\/www.hubinternational.com\/en-CA\/\" target=\"_blank\">\r\n\t\t\t\t\t\t\t\t\r\n\t\t\t\t\t\t\t\t\t<img decoding=\"async\" src=\"https:\/\/www.aicanada.ca\/wp-content\/uploads\/HUB.png\" alt=\"Image du commanditaire\" \/>\r\n\r\n\t\t\t\t\t\t\t\t\t\t\t\t\t\t\t\t\t<\/a>\r\n\t\t\t\t\t\t\t\t\r\n\t\t\t\t\t\t\t\t\t\t\t\t\t\t\t\t\t<\/li>\r\n\t\t\t\t\t\t\t\t\r\n\t\t\t\t\t\t\t\r\n\t\t\t\t\t\t\t\t\r\n\t\t\t\t\t\t\t\t\t\t\t\t\t\t\t\t\t<li class=\"splide__slide\">\r\n\t\t\t\t\t\t\t\t\r\n\t\t\t\t\t\t\t\t\t\t\t\t\t\t\t\t\t<a class=\"aic-sponsor\" href=\"https:\/\/topdogappraisal.com\/\" target=\"_blank\">\r\n\t\t\t\t\t\t\t\t\r\n\t\t\t\t\t\t\t\t\t<img decoding=\"async\" src=\"https:\/\/www.aicanada.ca\/wp-content\/uploads\/topdog-1.png\" alt=\"Image du commanditaire\" \/>\r\n\r\n\t\t\t\t\t\t\t\t\t\t\t\t\t\t\t\t\t<\/a>\r\n\t\t\t\t\t\t\t\t\r\n\t\t\t\t\t\t\t\t\t\t\t\t\t\t\t\t\t<\/li>\r\n\t\t\t\t\t\t\t\t\r\n\t\t\t\t\t\t\t\r\n\t\t\t\t\t\t\t\t\r\n\t\t\t\t\t\t\t\t\t\t\t\t\t\t\t\t\t<li class=\"splide__slide\">\r\n\t\t\t\t\t\t\t\t\r\n\t\t\t\t\t\t\t\t\t\t\t\t\t\t\t\t\t<a class=\"aic-sponsor\" href=\"https:\/\/offerland.ca\/\" target=\"_blank\">\r\n\t\t\t\t\t\t\t\t\r\n\t\t\t\t\t\t\t\t\t<img decoding=\"async\" src=\"https:\/\/www.aicanada.ca\/wp-content\/uploads\/OfferLand-1.png\" alt=\"Image du commanditaire\" \/>\r\n\r\n\t\t\t\t\t\t\t\t\t\t\t\t\t\t\t\t\t<\/a>\r\n\t\t\t\t\t\t\t\t\r\n\t\t\t\t\t\t\t\t\t\t\t\t\t\t\t\t\t<\/li>\r\n\t\t\t\t\t\t\t\t\r\n\t\t\t\t\t\t\t\r\n\t\t\t\t\t\t\t\t\r\n\t\t\t\t\t\t\t\t\t\t\t\t\t\t\t\t\t<li class=\"splide__slide\">\r\n\t\t\t\t\t\t\t\t\r\n\t\t\t\t\t\t\t\t\t\t\t\t\t\t\t\t\t<a class=\"aic-sponsor\" href=\"https:\/\/realpac.ca\/\" target=\"_blank\">\r\n\t\t\t\t\t\t\t\t\r\n\t\t\t\t\t\t\t\t\t<img decoding=\"async\" src=\"https:\/\/www.aicanada.ca\/wp-content\/uploads\/REALPAC_Logo_Grey_Dots-Col.png\" alt=\"Image du commanditaire\" \/>\r\n\r\n\t\t\t\t\t\t\t\t\t\t\t\t\t\t\t\t\t<\/a>\r\n\t\t\t\t\t\t\t\t\r\n\t\t\t\t\t\t\t\t\t\t\t\t\t\t\t\t\t<\/li>\r\n\t\t\t\t\t\t\t\t\r\n\t\t\t\t\t\t\t\r\n\t\t\t\t\t\t\t\t\r\n\t\t\t\t\t\t\t\t\t\t\t\t\t\t\t\t\t<li class=\"splide__slide\">\r\n\t\t\t\t\t\t\t\t\r\n\t\t\t\t\t\t\t\t\t\t\t\t\t\t\t\t\t<a class=\"aic-sponsor\" href=\"https:\/\/rsmcanada.com\/\" target=\"_blank\">\r\n\t\t\t\t\t\t\t\t\r\n\t\t\t\t\t\t\t\t\t<img decoding=\"async\" src=\"https:\/\/www.aicanada.ca\/wp-content\/uploads\/RSM.png\" alt=\"Image du commanditaire\" \/>\r\n\r\n\t\t\t\t\t\t\t\t\t\t\t\t\t\t\t\t\t<\/a>\r\n\t\t\t\t\t\t\t\t\r\n\t\t\t\t\t\t\t\t\t\t\t\t\t\t\t\t\t<\/li>\r\n\t\t\t\t\t\t\t\t\r\n\t\t\t\t\t\t\t\r\n\t\t\t\t\t\t\t\t\r\n\t\t\t\t\t\t\t\t\t\t\t\t\t\t\t\t\t<li class=\"splide__slide\">\r\n\t\t\t\t\t\t\t\t\r\n\t\t\t\t\t\t\t\t\t\t\t\t\t\t\t\t\t<a class=\"aic-sponsor\" href=\"https:\/\/www.rpsrealsolutions.com\/\" target=\"_blank\">\r\n\t\t\t\t\t\t\t\t\r\n\t\t\t\t\t\t\t\t\t<img decoding=\"async\" src=\"https:\/\/www.aicanada.ca\/wp-content\/uploads\/RPS-eng-tagline.png\" alt=\"Image du commanditaire\" \/>\r\n\r\n\t\t\t\t\t\t\t\t\t\t\t\t\t\t\t\t\t<\/a>\r\n\t\t\t\t\t\t\t\t\r\n\t\t\t\t\t\t\t\t\t\t\t\t\t\t\t\t\t<\/li>\r\n\t\t\t\t\t\t\t\t\r\n\t\t\t\t\t\t\t\r\n\t\t\t\t\t\t\t\t\r\n\t\t\t\t\t\t\t\t\t\t\t\t\t\t\t\t\t<li class=\"splide__slide\">\r\n\t\t\t\t\t\t\t\t\r\n\t\t\t\t\t\t\t\t\t\t\t\t\t\t\t\t\t<a class=\"aic-sponsor\" href=\"https:\/\/www.solidifi.ca\/\" target=\"_blank\">\r\n\t\t\t\t\t\t\t\t\r\n\t\t\t\t\t\t\t\t\t<img decoding=\"async\" src=\"https:\/\/www.aicanada.ca\/wp-content\/uploads\/solidifi_logo_BLUE.png\" alt=\"Image du commanditaire\" \/>\r\n\r\n\t\t\t\t\t\t\t\t\t\t\t\t\t\t\t\t\t<\/a>\r\n\t\t\t\t\t\t\t\t\r\n\t\t\t\t\t\t\t\t\t\t\t\t\t\t\t\t\t<\/li>\r\n\t\t\t\t\t\t\t\t\r\n\t\t\t\t\t\t\t\r\n\t\t\t\t\t\t\t\t\r\n\t\t\t\t\t\t\t\t\t\t\t\t\t\t\t\t\t<li class=\"splide__slide\">\r\n\t\t\t\t\t\t\t\t\r\n\t\t\t\t\t\t\t\t\t\t\t\t\t\t\t\t\t<div class=\"aic-sponsor\">\r\n\t\t\t\t\t\t\t\t\r\n\t\t\t\t\t\t\t\t\t<img decoding=\"async\" src=\"\" alt=\"Image du commanditaire\" \/>\r\n\r\n\t\t\t\t\t\t\t\t\t\t\t\t\t\t\t\t\t<\/div>\r\n\t\t\t\t\t\t\t\t\r\n\t\t\t\t\t\t\t\t\t\t\t\t\t\t\t\t\t<\/li>\r\n\t\t\t\t\t\t\t\t\r\n\t\t\t\t\t\t\t\r\n\t\t\t\t\t\t\t\t\r\n\t\t\t\t\t\t\t\t\t\t\t\t\t\t\t\t\t<li class=\"splide__slide\">\r\n\t\t\t\t\t\t\t\t\r\n\t\t\t\t\t\t\t\t\t\t\t\t\t\t\t\t\t<a class=\"aic-sponsor\" href=\"https:\/\/www.ulaval.ca\/\" target=\"_blank\">\r\n\t\t\t\t\t\t\t\t\r\n\t\t\t\t\t\t\t\t\t<img decoding=\"async\" src=\"https:\/\/www.aicanada.ca\/wp-content\/uploads\/UL_FSA_DFAI_C_d.jpeg\" alt=\"Image du commanditaire\" \/>\r\n\r\n\t\t\t\t\t\t\t\t\t\t\t\t\t\t\t\t\t<\/a>\r\n\t\t\t\t\t\t\t\t\r\n\t\t\t\t\t\t\t\t\t\t\t\t\t\t\t\t\t<\/li>\r\n\t\t\t\t\t\t\t\t\r\n\t\t\t\t\t\t\t\r\n\t\t\t\t\t\t\t\t\r\n\t\t\t\t\t\t\t\t\t\t\t\t\t\t\t\t\t<li class=\"splide__slide\">\r\n\t\t\t\t\t\t\t\t\r\n\t\t\t\t\t\t\t\t\t\t\t\t\t\t\t\t\t<a class=\"aic-sponsor\" href=\"https:\/\/www.nationwideappraisals.com\/NAS\/\" target=\"_blank\">\r\n\t\t\t\t\t\t\t\t\r\n\t\t\t\t\t\t\t\t\t<img decoding=\"async\" src=\"https:\/\/www.aicanada.ca\/wp-content\/uploads\/NAS-Logo-Horiz-RGB-13.png\" alt=\"Image du commanditaire\" \/>\r\n\r\n\t\t\t\t\t\t\t\t\t\t\t\t\t\t\t\t\t<\/a>\r\n\t\t\t\t\t\t\t\t\r\n\t\t\t\t\t\t\t\t\t\t\t\t\t\t\t\t\t<\/li>\r\n\t\t\t\t\t\t\t\t\r\n\t\t\t\t\t\t\t\r\n\t\t\t\t\t\t\t\t\r\n\t\t\t\t\t\t\t\t\t\t\t\t\t\t\t\t\t<li class=\"splide__slide\">\r\n\t\t\t\t\t\t\t\t\r\n\t\t\t\t\t\t\t\t\t\t\t\t\t\t\t\t\t<a class=\"aic-sponsor\" href=\"https:\/\/www.sauder.ubc.ca\/\" target=\"_blank\">\r\n\t\t\t\t\t\t\t\t\r\n\t\t\t\t\t\t\t\t\t<img decoding=\"async\" src=\"https:\/\/www.aicanada.ca\/wp-content\/uploads\/UBC-1.png\" alt=\"Image du commanditaire\" \/>\r\n\r\n\t\t\t\t\t\t\t\t\t\t\t\t\t\t\t\t\t<\/a>\r\n\t\t\t\t\t\t\t\t\r\n\t\t\t\t\t\t\t\t\t\t\t\t\t\t\t\t\t<\/li>\r\n\t\t\t\t\t\t\t\t\r\n\t\t\t\t\t\t\t\r\n\t\t\t\t\t\t\t\t\r\n\t\t\t\t\t\t\t\t\t\t\t\t\t\t\t\t\t<li class=\"splide__slide\">\r\n\t\t\t\t\t\t\t\t\r\n\t\t\t\t\t\t\t\t\t\t\t\t\t\t\t\t\t<a class=\"aic-sponsor\" href=\"https:\/\/www.ulaval.ca\/\" target=\"_blank\">\r\n\t\t\t\t\t\t\t\t\r\n\t\t\t\t\t\t\t\t\t<img decoding=\"async\" src=\"https:\/\/www.aicanada.ca\/wp-content\/uploads\/UL_FSA_DFAI_C_d-1.jpeg\" alt=\"Image du commanditaire\" \/>\r\n\r\n\t\t\t\t\t\t\t\t\t\t\t\t\t\t\t\t\t<\/a>\r\n\t\t\t\t\t\t\t\t\r\n\t\t\t\t\t\t\t\t\t\t\t\t\t\t\t\t\t<\/li>\r\n\t\t\t\t\t\t\t\t\r\n\t\t\t\t\t\t\t\r\n\t\t\t\t\t\t\t\t\r\n\t\t\t\t\t\t\t\t\t\t\t\t\t\t\t\t\t<li class=\"splide__slide\">\r\n\t\t\t\t\t\t\t\t\r\n\t\t\t\t\t\t\t\t\t\t\t\t\t\t\t\t\t<a class=\"aic-sponsor\" href=\"https:\/\/www.trisura.com\/investors\/\" target=\"_blank\">\r\n\t\t\t\t\t\t\t\t\r\n\t\t\t\t\t\t\t\t\t<img decoding=\"async\" src=\"https:\/\/www.aicanada.ca\/wp-content\/uploads\/Trisura-1.png\" alt=\"Image du commanditaire\" \/>\r\n\r\n\t\t\t\t\t\t\t\t\t\t\t\t\t\t\t\t\t<\/a>\r\n\t\t\t\t\t\t\t\t\r\n\t\t\t\t\t\t\t\t\t\t\t\t\t\t\t\t\t<\/li>\r\n\t\t\t\t\t\t\t\t\r\n\t\t\t\t\t\t\t\r\n\t\t\t\t\t\t\t\t\r\n\t\t\t\t\t\t\t\t\t\t\t\t\t\t\t\t\t<li class=\"splide__slide\">\r\n\t\t\t\t\t\t\t\t\r\n\t\t\t\t\t\t\t\t\t\t\t\t\t\t\t\t\t<a class=\"aic-sponsor\" href=\"https:\/\/www.verragroupvaluation.com\/\" target=\"_blank\">\r\n\t\t\t\t\t\t\t\t\r\n\t\t\t\t\t\t\t\t\t<img decoding=\"async\" src=\"https:\/\/www.aicanada.ca\/wp-content\/uploads\/VerraGroup-scaled.jpg\" alt=\"Image du commanditaire\" \/>\r\n\r\n\t\t\t\t\t\t\t\t\t\t\t\t\t\t\t\t\t<\/a>\r\n\t\t\t\t\t\t\t\t\r\n\t\t\t\t\t\t\t\t\t\t\t\t\t\t\t\t\t<\/li>\r\n\t\t\t\t\t\t\t\t\r\n\t\t\t\t\t\t\t\r\n\t\t\t\t\t\t\r\n\t\t\t\t\t\t\t\t\t\t\t\t\t<\/li>\r\n\t\t\t\t\t\t\r\n\t\t\t\t\t\r\n\t\t\t\t\t\t\t\t\t\t\t\t\t<\/ul>\r\n\t\t\t\t\t\t\t<\/div>\r\n\t\t\t\t\t\t<\/div>\r\n\t\t\t\t\t\r\n\t\t\t\t\r\n\t\t\t<\/div>\r\n\r\n\t\t\r\n\t\r\n<\/div>","protected":false},"excerpt":{"rendered":"<p>H\u00c9BERGEMENT ET LIEU DU CONGR\u00c8S LIEU DU CONGR\u00c8S Le congr\u00e8s national de l\u2019ICE 2023 se tiendra au Prince Edward Island Convention Centre (Centre des congr\u00e8s<\/p>\n","protected":false},"author":4,"featured_media":0,"parent":125456,"menu_order":1,"comment_status":"closed","ping_status":"closed","template":"","meta":{"_acf_changed":false,"_relevanssi_hide_post":"","_relevanssi_hide_content":"","_relevanssi_pin_for_all":"","_relevanssi_pin_keywords":"","_relevanssi_unpin_keywords":"","_relevanssi_related_keywords":"","_relevanssi_related_include_ids":"","_relevanssi_related_exclude_ids":"","_relevanssi_related_no_append":"","_relevanssi_related_not_related":"","_relevanssi_related_posts":"","_relevanssi_noindex_reason":"","_lmt_disableupdate":"no","_lmt_disable":"","footnotes":""},"class_list":["post-40674","page","type-page","status-publish","hentry"],"acf":[],"_links":{"self":[{"href":"https:\/\/www.aicanada.ca\/fr\/wp-json\/wp\/v2\/pages\/40674","targetHints":{"allow":["GET"]}}],"collection":[{"href":"https:\/\/www.aicanada.ca\/fr\/wp-json\/wp\/v2\/pages"}],"about":[{"href":"https:\/\/www.aicanada.ca\/fr\/wp-json\/wp\/v2\/types\/page"}],"author":[{"embeddable":true,"href":"https:\/\/www.aicanada.ca\/fr\/wp-json\/wp\/v2\/users\/4"}],"replies":[{"embeddable":true,"href":"https:\/\/www.aicanada.ca\/fr\/wp-json\/wp\/v2\/comments?post=40674"}],"version-history":[{"count":15,"href":"https:\/\/www.aicanada.ca\/fr\/wp-json\/wp\/v2\/pages\/40674\/revisions"}],"predecessor-version":[{"id":133507,"href":"https:\/\/www.aicanada.ca\/fr\/wp-json\/wp\/v2\/pages\/40674\/revisions\/133507"}],"up":[{"embeddable":true,"href":"https:\/\/www.aicanada.ca\/fr\/wp-json\/wp\/v2\/pages\/125456"}],"wp:attachment":[{"href":"https:\/\/www.aicanada.ca\/fr\/wp-json\/wp\/v2\/media?parent=40674"}],"curies":[{"name":"wp","href":"https:\/\/api.w.org\/{rel}","templated":true}]}}