{"id":50930,"date":"2017-11-17T09:46:28","date_gmt":"2017-11-17T14:46:28","guid":{"rendered":"https:\/\/www.aicanada.ca\/?page_id=50930"},"modified":"2025-10-31T18:10:51","modified_gmt":"2025-10-31T22:10:51","slug":"pourquoi-devenir-un-evaluateur","status":"publish","type":"page","link":"https:\/\/www.aicanada.ca\/fr\/devenir-un-evaluateur\/pourquoi-devenir-un-evaluateur\/","title":{"rendered":"Pourquoi devenir un \u00e9valuateur professionnel"},"content":{"rendered":"\n<hr class=\"wp-block-separator has-text-color has-light-grey-color has-css-opacity has-light-grey-background-color has-background is-style-wide\"\/>\n\n\n\n<h2 class=\"wp-block-heading has-text-align-center has-navy-blue-color has-text-color has-link-color wp-elements-166db95b79d7103a825db16237560a2a\" style=\"text-transform:uppercase\"><strong>Les trois raisons principales d\u2019obtenir une d\u00e9signation d\u2019\u00e9valuateur professionnel (\u00c9. Pro.)<\/strong><\/h2>\n\n\n\n<details class=\"wp-block-details is-style-aic-grey-border-details is-layout-flow wp-block-details-is-layout-flow\"><summary>1) UNE PROFESSION ENRICHISSANTE<\/summary>\n<p><strong>DEMANDE DE SERVICES D\u2019\u00c9VALUATION<\/strong><\/p>\n\n\n\n<p>Il existe une <strong>demande importante<\/strong> de services d\u2019\u00e9valuation au Canada ! La profession d\u2019\u00e9valuateur a vu un grand nombre de retraites depuis quelques ann\u00e9es (situation qui se poursuivra dans un proche avenir, comme dans tant d\u2019autres secteurs), et l\u2019on a besoin de jeunes professionnels brillants pour aider \u00e0 faire cro\u00eetre la profession et \u00e0 r\u00e9pondre aux demandes des consommateurs et des clients.<\/p>\n\n\n\n<p>&nbsp;<\/p>\n\n\n\n<p><strong>REVENU CONCURRENTIEL<\/strong><\/p>\n\n\n\n<p><strong>Gagnez plus que les gens qui n\u2019ont pas de d\u00e9signation professionnelle. <\/strong>Les \u00e9valuateurs professionnels de l\u2019ICE sont des sp\u00e9cialistes dans leur domaine, avec des connaissances et des exp\u00e9riences \u00e9prouv\u00e9es \u2013menant toutes \u00e0 un plus grand potentiel salarial !<\/p>\n\n\n\n<p>Une d\u00e9signation professionnelle augmente \u00e9galement votre commercialit\u00e9 et multiplie vos opportunit\u00e9s par rapport \u00e0 quelqu\u2019un qui n\u2019a peut-\u00eatre pas de d\u00e9signation professionnelle.<\/p>\n\n\n\n<p>&nbsp;<\/p>\n\n\n\n<p><em>En 2018, le revenu net moyen des membres de l\u2019ICE \u00e9tait de 90&nbsp;000 $, alors que les membres ayant plus d\u2019exp\u00e9rience peuvent toucher un revenu d\u00e9passant les 100&nbsp;000 $ par ann\u00e9e.<\/em><\/p>\n\n\n\n<p><em>*Les chiffres seront mis \u00e0 jour tr\u00e8s bient\u00f4t.<\/em><\/p>\n<\/details>\n\n\n\n<details class=\"wp-block-details is-style-aic-grey-border-details is-layout-flow wp-block-details-is-layout-flow\"><summary>2) DE LA FLEXIBILIT\u00c9<\/summary>\n<p><strong>D\u00c9CIDEZ DE VOTRE VOIE MENANT \u00c0 LA D\u00c9SIGNATION<\/strong><\/p>\n\n\n\n<p><strong>Obtenez votre d\u00e9signation \u00e0 votre propre rythme, en ligne ou en personne. <\/strong>Devenir un \u00e9valuateur professionnel de l\u2019ICE offre une grande flexibilit\u00e9 dans l\u2019accomplissement de vos exigences d\u2019\u00e9ducation et dans la livraison des mati\u00e8res du cours. Cela signifie que vous pouvez devenir un \u00e9valuateur professionnel comme deuxi\u00e8me carri\u00e8re ou en \u00e9levant une famille.<\/p>\n\n\n\n<p>Les exigences de d\u00e9signation de l\u2019ICE sont livr\u00e9es en anglais par la <a href=\"https:\/\/www.sauder.ubc.ca\/programs\/real-estate\">Sauder School of Business de l\u2019Universit\u00e9 de la Colombie-Britannique<\/a> et en fran\u00e7ais par l\u2019<a href=\"https:\/\/www.ulaval.ca\/formationcontinue\/formations\">Universit\u00e9 Laval<\/a>.<\/p>\n\n\n\n<p><em>Le stagiaire prend en moyenne de 3 \u00e0 5 ans d\u2019\u00e9ducation et d\u2019exp\u00e9rience pour acqu\u00e9rir sa d\u00e9signation d\u2019\u00e9valuateur professionnel de l\u2019ICE (CRA ou AACI). Un membre stagiaire travaille habituellement comme \u00e9valuateur en formation et prend des cours en m\u00eame temps. Bien s\u00fbr, cela d\u00e9pend du temps que vous consacrez \u00e0 l\u2019obtention de votre d\u00e9signation professionnelle.<\/em><\/p>\n\n\n\n<p>&nbsp;<\/p>\n\n\n\n<p><strong>PLANIFIEZ VOTRE PROPRE \u00c9CH\u00c9ANCIER<\/strong><\/p>\n\n\n\n<p><strong>Travaillez o\u00f9 et quand vous voulez au Canada. <\/strong>En tant qu\u2019\u00e9valuateur professionnel, vous avez le loisir de travailler dans la province ou le territoire canadien\/ne de votre choix, au rythme qui vous convient, que vous recherchiez un juste \u00e9quilibre entre travail et vie, l\u2019ind\u00e9pendance d\u2019accepter le type de contrat de service qui vous int\u00e9resse, et plus encore. Essentiellement, cette profession vous donne la flexibilit\u00e9 de choisir le cheminement de carri\u00e8re, la structure et la charge de travail qui convient le mieux \u00e0 votre style de vie et \u00e0 vos priorit\u00e9s.<\/p>\n\n\n\n<p>&nbsp;<\/p>\n\n\n\n<p><strong>PROFITEZ D\u2019UNE VARI\u00c9T\u00c9 DE PERSPECTIVES D\u2019EMPLOI<\/strong><\/p>\n\n\n\n<p><strong>R\u00e9alisez une vaste gamme de contrats de service d\u2019\u00e9valuation pour des clients tr\u00e8s diversifi\u00e9s. <\/strong>Comme \u00e9valuateur professionnel, vous pouvez fournir des services d\u2019\u00e9valuation pour tous les types de biens immobiliers tels propri\u00e9t\u00e9s r\u00e9sidentielles, immeubles commerciaux, institutions, r\u00e9gions riches en ressources naturelles, installations \u00e0 vocation sp\u00e9cialis\u00e9e et propri\u00e9t\u00e9 personnelle (c.-\u00e0-d. machinerie et \u00e9quipement).<\/p>\n\n\n\n<p>Vous pouvez m\u00eame jouer un r\u00f4le important dans les revendications territoriales autochtones, la d\u00e9termination de l\u2019utilisation de terres \u00e0 am\u00e9nager ou l\u2019\u00e9valuation de r\u00e9novations \u00e9cologiques&nbsp;!<\/p>\n\n\n\n<p>Certaines perspectives d\u2019emploi des \u00e9valuateurs professionnels comprennent :<\/p>\n\n\n\n<ul class=\"wp-block-list\">\n<li><strong>Immobilier commercial <\/strong>pour des firmes comme Altus, CBRE, Colliers, Avison Young et Cushman &amp; Wakefield, ainsi que des compagnies d\u2019assurance et des banques<\/li>\n\n\n\n<li><strong>Gouvernements employeurs <\/strong>tels les services de planification municipale\/zonage et agences d\u2019\u00e9valuation comme BC Assessment, la Soci\u00e9t\u00e9 d\u2019\u00e9valuation fonci\u00e8re des municipalit\u00e9s (SEFM) et les autorit\u00e9s gouvernementales comme le minist\u00e8re des Transports<\/li>\n\n\n\n<li><strong>Institutions financi\u00e8res <\/strong>telles la Banque Royale du Canada, TD Canada Trust et la banque CIBC<\/li>\n\n\n\n<li><strong>Assureurs hypoth\u00e9caires <\/strong>comme la Soci\u00e9t\u00e9 canadienne d\u2019hypoth\u00e8ques et de logement (SCHL), Sagen et Canada Guaranty<\/li>\n\n\n\n<li><strong>Soci\u00e9t\u00e9s de gestion en \u00e9valuation<\/strong><\/li>\n\n\n\n<li><strong>Compagnies de service public <\/strong>comme Hydro One et Manitoba Hydro<\/li>\n\n\n\n<li><strong>Employeurs du gouvernement f\u00e9d\u00e9ral <\/strong>tels Services publics et Approvisionnement Canada (SPAC) et l\u2019Agence du revenu du Canada ARC)<\/li>\n<\/ul>\n\n\n\n<p><em>Devenir un \u00e9valuateur professionnel de l\u2019ICE ouvre des portes dans tout le secteur immobilier et vous lance dans un sentier de carri\u00e8re des plus enrichissants, tant sur le plan personnel que professionnel.<\/em><\/p>\n<\/details>\n\n\n\n<details class=\"wp-block-details is-style-aic-grey-border-details is-layout-flow wp-block-details-is-layout-flow\" style=\"margin-bottom:var(--wp--preset--spacing--50)\"><summary>3) L\u2019OBTENTION D\u2019UNE D\u00c9SIGNATION PROFESSIONNELLE<\/summary>\n<p><strong>CR\u00c9DIBLE<\/strong><\/p>\n\n\n\n<p><strong>B\u00e9n\u00e9ficiez d\u2019une marque reconnue de qualit\u00e9 et de professionnalisme.<\/strong> Les d\u00e9signations de l\u2019ICE sont reconnues dans le monde entier.<\/p>\n\n\n\n<p>Le sceau \u00c9. Pro. \u2013 <em>\u00c9valuateur professionnel<\/em>&nbsp;et les d\u00e9signations l\u2019accompagnant, soit Accredited Appraiser Canadian Institute \u2013 AACI [<em>\u00c9valuateur accr\u00e9dit\u00e9 de l\u2019Institut canadien<\/em>] ou Canadian Residential Appraiser \u2013 CRA [<em>\u00c9valuateur r\u00e9sidentiel canadien<\/em>] sont la garantie d\u2019une \u00e9ducation, d\u2019une exp\u00e9rience et d\u2019un professionnalisme exceptionnels des gens qui les poss\u00e8dent.<\/p>\n\n\n\n<p>&nbsp;<\/p>\n\n\n\n<p><strong>AUTORIS\u00c9E<\/strong><\/p>\n\n\n\n<p><strong>Autoris\u00e9 par la loi au Canada. <\/strong>La d\u00e9signation d\u2019\u00e9valuateur professionnel de l\u2019ICE (CRA ou AACI) est requise par diverses l\u00e9gislations et r\u00e8glements f\u00e9d\u00e9raux, provinciaux et municipaux \u00e0 travers le pays et sp\u00e9cifi\u00e9e comme une exigence n\u00e9cessaire par les institutions et les professionnels de l\u2019industrie (banques, assurances, avocats, agents d\u2019immeubles et courtiers hypoth\u00e9caires, parmi tant d\u2019autres). Les exigences d\u00e9crivant le travail des \u00e9valuateurs professionnels de l\u2019ICE les aident \u00e0 d\u00e9velopper leurs affaires, \u00e0 rester au fait des tendances et changements dans l\u2019industrie, \u00e0 recevoir d\u2019importantes connaissances et \u00e0 exceller dans leur champ d\u2019activit\u00e9.<\/p>\n\n\n\n<p>L\u2019ICE est reconnu par les professionnels du gouvernement et de l\u2019industrie comme l\u2019association d\u2019\u00e9valuation de premier plan au Canada et, encore une fois, cela permet aux \u00e9valuateurs professionnels d\u2019exceller dans ce qu\u2019ils font.<\/p>\n\n\n\n<p>&nbsp;<\/p>\n\n\n\n<p><strong>RECONNUE<\/strong><\/p>\n\n\n\n<p><strong>Recevez la reconnaissance imm\u00e9diate de tous les intervenants de l\u2019industrie. <\/strong>Les \u00e9valuateurs professionnels de l\u2019ICE sont tr\u00e8s respect\u00e9s et recherch\u00e9s par&nbsp;:<\/p>\n\n\n\n<ul class=\"wp-block-list\">\n<li>investisseurs,<\/li>\n\n\n\n<li>gestionnaires immobiliers et conseils de condominiums,<\/li>\n\n\n\n<li>comptables,<\/li>\n\n\n\n<li>institutions financi\u00e8res,<\/li>\n\n\n\n<li>assureurs,<\/li>\n\n\n\n<li>tribunaux,<\/li>\n\n\n\n<li>tous les ordres de gouvernement,<\/li>\n\n\n\n<li>soci\u00e9t\u00e9s de gestion en \u00e9valuation, et<\/li>\n\n\n\n<li>professionnels du secteur priv\u00e9, pour ne nommer que ceux-l\u00e0.<\/li>\n<\/ul>\n\n\n\n<p>L\u2019ICE est reconnu par les professionnels du gouvernement et de l\u2019industrie comme l\u2019association d\u2019\u00e9valuation de premier plan au Canada. <em>L\u2019\u00e9valuateur professionnel de l\u2019ICE est un professionnel de l\u2019\u00e9valuation de premier choix au pays.<\/em><\/p>\n\n\n\n<p>&nbsp;<\/p>\n\n\n\n<p><strong>APPRENTISSAGE CONTINU<\/strong><\/p>\n\n\n\n<p><strong>Am\u00e9liorez vos comp\u00e9tences et votre expertise. <\/strong>Tous les \u00e9valuateurs professionnels de l\u2019ICE ont acc\u00e8s \u00e0 des opportunit\u00e9s d\u2019apprentissage continu exclusives. Tout au long de leur carri\u00e8re, ces cours, s\u00e9minaires et congr\u00e8s donnent \u00e0 nos membres une longueur d\u2019avance pour conna\u00eetre les plus r\u00e9centes tendances de l\u2019\u00e9valuation et de l\u2019immobilier afin qu\u2019ils puissent rester \u00e0 l\u2019avant-garde de la profession.<\/p>\n\n\n\n<p><em>Les \u00e9valuateurs professionnels de l\u2019ICE doivent accumuler 24 cr\u00e9dits de perfectionnement professionnel continu \u00e0 chaque p\u00e9riode de deux ans pour assurer leur progr\u00e8s constant dans le domaine.<\/em><\/p>\n<\/details>\n\n\n\n<div class=\"wp-block-columns is-layout-flex wp-container-core-columns-is-layout-28f84493 wp-block-columns-is-layout-flex\">\n<div class=\"wp-block-column is-layout-flow wp-block-column-is-layout-flow\">\n<div class=\"wp-block-cover has-custom-content-position is-position-top-left flex-cover\" style=\"padding-top:var(--wp--preset--spacing--80);padding-right:var(--wp--preset--spacing--30);padding-bottom:var(--wp--preset--spacing--80);padding-left:var(--wp--preset--spacing--30);min-height:100%;;aspect-ratio:unset;display:table\"><img loading=\"lazy\" decoding=\"async\" width=\"380\" height=\"340\" class=\"wp-block-cover__image-background wp-image-59259 size-full\" alt=\"\" src=\"https:\/\/www.aicanada.ca\/wp-content\/uploads\/computer.jpg\" data-object-fit=\"cover\" srcset=\"https:\/\/www.aicanada.ca\/wp-content\/uploads\/computer.jpg 380w, https:\/\/www.aicanada.ca\/wp-content\/uploads\/computer-300x268.jpg 300w\" sizes=\"auto, (max-width: 380px) 100vw, 380px\" \/><span aria-hidden=\"true\" class=\"wp-block-cover__background has-navy-blue-background-color has-background-dim-90 has-background-dim\"><\/span><div class=\"wp-block-cover__inner-container is-layout-flow wp-block-cover-is-layout-flow\">\n<p class=\"has-text-align-left has-medium-font-size\" style=\"line-height:1.2;text-transform:uppercase\"><strong>ICE 101: Introduction \u00e0 la profession d&rsquo;\u00e9valuateur<\/strong><\/p>\n\n\n\n<p><strong>Int\u00e9ress\u00e9 et vous voulez en savoir plus sur la profession? Enregistrez-vous pour&nbsp;ICE&nbsp;101.<\/strong><\/p>\n\n\n\n<div class=\"wp-block-group flex-fill d-flex align-items-end is-content-justification-left is-layout-constrained wp-container-core-group-is-layout-12dd3699 wp-block-group-is-layout-constrained\">\n<p class=\"has-white-color has-text-color has-link-color has-small-font-size wp-elements-ab1e4bf7120bd9d8d39349d559957660\" style=\"border-bottom-color:var(--wp--preset--color--white);border-bottom-width:1px;padding-bottom:var(--wp--preset--spacing--20);line-height:1.2;text-transform:none\"><strong><a href=\"https:\/\/www.aicanada.ca\/fr\/evenements-aic\/ice-101-introduction-a-la-profession-devaluateur\/\">Cliquez ici<\/a><\/strong><\/p>\n<\/div>\n<\/div><\/div>\n<\/div>\n\n\n\n<div class=\"wp-block-column is-layout-flow wp-block-column-is-layout-flow\">\n<div class=\"wp-block-cover has-custom-content-position is-position-top-left flex-cover\" style=\"padding-top:var(--wp--preset--spacing--80);padding-right:var(--wp--preset--spacing--30);padding-bottom:var(--wp--preset--spacing--80);padding-left:var(--wp--preset--spacing--30);min-height:100%;;aspect-ratio:unset;display:table\"><img loading=\"lazy\" decoding=\"async\" width=\"1451\" height=\"967\" class=\"wp-block-cover__image-background wp-image-89922 size-full\" alt=\"\" src=\"https:\/\/www.aicanada.ca\/wp-content\/uploads\/Women-in-appraising-8-_IAN9329lo-res-copy.jpg\" data-object-fit=\"cover\"\/><span aria-hidden=\"true\" class=\"wp-block-cover__background has-green-background-color has-background-dim-90 has-background-dim\"><\/span><div class=\"wp-block-cover__inner-container is-layout-flow wp-block-cover-is-layout-flow\">\n<p class=\"has-text-align-left has-medium-font-size\" style=\"line-height:1.2;text-transform:uppercase\"><strong>Que font les \u00e9valuateurs<\/strong><\/p>\n\n\n\n<p><strong>Vous n\u2019\u00eates pas trop certain sur ce que&nbsp;font&nbsp;les&nbsp;\u00e9valuateurs?<\/strong><\/p>\n\n\n\n<div class=\"wp-block-group flex-fill d-flex align-items-end is-content-justification-left is-layout-constrained wp-container-core-group-is-layout-12dd3699 wp-block-group-is-layout-constrained\">\n<p class=\"has-white-color has-text-color has-link-color has-small-font-size wp-elements-305f381e304a3328a3d83658b73f62d1\" style=\"border-bottom-color:var(--wp--preset--color--white);border-bottom-width:1px;padding-bottom:var(--wp--preset--spacing--20);line-height:1.2;text-transform:none\"><strong><a href=\"https:\/\/www.aicanada.ca\/fr\/need-an-appraiser\/ce-que-font-les-evaluateurs\/\">Cliquez ici<\/a><\/strong><\/p>\n<\/div>\n<\/div><\/div>\n<\/div>\n\n\n\n<div class=\"wp-block-column is-layout-flow wp-block-column-is-layout-flow\">\n<div class=\"wp-block-cover has-custom-content-position is-position-top-left flex-cover\" style=\"padding-top:var(--wp--preset--spacing--80);padding-right:var(--wp--preset--spacing--30);padding-bottom:var(--wp--preset--spacing--80);padding-left:var(--wp--preset--spacing--30);min-height:100%;;aspect-ratio:unset;display:table\"><img loading=\"lazy\" decoding=\"async\" width=\"1024\" height=\"1024\" class=\"wp-block-cover__image-background wp-image-116828 size-large\" alt=\"\" src=\"https:\/\/www.aicanada.ca\/wp-content\/uploads\/Untitled-design-3-1024x1024.jpg\" style=\"object-position:50% 0%\" data-object-fit=\"cover\" data-object-position=\"50% 0%\"\/><span aria-hidden=\"true\" class=\"wp-block-cover__background has-dark-grey-background-color has-background-dim-90 has-background-dim\"><\/span><div class=\"wp-block-cover__inner-container is-layout-flow wp-block-cover-is-layout-flow\">\n<p class=\"has-text-align-left has-medium-font-size\" style=\"line-height:1.2;text-transform:uppercase\"><strong>Choisissez votre chemin vers&nbsp;la&nbsp;d\u00e9signation<\/strong><\/p>\n\n\n\n<p><strong>Trouvez la voie qui correspond \u00e0 vos r\u00e9alit\u00e9s.<\/strong><\/p>\n\n\n\n<div class=\"wp-block-group flex-fill d-flex align-items-end is-content-justification-left is-layout-constrained wp-container-core-group-is-layout-12dd3699 wp-block-group-is-layout-constrained\">\n<p class=\"has-white-color has-text-color has-link-color has-small-font-size wp-elements-e1459cfc156e31d719511aeb9eca6b7f\" style=\"border-bottom-color:var(--wp--preset--color--white);border-bottom-width:1px;padding-bottom:var(--wp--preset--spacing--20);line-height:1.2;text-transform:none\"><strong><a href=\"https:\/\/www.aicanada.ca\/fr\/devenir-un-evaluateur\/voie-menant-a-une-designation-de-lice\/\">Cliquez ici<\/a><\/strong><\/p>\n<\/div>\n<\/div><\/div>\n<\/div>\n<\/div>\n\n\n\n<div class=\"wp-block-columns is-layout-flex wp-container-core-columns-is-layout-28f84493 wp-block-columns-is-layout-flex\">\n<div class=\"wp-block-column is-layout-flow wp-block-column-is-layout-flow\">\n<div class=\"wp-block-cover has-custom-content-position is-position-top-left flex-cover cover-bg-contain\" style=\"padding-top:var(--wp--preset--spacing--80);padding-right:var(--wp--preset--spacing--30);padding-bottom:var(--wp--preset--spacing--80);padding-left:var(--wp--preset--spacing--30);min-height:100%;;aspect-ratio:unset;display:table\"><img loading=\"lazy\" decoding=\"async\" width=\"1990\" height=\"590\" class=\"wp-block-cover__image-background wp-image-107306 size-full\" alt=\"\" src=\"https:\/\/www.aicanada.ca\/wp-content\/uploads\/PROFESSIONALLY-APPRAISED-CHECKMARK-1.jpg\" data-object-fit=\"cover\" srcset=\"https:\/\/www.aicanada.ca\/wp-content\/uploads\/PROFESSIONALLY-APPRAISED-CHECKMARK-1.jpg 1990w, https:\/\/www.aicanada.ca\/wp-content\/uploads\/PROFESSIONALLY-APPRAISED-CHECKMARK-1-300x89.jpg 300w, https:\/\/www.aicanada.ca\/wp-content\/uploads\/PROFESSIONALLY-APPRAISED-CHECKMARK-1-1024x304.jpg 1024w, https:\/\/www.aicanada.ca\/wp-content\/uploads\/PROFESSIONALLY-APPRAISED-CHECKMARK-1-768x228.jpg 768w, https:\/\/www.aicanada.ca\/wp-content\/uploads\/PROFESSIONALLY-APPRAISED-CHECKMARK-1-1536x455.jpg 1536w, https:\/\/www.aicanada.ca\/wp-content\/uploads\/PROFESSIONALLY-APPRAISED-CHECKMARK-1-1821x540.jpg 1821w\" sizes=\"auto, (max-width: 1990px) 100vw, 1990px\" \/><span aria-hidden=\"true\" class=\"wp-block-cover__background has-green-background-color has-background-dim-90 has-background-dim\"><\/span><div class=\"wp-block-cover__inner-container is-layout-flow wp-block-cover-is-layout-flow\">\n<p class=\"has-text-align-left has-medium-font-size\" style=\"line-height:1.2;text-transform:uppercase\"><strong>Des questions?<\/strong><\/p>\n\n\n\n<p><strong>Visitez notre pages des questions&nbsp;les&nbsp;plus&nbsp;pos\u00e9s.<\/strong><\/p>\n\n\n\n<div class=\"wp-block-group flex-fill d-flex align-items-end is-content-justification-left is-layout-constrained wp-container-core-group-is-layout-12dd3699 wp-block-group-is-layout-constrained\">\n<p class=\"has-white-color has-text-color has-link-color has-small-font-size wp-elements-706a8cc9de1fcd49b5fe17315c4130a0\" style=\"border-bottom-color:var(--wp--preset--color--white);border-bottom-width:1px;padding-bottom:var(--wp--preset--spacing--20);line-height:1.2;text-transform:none\"><strong><a href=\"https:\/\/www.aicanada.ca\/fr\/devenir-un-evaluateur\/faqs\/\">Cliquez ici<\/a><\/strong><\/p>\n<\/div>\n<\/div><\/div>\n<\/div>\n\n\n\n<div class=\"wp-block-column is-layout-flow wp-block-column-is-layout-flow\">\n<div class=\"wp-block-cover has-custom-content-position is-position-top-left flex-cover\" style=\"padding-top:var(--wp--preset--spacing--80);padding-right:var(--wp--preset--spacing--30);padding-bottom:var(--wp--preset--spacing--80);padding-left:var(--wp--preset--spacing--30);min-height:100%;;aspect-ratio:unset;display:table\"><img loading=\"lazy\" decoding=\"async\" width=\"1024\" height=\"682\" class=\"wp-block-cover__image-background wp-image-86403 size-large\" alt=\"\" src=\"https:\/\/www.aicanada.ca\/wp-content\/uploads\/financial-consumer-agency-1024x682.jpg\" data-object-fit=\"cover\"\/><span aria-hidden=\"true\" class=\"wp-block-cover__background has-navy-blue-background-color has-background-dim-90 has-background-dim\"><\/span><div class=\"wp-block-cover__inner-container is-layout-flow wp-block-cover-is-layout-flow\">\n<p class=\"has-text-align-left has-medium-font-size\" style=\"line-height:1.2;text-transform:uppercase\"><strong>Vous avez un autre titre d&rsquo;\u00e9valuateur ou vous venez d&rsquo;arriver au Canada?<\/strong><\/p>\n\n\n\n<p><strong>Une d\u00e9signation et\/ou l\u2019\u00e9ducation international pourrait \u00eatre reconnue!<\/strong><\/p>\n\n\n\n<div class=\"wp-block-group flex-fill d-flex align-items-end is-content-justification-left is-layout-constrained wp-container-core-group-is-layout-12dd3699 wp-block-group-is-layout-constrained\">\n<p class=\"has-white-color has-text-color has-link-color has-small-font-size wp-elements-6e8fc0773e11585ab06c66df831df145\" style=\"border-bottom-color:var(--wp--preset--color--white);border-bottom-width:1px;padding-bottom:var(--wp--preset--spacing--20);line-height:1.2;text-transform:none\"><strong><a href=\"https:\/\/www.aicanada.ca\/fr\/devenir-un-evaluateur\/voie-menant-a-une-designation-de-lice\/path-designation-international-degrees\/\">Cliquez ici<\/a><\/strong><\/p>\n<\/div>\n<\/div><\/div>\n<\/div>\n\n\n\n<div class=\"wp-block-column is-layout-flow wp-block-column-is-layout-flow\">\n<div class=\"wp-block-cover has-custom-content-position is-position-top-left flex-cover cover-bg-contain\" style=\"padding-top:var(--wp--preset--spacing--80);padding-right:var(--wp--preset--spacing--30);padding-bottom:var(--wp--preset--spacing--80);padding-left:var(--wp--preset--spacing--30);min-height:100%;;aspect-ratio:unset;display:table\"><img loading=\"lazy\" decoding=\"async\" width=\"2025\" height=\"1023\" class=\"wp-block-cover__image-background wp-image-107935 size-full\" alt=\"\" src=\"https:\/\/www.aicanada.ca\/wp-content\/uploads\/PROFESSIONAL-APPRAISERS-KTV-LOCKUP-FR-1.jpg\" data-object-fit=\"cover\" srcset=\"https:\/\/www.aicanada.ca\/wp-content\/uploads\/PROFESSIONAL-APPRAISERS-KTV-LOCKUP-FR-1.jpg 2025w, https:\/\/www.aicanada.ca\/wp-content\/uploads\/PROFESSIONAL-APPRAISERS-KTV-LOCKUP-FR-1-300x152.jpg 300w, https:\/\/www.aicanada.ca\/wp-content\/uploads\/PROFESSIONAL-APPRAISERS-KTV-LOCKUP-FR-1-1024x517.jpg 1024w, https:\/\/www.aicanada.ca\/wp-content\/uploads\/PROFESSIONAL-APPRAISERS-KTV-LOCKUP-FR-1-768x388.jpg 768w, https:\/\/www.aicanada.ca\/wp-content\/uploads\/PROFESSIONAL-APPRAISERS-KTV-LOCKUP-FR-1-1536x776.jpg 1536w, https:\/\/www.aicanada.ca\/wp-content\/uploads\/PROFESSIONAL-APPRAISERS-KTV-LOCKUP-FR-1-1069x540.jpg 1069w\" sizes=\"auto, (max-width: 2025px) 100vw, 2025px\" \/><span aria-hidden=\"true\" class=\"wp-block-cover__background has-green-background-color has-background-dim-90 has-background-dim\"><\/span><div class=\"wp-block-cover__inner-container is-layout-flow wp-block-cover-is-layout-flow\">\n<p class=\"has-text-align-left has-medium-font-size\" style=\"line-height:1.2;text-transform:uppercase\"><strong>Offres d&#8217;emplois<\/strong><\/p>\n\n\n\n<p><strong>Quels sont les emplois qui sont pr\u00e9sentement offert dans le domaine?<\/strong><\/p>\n\n\n\n<div class=\"wp-block-group flex-fill d-flex align-items-end is-content-justification-left is-layout-constrained wp-container-core-group-is-layout-12dd3699 wp-block-group-is-layout-constrained\">\n<p class=\"has-white-color has-text-color has-link-color has-small-font-size wp-elements-bd8e8d58e3ce70c9aeed5480e91beed1\" style=\"border-bottom-color:var(--wp--preset--color--white);border-bottom-width:1px;padding-bottom:var(--wp--preset--spacing--20);line-height:1.2;text-transform:none\"><strong><a href=\"https:\/\/www.aicanada.ca\/fr\/devenir-un-evaluateur\/opportunites-de-carriere\/rechercher-des-opportunites-de-carriere\/\">Cliquez ici<\/a><\/strong><\/p>\n<\/div>\n<\/div><\/div>\n<\/div>\n<\/div>\n\n\n\r\n    <div class=\"mp-block-linked-content mp-block clearfix\">\r\n\r\n\t\t\t\t\t\t\t\t\t                <a href=\"https:\/\/www.aicanada.ca\/become-an-appraiser\/why-become-an-appraiser\/\" class=\"content-box-link\" target=\"\" title=\"Vid\u00e9os de membres d\u00e9sign\u00e9s concernant la profession d&#039;\u00e9valuateur (anglais seulement)\">\r\n\t\t\t\t\t                    <div class=\"content-box-text\">\r\n\t\t\t\t\t\tVid\u00e9os de membres d\u00e9sign\u00e9s concernant la profession d&#039;\u00e9valuateur (anglais seulement)                    <\/div>\r\n                    <div class=\"content-box-link-icon\">\r\n                        <span class=\"icon icon-arrow-right2\"><\/span>\r\n                    <\/div>\r\n                <\/a>\r\n\t\t\t\t\t    <\/div>\r\n\r\n","protected":false},"excerpt":{"rendered":"<p>Les trois raisons principales d\u2019obtenir une d\u00e9signation d\u2019\u00e9valuateur professionnel (\u00c9. Pro.)<\/p>\n","protected":false},"author":4,"featured_media":0,"parent":54080,"menu_order":1,"comment_status":"closed","ping_status":"closed","template":"","meta":{"_acf_changed":false,"_relevanssi_hide_post":"","_relevanssi_hide_content":"","_relevanssi_pin_for_all":"","_relevanssi_pin_keywords":"","_relevanssi_unpin_keywords":"","_relevanssi_related_keywords":"","_relevanssi_related_include_ids":"","_relevanssi_related_exclude_ids":"","_relevanssi_related_no_append":"","_relevanssi_related_not_related":"","_relevanssi_related_posts":"","_relevanssi_noindex_reason":"","_lmt_disableupdate":"","_lmt_disable":"","footnotes":""},"class_list":["post-50930","page","type-page","status-publish","hentry"],"acf":[],"_links":{"self":[{"href":"https:\/\/www.aicanada.ca\/fr\/wp-json\/wp\/v2\/pages\/50930","targetHints":{"allow":["GET"]}}],"collection":[{"href":"https:\/\/www.aicanada.ca\/fr\/wp-json\/wp\/v2\/pages"}],"about":[{"href":"https:\/\/www.aicanada.ca\/fr\/wp-json\/wp\/v2\/types\/page"}],"author":[{"embeddable":true,"href":"https:\/\/www.aicanada.ca\/fr\/wp-json\/wp\/v2\/users\/4"}],"replies":[{"embeddable":true,"href":"https:\/\/www.aicanada.ca\/fr\/wp-json\/wp\/v2\/comments?post=50930"}],"version-history":[{"count":15,"href":"https:\/\/www.aicanada.ca\/fr\/wp-json\/wp\/v2\/pages\/50930\/revisions"}],"predecessor-version":[{"id":153910,"href":"https:\/\/www.aicanada.ca\/fr\/wp-json\/wp\/v2\/pages\/50930\/revisions\/153910"}],"up":[{"embeddable":true,"href":"https:\/\/www.aicanada.ca\/fr\/wp-json\/wp\/v2\/pages\/54080"}],"wp:attachment":[{"href":"https:\/\/www.aicanada.ca\/fr\/wp-json\/wp\/v2\/media?parent=50930"}],"curies":[{"name":"wp","href":"https:\/\/api.w.org\/{rel}","templated":true}]}}