{"id":50948,"date":"2017-11-17T09:45:06","date_gmt":"2017-11-17T14:45:06","guid":{"rendered":"https:\/\/www.aicanada.ca\/for-government\/"},"modified":"2024-07-05T18:32:38","modified_gmt":"2024-07-05T22:32:38","slug":"pour-le-gouvernement","status":"publish","type":"page","link":"https:\/\/www.aicanada.ca\/fr\/need-an-appraiser\/pour-le-gouvernement\/","title":{"rendered":"Pour le gouvernement"},"content":{"rendered":"\n<div class=\"wp-block-columns is-layout-flex wp-container-core-columns-is-layout-28f84493 wp-block-columns-is-layout-flex\">\n<div class=\"wp-block-column is-layout-flow wp-block-column-is-layout-flow\" style=\"flex-basis:60%\">\n<h2 class=\"wp-block-heading\"><strong>Avez-vous besoin de conna\u00eetre la valeur r\u00e9elle d\u2019un bien public?<\/strong>&nbsp;<\/h2>\n\n\n\n<p>Les organismes des gouvernements municipaux, provinciaux et f\u00e9d\u00e9ral comptent sur les \u00e9valuateurs d\u00e9sign\u00e9s de l\u2019ICE pour obtenir des opinions professionnelles, compl\u00e8tes et ind\u00e9pendantes sur la valeur des biens publics. \u00c0 vrai dire, de nombreux membres de l&rsquo;ICE travaillent dans le secteur public pour conseiller les diff\u00e9rents niveaux de gouvernement dans leurs d\u00e9cisions en mati\u00e8re de biens immobiliers.<\/p>\n<\/div>\n\n\n\n<div class=\"wp-block-column is-layout-flow wp-block-column-is-layout-flow\" style=\"flex-basis:40%\">\r\n    <div class=\"mp-block-linked-content mp-block clearfix\">\r\n\r\n\t\t\t\t\t\t\t\t\t                <a href=\"https:\/\/www.aicanada.ca\/wp-content\/uploads\/AIC-231727_Industry_Guide_2023-FR.pdf\" class=\"content-box-link\" target=\"\" title=\"Guide de l&#039;industrie\">\r\n\t\t\t\t\t                    <div class=\"content-box-text\">\r\n\t\t\t\t\t\tGuide de l&#039;industrie                    <\/div>\r\n                    <div class=\"content-box-link-icon\">\r\n                        <span class=\"icon icon-arrow-right2\"><\/span>\r\n                    <\/div>\r\n                <\/a>\r\n\t\t\t\t\t\t\t                <a href=\"https:\/\/vimeo.com\/235405323\" class=\"content-box-link\" target=\"_blank\" title=\"Video: Benefits of Hiring an Appraiser (en anglais seulement)\">\r\n\t\t\t\t\t                    <div class=\"content-box-text\">\r\n\t\t\t\t\t\tVideo: Benefits of Hiring an Appraiser (en anglais seulement)                    <\/div>\r\n                    <div class=\"content-box-link-icon\">\r\n                        <span class=\"icon icon-arrow-right2\"><\/span>\r\n                    <\/div>\r\n                <\/a>\r\n\t\t\t\t\t    <\/div>\r\n\r\n<\/div>\n<\/div>\n\n\n\n<h2 class=\"wp-block-heading\"><strong>Quand le secteur public engage-t-il un \u00e9valuateur d\u00e9sign\u00e9 de l&rsquo;ICE?<\/strong><\/h2>\n\n\n\n<p>Les gouvernements engagent un membre d\u00e9sign\u00e9 de l\u2019ICE pour les questions li\u00e9es \u00e0 :<\/p>\n\n\n\n<div class=\"wp-block-columns is-layout-flex wp-container-core-columns-is-layout-28f84493 wp-block-columns-is-layout-flex\">\n<div class=\"wp-block-column is-layout-flow wp-block-column-is-layout-flow\">\n<ul class=\"wp-block-list\">\n<li>Expropriation<\/li>\n\n\n\n<li>Droit de passage<\/li>\n\n\n\n<li>Servitudes<\/li>\n\n\n\n<li>Analyse du march\u00e9 locatif<\/li>\n\n\n\n<li>Acquisitions et ali\u00e9nations<\/li>\n\n\n\n<li>Imp\u00f4t sur le revenu<\/li>\n<\/ul>\n<\/div>\n\n\n\n<div class=\"wp-block-column is-layout-flow wp-block-column-is-layout-flow\">\n<ul class=\"wp-block-list\">\n<li>\u00c9valuation de l&rsquo;imp\u00f4t foncier<\/li>\n\n\n\n<li>Utilisation optimale<\/li>\n\n\n\n<li>Machinerie et \u00e9quipement<\/li>\n\n\n\n<li>Opinion d\u2019expert dans un litige<\/li>\n\n\n\n<li>Examen d\u2019\u00e9valuation<\/li>\n\n\n\n<li>\u00c9valuations de masse<\/li>\n<\/ul>\n<\/div>\n<\/div>\n\n\n\n<h2 class=\"wp-block-heading\"><strong>Quelles normes professionnelles les \u00e9valuateurs d\u00e9sign\u00e9s de l\u2019ICE observent-ils?<\/strong><\/h2>\n\n\n\n<div class=\"wp-block-columns is-layout-flex wp-container-core-columns-is-layout-28f84493 wp-block-columns-is-layout-flex\">\n<div class=\"wp-block-column is-layout-flow wp-block-column-is-layout-flow\">\n<p>Les \u00e9valuateurs d\u00e9sign\u00e9s de l\u2019ICE sont des professionnels hautement qualifi\u00e9s et de confiance qui adh\u00e8rent aux normes les plus \u00e9lev\u00e9es dans le domaine de l&rsquo;\u00e9valuation : les <strong><a href=\"https:\/\/www.aicanada.ca\/fr\/about-aic\/cuspap\/\">Normes uniformes de pratique professionnelle en mati\u00e8re d\u2019\u00e9valuation au Canada (NUPPEC)<\/a><\/strong>. Ils peuvent m\u00eame fournir des t\u00e9moignages d&rsquo;experts devant des instances judiciaires et quasi-judiciaires.<\/p>\n\n\n\n<p>Les NUPPEC sont conformes aux Normes europ\u00e9ennes d&rsquo;\u00e9valuation et aux Normes d&rsquo;\u00e9valuation internationales et sont reconnues internationalement comme \u00e9tant des normes acceptables pour l&rsquo;\u00e9valuation de biens. Sept normes ont \u00e9t\u00e9 \u00e9labor\u00e9es pour guider la pratique professionnelle des membres de l&rsquo;ICE :<\/p>\n<\/div>\n\n\n\n<div class=\"wp-block-column is-layout-flow wp-block-column-is-layout-flow\">\n<ul class=\"wp-block-list\">\n<li>Norme relative aux questions d\u2019\u00e9thique<\/li>\n\n\n\n<li>Norme relative aux activit\u00e9s d\u2019\u00e9valuation de biens immobiliers<\/li>\n\n\n\n<li>Norme relative aux activit\u00e9s d\u2019examen<\/li>\n\n\n\n<li>Norme relative aux activit\u00e9s de consultation<\/li>\n\n\n\n<li>Norme de planification de fonds de r\u00e9serve<\/li>\n\n\n\n<li>Machinerie et \u00e9quipement<\/li>\n\n\n\n<li>\u00c9valuation de masse<\/li>\n<\/ul>\n<\/div>\n<\/div>\n\n\n\r\n\r\n    <div class=\"mp-block-video mp-block clearfix\">\r\n        <div class=\"video-block\">\r\n            <h2><span class=\"icon icon-play\"><\/span> L&rsquo;avantage d&#8217;embaucher un membre de l&rsquo;ICE<\/h2>\r\n            <div class=\"video-oembed\">\r\n\t\t\t\t<img decoding=\"async\" src=\"https:\/\/i.vimeocdn.com\/video\/690351872-879d85df8c3d60f36d5d57e090e8ad2251907fc775935bcf2f9a2737c17c6901-d_640?region=us\" class=\"oembed-image\" data-video-src=\"https:\/\/player.vimeo.com\/video\/235405323?dnt=1&amp;app_id=122963&amp;autoplay=1\" alt=\"What are the benefits of hiring an appraiser vs. other professionals for decisions involving real estate\">                <div class=\"oembed-video-lighten\"><\/div>\r\n                <img decoding=\"async\" src=\"https:\/\/www.aicanada.ca\/wp-content\/themes\/aicanada\/resources\/images\/structure\/play.png\" class=\"oembed-play\" alt=\"L&#039;avantage d&#039;embaucher un membre de l&#039;ICE\"\/>\r\n            <\/div>\r\n            <div class=\"video-desc\">\r\n\t\t\t\t            <\/div>\r\n        <\/div>\r\n    <\/div>\r\n\r\n","protected":false},"excerpt":{"rendered":"<p>Avez-vous besoin de conna\u00eetre la valeur r\u00e9elle d\u2019un bien public?&nbsp; Les organismes des gouvernements municipaux, provinciaux et f\u00e9d\u00e9ral comptent sur les \u00e9valuateurs d\u00e9sign\u00e9s de l\u2019ICE<\/p>\n","protected":false},"author":4,"featured_media":0,"parent":54075,"menu_order":6,"comment_status":"closed","ping_status":"closed","template":"","meta":{"_acf_changed":false,"_relevanssi_hide_post":"","_relevanssi_hide_content":"","_relevanssi_pin_for_all":"","_relevanssi_pin_keywords":"","_relevanssi_unpin_keywords":"","_relevanssi_related_keywords":"","_relevanssi_related_include_ids":"","_relevanssi_related_exclude_ids":"","_relevanssi_related_no_append":"","_relevanssi_related_not_related":"","_relevanssi_related_posts":"","_relevanssi_noindex_reason":"","_lmt_disableupdate":"","_lmt_disable":"","footnotes":""},"class_list":["post-50948","page","type-page","status-publish","hentry"],"acf":[],"_links":{"self":[{"href":"https:\/\/www.aicanada.ca\/fr\/wp-json\/wp\/v2\/pages\/50948","targetHints":{"allow":["GET"]}}],"collection":[{"href":"https:\/\/www.aicanada.ca\/fr\/wp-json\/wp\/v2\/pages"}],"about":[{"href":"https:\/\/www.aicanada.ca\/fr\/wp-json\/wp\/v2\/types\/page"}],"author":[{"embeddable":true,"href":"https:\/\/www.aicanada.ca\/fr\/wp-json\/wp\/v2\/users\/4"}],"replies":[{"embeddable":true,"href":"https:\/\/www.aicanada.ca\/fr\/wp-json\/wp\/v2\/comments?post=50948"}],"version-history":[{"count":16,"href":"https:\/\/www.aicanada.ca\/fr\/wp-json\/wp\/v2\/pages\/50948\/revisions"}],"predecessor-version":[{"id":133643,"href":"https:\/\/www.aicanada.ca\/fr\/wp-json\/wp\/v2\/pages\/50948\/revisions\/133643"}],"up":[{"embeddable":true,"href":"https:\/\/www.aicanada.ca\/fr\/wp-json\/wp\/v2\/pages\/54075"}],"wp:attachment":[{"href":"https:\/\/www.aicanada.ca\/fr\/wp-json\/wp\/v2\/media?parent=50948"}],"curies":[{"name":"wp","href":"https:\/\/api.w.org\/{rel}","templated":true}]}}