{"id":50958,"date":"2017-11-17T09:49:39","date_gmt":"2017-11-17T14:49:39","guid":{"rendered":"https:\/\/www.aicanada.ca\/scholarships\/"},"modified":"2024-07-05T18:32:35","modified_gmt":"2024-07-05T22:32:35","slug":"bourses","status":"publish","type":"page","link":"https:\/\/www.aicanada.ca\/fr\/devenir-un-evaluateur\/bourses\/","title":{"rendered":"Bourses"},"content":{"rendered":"\n<div class=\"wp-block-columns is-layout-flex wp-container-core-columns-is-layout-28f84493 wp-block-columns-is-layout-flex\">\n<div class=\"wp-block-column is-vertically-aligned-center is-layout-flow wp-block-column-is-layout-flow\" style=\"flex-basis:25%\">\n<p class=\"has-text-align-center\"><strong>FONDS D&rsquo;\u00c9DUCATION JACK WARREN<\/strong><\/p>\n<\/div>\n\n\n\n<div class=\"wp-block-column is-layout-flow wp-block-column-is-layout-flow\" style=\"flex-basis:75%\">\n<h2 class=\"wp-block-heading\">Prix Jack M. Warren<\/h2>\n\n\n\n<p>Une bourse de 1 000 $ remise chaque ann\u00e9e, \u00e0 la m\u00e9moire de Jack Warren, \u00e0 un \u00e9tudiant poursuivant une carri\u00e8re en \u00e9valuation immobili\u00e8re, et elle est ouverte aux \u00e9tudiants de partout au Canada (<a href=\"https:\/\/www.aicanada.ca\/wp-content\/uploads\/JWET-Brochure-FR.pdf\" target=\"_blank\" rel=\"noreferrer noopener\"><strong>informations disponibles ici<\/strong><\/a>). Toutes les demandes d\u00fbment remplies (<strong><a href=\"https:\/\/www.aicanada.ca\/wp-content\/uploads\/Jack-Warren-Trust-Application-Form-2023-FRE.pdf\" target=\"_blank\" rel=\"noreferrer noopener\">formulaire disponible ici<\/a><\/strong>) doivent \u00eatre retourn\u00e9es \u00e0 l\u2019ICE au plus tard le 30 septembre de chaque ann\u00e9e. Ce prix est supervis\u00e9 par un comit\u00e9 du Fonds d&rsquo;\u00c9ducation Jack Warren. Veuillez contacter <a href=\"https:\/\/www.aicanada.ca\/fr\/a-propos-de-lice\/contactez-nous\/\">l&rsquo;ICE<\/a> pour plus d&rsquo;informations.\u00a0<\/p>\n<\/div>\n<\/div>\n\n\n\n<hr class=\"wp-block-separator has-text-color has-light-grey-color has-css-opacity has-light-grey-background-color has-background is-style-wide\"\/>\n\n\n\n<div class=\"wp-block-columns is-layout-flex wp-container-core-columns-is-layout-28f84493 wp-block-columns-is-layout-flex\">\n<div class=\"wp-block-column is-layout-flow wp-block-column-is-layout-flow\" style=\"flex-basis:25%\">\n<figure class=\"wp-block-image alignleft\"><a href=\"https:\/\/www.aicanada.ca\/wp-content\/uploads\/sauder-logo-2016-09-06.jpg\"><img loading=\"lazy\" decoding=\"async\" width=\"797\" height=\"251\" src=\"https:\/\/www.aicanada.ca\/wp-content\/uploads\/sauder-logo-2016-09-06.jpg\" alt=\"\" class=\"wp-image-39834\"\/><\/a><\/figure>\n<\/div>\n\n\n\n<div class=\"wp-block-column is-layout-flow wp-block-column-is-layout-flow\" style=\"flex-basis:75%\">\n<h2 class=\"wp-block-heading\">Bourse de perfectionnement de L&rsquo;Universit\u00e9 de la Colombie-Britannique et de &laquo;&nbsp;&lsquo;Institut Canadien Des \u00c9valuateurs&nbsp;<\/h2>\n\n\n\n<p>Une bourse de 1 000 $ offerte \u00e0 un \u00e9tudiant de premier cycle qui effectue une sp\u00e9cialisation \u00e0 la Division de l\u2019immeuble de la facult\u00e9 de commerce et d\u2019administration des affaires.<\/p>\n<\/div>\n<\/div>\n\n\n\n<hr class=\"wp-block-separator has-text-color has-light-grey-color has-css-opacity has-light-grey-background-color has-background is-style-wide\"\/>\n\n\n\n<div class=\"wp-block-columns is-layout-flex wp-container-core-columns-is-layout-28f84493 wp-block-columns-is-layout-flex\">\n<div class=\"wp-block-column is-layout-flow wp-block-column-is-layout-flow\" style=\"flex-basis:25%\">\n<figure class=\"wp-block-image alignleft\"><a href=\"https:\/\/www.aicanada.ca\/wp-content\/uploads\/sauder-logo-2016-09-06.jpg\"><img loading=\"lazy\" decoding=\"async\" width=\"797\" height=\"251\" src=\"https:\/\/www.aicanada.ca\/wp-content\/uploads\/sauder-logo-2016-09-06.jpg\" alt=\"\" class=\"wp-image-39834\"\/><\/a><\/figure>\n<\/div>\n\n\n\n<div class=\"wp-block-column is-layout-flow wp-block-column-is-layout-flow\" style=\"flex-basis:75%\">\n<h2 class=\"wp-block-heading\">Prix de L&rsquo;Universit\u00e9 de la Colombie-Britannique et de L&rsquo;Institut Canadien Des \u00c9valuateurs<\/h2>\n\n\n\n<p>Un prix de 500 $ est remis annuellement \u00e0 un \u00e9tudiant ayant obtenu la meilleure note dans le cours BUSI 330 offert par la Division de l\u2019immeuble de l\u2019\u00c9cole d\u2019\u00e9tudes commerciales Sauder de l\u2019Universit\u00e9 de la Colombie-Britannique.<\/p>\n<\/div>\n<\/div>\n\n\n\n<hr class=\"wp-block-separator has-text-color has-light-grey-color has-css-opacity has-light-grey-background-color has-background is-style-wide\"\/>\n\n\n\n<div class=\"wp-block-columns is-layout-flex wp-container-core-columns-is-layout-28f84493 wp-block-columns-is-layout-flex\">\n<div class=\"wp-block-column is-layout-flow wp-block-column-is-layout-flow\" style=\"flex-basis:25%\">\n<figure class=\"wp-block-image alignleft is-resized\"><a href=\"https:\/\/www.aicanada.ca\/wp-content\/uploads\/uguelph.jpg\"><img loading=\"lazy\" decoding=\"async\" src=\"https:\/\/www.aicanada.ca\/wp-content\/uploads\/uguelph.jpg\" alt=\"uguelph\" class=\"wp-image-20887\" style=\"width:102px;height:148px\" width=\"102\" height=\"148\" srcset=\"https:\/\/www.aicanada.ca\/wp-content\/uploads\/uguelph.jpg 215w, https:\/\/www.aicanada.ca\/wp-content\/uploads\/uguelph-205x300.jpg 205w\" sizes=\"auto, (max-width: 102px) 100vw, 102px\" \/><\/a><\/figure>\n<\/div>\n\n\n\n<div class=\"wp-block-column is-layout-flow wp-block-column-is-layout-flow\" style=\"flex-basis:75%\">\n<h2 class=\"wp-block-heading\">Bourse d&rsquo;\u00e9tudes de L&rsquo;Universit\u00e9 De Guelph et de L&rsquo;Institut Canadien Des \u00c9valuateurs&nbsp;<\/h2>\n\n\n\n<p>Une bourse est offerte \u00e0 un \u00e9tudiant inscrit \u00e0 la majeure en immobilier et logement du programme de baccalaur\u00e9at en commerce de l\u2019Universit\u00e9 de Guelph. Cette bourse d\u2019\u00e9tudes est remise \u00e0 un \u00e9tudiant qui a obtenu au moins 9 cr\u00e9dits, mais pas plus 12,5 cr\u00e9dits, et une note minimale de 70 % dans les deux derniers semestres \u00e0 temps plein.<\/p>\n<\/div>\n<\/div>\n\n\n\n<hr class=\"wp-block-separator has-text-color has-light-grey-color has-css-opacity has-light-grey-background-color has-background is-style-wide\"\/>\n\n\n\n<div class=\"wp-block-columns is-layout-flex wp-container-core-columns-is-layout-28f84493 wp-block-columns-is-layout-flex\">\n<div class=\"wp-block-column is-layout-flow wp-block-column-is-layout-flow\" style=\"flex-basis:25%\">\n<figure class=\"wp-block-image alignleft is-resized\"><a href=\"https:\/\/www.aicanada.ca\/wp-content\/uploads\/seneca.png\"><img loading=\"lazy\" decoding=\"async\" src=\"https:\/\/www.aicanada.ca\/wp-content\/uploads\/seneca.png\" alt=\"seneca\" class=\"wp-image-20888\" style=\"width:130px;height:91px\" width=\"130\" height=\"91\" srcset=\"https:\/\/www.aicanada.ca\/wp-content\/uploads\/seneca.png 250w, https:\/\/www.aicanada.ca\/wp-content\/uploads\/seneca-248x175.png 248w\" sizes=\"auto, (max-width: 130px) 100vw, 130px\" \/><\/a><\/figure>\n<\/div>\n\n\n\n<div class=\"wp-block-column is-layout-flow wp-block-column-is-layout-flow\" style=\"flex-basis:75%\">\n<h2 class=\"wp-block-heading\">Prix du Coll\u00e8ge Seneca et de L&rsquo;Institut Canadien Des \u00c9valuateurs&nbsp;<\/h2>\n\n\n\n<p>Un prix annuel de 500 $ est remis \u00e0 un \u00e9tudiant qui termine le programme d\u2019administration de l\u2019immobilier et qui, selon l\u2019opinion du jury facultaire du Coll\u00e8ge Seneca, a excell\u00e9 dans le cours RPA 112 ou dans un ou plusieurs autres cours du programme de l\u2019ICE offert au Coll\u00e8ge, s\u2019int\u00e9resse activement au domaine de l\u2019immobilier en vue d\u2019en faire une carri\u00e8re et a apport\u00e9 une contribution pr\u00e9cieuse \u00e0 l\u2019atmosph\u00e8re de la classe.<\/p>\n<\/div>\n<\/div>\n\n\n\n<hr class=\"wp-block-separator has-text-color has-light-grey-color has-css-opacity has-light-grey-background-color has-background is-style-wide\"\/>\n\n\n\n<div class=\"wp-block-columns is-layout-flex wp-container-core-columns-is-layout-28f84493 wp-block-columns-is-layout-flex\">\n<div class=\"wp-block-column is-layout-flow wp-block-column-is-layout-flow\" style=\"flex-basis:25%\">\n<figure class=\"wp-block-image alignleft is-resized\"><a href=\"https:\/\/www.aicanada.ca\/wp-content\/uploads\/langara.jpg\"><img loading=\"lazy\" decoding=\"async\" src=\"https:\/\/www.aicanada.ca\/wp-content\/uploads\/langara.jpg\" alt=\"langara\" class=\"wp-image-20890\" style=\"width:159px;height:58px\" width=\"159\" height=\"58\"\/><\/a><\/figure>\n<\/div>\n\n\n\n<div class=\"wp-block-column is-layout-flow wp-block-column-is-layout-flow\" style=\"flex-basis:75%\">\n<h2 class=\"wp-block-heading\">Coll\u00e8ge Langara<\/h2>\n\n\n\n<p>La bourse d\u2019\u00e9tudes de l\u2019Institut canadien des \u00e9valuateurs au Coll\u00e8ge Langara est destin\u00e9e aux \u00e9tudiants inscrits \u00e0 des cours de perfectionnement continu qui r\u00e9pondent aux exigences de l\u2019Institut en mati\u00e8re de cr\u00e9dits. Le prix est remis aux \u00e9tudiants dont le rendement scolaire est remarquable. L\u2019\u00e9tudiant doit viser l\u2019obtention d\u2019un Certificat en analyse immobili\u00e8re, avoir compl\u00e9t\u00e9 un minimum de trois cours et obtenu la note la plus \u00e9lev\u00e9e en Construction r\u00e9sidentielle.<\/p>\n<\/div>\n<\/div>\n\n\n\n<hr class=\"wp-block-separator has-text-color has-light-grey-color has-css-opacity has-light-grey-background-color has-background is-style-wide\"\/>\n","protected":false},"excerpt":{"rendered":"<p>FONDS D&rsquo;\u00c9DUCATION JACK WARREN Prix Jack M. Warren Une bourse de 1 000 $ remise chaque ann\u00e9e, \u00e0 la m\u00e9moire de Jack Warren, \u00e0 un<\/p>\n","protected":false},"author":4,"featured_media":0,"parent":54080,"menu_order":6,"comment_status":"closed","ping_status":"closed","template":"","meta":{"_acf_changed":false,"_relevanssi_hide_post":"","_relevanssi_hide_content":"","_relevanssi_pin_for_all":"","_relevanssi_pin_keywords":"","_relevanssi_unpin_keywords":"","_relevanssi_related_keywords":"","_relevanssi_related_include_ids":"","_relevanssi_related_exclude_ids":"","_relevanssi_related_no_append":"","_relevanssi_related_not_related":"","_relevanssi_related_posts":"","_relevanssi_noindex_reason":"","_lmt_disableupdate":"","_lmt_disable":"","footnotes":""},"class_list":["post-50958","page","type-page","status-publish","hentry"],"acf":[],"_links":{"self":[{"href":"https:\/\/www.aicanada.ca\/fr\/wp-json\/wp\/v2\/pages\/50958","targetHints":{"allow":["GET"]}}],"collection":[{"href":"https:\/\/www.aicanada.ca\/fr\/wp-json\/wp\/v2\/pages"}],"about":[{"href":"https:\/\/www.aicanada.ca\/fr\/wp-json\/wp\/v2\/types\/page"}],"author":[{"embeddable":true,"href":"https:\/\/www.aicanada.ca\/fr\/wp-json\/wp\/v2\/users\/4"}],"replies":[{"embeddable":true,"href":"https:\/\/www.aicanada.ca\/fr\/wp-json\/wp\/v2\/comments?post=50958"}],"version-history":[{"count":15,"href":"https:\/\/www.aicanada.ca\/fr\/wp-json\/wp\/v2\/pages\/50958\/revisions"}],"predecessor-version":[{"id":127134,"href":"https:\/\/www.aicanada.ca\/fr\/wp-json\/wp\/v2\/pages\/50958\/revisions\/127134"}],"up":[{"embeddable":true,"href":"https:\/\/www.aicanada.ca\/fr\/wp-json\/wp\/v2\/pages\/54080"}],"wp:attachment":[{"href":"https:\/\/www.aicanada.ca\/fr\/wp-json\/wp\/v2\/media?parent=50958"}],"curies":[{"name":"wp","href":"https:\/\/api.w.org\/{rel}","templated":true}]}}