{"id":50961,"date":"2017-11-17T09:52:05","date_gmt":"2017-11-17T14:52:05","guid":{"rendered":"https:\/\/www.aicanada.ca\/appraisal-institute-canada\/"},"modified":"2026-04-14T09:30:33","modified_gmt":"2026-04-14T13:30:33","slug":"linstitut-canadien-des-evaluateurs","status":"publish","type":"page","link":"https:\/\/www.aicanada.ca\/fr\/a-propos-de-lice\/linstitut-canadien-des-evaluateurs\/","title":{"rendered":"L\u2019Institut canadien des \u00e9valuateurs"},"content":{"rendered":"\n<div class=\"wp-block-columns is-layout-flex wp-container-core-columns-is-layout-28f84493 wp-block-columns-is-layout-flex\">\n<div class=\"wp-block-column is-layout-flow wp-block-column-is-layout-flow\">\n<p><\/p>\n\n\n\n<p><strong>L\u2019Institut canadien des \u00c9valuateurs (ICE)<\/strong>&nbsp;est la principale association professionnelle d&rsquo;\u00e9valuation immobili\u00e8re au Canada depuis 1938 et repr\u00e9sente plus de&nbsp;<strong>5 000 \u00e9valuateurs professionnels \u00e0 travers le pays.<\/strong>&nbsp;Avec le soutien de nos membres, l&rsquo;ICE&nbsp;fait progresser la profession par&nbsp;<strong>l&rsquo;\u00e9ducation et l&rsquo;autor\u00e9gulation.&nbsp;&nbsp;<\/strong>&nbsp;Le<strong>&nbsp;<\/strong>travail de nos membres contribue \u00e0 la croissance \u00e9conomique du Canada<strong>&nbsp;en assurant des \u00e9valuations immobili\u00e8res pr\u00e9cises, \u00e9quitables et objectives qui informent les Canadiens, les entreprises, les investisseurs, les assureurs, les gouvernements et d&rsquo;autres&nbsp;<\/strong>professionnels.&nbsp;&nbsp;&nbsp;&nbsp;<\/p>\n\n\n\n<p>Les membres de l&rsquo;Institut d&rsquo;\u00e9valuation du Canada ont obtenu notre marque de certification d&rsquo;\u00e9valuateur professionnel (\u00c9. Pro.) ainsi que les d\u00e9signations d&rsquo;\u00c9valuateur accr\u00e9dit\u00e9 de l&rsquo;Institut canadien (AACI\u2122) ou d&rsquo;\u00c9valuateur r\u00e9sidentiel canadien (CRA\u2122). Ces\u00a0<a href=\"https:\/\/www.aicanada.ca\/fr\/devenir-un-evaluateur\/voie-menant-a-une-designation-de-lice\/\" target=\"_blank\" rel=\"noreferrer noopener\">d\u00e9signations<\/a>\u00a0t\u00e9moignent d&rsquo;un engagement envers un d\u00e9veloppement professionnel continu et la fourniture de conseils d&rsquo;experts.\u00a0\u00a0<\/p>\n\n\n\n<p>L\u2019ICE d\u00e9cerne la marque de certification <strong>\u00e9valuateur professionnel (\u00c9. Pro.)<\/strong> avec les d\u00e9signations <a href=\"https:\/\/www.aicanada.ca\/become-an-appraiser\/path-aic-designation\/#:~:text=Accredited%20Appraiser%20Canadian%20Institute%20(AACI%C2%AE)\">AACI (Accredited Appraiser Canadian Institute)\u2122<\/a> et <a href=\"https:\/\/www.aicanada.ca\/become-an-appraiser\/path-aic-designation\/#:~:text=Canadian%20Residential%20Appraiser%20(CRA%C2%AE)%C2%A0\">CRA (Canadian Residential Appraiser)\u2122<\/a>, et ses membres adh\u00e8rent aux <a href=\"https:\/\/www.aicanada.ca\/fr\/a-propos-de-lice\/cuspap\/\">Normes uniformes de pratique professionnelle en mati\u00e8re d\u2019\u00e9valuation au Canada (NUPPEC)<\/a>, reconnues \u00e0 l\u2019\u00e9chelle nationale.<\/p>\n\n\n\n<h2 class=\"wp-block-heading\"><mark style=\"background-color:rgba(0, 0, 0, 0)\" class=\"has-inline-color has-navy-blue-color\"><strong>Le r\u00f4le des \u00e9valuateurs professionnels l\u2019ICE<\/strong><\/mark><\/h2>\n\n\n\n<p>Les \u00e9valuateurs professionnels jouent un r\u00f4le essentiel dans les march\u00e9s immobiliers et financiers au Canada, en fournissant des \u00e9valuations ind\u00e9pendantes qui appuient la prise de d\u00e9cisions \u00e9clair\u00e9es par les pr\u00eateurs, les gouvernements, les entreprises et les propri\u00e9taires immobiliers. En 2025 seulement, les membres de l\u2019ICE ont r\u00e9alis\u00e9 pr\u00e8s de <strong>900 000 \u00e9valuations<\/strong>, repr\u00e9sentant plus de <strong>1,5 billion de dollars<\/strong> en valeur immobili\u00e8re.<\/p>\n\n\n\n<h2 class=\"wp-block-heading\"><mark style=\"background-color:rgba(0, 0, 0, 0)\" class=\"has-inline-color has-navy-blue-color\">Vision<\/mark><\/h2>\n\n\n\n<p>Les conseillers immobiliers de r\u00e9f\u00e9rence au Canada, \u00e9tablissant les plus hauts standards d\u2019innovation et de professionnalisme en \u00e9valuation.<\/p>\n\n\n\n<h2 class=\"wp-block-heading\"><mark style=\"background-color:rgba(0, 0, 0, 0)\" class=\"has-inline-color has-navy-blue-color\">Mission<\/mark><\/h2>\n\n\n\n<p>Faire progresser la profession canadienne d\u2019\u00e9valuateur immobilier dans l\u2019int\u00e9r\u00eat public gr\u00e2ce \u00e0 l\u2019\u00e9ducation, \u00e0 l\u2019autor\u00e9glementation et au soutien aux membres.<\/p>\n\n\n\n<h2 class=\"wp-block-heading\"><strong>Direction strat\u00e9gique<\/strong><\/h2>\n\n\n\n<p>Le <strong>Plan strat\u00e9gique 2026\u20132031 de l\u2019ICE<\/strong> d\u00e9finit les trois piliers strat\u00e9giques suivants:<\/p>\n\n\n\n<p><\/p>\n\n\n\n<ul class=\"wp-block-list\">\n<li><strong>Leadership professionnel et confiance<\/strong>\u00a0<\/li>\n\n\n\n<li><strong>Innovation et pr\u00e9paration future<\/strong>\u00a0<\/li>\n\n\n\n<li><strong>Exp\u00e9rience des membres et force organisationnelle<\/strong>\u00a0<\/li>\n<\/ul>\n\n\n\n<p>Ils sont soutenus par des priorit\u00e9s cibl\u00e9es qui renforcent la profession et soutiennent les membres dans un paysage immobilier et financier en \u00e9volution, en faisant progresser l&rsquo;innovation et en enrichissant l&rsquo;exp\u00e9rience globale des membres.\u00a0\u00a0\u00a0<\/p>\n\n\n\n<figure class=\"wp-block-image size-full is-resized\"><a href=\"https:\/\/www.aicanada.ca\/wp-content\/uploads\/Plan-strategique-2026-2031_ICE_FR.pdf\"><img loading=\"lazy\" decoding=\"async\" width=\"644\" height=\"783\" src=\"https:\/\/www.aicanada.ca\/wp-content\/uploads\/Screenshot-2026-04-09-011259mS5SAvEv1775711602.png\" alt=\"\" class=\"wp-image-159506\" style=\"aspect-ratio:0.8224837857314437;width:425px;height:auto\" srcset=\"https:\/\/www.aicanada.ca\/wp-content\/uploads\/Screenshot-2026-04-09-011259mS5SAvEv1775711602.png 644w, https:\/\/www.aicanada.ca\/wp-content\/uploads\/Screenshot-2026-04-09-011259mS5SAvEv1775711602-247x300.png 247w, https:\/\/www.aicanada.ca\/wp-content\/uploads\/Screenshot-2026-04-09-011259mS5SAvEv1775711602-444x540.png 444w\" sizes=\"auto, (max-width: 644px) 100vw, 644px\" \/><\/a><\/figure>\n\n\n\n<h4 class=\"wp-block-heading\"><a href=\"https:\/\/www.aicanada.ca\/wp-content\/uploads\/Plan-strategique-2026-2031_ICE_FR.pdf\"><strong>Cliquez ici pour consulter le plan strat\u00e9gique<\/strong>.<\/a><\/h4>\n<\/div>\n<\/div>\n\n\n\n<h2 class=\"wp-block-heading\"><mark style=\"background-color:rgba(0, 0, 0, 0)\" class=\"has-inline-color has-navy-blue-color\"><strong>D\u00e9claration sur l&rsquo;\u00e9quit\u00e9, la diversit\u00e9 et l&rsquo;inclusion<\/strong>\u00a0<\/mark><\/h2>\n\n\n\n<p>L&rsquo;ICE s&rsquo;engage \u00e0 offrir un environnement exempt de barri\u00e8res pour promouvoir l&rsquo;\u00e9quit\u00e9, la diversit\u00e9 et l&rsquo;inclusion (EDI). En tant qu\u2019organisation \u00e0 base de membres, notre force r\u00e9side dans notre engagement \u00e0 \u00eatre inclusifs, avec des strat\u00e9gies intentionnelles pour accueillir et valoriser les communaut\u00e9s marginalis\u00e9es. Nous visons \u00e0 \u00eatre aussi diversifi\u00e9s et inclusifs que les communaut\u00e9s et les personnes que nous servons.\u00a0<\/p>\n\n\n\n<p><a href=\"https:\/\/www.aicanada.ca\/fr\/a-propos-de-lice\/lice-dans-la-communaute\/conseil-du-president-sur-lequite-la-diversite-et-linclusion\/\">Lisez-en<\/a> plus\u00a0sur notre engagement \u00e0 d\u00e9fendre l&rsquo;\u00e9quit\u00e9, la diversit\u00e9 et l\u2019inclusion.\u00a0<\/p>\n","protected":false},"excerpt":{"rendered":"<p>L\u2019Institut canadien des \u00c9valuateurs (ICE)&nbsp;est la principale association professionnelle d&rsquo;\u00e9valuation immobili\u00e8re au Canada depuis 1938 et repr\u00e9sente plus de&nbsp;5 000 \u00e9valuateurs professionnels \u00e0 travers le<\/p>\n","protected":false},"author":4,"featured_media":0,"parent":54085,"menu_order":1,"comment_status":"closed","ping_status":"closed","template":"","meta":{"_acf_changed":false,"_relevanssi_hide_post":"","_relevanssi_hide_content":"","_relevanssi_pin_for_all":"","_relevanssi_pin_keywords":"","_relevanssi_unpin_keywords":"","_relevanssi_related_keywords":"","_relevanssi_related_include_ids":"","_relevanssi_related_exclude_ids":"","_relevanssi_related_no_append":"","_relevanssi_related_not_related":"","_relevanssi_related_posts":"","_relevanssi_noindex_reason":"","_lmt_disableupdate":"","_lmt_disable":"","footnotes":""},"class_list":["post-50961","page","type-page","status-publish","hentry"],"acf":[],"_links":{"self":[{"href":"https:\/\/www.aicanada.ca\/fr\/wp-json\/wp\/v2\/pages\/50961","targetHints":{"allow":["GET"]}}],"collection":[{"href":"https:\/\/www.aicanada.ca\/fr\/wp-json\/wp\/v2\/pages"}],"about":[{"href":"https:\/\/www.aicanada.ca\/fr\/wp-json\/wp\/v2\/types\/page"}],"author":[{"embeddable":true,"href":"https:\/\/www.aicanada.ca\/fr\/wp-json\/wp\/v2\/users\/4"}],"replies":[{"embeddable":true,"href":"https:\/\/www.aicanada.ca\/fr\/wp-json\/wp\/v2\/comments?post=50961"}],"version-history":[{"count":14,"href":"https:\/\/www.aicanada.ca\/fr\/wp-json\/wp\/v2\/pages\/50961\/revisions"}],"predecessor-version":[{"id":159799,"href":"https:\/\/www.aicanada.ca\/fr\/wp-json\/wp\/v2\/pages\/50961\/revisions\/159799"}],"up":[{"embeddable":true,"href":"https:\/\/www.aicanada.ca\/fr\/wp-json\/wp\/v2\/pages\/54085"}],"wp:attachment":[{"href":"https:\/\/www.aicanada.ca\/fr\/wp-json\/wp\/v2\/media?parent=50961"}],"curies":[{"name":"wp","href":"https:\/\/api.w.org\/{rel}","templated":true}]}}