{"id":50978,"date":"2017-11-17T09:52:39","date_gmt":"2017-11-17T14:52:39","guid":{"rendered":"https:\/\/www.aicanada.ca\/professional-standards-2\/"},"modified":"2025-09-23T15:29:00","modified_gmt":"2025-09-23T19:29:00","slug":"normes-professionnelles","status":"publish","type":"page","link":"https:\/\/www.aicanada.ca\/fr\/a-propos-de-lice\/normes-professionnelles\/","title":{"rendered":"Normes professionnelles"},"content":{"rendered":"\n<div class=\"wp-block-columns is-layout-flex wp-container-core-columns-is-layout-28f84493 wp-block-columns-is-layout-flex\">\n<div class=\"wp-block-column is-layout-flow wp-block-column-is-layout-flow\" style=\"flex-basis:66.66%\">\n<p>L&rsquo;ICE est un organisme d\u2019autor\u00e9glementation qui se guide sur un <span style=\"text-decoration: underline;\"><strong><a href=\"https:\/\/www.aicanada.ca\/fr\/code-of-professional-conduct\/\">Code de conduite<\/a><\/strong><\/span> et les <strong><span style=\"text-decoration: underline;\"><a href=\"https:\/\/www.aicanada.ca\/fr\/a-propos-de-lice\/cuspap\/\">Normes uniformes de pratique professionnelle en mati\u00e8re d\u2019\u00e9valuation au Canada (NUPPEC)<\/a><\/span><\/strong> pour s\u2019assurer que ses membres :<\/p>\n\n\n\n<ul class=\"wp-block-list\">\n<li>Maintiennent le plus haut niveau d\u2019int\u00e9grit\u00e9 et de professionnalisme ;<\/li>\n\n\n\n<li>Adoptent une conduite qui inspire confiance et prot\u00e8ge l\u2019int\u00e9r\u00eat public ;<\/li>\n\n\n\n<li>Offrent des services de qualit\u00e9 dans les domaines correspondant \u00e0 leurs comp\u00e9tences ;<\/li>\n\n\n\n<li>S\u2019engagent \u00e0 respecter des principes refl\u00e9tant des normes professionnelles \u00e9lev\u00e9es.<\/li>\n<\/ul>\n\n\n\n<p>Les<a href=\"https:\/\/www.aicanada.ca\/wp-content\/uploads\/By-Laws-2023_FRE_2-June-2023_FINAL.pdf\"> <strong>r\u00e8glements administratifs<\/strong><\/a> de l&rsquo;ICE d\u00e9finissent les r\u00e8gles, politiques et proc\u00e9dures qui r\u00e9gissent l&rsquo;ICE et qui sont approuv\u00e9s par ses membres lors de l&rsquo;Assembl\u00e9e annuelle des membres (AAM). La <a href=\"https:\/\/www.aicanada.ca\/wp-content\/uploads\/2025-06-01-PEPP-DE-L-ICE-FR-Final.pdf\" target=\"_blank\" rel=\"noreferrer noopener\"><strong>Politique d\u2019examen de la pratique professionnelle<\/strong><\/a> de l&rsquo;ICE encadre la pratique professionnelle.<\/p>\n<\/div>\n\n\n\n<div class=\"wp-block-column is-layout-flow wp-block-column-is-layout-flow\" style=\"flex-basis:33.33%\">\r\n    <div class=\"mp-block-linked-content mp-block clearfix\">\r\n\r\n\t\t\t\t\t\t\t\t\t                <a href=\"https:\/\/www.aicanada.ca\/fr\/code-of-professional-conduct\/\" class=\"content-box-link\" target=\"_blank\" title=\"Code de conduite de l&#039;ICE\">\r\n\t\t\t\t\t                    <div class=\"content-box-text\">\r\n\t\t\t\t\t\tCode de conduite de l&#039;ICE                    <\/div>\r\n                    <div class=\"content-box-link-icon\">\r\n                        <span class=\"icon icon-arrow-right2\"><\/span>\r\n                    <\/div>\r\n                <\/a>\r\n\t\t\t\t\t\t\t                <a href=\"https:\/\/www.aicanada.ca\/fr\/a-propos-de-lice\/cuspap\/\" class=\"content-box-link\" target=\"_blank\" title=\"Normes uniformes de pratique professionnelle en mati\u00e8re d\u2019\u00e9valuation au Canada (NUPPEC)\">\r\n\t\t\t\t\t                    <div class=\"content-box-text\">\r\n\t\t\t\t\t\tNormes uniformes de pratique professionnelle en mati\u00e8re d\u2019\u00e9valuation au Canada (NUPPEC)                    <\/div>\r\n                    <div class=\"content-box-link-icon\">\r\n                        <span class=\"icon icon-arrow-right2\"><\/span>\r\n                    <\/div>\r\n                <\/a>\r\n\t\t\t\t\t\t\t                <a href=\"https:\/\/www.aicanada.ca\/fr\/a-propos-de-lice\/normes-professionnelles\/reglement\/\" class=\"content-box-link\" target=\"_blank\" title=\"R\u00e8glements\">\r\n\t\t\t\t\t                    <div class=\"content-box-text\">\r\n\t\t\t\t\t\tR\u00e8glements                    <\/div>\r\n                    <div class=\"content-box-link-icon\">\r\n                        <span class=\"icon icon-arrow-right2\"><\/span>\r\n                    <\/div>\r\n                <\/a>\r\n\t\t\t\t\t\t\t                <a href=\"https:\/\/www.aicanada.ca\/wp-content\/uploads\/2025-06-01-PEPP-DE-L-ICE-FR-Final.pdf\" class=\"content-box-link\" target=\"_blank\" title=\"Politique d\u2019examen de la pratique professionnelle \">\r\n\t\t\t\t\t                    <div class=\"content-box-text\">\r\n\t\t\t\t\t\tPolitique d\u2019examen de la pratique professionnelle                     <\/div>\r\n                    <div class=\"content-box-link-icon\">\r\n                        <span class=\"icon icon-arrow-right2\"><\/span>\r\n                    <\/div>\r\n                <\/a>\r\n\t\t\t\t\t    <\/div>\r\n\r\n<\/div>\n<\/div>\n\n\n\n<div style=\"height:15px\" aria-hidden=\"true\" class=\"wp-block-spacer\"><\/div>\n\n\n\n<hr class=\"wp-block-separator has-alpha-channel-opacity\"\/>\n","protected":false},"excerpt":{"rendered":"<p>L&rsquo;ICE est un organisme d\u2019autor\u00e9glementation qui se guide sur un Code de conduite et les Normes uniformes de pratique professionnelle en mati\u00e8re d\u2019\u00e9valuation au Canada<\/p>\n","protected":false},"author":4,"featured_media":0,"parent":54085,"menu_order":2,"comment_status":"closed","ping_status":"closed","template":"","meta":{"_acf_changed":false,"_relevanssi_hide_post":"","_relevanssi_hide_content":"","_relevanssi_pin_for_all":"","_relevanssi_pin_keywords":"","_relevanssi_unpin_keywords":"","_relevanssi_related_keywords":"","_relevanssi_related_include_ids":"","_relevanssi_related_exclude_ids":"","_relevanssi_related_no_append":"","_relevanssi_related_not_related":"","_relevanssi_related_posts":"","_relevanssi_noindex_reason":"","_lmt_disableupdate":"","_lmt_disable":"","footnotes":""},"class_list":["post-50978","page","type-page","status-publish","hentry"],"acf":[],"_links":{"self":[{"href":"https:\/\/www.aicanada.ca\/fr\/wp-json\/wp\/v2\/pages\/50978","targetHints":{"allow":["GET"]}}],"collection":[{"href":"https:\/\/www.aicanada.ca\/fr\/wp-json\/wp\/v2\/pages"}],"about":[{"href":"https:\/\/www.aicanada.ca\/fr\/wp-json\/wp\/v2\/types\/page"}],"author":[{"embeddable":true,"href":"https:\/\/www.aicanada.ca\/fr\/wp-json\/wp\/v2\/users\/4"}],"replies":[{"embeddable":true,"href":"https:\/\/www.aicanada.ca\/fr\/wp-json\/wp\/v2\/comments?post=50978"}],"version-history":[{"count":15,"href":"https:\/\/www.aicanada.ca\/fr\/wp-json\/wp\/v2\/pages\/50978\/revisions"}],"predecessor-version":[{"id":152423,"href":"https:\/\/www.aicanada.ca\/fr\/wp-json\/wp\/v2\/pages\/50978\/revisions\/152423"}],"up":[{"embeddable":true,"href":"https:\/\/www.aicanada.ca\/fr\/wp-json\/wp\/v2\/pages\/54085"}],"wp:attachment":[{"href":"https:\/\/www.aicanada.ca\/fr\/wp-json\/wp\/v2\/media?parent=50978"}],"curies":[{"name":"wp","href":"https:\/\/api.w.org\/{rel}","templated":true}]}}