{"id":51000,"date":"2017-11-17T09:58:05","date_gmt":"2017-11-17T14:58:05","guid":{"rendered":"https:\/\/www.aicanada.ca\/volunteer-awards\/"},"modified":"2025-12-17T09:22:36","modified_gmt":"2025-12-17T14:22:36","slug":"prix-benevoles","status":"publish","type":"page","link":"https:\/\/www.aicanada.ca\/fr\/a-propos-de-lice\/prix-benevoles\/","title":{"rendered":"Prix de reconnaissance des b\u00e9n\u00e9voles"},"content":{"rendered":"\n<p>L&rsquo;Institut canadien des \u00e9valuateurs reconna\u00eet que nos b\u00e9n\u00e9voles jouent un r\u00f4le essentiel dans le succ\u00e8s de notre organisation. Le but de nos prix de b\u00e9n\u00e9volat est de reconna\u00eetre les contributions de nos membres exceptionnels et d&rsquo;inspirer les autres \u00e0 faire une diff\u00e9rence avec l&rsquo;ICE. <\/p>\n\n\n\n<div class=\"wp-block-columns is-layout-flex wp-container-core-columns-is-layout-28f84493 wp-block-columns-is-layout-flex\">\n<div class=\"wp-block-column is-layout-flow wp-block-column-is-layout-flow\">\r\n    <div class=\"mp-block-linked-content mp-block clearfix\">\r\n\r\n\t\t\t\t\t\t\t\t\t                <a href=\"https:\/\/www.aicanada.ca\/fr\/prix-w-c-mccutcheon\/\" class=\"content-box-link\" target=\"\" title=\"LE PRIX W.C. MCCUTCHEON : Le prix W.C. McCutcheon, cr\u00e9\u00e9 pour marquer le 80e anniversaire de l\u2019ICE, est un prix convoit\u00e9 qui porte le nom du premier pr\u00e9sident de l\u2019ICE en 1938. Ce prix prestigieux r\u00e9compense des b\u00e9n\u00e9voles exceptionnels qui ont fait preuve d&#039;un leadership, d&#039;un engagement et d&#039;un service exceptionnels au sein de l&#039;Institut canadien des \u00e9valuateurs (ICE). Les laur\u00e9ats sont des b\u00e9n\u00e9voles d\u00e9vou\u00e9s de l\u2019ICE qui se surpassent constamment et qui consacrent g\u00e9n\u00e9reusement leur temps, leur expertise et leur exp\u00e9rience \u00e0 l&#039;avancement de l\u2019ICE et de la profession d&#039;\u00e9valuateur.\">\r\n\t\t\t\t\t                    <div class=\"content-box-text\">\r\n\t\t\t\t\t\tLE PRIX W.C. MCCUTCHEON : Le prix W.C. McCutcheon, cr\u00e9\u00e9 pour marquer le 80e anniversaire de l\u2019ICE, est un prix convoit\u00e9 qui porte le nom du premier pr\u00e9sident de l\u2019ICE en 1938. Ce prix prestigieux r\u00e9compense des b\u00e9n\u00e9voles exceptionnels qui ont fait preuve d&#039;un leadership, d&#039;un engagement et d&#039;un service exceptionnels au sein de l&#039;Institut canadien des \u00e9valuateurs (ICE). Les laur\u00e9ats sont des b\u00e9n\u00e9voles d\u00e9vou\u00e9s de l\u2019ICE qui se surpassent constamment et qui consacrent g\u00e9n\u00e9reusement leur temps, leur expertise et leur exp\u00e9rience \u00e0 l&#039;avancement de l\u2019ICE et de la profession d&#039;\u00e9valuateur.                    <\/div>\r\n                    <div class=\"content-box-link-icon\">\r\n                        <span class=\"icon icon-arrow-right2\"><\/span>\r\n                    <\/div>\r\n                <\/a>\r\n\t\t\t\t\t\t\t                <a href=\"https:\/\/www.aicanada.ca\/fr\/a-propos-de-lice\/prix-benevoles\/fellow\/\" class=\"content-box-link\" target=\"\" title=\"FELLOW: Le titre de Fellow est la distinction la plus \u00e9lev\u00e9e que d\u00e9cerne l\u2019Institut canadien des \u00e9valuateurs.  Les Fellows de l\u2019ICE sont des membres d\u00e9sign\u00e9s qui se sont distingu\u00e9s par des contributions exemplaires \u00e0 l\u2019endroit de la profession. Cela est d\u00e9montr\u00e9 par un niveau \u00e9lev\u00e9 d\u2019excellence et de r\u00e9alisation, le tout contribuant \u00e0 l\u2019avancement de la profession, en particulier \u00e0 l\u2019\u00e9chelle nationale.\">\r\n\t\t\t\t\t                    <div class=\"content-box-text\">\r\n\t\t\t\t\t\tFELLOW: Le titre de Fellow est la distinction la plus \u00e9lev\u00e9e que d\u00e9cerne l\u2019Institut canadien des \u00e9valuateurs.  Les Fellows de l\u2019ICE sont des membres d\u00e9sign\u00e9s qui se sont distingu\u00e9s par des contributions exemplaires \u00e0 l\u2019endroit de la profession. Cela est d\u00e9montr\u00e9 par un niveau \u00e9lev\u00e9 d\u2019excellence et de r\u00e9alisation, le tout contribuant \u00e0 l\u2019avancement de la profession, en particulier \u00e0 l\u2019\u00e9chelle nationale.                    <\/div>\r\n                    <div class=\"content-box-link-icon\">\r\n                        <span class=\"icon icon-arrow-right2\"><\/span>\r\n                    <\/div>\r\n                <\/a>\r\n\t\t\t\t\t\t\t                <a href=\"https:\/\/www.aicanada.ca\/fr\/a-propos-de-lice\/prix-benevoles\/presidents-citation\/\" class=\"content-box-link\" target=\"\" title=\"CITATION DU PR\u00c9SIDENT : La citation du pr\u00e9sident est une r\u00e9compense prestigieuse d\u00e9cern\u00e9e aux b\u00e9n\u00e9voles de l\u2019Institut canadien des \u00e9valuateurs (ICE). Cette distinction est remise au choix du pr\u00e9sident sortant aux b\u00e9n\u00e9voles de longue date qui ont \u0153uvr\u00e9 au sein de comit\u00e9s et qui ont fait preuve de leadership et d\u2019engagement.\">\r\n\t\t\t\t\t                    <div class=\"content-box-text\">\r\n\t\t\t\t\t\tCITATION DU PR\u00c9SIDENT : La citation du pr\u00e9sident est une r\u00e9compense prestigieuse d\u00e9cern\u00e9e aux b\u00e9n\u00e9voles de l\u2019Institut canadien des \u00e9valuateurs (ICE). Cette distinction est remise au choix du pr\u00e9sident sortant aux b\u00e9n\u00e9voles de longue date qui ont \u0153uvr\u00e9 au sein de comit\u00e9s et qui ont fait preuve de leadership et d\u2019engagement.                    <\/div>\r\n                    <div class=\"content-box-link-icon\">\r\n                        <span class=\"icon icon-arrow-right2\"><\/span>\r\n                    <\/div>\r\n                <\/a>\r\n\t\t\t\t\t    <\/div>\r\n\r\n<\/div>\n\n\n\n<div class=\"wp-block-column is-layout-flow wp-block-column-is-layout-flow\">\r\n    <div class=\"mp-block-linked-content mp-block clearfix\">\r\n\r\n\t\t\t\t\t\t\t\t\t                <a href=\"https:\/\/www.aicanada.ca\/fr\/a-propos-de-lice\/prix-benevoles\/honorary-aaci\/\" class=\"content-box-link\" target=\"\" title=\"AACI HONORAIRE : Le titre honoraire est d\u00e9cern\u00e9 avec distinction. Il est remis dans l\u2019attente que les personnes ainsi honor\u00e9es et reconnues joueront un r\u00f4le consultatif important au sein de l\u2019Institut et de ses comit\u00e9s, offrant leadership et visibilit\u00e9 qui aideront \u00e0 l\u2019avancement de notre profession. Ces membres ne peuvent utiliser le titre AACI (hon.) dans la prestation de services d\u2019\u00e9valuation ou de consultation immobili\u00e8re.\">\r\n\t\t\t\t\t                    <div class=\"content-box-text\">\r\n\t\t\t\t\t\tAACI HONORAIRE : Le titre honoraire est d\u00e9cern\u00e9 avec distinction. Il est remis dans l\u2019attente que les personnes ainsi honor\u00e9es et reconnues joueront un r\u00f4le consultatif important au sein de l\u2019Institut et de ses comit\u00e9s, offrant leadership et visibilit\u00e9 qui aideront \u00e0 l\u2019avancement de notre profession. Ces membres ne peuvent utiliser le titre AACI (hon.) dans la prestation de services d\u2019\u00e9valuation ou de consultation immobili\u00e8re.                    <\/div>\r\n                    <div class=\"content-box-link-icon\">\r\n                        <span class=\"icon icon-arrow-right2\"><\/span>\r\n                    <\/div>\r\n                <\/a>\r\n\t\t\t\t\t\t\t                <a href=\"https:\/\/www.aicanada.ca\/fr\/a-propos-de-lice\/prix-benevoles\/prix-etoiles-montantes-tyler-beatty\/\" class=\"content-box-link\" target=\"\" title=\"LE PRIX \u00c9TOILES MONTANTES TYLER BEATTY : Depuis 2016, le Prix \u00e9toiles montantes Tyler Beatty reconna\u00eet les \u00c9valuateurs Professionnels (\u00c9. Pro.) exceptionnels qui ont accompli des r\u00e9alisations significatives dans leur carri\u00e8re et qui ont apport\u00e9 des contributions notables \u00e0 la profession d\u2019\u00e9valuateur dans son ensemble. \">\r\n\t\t\t\t\t                    <div class=\"content-box-text\">\r\n\t\t\t\t\t\tLE PRIX \u00c9TOILES MONTANTES TYLER BEATTY : Depuis 2016, le Prix \u00e9toiles montantes Tyler Beatty reconna\u00eet les \u00c9valuateurs Professionnels (\u00c9. Pro.) exceptionnels qui ont accompli des r\u00e9alisations significatives dans leur carri\u00e8re et qui ont apport\u00e9 des contributions notables \u00e0 la profession d\u2019\u00e9valuateur dans son ensemble.                     <\/div>\r\n                    <div class=\"content-box-link-icon\">\r\n                        <span class=\"icon icon-arrow-right2\"><\/span>\r\n                    <\/div>\r\n                <\/a>\r\n\t\t\t\t\t    <\/div>\r\n\r\n<\/div>\n<\/div>\n\n\n\n<p>L&rsquo;ICE dispose \u00e9galement d&rsquo;un programme de reconnaissance des membres pour leurs ann\u00e9es d&rsquo;adh\u00e9sion (insignes et certificats de 20, 30, 40 et 50 ans).<\/p>\n\n\n\n<div class=\"wp-block-group is-layout-constrained wp-block-group-is-layout-constrained\">\n<figure class=\"wp-block-image aligncenter size-full\"><img loading=\"lazy\" decoding=\"async\" width=\"390\" height=\"485\" src=\"https:\/\/www.aicanada.ca\/wp-content\/uploads\/Untitled-design-1-2.jpg\" alt=\"\" class=\"wp-image-110864\" srcset=\"https:\/\/www.aicanada.ca\/wp-content\/uploads\/Untitled-design-1-2.jpg 390w, https:\/\/www.aicanada.ca\/wp-content\/uploads\/Untitled-design-1-2-241x300.jpg 241w\" sizes=\"auto, (max-width: 390px) 100vw, 390px\" \/><\/figure>\n<\/div>\n","protected":false},"excerpt":{"rendered":"<p>L&rsquo;Institut canadien des \u00e9valuateurs reconna\u00eet que nos b\u00e9n\u00e9voles jouent un r\u00f4le essentiel dans le succ\u00e8s de notre organisation. Le but de nos prix de b\u00e9n\u00e9volat<\/p>\n","protected":false},"author":4,"featured_media":0,"parent":54085,"menu_order":10,"comment_status":"closed","ping_status":"closed","template":"","meta":{"_acf_changed":false,"_relevanssi_hide_post":"","_relevanssi_hide_content":"","_relevanssi_pin_for_all":"","_relevanssi_pin_keywords":"","_relevanssi_unpin_keywords":"","_relevanssi_related_keywords":"","_relevanssi_related_include_ids":"","_relevanssi_related_exclude_ids":"","_relevanssi_related_no_append":"","_relevanssi_related_not_related":"","_relevanssi_related_posts":"","_relevanssi_noindex_reason":"","_lmt_disableupdate":"","_lmt_disable":"","footnotes":""},"class_list":["post-51000","page","type-page","status-publish","hentry"],"acf":[],"_links":{"self":[{"href":"https:\/\/www.aicanada.ca\/fr\/wp-json\/wp\/v2\/pages\/51000","targetHints":{"allow":["GET"]}}],"collection":[{"href":"https:\/\/www.aicanada.ca\/fr\/wp-json\/wp\/v2\/pages"}],"about":[{"href":"https:\/\/www.aicanada.ca\/fr\/wp-json\/wp\/v2\/types\/page"}],"author":[{"embeddable":true,"href":"https:\/\/www.aicanada.ca\/fr\/wp-json\/wp\/v2\/users\/4"}],"replies":[{"embeddable":true,"href":"https:\/\/www.aicanada.ca\/fr\/wp-json\/wp\/v2\/comments?post=51000"}],"version-history":[{"count":15,"href":"https:\/\/www.aicanada.ca\/fr\/wp-json\/wp\/v2\/pages\/51000\/revisions"}],"predecessor-version":[{"id":155879,"href":"https:\/\/www.aicanada.ca\/fr\/wp-json\/wp\/v2\/pages\/51000\/revisions\/155879"}],"up":[{"embeddable":true,"href":"https:\/\/www.aicanada.ca\/fr\/wp-json\/wp\/v2\/pages\/54085"}],"wp:attachment":[{"href":"https:\/\/www.aicanada.ca\/fr\/wp-json\/wp\/v2\/media?parent=51000"}],"curies":[{"name":"wp","href":"https:\/\/api.w.org\/{rel}","templated":true}]}}