{"id":51004,"date":"2017-11-17T09:59:08","date_gmt":"2017-11-17T14:59:08","guid":{"rendered":"https:\/\/www.aicanada.ca\/social-responsibility\/"},"modified":"2025-12-05T11:56:48","modified_gmt":"2025-12-05T16:56:48","slug":"lice-dans-la-communaute","status":"publish","type":"page","link":"https:\/\/www.aicanada.ca\/fr\/a-propos-de-lice\/lice-dans-la-communaute\/","title":{"rendered":"Responsabilit\u00e9 sociale"},"content":{"rendered":"\n<p>D\u00e9couvrez plus d&rsquo;informations sur nos efforts en mati\u00e8re de responsabilit\u00e9 sociale :<\/p>\n\n\n\n<div class=\"wp-block-buttons is-layout-flex wp-block-buttons-is-layout-flex\">\n<div class=\"wp-block-button\"><a class=\"wp-block-button__link wp-element-button\" href=\"https:\/\/www.aicanada.ca\/fr\/a-propos-de-lice\/lice-dans-la-communaute\/\" style=\"text-transform:uppercase\">\u00c9quit\u00e9, diversit\u00e9 et l\u2019inclusion<\/a><\/div>\n\n\n\n<div class=\"wp-block-button\"><a class=\"wp-block-button__link wp-element-button\" href=\"#habitat\" style=\"text-transform:uppercase\">HABITAT FOR HUMANITY<\/a><\/div>\n<\/div>\n\n\n\n<hr class=\"wp-block-separator has-text-color has-black-color has-css-opacity has-black-background-color has-background is-style-wide\"\/>\n\n\n\n<p class=\"has-navy-blue-color has-text-color has-medium-font-size\" id=\"diversity\"><strong><strong><a href=\"https:\/\/www.aicanada.ca\/fr\/a-propos-de-lice\/lice-dans-la-communaute\/conseil-du-president-sur-la-diversite-et-linclusion\/\" target=\"_blank\" rel=\"noreferrer noopener\">Conseil du pr\u00e9sident sur la diversit\u00e9 et l\u2019inclusion<\/a><\/strong><\/strong><\/p>\n\n\n\n<div class=\"wp-block-columns is-layout-flex wp-container-core-columns-is-layout-28f84493 wp-block-columns-is-layout-flex\">\n<div class=\"wp-block-column is-layout-flow wp-block-column-is-layout-flow\" style=\"flex-basis:66.66%\">\n<figure class=\"wp-block-image aligncenter size-full\"><a href=\"https:\/\/www.aicanada.ca\/fr\/a-propos-de-lice\/lice-dans-la-communaute\/conseil-du-president-sur-lequite-la-diversite-et-linclusion\/\"><img loading=\"lazy\" decoding=\"async\" width=\"792\" height=\"198\" src=\"https:\/\/www.aicanada.ca\/wp-content\/uploads\/2.png\" alt=\"\" class=\"wp-image-105016\" srcset=\"https:\/\/www.aicanada.ca\/wp-content\/uploads\/2.png 792w, https:\/\/www.aicanada.ca\/wp-content\/uploads\/2-300x75.png 300w, https:\/\/www.aicanada.ca\/wp-content\/uploads\/2-768x192.png 768w\" sizes=\"auto, (max-width: 792px) 100vw, 792px\" \/><\/a><\/figure>\n<\/div>\n\n\n\n<div class=\"wp-block-column is-vertically-aligned-center is-layout-flow wp-block-column-is-layout-flow\" style=\"flex-basis:33.33%\">\n<p><strong>L&rsquo;ICE s&rsquo;engage \u00e0 favoriser un environnement qui respecte la dignit\u00e9, les id\u00e9es et les croyances de chacun, gr\u00e2ce au travail de notre Conseil dupr\u00e9sident sur l&rsquo;\u00e9quit\u00e9, la diversit\u00e9 et&nbsp;l&rsquo;inclusion. <\/strong><br><strong><a href=\"https:\/\/www.aicanada.ca\/fr\/a-propos-de-lice\/lice-dans-la-communaute\/conseil-du-president-sur-lequite-la-diversite-et-linclusion\/\" target=\"_blank\" rel=\"noreferrer noopener\">Cliquez ici pour en savoir&nbsp;plus<\/a><\/strong>.<\/p>\n<\/div>\n<\/div>\n\n\n\n<hr class=\"wp-block-separator has-text-color has-black-color has-css-opacity has-black-background-color has-background is-style-wide\"\/>\n\n\n\n<div class=\"wp-block-columns is-layout-flex wp-container-core-columns-is-layout-28f84493 wp-block-columns-is-layout-flex\">\n<div class=\"wp-block-column is-layout-flow wp-block-column-is-layout-flow\" style=\"flex-basis:66.666%\">\n<h2 class=\"wp-block-heading has-medium-font-size\" id=\"habitat\"><strong><span style=\"color:#004990\" class=\"tadv-color\">Habitat for Humanity <\/span><\/strong><\/h2>\n\n\n\n<p>En 2011, l\u2019Institut canadien des \u00e9valuateurs a fait d\u2019Habitat pour l\u2019humanit\u00e9 son \u0153uvre de bienfaisance privil\u00e9gi\u00e9e. Par son programme Value of Home, l\u2019objectif \u00e0 long terme de l\u2019ICE est de parrainer une construction d\u2019Habitat pour l\u2019humanit\u00e9 sur une base annuelle, tout en appuyant des constructions collectives d\u2019\u00e9quipes partout au pays. Puisque de plus en plus de membres de l\u2019ICE de l\u2019ensemble du pays prennent part \u00e0 la collecte de fonds, les objectifs du programme seront rapidement atteints. Habitat pour l\u2019humanit\u00e9 Canada (HFHC) est un organisme \u00e0 but non lucratif qui travaille pour un monde o\u00f9 tous auront un logement s\u00e9curitaire et d\u00e9cent. L\u2019organisme mobilise des b\u00e9n\u00e9voles et des partenaires afin de construire des logements simples et d\u00e9cents de mani\u00e8re \u00e0 offrir un acc\u00e8s \u00e0 la propri\u00e9t\u00e9 aux familles \u00e0 faibles revenus. HFHC s\u2019occupe \u00e9galement de sensibiliser les gens au besoin de construire des logements abordables et promeut l\u2019accession \u00e0 la propri\u00e9t\u00e9 comme un moyen de briser le cycle de la pauvret\u00e9.&nbsp;<\/p>\n<\/div>\n\n\n\n<div class=\"wp-block-column is-layout-flow wp-block-column-is-layout-flow\" style=\"flex-basis:33.333%\">\r\n    <div class=\"mp-block-linked-content mp-block clearfix\">\r\n\r\n\t\t\t\t\t\t\t\t\t                <a href=\"https:\/\/www.aicanada.ca\/wp-content\/uploads\/HFHC-Fact-Sheet-August-2011.pdf\" class=\"content-box-link\" target=\"_blank\" title=\"Habitat for Humanity Fact Sheet - en anglais seulement\">\r\n\t\t\t\t\t                    <div class=\"content-box-text\">\r\n\t\t\t\t\t\tHabitat for Humanity Fact Sheet &#8211; en anglais seulement                    <\/div>\r\n                    <div class=\"content-box-link-icon\">\r\n                        <span class=\"icon icon-download5\"><\/span>\r\n                    <\/div>\r\n                <\/a>\r\n\t\t\t\t\t\t\t                <a href=\"https:\/\/www.aicanada.ca\/wp-content\/uploads\/Habitat101-AIC_2011.pdf\" class=\"content-box-link\" target=\"_blank\" title=\"Be a Part of Something Big - en anglais seulement\">\r\n\t\t\t\t\t                    <div class=\"content-box-text\">\r\n\t\t\t\t\t\tBe a Part of Something Big &#8211; en anglais seulement                    <\/div>\r\n                    <div class=\"content-box-link-icon\">\r\n                        <span class=\"icon icon-download5\"><\/span>\r\n                    <\/div>\r\n                <\/a>\r\n\t\t\t\t\t    <\/div>\r\n\r\n\n\n\n<figure class=\"wp-block-image size-full\"><img loading=\"lazy\" decoding=\"async\" width=\"1231\" height=\"1347\" src=\"https:\/\/www.aicanada.ca\/wp-content\/uploads\/1692-habitat-for-humanity-web.jpg\" alt=\"\" class=\"wp-image-53605\" srcset=\"https:\/\/www.aicanada.ca\/wp-content\/uploads\/1692-habitat-for-humanity-web.jpg 1231w, https:\/\/www.aicanada.ca\/wp-content\/uploads\/1692-habitat-for-humanity-web-274x300.jpg 274w, https:\/\/www.aicanada.ca\/wp-content\/uploads\/1692-habitat-for-humanity-web-768x840.jpg 768w, https:\/\/www.aicanada.ca\/wp-content\/uploads\/1692-habitat-for-humanity-web-936x1024.jpg 936w, https:\/\/www.aicanada.ca\/wp-content\/uploads\/1692-habitat-for-humanity-web-493x540.jpg 493w\" sizes=\"auto, (max-width: 1231px) 100vw, 1231px\" \/><\/figure>\n<\/div>\n<\/div>\n\n\n\n<hr class=\"wp-block-separator has-text-color has-light-grey-color has-css-opacity has-light-grey-background-color has-background is-style-wide\"\/>\n\n\n\n<h2 class=\"wp-block-heading has-text-align-center\">L\u2019ICE a contribu\u00e9 plus de 35 000 $ \u00e0 Habitat pour l\u2019humanit\u00e9!<\/h2>\n\n\n\n<p class=\"has-text-align-center\">Les membres int\u00e9ress\u00e9s \u00e0 s\u2019engager peuvent <a href=\"mailto:info@aicanada.ca\">communiquer avec l\u2019ICE<\/a> au si\u00e8ge social de l\u2019ICE. Les associations provinciales et les sections locales de l\u2019ICE sont \u00e9galement actives au sein de&nbsp;leurs&nbsp;collectivit\u00e9s.<\/p>\n","protected":false},"excerpt":{"rendered":"<p>D\u00e9couvrez plus d&rsquo;informations sur nos efforts en mati\u00e8re de responsabilit\u00e9 sociale : Conseil du pr\u00e9sident sur la diversit\u00e9 et l\u2019inclusion L&rsquo;ICE s&rsquo;engage \u00e0 favoriser un<\/p>\n","protected":false},"author":4,"featured_media":0,"parent":54085,"menu_order":13,"comment_status":"closed","ping_status":"closed","template":"","meta":{"_acf_changed":false,"_relevanssi_hide_post":"","_relevanssi_hide_content":"","_relevanssi_pin_for_all":"","_relevanssi_pin_keywords":"","_relevanssi_unpin_keywords":"","_relevanssi_related_keywords":"","_relevanssi_related_include_ids":"","_relevanssi_related_exclude_ids":"","_relevanssi_related_no_append":"","_relevanssi_related_not_related":"","_relevanssi_related_posts":"","_relevanssi_noindex_reason":"","_lmt_disableupdate":"","_lmt_disable":"","footnotes":""},"class_list":["post-51004","page","type-page","status-publish","hentry"],"acf":[],"_links":{"self":[{"href":"https:\/\/www.aicanada.ca\/fr\/wp-json\/wp\/v2\/pages\/51004","targetHints":{"allow":["GET"]}}],"collection":[{"href":"https:\/\/www.aicanada.ca\/fr\/wp-json\/wp\/v2\/pages"}],"about":[{"href":"https:\/\/www.aicanada.ca\/fr\/wp-json\/wp\/v2\/types\/page"}],"author":[{"embeddable":true,"href":"https:\/\/www.aicanada.ca\/fr\/wp-json\/wp\/v2\/users\/4"}],"replies":[{"embeddable":true,"href":"https:\/\/www.aicanada.ca\/fr\/wp-json\/wp\/v2\/comments?post=51004"}],"version-history":[{"count":14,"href":"https:\/\/www.aicanada.ca\/fr\/wp-json\/wp\/v2\/pages\/51004\/revisions"}],"predecessor-version":[{"id":155275,"href":"https:\/\/www.aicanada.ca\/fr\/wp-json\/wp\/v2\/pages\/51004\/revisions\/155275"}],"up":[{"embeddable":true,"href":"https:\/\/www.aicanada.ca\/fr\/wp-json\/wp\/v2\/pages\/54085"}],"wp:attachment":[{"href":"https:\/\/www.aicanada.ca\/fr\/wp-json\/wp\/v2\/media?parent=51004"}],"curies":[{"name":"wp","href":"https:\/\/api.w.org\/{rel}","templated":true}]}}