{"id":52760,"date":"2017-11-17T09:47:51","date_gmt":"2017-11-17T14:47:51","guid":{"rendered":"https:\/\/www.aicanada.ca\/path-aic-designation\/"},"modified":"2025-11-03T13:35:00","modified_gmt":"2025-11-03T18:35:00","slug":"voie-menant-a-une-designation-de-lice","status":"publish","type":"page","link":"https:\/\/www.aicanada.ca\/fr\/devenir-un-evaluateur\/voie-menant-a-une-designation-de-lice\/","title":{"rendered":"Voie menant \u00e0 une d\u00e9signation"},"content":{"rendered":"\n<p>L\u2019ICE offre deux&nbsp;<strong>d\u00e9signations reconnues<\/strong>&nbsp;qui ouvrent la voie \u00e0 une carri\u00e8re en \u00e9valuation immobili\u00e8re :<\/p>\n\n\n\n<ul class=\"wp-block-list\">\n<li>La&nbsp;<strong>d\u00e9signation Canadian Residential Appraiser (CRA\u00ae)<\/strong>&nbsp;permet d\u2019\u00e9valuer des maisons unifamiliales, des maisons jumel\u00e9es, des maisons en rang\u00e9e de quatre unit\u00e9s ou moins, des condominiums et des terrains r\u00e9sidentiels vacants.<\/li>\n\n\n\n<li>La&nbsp;<strong>d\u00e9signation Accredited Appraiser Canadian Institute (AACI\u00ae)<\/strong>&nbsp;offre l\u2019expertise n\u00e9cessaire pour \u00e9valuer tous types de biens, y compris des terrains, des propri\u00e9t\u00e9s agricoles, des machines et \u00e9quipements, ainsi que des b\u00e2timents commerciaux et r\u00e9sidentiels.<\/li>\n<\/ul>\n\n\n\n<h2 class=\"wp-block-heading\"><a>Adh\u00e9sion et voies d&rsquo;acc\u00e8s aux d\u00e9signations<\/a><\/h2>\n\n\n\n<div class=\"wp-block-columns is-layout-flex wp-container-core-columns-is-layout-28f84493 wp-block-columns-is-layout-flex\">\n<div class=\"wp-block-column is-layout-flow wp-block-column-is-layout-flow\">\n<div class=\"wp-block-cover has-custom-content-position is-position-top-left flex-cover\" style=\"padding-top:var(--wp--preset--spacing--60);padding-right:var(--wp--preset--spacing--30);padding-bottom:var(--wp--preset--spacing--60);padding-left:var(--wp--preset--spacing--30);min-height:100%;;aspect-ratio:unset;display:table\"><span aria-hidden=\"true\" class=\"wp-block-cover__background has-navy-blue-background-color has-background-dim-90 has-background-dim\"><\/span><div class=\"wp-block-cover__inner-container is-layout-flow wp-block-cover-is-layout-flow\">\n<p class=\"has-text-align-left has-medium-font-size\" style=\"line-height:1.2;text-transform:uppercase\"><strong>Membre \u00e9tudiant<\/strong><\/p>\n\n\n\n<p>Pour les personnes qui n\u2019ont pas obtenu le baccalaur\u00e9at, ou qui suivent les cours universitaires pour obtenir une d\u00e9signation d&rsquo;ICE<\/p>\n\n\n\n<div class=\"wp-block-group flex-fill d-flex align-items-end is-content-justification-left is-layout-constrained wp-container-core-group-is-layout-12dd3699 wp-block-group-is-layout-constrained\">\n<p class=\"has-white-color has-text-color has-link-color has-small-font-size wp-elements-2f172c07a2d295841168ef3a6b133183\" style=\"border-bottom-color:var(--wp--preset--color--white);border-bottom-width:1px;padding-bottom:var(--wp--preset--spacing--20);line-height:1.2;text-transform:none\"><strong><a href=\"https:\/\/www.aicanada.ca\/fr\/devenir-un-evaluateur\/voie-menant-a-une-designation-de-lice\/path-designation-student-member\/\">En savoir plus<\/a><\/strong><\/p>\n<\/div>\n<\/div><\/div>\n<\/div>\n\n\n\n<div class=\"wp-block-column is-layout-flow wp-block-column-is-layout-flow\">\n<div class=\"wp-block-cover has-custom-content-position is-position-top-left flex-cover\" style=\"padding-top:var(--wp--preset--spacing--60);padding-right:var(--wp--preset--spacing--30);padding-bottom:var(--wp--preset--spacing--60);padding-left:var(--wp--preset--spacing--30);min-height:100%;;aspect-ratio:unset;display:table\"><span aria-hidden=\"true\" class=\"wp-block-cover__background has-green-background-color has-background-dim-90 has-background-dim\"><\/span><div class=\"wp-block-cover__inner-container is-layout-flow wp-block-cover-is-layout-flow\">\n<p class=\"has-text-align-left has-medium-font-size\" style=\"line-height:1.2;text-transform:uppercase\"><strong>La voie de la d\u00e9signation pour les&nbsp;stagiaires<\/strong><\/p>\n\n\n\n<p>Pour les personnes qui sont sur le point de compl\u00e9ter ou qui ont compl\u00e9t\u00e9 un baccalaur\u00e9at canadien.<\/p>\n\n\n\n<div class=\"wp-block-group flex-fill d-flex align-items-end is-content-justification-left is-layout-constrained wp-container-core-group-is-layout-12dd3699 wp-block-group-is-layout-constrained\">\n<p class=\"has-white-color has-text-color has-link-color has-small-font-size wp-elements-91a226105e475c8fefc31f6dc2c574c5\" style=\"border-bottom-color:var(--wp--preset--color--white);border-bottom-width:1px;padding-bottom:var(--wp--preset--spacing--20);line-height:1.2;text-transform:none\"><strong><a href=\"https:\/\/www.aicanada.ca\/fr\/devenir-un-evaluateur\/voie-menant-a-une-designation-de-lice\/path-designation-candidate-member\/\">En savoir plus<\/a><\/strong><\/p>\n<\/div>\n<\/div><\/div>\n<\/div>\n\n\n\n<div class=\"wp-block-column is-layout-flow wp-block-column-is-layout-flow\">\n<div class=\"wp-block-cover has-custom-content-position is-position-top-left flex-cover\" style=\"padding-top:var(--wp--preset--spacing--60);padding-right:var(--wp--preset--spacing--30);padding-bottom:var(--wp--preset--spacing--60);padding-left:var(--wp--preset--spacing--30);min-height:100%;;aspect-ratio:unset;display:table\"><span aria-hidden=\"true\" class=\"wp-block-cover__background has-dark-grey-background-color has-background-dim-90 has-background-dim\"><\/span><div class=\"wp-block-cover__inner-container is-layout-flow wp-block-cover-is-layout-flow\">\n<p class=\"has-text-align-left has-medium-font-size\" style=\"line-height:1.2;text-transform:uppercase\"><strong>Stagiere acc\u00e9l\u00e9r\u00e9 \u00e0&nbsp;l\u2019AACI<\/strong><\/p>\n\n\n\n<p>Voie acc\u00e9l\u00e9r\u00e9e vers le titre d\u2019AACI. N\u00e9cessite un dipl\u00f4me universitaire canadien (baccalaur\u00e9at) en commerce. Offert en collaboration avec le programme de certificat d\u2019\u00e9tudes sup\u00e9rieures en \u00e9valuation des biens immobiliers (PGCV) de l\u2019University of British Columbia (UBC). Programme de langue anglaise.<\/p>\n\n\n\n<div class=\"wp-block-group flex-fill d-flex align-items-end is-content-justification-left is-layout-constrained wp-container-core-group-is-layout-12dd3699 wp-block-group-is-layout-constrained\">\n<p class=\"has-white-color has-text-color has-link-color has-small-font-size wp-elements-c919f8b324259b9d93d45b2f87e0978e\" style=\"border-bottom-color:var(--wp--preset--color--white);border-bottom-width:1px;padding-bottom:var(--wp--preset--spacing--20);line-height:1.2;text-transform:none\"><strong><strong><a href=\"https:\/\/www.aicanada.ca\/become-an-appraiser\/path-aic-designation\/path-to-designation-accelerated-candidate-member\/\">En savoir plus<\/a><\/strong><\/strong><\/p>\n<\/div>\n<\/div><\/div>\n<\/div>\n\n\n\n<div class=\"wp-block-column is-layout-flow wp-block-column-is-layout-flow\">\n<div class=\"wp-block-cover has-custom-content-position is-position-top-left flex-cover\" style=\"padding-top:var(--wp--preset--spacing--60);padding-right:var(--wp--preset--spacing--30);padding-bottom:var(--wp--preset--spacing--60);padding-left:var(--wp--preset--spacing--30);min-height:100%;;aspect-ratio:unset;display:table\"><span aria-hidden=\"true\" class=\"wp-block-cover__background has-navy-blue-background-color has-background-dim-90 has-background-dim\"><\/span><div class=\"wp-block-cover__inner-container is-layout-flow wp-block-cover-is-layout-flow\">\n<p class=\"has-text-align-left has-medium-font-size\" style=\"line-height:1.2;text-transform:uppercase\"><strong>La voie internationale vers la d\u00e9signation<\/strong><\/p>\n\n\n\n<p>Pour les personnes titulaires d\u2019un baccalaur\u00e9at d\u00e9livr\u00e9 par une universit\u00e9 internationale.<\/p>\n\n\n\n<div class=\"wp-block-group flex-fill d-flex align-items-end is-content-justification-left is-layout-constrained wp-container-core-group-is-layout-12dd3699 wp-block-group-is-layout-constrained\">\n<p class=\"has-white-color has-text-color has-link-color has-small-font-size wp-elements-53f8d0f26dfbf1824627ca7de120db87\" style=\"border-bottom-color:var(--wp--preset--color--white);border-bottom-width:1px;padding-bottom:var(--wp--preset--spacing--20);line-height:1.2;text-transform:none\"><strong><strong><a href=\"https:\/\/www.aicanada.ca\/fr\/devenir-un-evaluateur\/voie-menant-a-une-designation-de-lice\/path-designation-international-degrees\/\">En savoir plus<\/a><\/strong><\/strong><\/p>\n<\/div>\n<\/div><\/div>\n<\/div>\n<\/div>\n","protected":false},"excerpt":{"rendered":"<p>L\u2019ICE offre deux&nbsp;d\u00e9signations reconnues&nbsp;qui ouvrent la voie \u00e0 une carri\u00e8re en \u00e9valuation immobili\u00e8re : Adh\u00e9sion et voies d&rsquo;acc\u00e8s aux d\u00e9signations<\/p>\n","protected":false},"author":4,"featured_media":0,"parent":54080,"menu_order":3,"comment_status":"closed","ping_status":"closed","template":"","meta":{"_acf_changed":false,"_relevanssi_hide_post":"","_relevanssi_hide_content":"","_relevanssi_pin_for_all":"","_relevanssi_pin_keywords":"","_relevanssi_unpin_keywords":"","_relevanssi_related_keywords":"","_relevanssi_related_include_ids":"","_relevanssi_related_exclude_ids":"","_relevanssi_related_no_append":"","_relevanssi_related_not_related":"","_relevanssi_related_posts":"","_relevanssi_noindex_reason":"","_lmt_disableupdate":"","_lmt_disable":"","footnotes":""},"class_list":["post-52760","page","type-page","status-publish","hentry"],"acf":[],"_links":{"self":[{"href":"https:\/\/www.aicanada.ca\/fr\/wp-json\/wp\/v2\/pages\/52760","targetHints":{"allow":["GET"]}}],"collection":[{"href":"https:\/\/www.aicanada.ca\/fr\/wp-json\/wp\/v2\/pages"}],"about":[{"href":"https:\/\/www.aicanada.ca\/fr\/wp-json\/wp\/v2\/types\/page"}],"author":[{"embeddable":true,"href":"https:\/\/www.aicanada.ca\/fr\/wp-json\/wp\/v2\/users\/4"}],"replies":[{"embeddable":true,"href":"https:\/\/www.aicanada.ca\/fr\/wp-json\/wp\/v2\/comments?post=52760"}],"version-history":[{"count":15,"href":"https:\/\/www.aicanada.ca\/fr\/wp-json\/wp\/v2\/pages\/52760\/revisions"}],"predecessor-version":[{"id":154083,"href":"https:\/\/www.aicanada.ca\/fr\/wp-json\/wp\/v2\/pages\/52760\/revisions\/154083"}],"up":[{"embeddable":true,"href":"https:\/\/www.aicanada.ca\/fr\/wp-json\/wp\/v2\/pages\/54080"}],"wp:attachment":[{"href":"https:\/\/www.aicanada.ca\/fr\/wp-json\/wp\/v2\/media?parent=52760"}],"curies":[{"name":"wp","href":"https:\/\/api.w.org\/{rel}","templated":true}]}}