{"id":53496,"date":"2017-11-17T10:17:57","date_gmt":"2017-11-17T15:17:57","guid":{"rendered":"https:\/\/www.aicanada.ca\/media-centre-2\/"},"modified":"2025-09-22T14:06:52","modified_gmt":"2025-09-22T18:06:52","slug":"communiques-de-presse","status":"publish","type":"page","link":"https:\/\/www.aicanada.ca\/fr\/a-propos-de-lice\/communiques-de-presse\/","title":{"rendered":"Centre des m\u00e9dias"},"content":{"rendered":"\n<h2 class=\"wp-block-heading\"><strong>Communiqu\u00e9s de presse<\/strong> <\/h2>\n\n\n\n<div class=\"wp-block-columns callout-columns is-layout-flex wp-container-core-columns-is-layout-28f84493 wp-block-columns-is-layout-flex\">\n<div class=\"wp-block-column is-layout-flow wp-block-column-is-layout-flow\">\n<div class=\"wp-block-cover has-custom-content-position is-position-top-left flex-cover\" style=\"padding-top:var(--wp--preset--spacing--80);padding-right:var(--wp--preset--spacing--30);padding-bottom:var(--wp--preset--spacing--80);padding-left:var(--wp--preset--spacing--30);min-height:100%;;aspect-ratio:unset;display:table\"><span aria-hidden=\"true\" class=\"wp-block-cover__background has-green-background-color has-background-dim-90 has-background-dim\"><\/span><div class=\"wp-block-cover__inner-container is-layout-flow wp-block-cover-is-layout-flow\">\n<p class=\"has-text-align-left has-white-color has-text-color has-link-color has-medium-font-size wp-elements-d5d57ed6a89eb92a9324148b26061f1f\" style=\"line-height:1.2;text-transform:uppercase\"><strong>En pleine crise du logement, de nouvelles donn\u00e9es r\u00e9v\u00e8lent que les Canadiens font<br>davantage confiance au jugement des professionnels qu\u2019aux outils d\u2019intelligence<br>artificielle (IA)<\/strong><\/p>\n\n\n\n<p class=\"has-white-color has-text-color has-link-color wp-elements-aea04a21f1bf00e14a4a1fe058cdb513\"><strong>9 septembre, 2025<\/strong><\/p>\n\n\n\n<div class=\"wp-block-group flex-fill d-flex align-items-end is-content-justification-left is-layout-constrained wp-container-core-group-is-layout-12dd3699 wp-block-group-is-layout-constrained\">\n<p class=\"has-white-color has-text-color has-link-color has-small-font-size wp-elements-a3a8803ad02308b70d41e9212babb499\" style=\"border-bottom-color:var(--wp--preset--color--white);border-bottom-width:1px;padding-bottom:var(--wp--preset--spacing--20);line-height:1.2;text-transform:none\"><strong><a href=\"https:\/\/www.aicanada.ca\/wp-content\/uploads\/AIC-Release-FR.pdf\">Lire ici <\/a><\/strong><\/p>\n<\/div>\n<\/div><\/div>\n<\/div>\n\n\n\n<div class=\"wp-block-column is-layout-flow wp-block-column-is-layout-flow\">\n<div class=\"wp-block-cover has-custom-content-position is-position-top-left flex-cover\" style=\"padding-top:var(--wp--preset--spacing--80);padding-right:var(--wp--preset--spacing--30);padding-bottom:var(--wp--preset--spacing--80);padding-left:var(--wp--preset--spacing--30);min-height:100%;;aspect-ratio:unset;display:table\"><span aria-hidden=\"true\" class=\"wp-block-cover__background has-dark-grey-background-color has-background-dim-90 has-background-dim\"><\/span><div class=\"wp-block-cover__inner-container is-layout-flow wp-block-cover-is-layout-flow\">\n<p class=\"has-text-align-left has-white-color has-text-color has-link-color has-medium-font-size wp-elements-42230292da482bfa13c3643d798616f9\" style=\"line-height:1.2;text-transform:uppercase\"><strong>Appraisal Institute of Canada (AIC) Addresses Housing Crisis with Key Recommendations to Parliament<\/strong><\/p>\n\n\n\n<p class=\"has-white-color has-text-color has-link-color wp-elements-528552b885f09d5204cf90434f6e56f9\"><strong>15 septembre, 2025<\/strong><\/p>\n\n\n\n<div class=\"wp-block-group flex-fill d-flex align-items-end is-content-justification-left is-layout-constrained wp-container-core-group-is-layout-12dd3699 wp-block-group-is-layout-constrained\">\n<p class=\"has-white-color has-text-color has-link-color has-small-font-size wp-elements-433107a192151274a825c8d30bb52a19\" style=\"border-bottom-color:var(--wp--preset--color--white);border-bottom-width:1px;padding-bottom:var(--wp--preset--spacing--20);line-height:1.2;text-transform:none\"><strong><a href=\"https:\/\/www.newsfilecorp.com\/release\/266395\/Appraisal-Institute-of-Canada-AIC-Addresses-Housing-Crisis-with-Key-Recommendations-to-Parliament\">Lire ici<\/a><\/strong><\/p>\n<\/div>\n<\/div><\/div>\n<\/div>\n\n\n\n<div class=\"wp-block-column is-layout-flow wp-block-column-is-layout-flow\"><\/div>\n<\/div>\n\n\n\n<h2 class=\"wp-block-heading\">Articles en vedette<\/h2>\n\n\n\n<div class=\"wp-block-columns callout-columns is-layout-flex wp-container-core-columns-is-layout-28f84493 wp-block-columns-is-layout-flex\">\n<div class=\"wp-block-column is-layout-flow wp-block-column-is-layout-flow\">\n<div class=\"wp-block-cover has-custom-content-position is-position-top-left flex-cover\" style=\"padding-top:var(--wp--preset--spacing--80);padding-right:var(--wp--preset--spacing--30);padding-bottom:var(--wp--preset--spacing--80);padding-left:var(--wp--preset--spacing--30);min-height:100%;;aspect-ratio:unset;display:table\"><span aria-hidden=\"true\" class=\"wp-block-cover__background has-navy-blue-background-color has-background-dim-90 has-background-dim\"><\/span><div class=\"wp-block-cover__inner-container is-layout-flow wp-block-cover-is-layout-flow\">\n<p class=\"has-text-align-left has-white-color has-text-color has-link-color has-medium-font-size wp-elements-f4a46f23ad381f26c09b1c5a9ba5af77\" style=\"line-height:1.2;text-transform:uppercase\"><strong>Renovating or Refinancing? Why You Need a Professional Appraiser <\/strong><\/p>\n\n\n\n<p class=\"has-white-color has-text-color has-link-color wp-elements-c8ad3283bebcf5d176e76f1ae26d8a9c\"><strong>Juillet 2025<\/strong><\/p>\n\n\n\n<div class=\"wp-block-group flex-fill d-flex align-items-end is-content-justification-left is-layout-constrained wp-container-core-group-is-layout-12dd3699 wp-block-group-is-layout-constrained\">\n<p class=\"has-white-color has-text-color has-link-color has-small-font-size wp-elements-7c39522bae5fda50946bd876662ab5d2\" style=\"border-bottom-color:var(--wp--preset--color--white);border-bottom-width:1px;padding-bottom:var(--wp--preset--spacing--20);line-height:1.2;text-transform:none\"><strong><a href=\"https:\/\/www.innovatingcanada.ca\/industry-and-business\/home-protection-improvement\/scott-mcgillivrays-blueprint-for-a-better-safer-home\/\">Lire ici<\/a><\/strong><\/p>\n<\/div>\n<\/div><\/div>\n<\/div>\n\n\n\n<div class=\"wp-block-column is-layout-flow wp-block-column-is-layout-flow\">\n<div class=\"wp-block-cover has-custom-content-position is-position-top-left flex-cover\" style=\"padding-top:var(--wp--preset--spacing--80);padding-right:var(--wp--preset--spacing--30);padding-bottom:var(--wp--preset--spacing--80);padding-left:var(--wp--preset--spacing--30);min-height:100%;;aspect-ratio:unset;display:table\"><span aria-hidden=\"true\" class=\"wp-block-cover__background has-green-background-color has-background-dim-90 has-background-dim\"><\/span><div class=\"wp-block-cover__inner-container is-layout-flow wp-block-cover-is-layout-flow\">\n<p class=\"has-text-align-left has-white-color has-text-color has-link-color has-medium-font-size wp-elements-b1c1e0009deb7a7945fddccc941813c0\" style=\"line-height:1.2;text-transform:uppercase\"><strong>Take decisive action to strengthen and protect housing market, AIC urges government<\/strong><\/p>\n\n\n\n<p class=\"has-white-color has-text-color has-link-color wp-elements-52c019bc509a1ac420c07bac10ab1e8c\"><strong>Septembre 2025<\/strong><\/p>\n\n\n\n<div class=\"wp-block-group flex-fill d-flex align-items-end is-content-justification-left is-layout-constrained wp-container-core-group-is-layout-12dd3699 wp-block-group-is-layout-constrained\">\n<p class=\"has-white-color has-text-color has-link-color has-small-font-size wp-elements-2e871d54c949600101f251623d61134b\" style=\"border-bottom-color:var(--wp--preset--color--white);border-bottom-width:1px;padding-bottom:var(--wp--preset--spacing--20);line-height:1.2;text-transform:none\"><strong><a href=\"https:\/\/www.mpamag.com\/ca\/mortgage-industry\/industry-trends\/take-decisive-action-to-strengthen-and-protect-housing-market-aic-urges-government\/550050\">Lire ici<\/a><\/strong><\/p>\n<\/div>\n<\/div><\/div>\n<\/div>\n\n\n\n<div class=\"wp-block-column is-layout-flow wp-block-column-is-layout-flow\"><\/div>\n<\/div>\n\n\n\n<h2 class=\"wp-block-heading\">Extraits de la conf\u00e9rence de presse<\/h2>\n\n\n\n<p class=\"has-medium-font-size\"><strong>15 septembre 2025<\/strong><\/p>\n\n\n\n<div class=\"wp-block-columns is-layout-flex wp-container-core-columns-is-layout-28f84493 wp-block-columns-is-layout-flex\">\n<div class=\"wp-block-column is-layout-flow wp-block-column-is-layout-flow\">\n<figure class=\"wp-block-embed is-type-video is-provider-vimeo wp-block-embed-vimeo\"><div class=\"wp-block-embed__wrapper\">\n<img decoding=\"async\" src=\"https:\/\/i.vimeocdn.com\/video\/2060363526-73b32de750461961b21917a2507cbad41f2eda6f34bfe5198cbb79a8ace8f8bd-d_295x166?region=us\" class=\"oembed-image\" onclick=\"this.outerHTML='&lt;iframe class=&quot;oembed-iframe&quot; title=&quot;AIC-CPAC-SQ-EN&quot; src=&quot;https:\/\/player.vimeo.com\/video\/1119791252?dnt=1&amp;amp;app_id=122963?autoplay=1&quot; width=&quot;500&quot; height=&quot;500&quot; frameborder=&quot;0&quot; allow=&quot;autoplay; fullscreen; picture-in-picture; clipboard-write; encrypted-media; web-share&quot; referrerpolicy=&quot;strict-origin-when-cross-origin&quot;&gt;&lt;\/iframe&gt;';jQuery('.oembed-iframe').each(function() { var _this = jQuery(this), iframeWidth, iframeHeight,iframeAspect;iframeAspect = 9 \/ 16;iframeWidth = _this.parent().width();iframeHeight = iframeWidth * iframeAspect;_this.css('width', iframeWidth);_this.css('height', iframeHeight);});\" alt=\"AIC-CPAC-SQ-EN\">\n<\/div><\/figure>\n<\/div>\n\n\n\n<div class=\"wp-block-column is-layout-flow wp-block-column-is-layout-flow\">\n<figure class=\"wp-block-embed aligncenter is-type-video is-provider-vimeo wp-block-embed-vimeo\"><div class=\"wp-block-embed__wrapper\">\n<img decoding=\"async\" src=\"https:\/\/i.vimeocdn.com\/video\/2060365545-981aca9aaaf6719667e1cd8c32d400d3fe8889338c346ea8ed87ba37b63ce522-d_295x166?region=us\" class=\"oembed-image\" onclick=\"this.outerHTML='&lt;iframe class=&quot;oembed-iframe&quot; title=&quot;AIC-CPAC-SQ-FR&quot; src=&quot;https:\/\/player.vimeo.com\/video\/1119792873?dnt=1&amp;amp;app_id=122963?autoplay=1&quot; width=&quot;500&quot; height=&quot;500&quot; frameborder=&quot;0&quot; allow=&quot;autoplay; fullscreen; picture-in-picture; clipboard-write; encrypted-media; web-share&quot; referrerpolicy=&quot;strict-origin-when-cross-origin&quot;&gt;&lt;\/iframe&gt;';jQuery('.oembed-iframe').each(function() { var _this = jQuery(this), iframeWidth, iframeHeight,iframeAspect;iframeAspect = 9 \/ 16;iframeWidth = _this.parent().width();iframeHeight = iframeWidth * iframeAspect;_this.css('width', iframeWidth);_this.css('height', iframeHeight);});\" alt=\"AIC-CPAC-SQ-FR\">\n<\/div><\/figure>\n<\/div>\n<\/div>\n\n\n\n<h2 class=\"wp-block-heading\">D\u00e9clarations de l&rsquo;ICE<\/h2>\n\n\n\r\n    <div class=\"mp-block-linked-content mp-block clearfix\">\r\n\r\n\t\t\t\t\t\t\t\t\t                <a href=\"https:\/\/www.aicanada.ca\/wp-content\/uploads\/LInstitut-canadien-des-evaluateurs-soutient-la-diversite-legalite-et-inclusion-dans-la-profession-devaluateur.pdf\" class=\"content-box-link\" target=\"_blank\" title=\"L&#039;Institut canadien des \u00e9valuateurs soutient la diversit\u00e9, l&#039;\u00e9galit\u00e9 et inclusion dans la profession d&#039;\u00e9valuateur - 5 mars 2021\">\r\n\t\t\t\t\t                    <div class=\"content-box-text\">\r\n\t\t\t\t\t\tL&#039;Institut canadien des \u00e9valuateurs soutient la diversit\u00e9, l&#039;\u00e9galit\u00e9 et inclusion dans la profession d&#039;\u00e9valuateur &#8211; 5 mars 2021                    <\/div>\r\n                    <div class=\"content-box-link-icon\">\r\n                        <span class=\"icon icon-arrow-right2\"><\/span>\r\n                    <\/div>\r\n                <\/a>\r\n\t\t\t\t\t    <\/div>\r\n\r\n\n\n\n<h2 class=\"wp-block-heading\">Publications pr\u00e9c\u00e9dentes<\/h2>\n\n\n\r\n    <div class=\"mp-block-linked-content mp-block clearfix\">\r\n\r\n\t\t\t\t\t\t\t\t\t                <a href=\"https:\/\/www.cmbabc.ca\/canadian-mortgage-broker-magazine-winter-2023\/\" class=\"content-box-link\" target=\"_blank\" title=\"Home prices appear to be stabilizing but supply is still an issue: Professional Appraisers use up-to-date and real-time market data to arrive at an opinion of value (En anglais uniquement, l&#039;article commence sur page 36) - Printemps 2023\">\r\n\t\t\t\t\t                    <div class=\"content-box-text\">\r\n\t\t\t\t\t\tHome prices appear to be stabilizing but supply is still an issue: Professional Appraisers use up-to-date and real-time market data to arrive at an opinion of value (En anglais uniquement, l&#039;article commence sur page 36) &#8211; Printemps 2023                    <\/div>\r\n                    <div class=\"content-box-link-icon\">\r\n                        <span class=\"icon icon-arrow-right2\"><\/span>\r\n                    <\/div>\r\n                <\/a>\r\n\t\t\t\t\t    <\/div>\r\n\r\n","protected":false},"excerpt":{"rendered":"<p>Communiqu\u00e9s de presse Articles en vedette Extraits de la conf\u00e9rence de presse 15 septembre 2025 D\u00e9clarations de l&rsquo;ICE Publications pr\u00e9c\u00e9dentes<\/p>\n","protected":false},"author":4,"featured_media":0,"parent":54085,"menu_order":11,"comment_status":"closed","ping_status":"closed","template":"","meta":{"_acf_changed":false,"_relevanssi_hide_post":"","_relevanssi_hide_content":"","_relevanssi_pin_for_all":"","_relevanssi_pin_keywords":"","_relevanssi_unpin_keywords":"","_relevanssi_related_keywords":"","_relevanssi_related_include_ids":"","_relevanssi_related_exclude_ids":"","_relevanssi_related_no_append":"","_relevanssi_related_not_related":"","_relevanssi_related_posts":"","_relevanssi_noindex_reason":"","_lmt_disableupdate":"","_lmt_disable":"","footnotes":""},"class_list":["post-53496","page","type-page","status-publish","hentry"],"acf":[],"_links":{"self":[{"href":"https:\/\/www.aicanada.ca\/fr\/wp-json\/wp\/v2\/pages\/53496","targetHints":{"allow":["GET"]}}],"collection":[{"href":"https:\/\/www.aicanada.ca\/fr\/wp-json\/wp\/v2\/pages"}],"about":[{"href":"https:\/\/www.aicanada.ca\/fr\/wp-json\/wp\/v2\/types\/page"}],"author":[{"embeddable":true,"href":"https:\/\/www.aicanada.ca\/fr\/wp-json\/wp\/v2\/users\/4"}],"replies":[{"embeddable":true,"href":"https:\/\/www.aicanada.ca\/fr\/wp-json\/wp\/v2\/comments?post=53496"}],"version-history":[{"count":14,"href":"https:\/\/www.aicanada.ca\/fr\/wp-json\/wp\/v2\/pages\/53496\/revisions"}],"predecessor-version":[{"id":152362,"href":"https:\/\/www.aicanada.ca\/fr\/wp-json\/wp\/v2\/pages\/53496\/revisions\/152362"}],"up":[{"embeddable":true,"href":"https:\/\/www.aicanada.ca\/fr\/wp-json\/wp\/v2\/pages\/54085"}],"wp:attachment":[{"href":"https:\/\/www.aicanada.ca\/fr\/wp-json\/wp\/v2\/media?parent=53496"}],"curies":[{"name":"wp","href":"https:\/\/api.w.org\/{rel}","templated":true}]}}