{"id":53588,"date":"2018-01-25T11:26:48","date_gmt":"2018-01-25T16:26:48","guid":{"rendered":"https:\/\/www.aicanada.ca\/top-appraiser-40-award\/"},"modified":"2026-02-20T09:28:45","modified_gmt":"2026-02-20T14:28:45","slug":"prix-etoiles-montantes-tyler-beatty","status":"publish","type":"page","link":"https:\/\/www.aicanada.ca\/fr\/a-propos-de-lice\/prix-benevoles\/prix-etoiles-montantes-tyler-beatty\/","title":{"rendered":"LE PRIX \u00c9TOILES MONTANTES TYLER BEATTY\u00a0"},"content":{"rendered":"\n<figure class=\"wp-block-image alignright size-medium\"><img loading=\"lazy\" decoding=\"async\" width=\"240\" height=\"300\" src=\"https:\/\/www.aicanada.ca\/wp-content\/uploads\/AIC_PTB_Logo_FR-240x300.png\" alt=\"\" class=\"wp-image-142406\" srcset=\"https:\/\/www.aicanada.ca\/wp-content\/uploads\/AIC_PTB_Logo_FR-240x300.png 240w, https:\/\/www.aicanada.ca\/wp-content\/uploads\/AIC_PTB_Logo_FR-819x1024.png 819w, https:\/\/www.aicanada.ca\/wp-content\/uploads\/AIC_PTB_Logo_FR-768x960.png 768w, https:\/\/www.aicanada.ca\/wp-content\/uploads\/AIC_PTB_Logo_FR-1229x1536.png 1229w, https:\/\/www.aicanada.ca\/wp-content\/uploads\/AIC_PTB_Logo_FR-1638x2048.png 1638w, https:\/\/www.aicanada.ca\/wp-content\/uploads\/AIC_PTB_Logo_FR-432x540.png 432w\" sizes=\"auto, (max-width: 240px) 100vw, 240px\" \/><\/figure>\n\n\n\n<p>Depuis 2016, le Prix \u00e9toiles montantes Tyler Beatty reconna\u00eet les \u00c9valuateurs Professionnels (\u00c9. Pro.) exceptionnels qui ont accompli des r\u00e9alisations significatives dans leur carri\u00e8re et qui ont apport\u00e9 des contributions notables \u00e0 la profession d&rsquo;\u00e9valuateur dans son ensemble.&nbsp;<\/p>\n\n\n\n<p>En 2022, le prix (anciennement connu sous le nom de Prix Tyler Beatty des meilleurs \u00e9valuateurs de moins de 40 ans) a \u00e9t\u00e9 renomm\u00e9 en l&rsquo;honneur de Tyler Beatty \u00c9. Pro., AACI, qui est d\u00e9c\u00e9d\u00e9 en mars de cette ann\u00e9e-l\u00e0. Tyler \u00e9tait un b\u00e9n\u00e9vole exemplaire de l&rsquo;ICE et un professionnel de l&rsquo;\u00e9valuation tr\u00e8s performant.&nbsp;<\/p>\n\n\n\n<p>On se souvient de lui comme d&rsquo;un b\u00e9n\u00e9vole infatigable qui a servi l&rsquo;ICE dans d&rsquo;innombrables r\u00f4les. Tyler \u00e9tait actif au niveau provincial &#8211; en Colombie-Britannique et en Alberta &#8211; et au niveau national. Parmi ses nombreuses contributions, Tyler a \u00e9t\u00e9 pr\u00e9sident du Congr\u00e8s national, membre du sous-comit\u00e9 des normes et membre du comit\u00e9 d\u2019admission et d\u2019accr\u00e9ditation. Tyler a \u00e9galement contribu\u00e9 de fa\u00e7on importante \u00e0 l\u2019\u00e9laboration de la norme d\u2019\u00e9valuation de masse, parmi d\u2019autres. En 2017, les r\u00e9alisations de Tyler Beatty ont \u00e9t\u00e9 reconnues par l&rsquo;attribution de ce prix.&nbsp;<\/p>\n\n\n\n<ul class=\"wp-block-list\">\n<li>Il n&rsquo;y aura pas de plafond rigide sur le nombre de r\u00e9cipiendaires choisis chaque ann\u00e9e, et les r\u00e9cipiendaires ne seront pas s\u00e9lectionn\u00e9s en fonction de leur genre.&nbsp;&nbsp;&nbsp;<\/li>\n\n\n\n<li>Les r\u00e9cipiendaires seront s\u00e9lectionn\u00e9s en fonction de leur nombre d&rsquo;ann\u00e9es d&rsquo;exp\u00e9rience en tant que \u00c9valuateur Professionnel de l&rsquo;ICE (c.-\u00e0-d. 10 ans ou moins comme membre d\u00e9sign\u00e9). Voir la rubrique &laquo;&nbsp;admissibilit\u00e9&nbsp;&raquo; ci-dessous.&nbsp;&nbsp;&nbsp;<\/li>\n\n\n\n<li>Le prix a \u00e9t\u00e9 officiellement renomm\u00e9 le Prix \u00e9toiles montantes Tyler Beatty.&nbsp;&nbsp;<\/li>\n<\/ul>\n\n\n\n<p>Comme toujours, l&rsquo;objectif du prix reste le m\u00eame : c\u00e9l\u00e9brer et encourager l&rsquo;excellence dans le domaine de l&rsquo;\u00e9valuation professionnelle.<\/p>\n\n\n\n<div style=\"height:1em\" aria-hidden=\"true\" class=\"wp-block-spacer\"><\/div>\n\n\n\n<h2 class=\"wp-block-heading\"><span class=\"wp-rich-text-font-awesome-icon wp-font-awesome-icon\"><svg aria-hidden=\"true\" focusable=\"false\" data-prefix=\"fas\" data-icon=\"clipboard-check\" class=\"svg-inline--fa fa-clipboard-check \" role=\"img\" xmlns=\"http:\/\/www.w3.org\/2000\/svg\" viewBox=\"0 0 384 512\"><path fill=\"currentColor\" d=\"M311.4 32l8.6 0c35.3 0 64 28.7 64 64l0 352c0 35.3-28.7 64-64 64L64 512c-35.3 0-64-28.7-64-64L0 96C0 60.7 28.7 32 64 32l8.6 0C83.6 12.9 104.3 0 128 0L256 0c23.7 0 44.4 12.9 55.4 32zM248 112c13.3 0 24-10.7 24-24s-10.7-24-24-24L136 64c-13.3 0-24 10.7-24 24s10.7 24 24 24l112 0zm28.4 148.7c7-11.2 3.6-26-7.6-33.1s-26-3.6-33.1 7.6l-61.4 98.3-27-36c-8-10.6-23-12.8-33.6-4.8s-12.8 23-4.8 33.6l48 64c4.7 6.3 12.3 9.9 20.2 9.6s15.1-4.5 19.3-11.3l80-128z\"><\/path><\/svg><\/span> Processus et crit\u00e8res de candidature\/nomination<\/h2>\n\n\n\n<details class=\"wp-block-details is-style-aic-grey-border-details is-layout-flow wp-block-details-is-layout-flow\"><summary>ADMISSIBILIT\u00c9<\/summary>\n<p><span data-contrast=\"none\">Un candidat.e\/nomin\u00e9.e admissible pour le Prix Tyler Beatty :<\/span><\/p>\n\n\n\n<ul class=\"wp-block-list\">\n<li><span data-contrast=\"none\">Doit \u00eatre un \u00c9valuateur Professionnel (d\u00e9sign\u00e9) de l\u2019ICE depuis 10 ans ou moins au 31 d\u00e9cembre<\/span><\/li>\n\n\n\n<li><span data-contrast=\"none\">Doit \u00eatre membre en r\u00e8gle avec l\u2019ICE<\/span><span data-ccp-props=\"{&quot;134233117&quot;:false,&quot;134233118&quot;:false,&quot;201341983&quot;:0,&quot;335559738&quot;:0,&quot;335559739&quot;:0,&quot;335559740&quot;:259}\">&nbsp;<\/span><\/li>\n\n\n\n<li><span data-contrast=\"none\">Ne doit pas \u00eatre actuellement membre du Conseil d\u2019administration national de l\u2019ICE<\/span><span data-ccp-props=\"{&quot;134233117&quot;:false,&quot;134233118&quot;:false,&quot;201341983&quot;:0,&quot;335559738&quot;:0,&quot;335559739&quot;:0,&quot;335559740&quot;:259}\">&nbsp;<\/span><\/li>\n\n\n\n<li><span data-contrast=\"none\">Ne doit pas \u00eatre un ancien r\u00e9cipiendaire du Prix Tyler Beatty (anciennement le Prix Tyler Beatty des meilleurs \u00e9valuateurs de moins de 40 ans)<\/span><\/li>\n<\/ul>\n<\/details>\n\n\n\n<details class=\"wp-block-details is-style-aic-grey-border-details is-layout-flow wp-block-details-is-layout-flow\"><summary>OFFRES ASSOCI\u00c9ES AU PRIX<\/summary>\n<p>Les r\u00e9cipiendaires du <span class=\"NormalTextRun SCXW229849871 BCX0\">P<\/span><span class=\"NormalTextRun SCXW229849871 BCX0\">rix <\/span><span class=\"NormalTextRun SCXW229849871 BCX0\">\u00e9toiles montantes <\/span><span class=\"NormalTextRun SCXW229849871 BCX0\">Tyler Beatty<\/span> recevront ce qui suit :<\/p>\n\n\n\n<ul class=\"wp-block-list\">\n<li>Un troph\u00e9e en cristal<\/li>\n\n\n\n<li>Un fichier Jpeg du logo du prix pour accompagner la signature \u00e9lectronique, les cartes d\u2019affaires, outils de marketing, etc.<\/li>\n\n\n\n<li>Un laissez-passer pour assister au Congr\u00e8s national de l\u2019ICE<\/li>\n\n\n\n<li>Pr\u00e9sentation officielle du prix lors du Congr\u00e8s national de l\u2019ICE<\/li>\n\n\n\n<li>Un article dans la revue \u00c9valuation immobili\u00e8re au Canada<\/li>\n<\/ul>\n<\/details>\n\n\n\n<details class=\"wp-block-details is-style-aic-grey-border-details is-layout-flow wp-block-details-is-layout-flow\"><summary>PROCESSUS DE MISE EN CANDIDATURE<\/summary>\n<p><strong>\u00c9tape 1 \u2013 Compl\u00e9ter le formulaire de demande<\/strong><\/p>\n\n\n\n<p>Noter : Tout \u00c9valuateur Professionnel de l&rsquo;ICE (\u00c9. Pro.) peut soumettre sa propre candidature ou proposer la candidature d&rsquo;un autre membre. Toutes les candidatures doivent \u00eatre soumises \u00e0 l&rsquo;aide du formulaire de candidature fourni ci-dessous ; les candidatures qui n&rsquo;utilisent pas le formulaire seront disqualifi\u00e9es.<\/p>\n\n\n\n<p><a href=\"https:\/\/app.smartsheet.com\/b\/form\/019c57d7788c72b4ab829782d6f0ab06\" target=\"_blank\" rel=\"noreferrer noopener\"><b>Cliquez ici pour remplir le formulaire de candidature<\/b><\/a><\/p>\n\n\n\n<p><span data-contrast=\"none\">Chaque candidature doit d\u00e9montrer la contribution du\/de la candidat.e \u00e0 l&rsquo;\u00e9valuation professionnelle, ainsi que ses r\u00e9alisations exceptionnelles dans les domaines suivants.<\/span><\/p>\n\n\n\n<ul class=\"wp-block-list\">\n<li><b><span data-contrast=\"none\">R\u00e9alisations p\u00e9dagogiques et de carri\u00e8re : <\/span><\/b><span data-contrast=\"none\">Avoir fait preuve d&rsquo;excellence au cours de sa carri\u00e8re et\/ou de sa formation. <\/span><br><br><span data-ccp-props=\"{&quot;134233117&quot;:false,&quot;134233118&quot;:false,&quot;201341983&quot;:0,&quot;335551550&quot;:1,&quot;335551620&quot;:1,&quot;335559737&quot;:0,&quot;335559738&quot;:0,&quot;335559739&quot;:225,&quot;335559740&quot;:259}\">&nbsp;<\/span><\/li>\n\n\n\n<li><b><span data-contrast=\"none\">Services et contributions \u00e0 l&rsquo;ICE :&nbsp;<\/span><\/b>\n<ul class=\"wp-block-list\">\n<li><span data-contrast=\"none\">Participation \u00e0 des comit\u00e9s r\u00e9gionaux, de section, provinciaux ou nationaux, \u00e0 des \u00e9v\u00e9nements, \u00e0 des activit\u00e9s de formation ou \u00e0 des initiatives ;&nbsp; <\/span><span data-ccp-props=\"{&quot;134233117&quot;:false,&quot;134233118&quot;:false,&quot;201341983&quot;:0,&quot;335551550&quot;:1,&quot;335551620&quot;:1,&quot;335559737&quot;:0,&quot;335559738&quot;:0,&quot;335559739&quot;:225,&quot;335559740&quot;:259}\">&nbsp;<\/span><\/li>\n\n\n\n<li><span data-contrast=\"none\">Repr\u00e9sentation de l&rsquo;ICE au sein d&rsquo;autres organismes professionnels\/d&rsquo;organisations li\u00e9es \u00e0 l&rsquo;entreprise ; ou&nbsp;<\/span><span data-ccp-props=\"{&quot;134233117&quot;:false,&quot;134233118&quot;:false,&quot;201341983&quot;:0,&quot;335551550&quot;:1,&quot;335551620&quot;:1,&quot;335559737&quot;:0,&quot;335559738&quot;:0,&quot;335559739&quot;:225,&quot;335559740&quot;:259}\">&nbsp;<\/span><\/li>\n\n\n\n<li><span data-contrast=\"none\">Promotion de la profession.&nbsp;&nbsp;<\/span><\/li>\n<\/ul>\n<\/li>\n<\/ul>\n\n\n\n<ul class=\"wp-block-list\">\n<li><b><span data-contrast=\"none\">Autres contributions \u00e0 la profession d&rsquo;\u00e9valuateur :<\/span><\/b><span data-contrast=\"none\"> Y compris l&rsquo;enrichissement des connaissances dans le domaine, les contributions \u00e0 d&rsquo;autres organisations ou associations pour l&rsquo;avancement de la profession d&rsquo;\u00e9valuateur et\/ou la promotion de la profession d&rsquo;\u00e9valuateur.<\/span><br><br><span data-ccp-props=\"{&quot;134233117&quot;:false,&quot;134233118&quot;:false,&quot;201341983&quot;:0,&quot;335551550&quot;:1,&quot;335551620&quot;:1,&quot;335559737&quot;:0,&quot;335559738&quot;:0,&quot;335559739&quot;:225,&quot;335559740&quot;:259}\">&nbsp;<\/span><\/li>\n\n\n\n<li><b><span data-contrast=\"none\">Services \u00e0 la communaut\u00e9 : <\/span><\/b><span data-contrast=\"none\">Tout type de contribution \u00e0 la communaut\u00e9 locale en mati\u00e8re d&rsquo;\u00e9valuation professionnelle.<\/span><br><br><span data-ccp-props=\"{&quot;134233117&quot;:false,&quot;134233118&quot;:false,&quot;201341983&quot;:0,&quot;335551550&quot;:1,&quot;335551620&quot;:1,&quot;335559737&quot;:0,&quot;335559738&quot;:0,&quot;335559739&quot;:225,&quot;335559740&quot;:259}\">&nbsp;<\/span><\/li>\n\n\n\n<li><b><span data-contrast=\"none\">Autres r\u00e9alisations :<\/span><\/b><span data-contrast=\"none\"> R\u00e9alisations d\u00e9montrant le leadership, l&rsquo;innovation, la cr\u00e9ativit\u00e9, l&rsquo;engagement ou l&rsquo;impact.<\/span><br><br><span data-ccp-props=\"{&quot;134233117&quot;:false,&quot;134233118&quot;:false,&quot;201341983&quot;:0,&quot;335551550&quot;:1,&quot;335551620&quot;:1,&quot;335559737&quot;:0,&quot;335559738&quot;:0,&quot;335559739&quot;:225,&quot;335559740&quot;:259}\">&nbsp;<\/span><\/li>\n\n\n\n<li><b><span data-contrast=\"none\">Surmonter l&rsquo;adversit\u00e9 :<\/span><\/b><span data-contrast=\"none\"> Capacit\u00e9 d\u00e9montr\u00e9e \u00e0 surmonter des situations ou des circonstances difficiles pour exceller malgr\u00e9 les obstacles.<\/span><span data-ccp-props=\"{&quot;134233117&quot;:false,&quot;134233118&quot;:false,&quot;201341983&quot;:0,&quot;335551550&quot;:1,&quot;335551620&quot;:1,&quot;335559737&quot;:0,&quot;335559738&quot;:0,&quot;335559739&quot;:225,&quot;335559740&quot;:259}\">&nbsp;<\/span><\/li>\n<\/ul>\n\n\n\n<p><strong>\u00c9tape 2 \u2013 Le formulaire de candidature compl\u00e9t\u00e9 doit \u00eatre soumis&nbsp;d\u2019ici le 28 f\u00e9vrier<\/strong>.<\/p>\n\n\n\n<p><strong>\u00c9tape 3 \u2013 Le Comit\u00e9 des communications de l\u2019ICE reverra toutes les candidatures et fera une recommandation au Conseil d\u2019administration national de l\u2019ICE.<\/strong><\/p>\n\n\n\n<p><strong>\u00c9tape 4 \u2013 Les r\u00e9cipiendaires seront approuv\u00e9s par le Conseil d\u2019administration de l\u2019ICE, annonc\u00e9s dans la <a href=\"https:\/\/www.aicanada.ca\/fr\/a-propos-de-lice\/evaluation-immobiliere-au-canada\/\" target=\"_blank\" rel=\"noopener\">revue \u00c9valuation immobili\u00e8re au Canada<\/a> et honor\u00e9s lors du <a href=\"\/fr\/?page_id=125456\" target=\"_blank\" rel=\"noopener\">Congr\u00e8s national de l\u2019ICE.<\/a><\/strong><\/p>\n<\/details>\n\n\n\n<h2 class=\"wp-block-heading\"><span class=\"wp-rich-text-font-awesome-icon wp-font-awesome-icon\"><svg aria-hidden=\"true\" focusable=\"false\" data-prefix=\"fas\" data-icon=\"award\" class=\"svg-inline--fa fa-award \" role=\"img\" xmlns=\"http:\/\/www.w3.org\/2000\/svg\" viewBox=\"0 0 448 512\"><path fill=\"currentColor\" d=\"M245.9-25.9c-13.4-8.2-30.3-8.2-43.7 0-24.4 14.9-39.5 18.9-68.1 18.3-15.7-.4-30.3 8.1-37.9 21.9-13.7 25.1-24.8 36.2-49.9 49.9-13.8 7.5-22.2 22.2-21.9 37.9 .7 28.6-3.4 43.7-18.3 68.1-8.2 13.4-8.2 30.3 0 43.7 14.9 24.4 18.9 39.5 18.3 68.1-.4 15.7 8.1 30.3 21.9 37.9 22.1 12.1 33.3 22.1 45.1 41.5L42.7 458.5c-5.9 11.9-1.1 26.3 10.7 32.2l86 43c11.5 5.7 25.5 1.4 31.7-9.8l52.8-95.1 52.8 95.1c6.2 11.2 20.2 15.6 31.7 9.8l86-43c11.9-5.9 16.7-20.3 10.7-32.2l-48.6-97.2c11.7-19.4 23-29.4 45.1-41.5 13.8-7.5 22.2-22.2 21.9-37.9-.7-28.6 3.4-43.7 18.3-68.1 8.2-13.4 8.2-30.3 0-43.7-14.9-24.4-18.9-39.5-18.3-68.1 .4-15.7-8.1-30.3-21.9-37.9-25.1-13.7-36.2-24.8-49.9-49.9-7.5-13.8-22.2-22.2-37.9-21.9-28.6 .7-43.7-3.4-68.1-18.3zM224 96a96 96 0 1 1 0 192 96 96 0 1 1 0-192z\"><\/path><\/svg><\/span> R\u00e9cipiendaires de 2025<\/h2>\n\n\n\n<div class=\"wp-block-columns is-layout-flex wp-container-core-columns-is-layout-28f84493 wp-block-columns-is-layout-flex\">\n<div class=\"wp-block-column is-layout-flow wp-block-column-is-layout-flow\" style=\"flex-basis:30%\">\n<figure class=\"wp-block-image size-large\"><img loading=\"lazy\" decoding=\"async\" width=\"819\" height=\"1024\" src=\"https:\/\/www.aicanada.ca\/wp-content\/uploads\/Jonathan-Hynes-4x5GCqrpks81748545143-819x1024.jpg\" alt=\"\" class=\"wp-image-148300\" srcset=\"https:\/\/www.aicanada.ca\/wp-content\/uploads\/Jonathan-Hynes-4x5GCqrpks81748545143-819x1024.jpg 819w, https:\/\/www.aicanada.ca\/wp-content\/uploads\/Jonathan-Hynes-4x5GCqrpks81748545143-240x300.jpg 240w, https:\/\/www.aicanada.ca\/wp-content\/uploads\/Jonathan-Hynes-4x5GCqrpks81748545143-768x960.jpg 768w, https:\/\/www.aicanada.ca\/wp-content\/uploads\/Jonathan-Hynes-4x5GCqrpks81748545143-432x540.jpg 432w, https:\/\/www.aicanada.ca\/wp-content\/uploads\/Jonathan-Hynes-4x5GCqrpks81748545143.jpg 1200w\" sizes=\"auto, (max-width: 819px) 100vw, 819px\" \/><\/figure>\n<\/div>\n\n\n\n<div class=\"wp-block-column is-layout-flow wp-block-column-is-layout-flow\" style=\"flex-basis:80%\">\n<h3 class=\"wp-block-heading\">Jonathan Hynes, \u00c9. Pro., AACI<\/h3>\n\n\n\n<p><strong>Terre-Neuve<\/strong><\/p>\n\n\n\n<p>Jonathan a entam\u00e9 sa carri\u00e8re dans l&rsquo;immobilier en 2015 alors qu&rsquo;il \u00e9tait encore \u00e0 l&rsquo;universit\u00e9, en rejoignant le Groupe Altus \u00e0 titre d\u2019analyste junior. Apr\u00e8s avoir obtenu un baccalaur\u00e9at en commerce en 2016, il a continu\u00e9 \u00e0 approfondir son expertise, obtenant le titre d\u2019AACI en 2019. Jonathan dirige maintenant une \u00e9quipe transfrontali\u00e8re au sein du service de conseils en \u00e9valuation du Groupe Altus, se concentrant sur les services de gestion de l\u2019\u00e9valuation des biens immobiliers commerciaux au Canada et aux \u00c9tats-Unis.<\/p>\n\n\n\n<p>En 2024, Jonathan a obtenu \u00e0 la fois le titre MAI de l\u2019Appraisal Institute (\u00c9.-U.) et le titre MRICS de la Royal Institution of Chartered Surveyors. Il fait partie du tr\u00e8s petit nombre de professionnels de l\u2019\u00e9valuation \u00e0 d\u00e9tenir \u00e0 la fois les titres AACI et MAI. Jonathan agit activement comme mentor aupr\u00e8s de plusieurs candidats de l\u2019ICE et occupe \u00e9galement le poste de conseiller de candidats aupr\u00e8s de l\u2019Appraisal Institute (\u00c9.-U.). Il est membre actif du conseil d\u2019administration provincial de l\u2019ICE depuis 2019, ayant occup\u00e9 divers postes, dont celui de pr\u00e9sident de 2023 \u00e0 2024.<\/p>\n\n\n\n<div style=\"height:52px\" aria-hidden=\"true\" class=\"wp-block-spacer\"><\/div>\n<\/div>\n<\/div>\n\n\n\n<div class=\"wp-block-columns is-layout-flex wp-container-core-columns-is-layout-28f84493 wp-block-columns-is-layout-flex\">\n<div class=\"wp-block-column is-layout-flow wp-block-column-is-layout-flow\" style=\"flex-basis:30%\">\n<figure class=\"wp-block-image size-full\"><img loading=\"lazy\" decoding=\"async\" width=\"1720\" height=\"2139\" src=\"https:\/\/www.aicanada.ca\/wp-content\/uploads\/Nicholas-Jang-HeadshotvKGiwRmx1748544942.jpg\" alt=\"\" class=\"wp-image-148297\" srcset=\"https:\/\/www.aicanada.ca\/wp-content\/uploads\/Nicholas-Jang-HeadshotvKGiwRmx1748544942.jpg 1720w, https:\/\/www.aicanada.ca\/wp-content\/uploads\/Nicholas-Jang-HeadshotvKGiwRmx1748544942-241x300.jpg 241w, https:\/\/www.aicanada.ca\/wp-content\/uploads\/Nicholas-Jang-HeadshotvKGiwRmx1748544942-823x1024.jpg 823w, https:\/\/www.aicanada.ca\/wp-content\/uploads\/Nicholas-Jang-HeadshotvKGiwRmx1748544942-768x955.jpg 768w, https:\/\/www.aicanada.ca\/wp-content\/uploads\/Nicholas-Jang-HeadshotvKGiwRmx1748544942-1235x1536.jpg 1235w, https:\/\/www.aicanada.ca\/wp-content\/uploads\/Nicholas-Jang-HeadshotvKGiwRmx1748544942-1647x2048.jpg 1647w, https:\/\/www.aicanada.ca\/wp-content\/uploads\/Nicholas-Jang-HeadshotvKGiwRmx1748544942-434x540.jpg 434w\" sizes=\"auto, (max-width: 1720px) 100vw, 1720px\" \/><\/figure>\n<\/div>\n\n\n\n<div class=\"wp-block-column is-layout-flow wp-block-column-is-layout-flow\" style=\"flex-basis:80%\">\n<h3 class=\"wp-block-heading\">Nicholas Jang, \u00c9. Pro., AACI<\/h3>\n\n\n\n<p><strong>Colombie-Britannique<\/strong><\/p>\n\n\n\n<p>Nicholas a d\u00e9but\u00e9 sa carri\u00e8re chez LW Property Advisors, avant de rejoindre Garnett Wilson Realty Advisors. Ces deux cabinets d\u2019\u00e9valuation sp\u00e9cialis\u00e9s, bien \u00e9tablis \u00e0 Vancouver, sont reconnus pour leur expertise dans les dossiers d\u2019\u00e9valuation complexes. Durant cette p\u00e9riode, il a travaill\u00e9 sur un large \u00e9ventail d\u2019\u00e9valuations industrielles, commerciales et d\u2019investissement (IC&amp;I), se concentrant particuli\u00e8rement sur les dossiers d\u2019expropriation impliquant des prises partielles ou compl\u00e8tes.<\/p>\n\n\n\n<p>Il travaille maintenant au sein de l\u2019\u00e9quipe des acquisitions de BC Housing. \u00c0 ce titre, il rep\u00e8re et acquiert des propri\u00e9t\u00e9s afin d\u2019aider l\u2019organisme \u00e0 offrir des logements abordables partout dans la province. Nicholas est \u00e9galement un b\u00e9n\u00e9vole actif aupr\u00e8s de l\u2019ICE-CB. Il a si\u00e9g\u00e9 pendant deux ans au conseil d\u2019administration et a particip\u00e9 \u00e0 plusieurs comit\u00e9s provinciaux. Plus r\u00e9cemment, il a occup\u00e9 le poste de secr\u00e9taire de la section de Vancouver de l\u2019ICE.<\/p>\n<\/div>\n<\/div>\n\n\n\n<hr class=\"wp-block-separator has-text-color has-light-grey-color has-css-opacity has-light-grey-background-color has-background is-style-wide\"\/>\n\n\n\n<details class=\"wp-block-details is-style-aic-grey-border-details is-layout-flow wp-block-details-is-layout-flow\"><summary>ANCIENS R\u00c9CIPIENDAIRES<\/summary>\n<p>2024:<\/p>\n\n\n\n<ul class=\"wp-block-list\">\n<li>Alisa Zorina, \u00c9. Pro., AACI<\/li>\n\n\n\n<li>Ben Ellens, \u00c9. Pro., AACI<\/li>\n<\/ul>\n\n\n\n<p>2023:<\/p>\n\n\n\n<ul class=\"wp-block-list\">\n<li>Kim Passmore \u00c9. Pro., AACI<\/li>\n\n\n\n<li>Eric Tworo \u00c9. Pro., AACI<\/li>\n<\/ul>\n\n\n\n<p>2022:<\/p>\n\n\n\n<ul class=\"wp-block-list\">\n<li>Katie Manojlovich&nbsp;\u00c9. Pro., AACI<\/li>\n\n\n\n<li>JT Dhoot \u00c9. Pro., AACI, CBV<\/li>\n<\/ul>\n\n\n\n<p>2021:<\/p>\n\n\n\n<ul class=\"wp-block-list\">\n<li>Jessica Toppazzini \u00c9. Pro., AACI<\/li>\n\n\n\n<li>Aaron Harlang \u00c9. Pro., AACI<\/li>\n<\/ul>\n\n\n\n<p>2020:<\/p>\n\n\n\n<ul class=\"wp-block-list\">\n<li>Ayda Chamcham \u00c9. Pro., AACI<\/li>\n\n\n\n<li>Sanjit Singh \u00c9. Pro., AACI<\/li>\n<\/ul>\n\n\n\n<p>2019:<\/p>\n\n\n\n<ul class=\"wp-block-list\">\n<li>Samantha Lawrek \u00c9. Pro., AACI<\/li>\n\n\n\n<li>Nicholas Ruta \u00c9. Pro., AACI<\/li>\n<\/ul>\n\n\n\n<p>2018:<\/p>\n\n\n\n<ul class=\"wp-block-list\">\n<li>Alison McGavigan \u00c9. Pro., AACI<\/li>\n\n\n\n<li>Simon Chin \u00c9. Pro., AACI<\/li>\n<\/ul>\n\n\n\n<p>2017:<\/p>\n\n\n\n<ul class=\"wp-block-list\">\n<li>Farah-Martine Dai \u00c9. Pro.,, AACI<\/li>\n\n\n\n<li>Tyler Beatty \u00c9. Pro., AACI<\/li>\n<\/ul>\n\n\n\n<p>2016:<\/p>\n\n\n\n<ul class=\"wp-block-list\">\n<li>Joanne Slaney \u00c9. Pro., AACI<\/li>\n\n\n\n<li>Cliff Smirl \u00c9. Pro., AACI<\/li>\n<\/ul>\n<\/details>\n","protected":false},"excerpt":{"rendered":"<p>Depuis 2016, le Prix \u00e9toiles montantes Tyler Beatty reconna\u00eet les \u00c9valuateurs Professionnels (\u00c9. Pro.) exceptionnels qui ont accompli des r\u00e9alisations significatives dans leur carri\u00e8re et<\/p>\n","protected":false},"author":4,"featured_media":0,"parent":51000,"menu_order":0,"comment_status":"closed","ping_status":"closed","template":"","meta":{"_acf_changed":false,"_relevanssi_hide_post":"","_relevanssi_hide_content":"","_relevanssi_pin_for_all":"","_relevanssi_pin_keywords":"","_relevanssi_unpin_keywords":"","_relevanssi_related_keywords":"","_relevanssi_related_include_ids":"","_relevanssi_related_exclude_ids":"","_relevanssi_related_no_append":"","_relevanssi_related_not_related":"","_relevanssi_related_posts":"","_relevanssi_noindex_reason":"","_lmt_disableupdate":"","_lmt_disable":"","footnotes":""},"class_list":["post-53588","page","type-page","status-publish","hentry"],"acf":[],"_links":{"self":[{"href":"https:\/\/www.aicanada.ca\/fr\/wp-json\/wp\/v2\/pages\/53588","targetHints":{"allow":["GET"]}}],"collection":[{"href":"https:\/\/www.aicanada.ca\/fr\/wp-json\/wp\/v2\/pages"}],"about":[{"href":"https:\/\/www.aicanada.ca\/fr\/wp-json\/wp\/v2\/types\/page"}],"author":[{"embeddable":true,"href":"https:\/\/www.aicanada.ca\/fr\/wp-json\/wp\/v2\/users\/4"}],"replies":[{"embeddable":true,"href":"https:\/\/www.aicanada.ca\/fr\/wp-json\/wp\/v2\/comments?post=53588"}],"version-history":[{"count":14,"href":"https:\/\/www.aicanada.ca\/fr\/wp-json\/wp\/v2\/pages\/53588\/revisions"}],"predecessor-version":[{"id":157726,"href":"https:\/\/www.aicanada.ca\/fr\/wp-json\/wp\/v2\/pages\/53588\/revisions\/157726"}],"up":[{"embeddable":true,"href":"https:\/\/www.aicanada.ca\/fr\/wp-json\/wp\/v2\/pages\/51000"}],"wp:attachment":[{"href":"https:\/\/www.aicanada.ca\/fr\/wp-json\/wp\/v2\/media?parent=53588"}],"curies":[{"name":"wp","href":"https:\/\/api.w.org\/{rel}","templated":true}]}}