{"id":54198,"date":"2018-02-06T13:25:47","date_gmt":"2018-02-06T18:25:47","guid":{"rendered":"https:\/\/www.aicanada.ca\/become-an-appraiser\/path-aic-designation\/path-designation-international-degrees\/"},"modified":"2025-06-19T15:29:59","modified_gmt":"2025-06-19T19:29:59","slug":"path-designation-international-degrees","status":"publish","type":"page","link":"https:\/\/www.aicanada.ca\/fr\/devenir-un-evaluateur\/voie-menant-a-une-designation-de-lice\/path-designation-international-degrees\/","title":{"rendered":"Comment obtenir un titre &#8211; dipl\u00f4mes internationaux"},"content":{"rendered":"\n<div class=\"wp-block-columns is-layout-flex wp-container-core-columns-is-layout-28f84493 wp-block-columns-is-layout-flex\">\n<div class=\"wp-block-column is-layout-flow wp-block-column-is-layout-flow\" style=\"flex-basis:60%\">\n<p><strong>Pour les stagiaires titulaires d&rsquo;un dipl\u00f4me international et ne disposant pas d&rsquo;un titre obtenu aupr\u00e8s d&rsquo;une association internationale :<\/strong><\/p>\n\n\n\n<p>Les dipl\u00f4mes \u00e9trangers et les autres types de dipl\u00f4mes sont \u00e9valu\u00e9s au m\u00e9rite. Si les \u00e9tudes ont \u00e9t\u00e9 suivies dans une institution non anglophone, les \u00e9tudiants devront d\u00e9montrer leur comp\u00e9tence dans l\u2019usage du fran\u00e7ais ou de l\u2019anglais. Les candidats au programme doivent remplir le formulaire de demande et soumettre leurs documents requis, accompagn\u00e9s des frais applicables, pour l\u2019admission \u00e0 l\u2019U.C.-B. et l\u2019examen du relev\u00e9 de notes. Si vous avez des questions sur vos \u00e9quivalences de cours ou pour demander un examen de votre relev\u00e9 de notes, contactez <a href=\"mailto:Yvonne.Chuen@sauder.ubc.ca\"><strong>Yvonne Chuen<\/strong><\/a>&nbsp;ou t\u00e9l\u00e9phonez au 604-822-8457.<\/p>\n\n\n\n<p>Pour plus d\u2019information, \u00e9crivez \u00e0 <a href=\"mailto:info@aicanada.ca\">info@aicanada.ca<\/a>.<\/p>\n<\/div>\n\n\n\n<div class=\"wp-block-column is-layout-flow wp-block-column-is-layout-flow\" style=\"flex-basis:33.33%\">\r\n    <div class=\"mp-block-linked-content mp-block clearfix\">\r\n\r\n\t\t\t\t\t\t\t\t\t                <a href=\"https:\/\/www.aicanada.ca\/wp-content\/uploads\/International_Paths_AACI_Designation-2021-Aug-FRENCH.pdf\" class=\"content-box-link\" target=\"_blank\" title=\"Parcours internationaux ver le titre AACI - Politique 2021\">\r\n\t\t\t\t\t                    <div class=\"content-box-text\">\r\n\t\t\t\t\t\tParcours internationaux ver le titre AACI &#8211; Politique 2021                    <\/div>\r\n                    <div class=\"content-box-link-icon\">\r\n                        <span class=\"icon icon-download5\"><\/span>\r\n                    <\/div>\r\n                <\/a>\r\n\t\t\t\t\t\t\t                <a href=\"https:\/\/www.aicanada.ca\/fr\/devenir-un-evaluateur\/les-partenaires-en-education\/\" class=\"content-box-link\" target=\"_blank\" title=\"Les partenaires en \u00e9ducation et ententes\">\r\n\t\t\t\t\t                    <div class=\"content-box-text\">\r\n\t\t\t\t\t\tLes partenaires en \u00e9ducation et ententes                    <\/div>\r\n                    <div class=\"content-box-link-icon\">\r\n                        <span class=\"icon icon-arrow-right2\"><\/span>\r\n                    <\/div>\r\n                <\/a>\r\n\t\t\t\t\t    <\/div>\r\n\r\n<\/div>\n<\/div>\n\n\n\n<hr class=\"wp-block-separator has-alpha-channel-opacity\"\/>\n\n\n\n<div class=\"wp-block-columns is-layout-flex wp-container-core-columns-is-layout-28f84493 wp-block-columns-is-layout-flex\">\n<div class=\"wp-block-column is-layout-flow wp-block-column-is-layout-flow\">\n<p><strong>Pour les stagiaires qui postulent \u00e0 l&rsquo;AACI et qui sont titulaires d&rsquo;un titre obtenu aupr\u00e8s d&rsquo;une association internationale (p. ex. : MRICS)<\/strong><\/p>\n\n\n\n<p>Les personnes d\u00e9tenant un dipl\u00f4me universitaire international qui d\u00e9sirent poursuivre le titre Accredited Appraiser Canadian Institution (AACI) doivent entreprendre le processus de d\u00e9signation en obtenant une \u00e9valuation des dipl\u00f4mes d\u2019\u00e9tudes du <strong>Centre d\u2019information canadien sur les dipl\u00f4mes internationaux<\/strong> (CICDI), <strong><a href=\"https:\/\/www.icascanada.ca\/francais\/about\/default.aspx\" target=\"_blank\" rel=\"noreferrer noopener\">Service canadien d&rsquo;\u00e9valuation de documents scolaires internationaux<\/a><\/strong> (ICAS) ou une \u00e9valuation des dipl\u00f4mes de <strong>World Education Services<\/strong> (WES). <\/p>\n<\/div>\n<\/div>\n\n\n\n<p><\/p>\n","protected":false},"excerpt":{"rendered":"<p>Pour les stagiaires titulaires d&rsquo;un dipl\u00f4me international et ne disposant pas d&rsquo;un titre obtenu aupr\u00e8s d&rsquo;une association internationale : Les dipl\u00f4mes \u00e9trangers et les autres<\/p>\n","protected":false},"author":15571,"featured_media":0,"parent":52760,"menu_order":4,"comment_status":"closed","ping_status":"closed","template":"","meta":{"_acf_changed":false,"_relevanssi_hide_post":"","_relevanssi_hide_content":"","_relevanssi_pin_for_all":"","_relevanssi_pin_keywords":"","_relevanssi_unpin_keywords":"","_relevanssi_related_keywords":"","_relevanssi_related_include_ids":"","_relevanssi_related_exclude_ids":"","_relevanssi_related_no_append":"","_relevanssi_related_not_related":"","_relevanssi_related_posts":"","_relevanssi_noindex_reason":"","_lmt_disableupdate":"","_lmt_disable":"","footnotes":""},"class_list":["post-54198","page","type-page","status-publish","hentry"],"acf":[],"_links":{"self":[{"href":"https:\/\/www.aicanada.ca\/fr\/wp-json\/wp\/v2\/pages\/54198","targetHints":{"allow":["GET"]}}],"collection":[{"href":"https:\/\/www.aicanada.ca\/fr\/wp-json\/wp\/v2\/pages"}],"about":[{"href":"https:\/\/www.aicanada.ca\/fr\/wp-json\/wp\/v2\/types\/page"}],"author":[{"embeddable":true,"href":"https:\/\/www.aicanada.ca\/fr\/wp-json\/wp\/v2\/users\/15571"}],"replies":[{"embeddable":true,"href":"https:\/\/www.aicanada.ca\/fr\/wp-json\/wp\/v2\/comments?post=54198"}],"version-history":[{"count":15,"href":"https:\/\/www.aicanada.ca\/fr\/wp-json\/wp\/v2\/pages\/54198\/revisions"}],"predecessor-version":[{"id":149000,"href":"https:\/\/www.aicanada.ca\/fr\/wp-json\/wp\/v2\/pages\/54198\/revisions\/149000"}],"up":[{"embeddable":true,"href":"https:\/\/www.aicanada.ca\/fr\/wp-json\/wp\/v2\/pages\/52760"}],"wp:attachment":[{"href":"https:\/\/www.aicanada.ca\/fr\/wp-json\/wp\/v2\/media?parent=54198"}],"curies":[{"name":"wp","href":"https:\/\/api.w.org\/{rel}","templated":true}]}}