{"id":55137,"date":"2017-12-12T09:05:57","date_gmt":"2017-12-12T14:05:57","guid":{"rendered":"https:\/\/www.aicanada.ca\/aic-events\/annual-conference\/sponsorship\/"},"modified":"2025-10-31T21:40:12","modified_gmt":"2025-11-01T01:40:12","slug":"commandite","status":"publish","type":"page","link":"https:\/\/www.aicanada.ca\/fr\/evenements-aic\/congres-national-de-lice-2024\/commandite\/","title":{"rendered":"Commandite"},"content":{"rendered":"\n<div class=\"wp-block-columns is-layout-flex wp-container-core-columns-is-layout-28f84493 wp-block-columns-is-layout-flex\">\n<div class=\"wp-block-column is-vertically-aligned-center is-layout-flow wp-block-column-is-layout-flow\" style=\"flex-basis:33.33%\">\n<figure class=\"wp-block-image aligncenter size-full\"><img loading=\"lazy\" decoding=\"async\" width=\"834\" height=\"841\" src=\"https:\/\/www.aicanada.ca\/wp-content\/uploads\/06012023AICpresentorsRR077-1-1-2.jpg\" alt=\"\" class=\"wp-image-125348\" srcset=\"https:\/\/www.aicanada.ca\/wp-content\/uploads\/06012023AICpresentorsRR077-1-1-2.jpg 834w, https:\/\/www.aicanada.ca\/wp-content\/uploads\/06012023AICpresentorsRR077-1-1-2-298x300.jpg 298w, https:\/\/www.aicanada.ca\/wp-content\/uploads\/06012023AICpresentorsRR077-1-1-2-150x150.jpg 150w, https:\/\/www.aicanada.ca\/wp-content\/uploads\/06012023AICpresentorsRR077-1-1-2-768x774.jpg 768w, https:\/\/www.aicanada.ca\/wp-content\/uploads\/06012023AICpresentorsRR077-1-1-2-100x100.jpg 100w, https:\/\/www.aicanada.ca\/wp-content\/uploads\/06012023AICpresentorsRR077-1-1-2-536x540.jpg 536w\" sizes=\"auto, (max-width: 834px) 100vw, 834px\" \/><\/figure>\n<\/div>\n\n\n\n<div class=\"wp-block-column is-layout-flow wp-block-column-is-layout-flow\" style=\"flex-basis:66.66%\">\n<p>Le Congr\u00e8s national de l&rsquo;ICE est <strong>l&rsquo;\u00e9v\u00e9nement <em>le plus important<\/em> pour les professionnels de l&rsquo;\u00e9valuation immobili\u00e8re <\/strong>qui se r\u00e9unissent pour des s\u00e9minaires \u00e9ducatifs, le r\u00e9seautage avec leurs pairs et, bien s\u00fbr, l&rsquo;apprentissage de nouveaux produits et services. Le Congr\u00e8s comprend :<\/p>\n\n\n\n<ul class=\"wp-block-list\">\n<li><strong>23 sessions de formation de premier plan<\/strong> (2024)<\/li>\n\n\n\n<li>Plus de <strong>370<\/strong> \u00c9valuateurs Professionnels d\u00e9sign\u00e9s et professionnels de l&rsquo;industrie de l&rsquo;\u00e9valuation <strong>participant en personne<\/strong> (2024)<\/li>\n\n\n\n<li><strong>30+ conf\u00e9renciers de renom <\/strong>(2024)<\/li>\n\n\n\n<li>Repr\u00e9sentation de <strong>tout le Canada et de l&rsquo;\u00e9tranger<\/strong><\/li>\n\n\n\n<li><strong>Des partenariats cl\u00e9s,<\/strong> dont Altus Group, CBRE, Colliers International, l&rsquo;Universit\u00e9 de la Colombie-Britannique, et bien d&rsquo;autres encore !<\/li>\n<\/ul>\n\n\n\n<p><strong>Aucun autre \u00e9v\u00e9nement ne r\u00e9unit les acteurs les plus influents de la profession d&rsquo;\u00e9valuateur immobilier.<\/strong><\/p>\n<\/div>\n<\/div>\n\n\n\n<hr class=\"wp-block-separator has-alpha-channel-opacity\"\/>\n\n\n\n<h2 class=\"wp-block-heading\"><strong>OPPORTUNIT\u00c9S DE COMMANDITE<\/strong><\/h2>\n\n\n\n<p>Nous sommes d\u00e9termin\u00e9s \u00e0 fa\u00e7onner un partenariat utile et adapt\u00e9 qui rencontre vos objectifs sp\u00e9cifiques.<\/p>\n\n\n\n<div class=\"wp-block-columns is-layout-flex wp-container-core-columns-is-layout-28f84493 wp-block-columns-is-layout-flex\">\n<div class=\"wp-block-column is-layout-flow wp-block-column-is-layout-flow\">\n<p class=\"has-navy-blue-color has-text-color has-medium-font-size\"><strong>Toutes les opportunit\u00e9s de commandite d\u00e9butent \u00e0 5000 $ et comprennent les avantages principaux suivants :<\/strong><\/p>\n\n\n\n<div style=\"height:4px\" aria-hidden=\"true\" class=\"wp-block-spacer\"><\/div>\n\n\n\n<p>\u2705 Reconnaissance dans une annonce de remerciement dans <a href=\"https:\/\/www.aicanada.ca\/fr\/a-propos-de-lice\/evaluation-immobiliere-au-canada\/\" target=\"_blank\" rel=\"noreferrer noopener\"><strong><span style=\"text-decoration: underline;\">le magazine \u00c9valuation immobili\u00e8re au Canada<\/span><\/strong><\/a><\/p>\n\n\n\n<p>\u2705 Reconnaissance sur<strong> <span style=\"text-decoration: underline;\"><a href=\"\/fr\/?page_id=125456\" target=\"_blank\" rel=\"noreferrer noopener\">le site Web du Congr\u00e8s de l\u2019ICE<\/a><\/span><\/strong>, dans l\u2019application mobile, dans la signalisation sur le site et dans les r\u00e9seaux sociaux, incluant Facebook, LinkedIn, X (anciennement Twitter) et Instagram<\/p>\n\n\n\n<p>\u2705 Une table d\u2019exposition gratuite avec une passe d\u2019exposant inscrit (inclut la recherche de prospects)<\/p>\n\n\n\n<p>\u2705 Passes additionelles au Congr\u00e8s disponibles \u00e0 prix r\u00e9duit<\/p>\n\n\n\n<p>\u2705 Passes additionelles \u00e0 des \u00e9v\u00e9nements sociaux disponibles \u00e0 prix r\u00e9duit<\/p>\n\n\n\n<p>\u2705 Un profil d\u2019exposant virtuel (appara\u00eet dans l\u2019application de l\u2019\u00e9v\u00e9nement et dans l\u2019\u00e9v\u00e9nement virtuel, comprenant la recherche de prospects et le rapport d\u2019analyse et de trafic)<\/p>\n\n\n\n<p>\u2705 Un suppl\u00e9ment collat\u00e9ral ou un article \u00e0 offrir de votre choix dans le sac de la conf\u00e9rence sur place (doit \u00eatre fourni par le sponsor).<\/p>\n\n\n\n<p><\/p>\n<\/div>\n\n\n\n<div class=\"wp-block-column is-layout-flow wp-block-column-is-layout-flow\">\n<h4 class=\"wp-block-heading has-medium-font-size\"><strong>B\u00e2tissez sur cette base de reconnaissance de la marque en ajoutant \u00e0 l&rsquo;offre de base des avantages suppl\u00e9mentaires cibl\u00e9s sur vos objectifs sp\u00e9cifiques, tels que :<\/strong><\/h4>\n\n\n\n<div style=\"height:12px\" aria-hidden=\"true\" class=\"wp-block-spacer\"><\/div>\n\n\n\n<details class=\"wp-block-details is-style-aic-grey-border-details is-layout-flow wp-block-details-is-layout-flow\"><summary>Leadership de l\u2019industrie<\/summary>\n<ul class=\"wp-block-list\">\n<li>Introduction d&rsquo;une session \u00e9ducative (comprend un temps de parole\/pr\u00e9sentation de 3 minutes et une vid\u00e9o pre-roll) +$2500<\/li>\n\n\n\n<li>Pr\u00e9sentation d&rsquo;une session \u00e9ducative +$5000<\/li>\n\n\n\n<li>Sponsor exclusif d&rsquo;un petit-d\u00e9jeuner, d&rsquo;un d\u00e9jeuner ou d&rsquo;un \u00e9v\u00e9nement social +$5000<\/li>\n<\/ul>\n<\/details>\n\n\n\n<details class=\"wp-block-details is-style-aic-grey-border-details is-layout-flow wp-block-details-is-layout-flow\"><summary>Marketing de contenu et clics publicitaires<\/summary>\n<ul class=\"wp-block-list\">\n<li>Banni\u00e8res cliquables sur l&rsquo;application de l&rsquo;\u00e9v\u00e9nement et\/ou sur le site web du congr\u00e8s (avec analyse et rapport de trafic) +$2500<\/li>\n\n\n\n<li>Sponsor exclusif de l&rsquo;inscription, incluant des banni\u00e8res publicitaires sur le marketing d&rsquo;inscription, sur le formulaire d&rsquo;inscription et sur les courriels de confirmation. +$3000<\/li>\n\n\n\n<li>Sponsor des enqu\u00eates post-congr\u00e8s et de session, y compris des banni\u00e8res publicitaires cliquables et la possibilit\u00e9 d&rsquo;inclure des questions d&rsquo;enqu\u00eate personnalis\u00e9es +$2500<\/li>\n\n\n\n<li>Campagne de promotion crois\u00e9e sur les m\u00e9dias sociaux +$1000<\/li>\n\n\n\n<li>Sponsor exclusif du Wi-Fi +$2500<\/li>\n<\/ul>\n<\/details>\n\n\n\n<details class=\"wp-block-details is-style-aic-grey-border-details is-layout-flow wp-block-details-is-layout-flow\"><summary>&nbsp;Reconnaissance de la marque<\/summary>\n<ul class=\"wp-block-list\">\n<li>Vid\u00e9o pre-roll avant les sessions +$1000 par salle\/diffusion en direct de la session<\/li>\n\n\n\n<li>Cartes-cl\u00e9s d&rsquo;h\u00f4tel personnalis\u00e9es &#8211; Prix \u00e0 confirmer en fonction du graphisme<\/li>\n\n\n\n<li>D\u00e9calcomanies directionnelles au sol menant \u00e0 votre table d\u2019exposition +$1500<\/li>\n\n\n\n<li>Enveloppements de piliers, autocollants d&rsquo;ascenseurs et signalisation personnalis\u00e9e &#8211; Prix \u00e0 confirmer<\/li>\n<\/ul>\n<\/details>\n\n\n\n<details class=\"wp-block-details is-style-aic-grey-border-details is-layout-flow wp-block-details-is-layout-flow\"><summary>R\u00e9seautage et accueil<\/summary>\n<ul class=\"wp-block-list\">\n<li>Rehausser les pauses et les \u00e9v\u00e9nements sociaux +$500 sans compter les co\u00fbts de la nourriture et des boissons surclass\u00e9es<\/li>\n\n\n\n<li>Sponsoriser le vin ou les cocktails de bienvenue +$500 sans compter les co\u00fbts de la nourriture et des boissons surclass\u00e9es<\/li>\n\n\n\n<li>Organiser un tirage au sort ou un jeu sur l&rsquo;application de l&rsquo;\u00e9v\u00e9nement (peut inclure la recherche de prospects) +$2000<\/li>\n<\/ul>\n<\/details>\n\n\n\n<details class=\"wp-block-details is-style-aic-grey-border-details is-layout-flow wp-block-details-is-layout-flow\"><summary>Mentorat et responsabilit\u00e9 sociale d&rsquo;entreprise<\/summary>\n<ul class=\"wp-block-list\">\n<li>Don et promotion de la compensation carbone +$750 sans compter le don<\/li>\n\n\n\n<li>Marquage sur les bouteilles d&rsquo;eau r\u00e9utilisables et les stations de recharge +$1000 sans compter le co\u00fbt des bouteilles<\/li>\n\n\n\n<li>Sponsoriser une r\u00e9ception pour les staigiares de l&rsquo;ICE<\/li>\n<\/ul>\n<\/details>\n\n\n\n<div class=\"wp-block-buttons is-content-justification-center is-layout-flex wp-container-core-buttons-is-layout-a89b3969 wp-block-buttons-is-layout-flex\">\n<div class=\"wp-block-button has-custom-width wp-block-button__width-100\"><a class=\"wp-block-button__link wp-element-button\" href=\"mailto:events@aicanada.ca\">Cliquez ici pour les demandes de commandite<\/a><\/div>\n<\/div>\n<\/div>\n<\/div>\n\n\n\n<div style=\"height:15px\" aria-hidden=\"true\" class=\"wp-block-spacer\"><\/div>\n\n\n\n<hr class=\"wp-block-separator has-alpha-channel-opacity\"\/>\n\n\n\n<h4 class=\"wp-block-heading has-text-align-center\">Contactez-nous \u00e0 l&rsquo;adresse <a href=\"mailto:events@aicanada.ca\">events@aicanada.ca<\/a> pour une premi\u00e8re discussion sur la mani\u00e8re dont nous pouvons vous aider \u00e0 atteindre et \u00e0 engager ce public cibl\u00e9 !<\/h4>\n\n\n\n<hr class=\"wp-block-separator has-alpha-channel-opacity\"\/>\n\n\n\n<div style=\"height:15px\" aria-hidden=\"true\" class=\"wp-block-spacer\"><\/div>\n\n\n\r\n<div class=\"mp-block-conference-sponsors mp-block clearfix align\">\r\n\r\n\t\r\n\t\t\r\n\t\t\t\r\n\t\t\t\r\n\t\t\t<h3 class=\"aic-conference-sponsors-heading blue-text underline-thin-grey\">\r\n\t\t\t\t\t\t\t\t\tCommanditaires du Congr\u00e8s de l\u2019ICE 2025\t\t\t\t\r\n\t\t\t\t\t\t\t\t\t<a href=\"https:\/\/site.pheedloop.com\/event\/EVEAGQZTLWDLB\/Apply#category\">\r\n\t\t\t\t\t\tBecome a sponsor <span class=\"icon icon-arrow-right2\"><\/span>\r\n\t\t\t\t\t<\/a>\r\n\t\t\t\t\t\t\t<\/h3>\r\n\r\n\t\t\t<div class=\"aic-conference-sponsors\">\r\n\r\n\t\t\t\t\r\n\t\t\t\t\t\t\t\t\t\t\t<div class=\"splide\">\r\n\t\t\t\t\t\t\t<div class=\"splide__track\">\r\n\t\t\t\t\t\t\t\t<ul class=\"splide__list\">\r\n\t\t\t\t\t\r\n\t\t\t\t\t\t\t\t\t\t\r\n\t\t\t\t\t\t\r\n\t\t\t\t\t\t\t\t\t\t\t\t\t<li class=\"splide__slide\">\r\n\t\t\t\t\t\t\r\n\t\t\t\t\t\t<div class=\"aic-sponsor-tier-title\">\r\n\t\t\t\t\t\t\tCommanditaires\t\t\t\t\t\t<\/div>\r\n\r\n\t\t\t\t\t\t\r\n\t\t\t\t\t\t\t\r\n\t\t\t\t\t\t\t\t\r\n\t\t\t\t\t\t\t\t\t\t\t\t\t\t\t\t\t<li class=\"splide__slide\">\r\n\t\t\t\t\t\t\t\t\r\n\t\t\t\t\t\t\t\t\t\t\t\t\t\t\t\t\t<a class=\"aic-sponsor\" href=\"https:\/\/www.altusgroup.com\/\" target=\"_blank\">\r\n\t\t\t\t\t\t\t\t\r\n\t\t\t\t\t\t\t\t\t<img decoding=\"async\" src=\"https:\/\/www.aicanada.ca\/wp-content\/uploads\/Altus.png\" alt=\"Image du commanditaire\" \/>\r\n\r\n\t\t\t\t\t\t\t\t\t\t\t\t\t\t\t\t\t<\/a>\r\n\t\t\t\t\t\t\t\t\r\n\t\t\t\t\t\t\t\t\t\t\t\t\t\t\t\t\t<\/li>\r\n\t\t\t\t\t\t\t\t\r\n\t\t\t\t\t\t\t\r\n\t\t\t\t\t\t\t\t\r\n\t\t\t\t\t\t\t\t\t\t\t\t\t\t\t\t\t<li class=\"splide__slide\">\r\n\t\t\t\t\t\t\t\t\r\n\t\t\t\t\t\t\t\t\t\t\t\t\t\t\t\t\t<a class=\"aic-sponsor\" href=\"https:\/\/www.avisonyoung.ca\/\" target=\"_blank\">\r\n\t\t\t\t\t\t\t\t\r\n\t\t\t\t\t\t\t\t\t<img decoding=\"async\" src=\"https:\/\/www.aicanada.ca\/wp-content\/uploads\/AY.png\" alt=\"Image du commanditaire\" \/>\r\n\r\n\t\t\t\t\t\t\t\t\t\t\t\t\t\t\t\t\t<\/a>\r\n\t\t\t\t\t\t\t\t\r\n\t\t\t\t\t\t\t\t\t\t\t\t\t\t\t\t\t<\/li>\r\n\t\t\t\t\t\t\t\t\r\n\t\t\t\t\t\t\t\r\n\t\t\t\t\t\t\t\t\r\n\t\t\t\t\t\t\t\t\t\t\t\t\t\t\t\t\t<li class=\"splide__slide\">\r\n\t\t\t\t\t\t\t\t\r\n\t\t\t\t\t\t\t\t\t\t\t\t\t\t\t\t\t<a class=\"aic-sponsor\" href=\"https:\/\/www.cbre.ca\/\" target=\"_blank\">\r\n\t\t\t\t\t\t\t\t\r\n\t\t\t\t\t\t\t\t\t<img decoding=\"async\" src=\"https:\/\/www.aicanada.ca\/wp-content\/uploads\/CBRE-1.png\" alt=\"Image du commanditaire\" \/>\r\n\r\n\t\t\t\t\t\t\t\t\t\t\t\t\t\t\t\t\t<\/a>\r\n\t\t\t\t\t\t\t\t\r\n\t\t\t\t\t\t\t\t\t\t\t\t\t\t\t\t\t<\/li>\r\n\t\t\t\t\t\t\t\t\r\n\t\t\t\t\t\t\t\r\n\t\t\t\t\t\t\t\t\r\n\t\t\t\t\t\t\t\t\t\t\t\t\t\t\t\t\t<li class=\"splide__slide\">\r\n\t\t\t\t\t\t\t\t\r\n\t\t\t\t\t\t\t\t\t\t\t\t\t\t\t\t\t<a class=\"aic-sponsor\" href=\"https:\/\/www.cagbc.org\/\" target=\"_blank\">\r\n\t\t\t\t\t\t\t\t\r\n\t\t\t\t\t\t\t\t\t<img decoding=\"async\" src=\"https:\/\/www.aicanada.ca\/wp-content\/uploads\/L_CAGBC_WRITTEN_RGB_CHARCOAL_E.png\" alt=\"Image du commanditaire\" \/>\r\n\r\n\t\t\t\t\t\t\t\t\t\t\t\t\t\t\t\t\t<\/a>\r\n\t\t\t\t\t\t\t\t\r\n\t\t\t\t\t\t\t\t\t\t\t\t\t\t\t\t\t<\/li>\r\n\t\t\t\t\t\t\t\t\r\n\t\t\t\t\t\t\t\r\n\t\t\t\t\t\t\t\t\r\n\t\t\t\t\t\t\t\t\t\t\t\t\t\t\t\t\t<li class=\"splide__slide\">\r\n\t\t\t\t\t\t\t\t\r\n\t\t\t\t\t\t\t\t\t\t\t\t\t\t\t\t\t<a class=\"aic-sponsor\" href=\"https:\/\/www.collierscanada.com\/en-ca\/canada\/cities\/ottawa\" target=\"_blank\">\r\n\t\t\t\t\t\t\t\t\r\n\t\t\t\t\t\t\t\t\t<img decoding=\"async\" src=\"https:\/\/www.aicanada.ca\/wp-content\/uploads\/Colliers.png\" alt=\"Image du commanditaire\" \/>\r\n\r\n\t\t\t\t\t\t\t\t\t\t\t\t\t\t\t\t\t<\/a>\r\n\t\t\t\t\t\t\t\t\r\n\t\t\t\t\t\t\t\t\t\t\t\t\t\t\t\t\t<\/li>\r\n\t\t\t\t\t\t\t\t\r\n\t\t\t\t\t\t\t\r\n\t\t\t\t\t\t\t\t\r\n\t\t\t\t\t\t\t\t\t\t\t\t\t\t\t\t\t<li class=\"splide__slide\">\r\n\t\t\t\t\t\t\t\t\r\n\t\t\t\t\t\t\t\t\t\t\t\t\t\t\t\t\t<div class=\"aic-sponsor\">\r\n\t\t\t\t\t\t\t\t\r\n\t\t\t\t\t\t\t\t\t<img decoding=\"async\" src=\"https:\/\/www.aicanada.ca\/wp-content\/uploads\/Kelman-1.png\" alt=\"Image du commanditaire\" \/>\r\n\r\n\t\t\t\t\t\t\t\t\t\t\t\t\t\t\t\t\t<\/div>\r\n\t\t\t\t\t\t\t\t\r\n\t\t\t\t\t\t\t\t\t\t\t\t\t\t\t\t\t<\/li>\r\n\t\t\t\t\t\t\t\t\r\n\t\t\t\t\t\t\t\r\n\t\t\t\t\t\t\t\t\r\n\t\t\t\t\t\t\t\t\t\t\t\t\t\t\t\t\t<li class=\"splide__slide\">\r\n\t\t\t\t\t\t\t\t\r\n\t\t\t\t\t\t\t\t\t\t\t\t\t\t\t\t\t<a class=\"aic-sponsor\" href=\"https:\/\/fct.ca\/\" target=\"_blank\">\r\n\t\t\t\t\t\t\t\t\r\n\t\t\t\t\t\t\t\t\t<img decoding=\"async\" src=\"https:\/\/www.aicanada.ca\/wp-content\/uploads\/FCT_Master_4C_E.png\" alt=\"Image du commanditaire\" \/>\r\n\r\n\t\t\t\t\t\t\t\t\t\t\t\t\t\t\t\t\t<\/a>\r\n\t\t\t\t\t\t\t\t\r\n\t\t\t\t\t\t\t\t\t\t\t\t\t\t\t\t\t<\/li>\r\n\t\t\t\t\t\t\t\t\r\n\t\t\t\t\t\t\t\r\n\t\t\t\t\t\t\t\t\r\n\t\t\t\t\t\t\t\t\t\t\t\t\t\t\t\t\t<li class=\"splide__slide\">\r\n\t\t\t\t\t\t\t\t\r\n\t\t\t\t\t\t\t\t\t\t\t\t\t\t\t\t\t<a class=\"aic-sponsor\" href=\"https:\/\/www.fnf.ca\/\" target=\"_blank\">\r\n\t\t\t\t\t\t\t\t\r\n\t\t\t\t\t\t\t\t\t<img decoding=\"async\" src=\"https:\/\/www.aicanada.ca\/wp-content\/uploads\/FNF.png\" alt=\"Image du commanditaire\" \/>\r\n\r\n\t\t\t\t\t\t\t\t\t\t\t\t\t\t\t\t\t<\/a>\r\n\t\t\t\t\t\t\t\t\r\n\t\t\t\t\t\t\t\t\t\t\t\t\t\t\t\t\t<\/li>\r\n\t\t\t\t\t\t\t\t\r\n\t\t\t\t\t\t\t\r\n\t\t\t\t\t\t\t\t\r\n\t\t\t\t\t\t\t\t\t\t\t\t\t\t\t\t\t<li class=\"splide__slide\">\r\n\t\t\t\t\t\t\t\t\r\n\t\t\t\t\t\t\t\t\t\t\t\t\t\t\t\t\t<a class=\"aic-sponsor\" href=\"https:\/\/www.hubinternational.com\/en-CA\/\" target=\"_blank\">\r\n\t\t\t\t\t\t\t\t\r\n\t\t\t\t\t\t\t\t\t<img decoding=\"async\" src=\"https:\/\/www.aicanada.ca\/wp-content\/uploads\/HUB.png\" alt=\"Image du commanditaire\" \/>\r\n\r\n\t\t\t\t\t\t\t\t\t\t\t\t\t\t\t\t\t<\/a>\r\n\t\t\t\t\t\t\t\t\r\n\t\t\t\t\t\t\t\t\t\t\t\t\t\t\t\t\t<\/li>\r\n\t\t\t\t\t\t\t\t\r\n\t\t\t\t\t\t\t\r\n\t\t\t\t\t\t\t\t\r\n\t\t\t\t\t\t\t\t\t\t\t\t\t\t\t\t\t<li class=\"splide__slide\">\r\n\t\t\t\t\t\t\t\t\r\n\t\t\t\t\t\t\t\t\t\t\t\t\t\t\t\t\t<a class=\"aic-sponsor\" href=\"https:\/\/topdogappraisal.com\/\" target=\"_blank\">\r\n\t\t\t\t\t\t\t\t\r\n\t\t\t\t\t\t\t\t\t<img decoding=\"async\" src=\"https:\/\/www.aicanada.ca\/wp-content\/uploads\/topdog-1.png\" alt=\"Image du commanditaire\" \/>\r\n\r\n\t\t\t\t\t\t\t\t\t\t\t\t\t\t\t\t\t<\/a>\r\n\t\t\t\t\t\t\t\t\r\n\t\t\t\t\t\t\t\t\t\t\t\t\t\t\t\t\t<\/li>\r\n\t\t\t\t\t\t\t\t\r\n\t\t\t\t\t\t\t\r\n\t\t\t\t\t\t\t\t\r\n\t\t\t\t\t\t\t\t\t\t\t\t\t\t\t\t\t<li class=\"splide__slide\">\r\n\t\t\t\t\t\t\t\t\r\n\t\t\t\t\t\t\t\t\t\t\t\t\t\t\t\t\t<a class=\"aic-sponsor\" href=\"https:\/\/offerland.ca\/\" target=\"_blank\">\r\n\t\t\t\t\t\t\t\t\r\n\t\t\t\t\t\t\t\t\t<img decoding=\"async\" src=\"https:\/\/www.aicanada.ca\/wp-content\/uploads\/OfferLand-1.png\" alt=\"Image du commanditaire\" \/>\r\n\r\n\t\t\t\t\t\t\t\t\t\t\t\t\t\t\t\t\t<\/a>\r\n\t\t\t\t\t\t\t\t\r\n\t\t\t\t\t\t\t\t\t\t\t\t\t\t\t\t\t<\/li>\r\n\t\t\t\t\t\t\t\t\r\n\t\t\t\t\t\t\t\r\n\t\t\t\t\t\t\t\t\r\n\t\t\t\t\t\t\t\t\t\t\t\t\t\t\t\t\t<li class=\"splide__slide\">\r\n\t\t\t\t\t\t\t\t\r\n\t\t\t\t\t\t\t\t\t\t\t\t\t\t\t\t\t<a class=\"aic-sponsor\" href=\"https:\/\/realpac.ca\/\" target=\"_blank\">\r\n\t\t\t\t\t\t\t\t\r\n\t\t\t\t\t\t\t\t\t<img decoding=\"async\" src=\"https:\/\/www.aicanada.ca\/wp-content\/uploads\/REALPAC_Logo_Grey_Dots-Col.png\" alt=\"Image du commanditaire\" \/>\r\n\r\n\t\t\t\t\t\t\t\t\t\t\t\t\t\t\t\t\t<\/a>\r\n\t\t\t\t\t\t\t\t\r\n\t\t\t\t\t\t\t\t\t\t\t\t\t\t\t\t\t<\/li>\r\n\t\t\t\t\t\t\t\t\r\n\t\t\t\t\t\t\t\r\n\t\t\t\t\t\t\t\t\r\n\t\t\t\t\t\t\t\t\t\t\t\t\t\t\t\t\t<li class=\"splide__slide\">\r\n\t\t\t\t\t\t\t\t\r\n\t\t\t\t\t\t\t\t\t\t\t\t\t\t\t\t\t<a class=\"aic-sponsor\" href=\"https:\/\/rsmcanada.com\/\" target=\"_blank\">\r\n\t\t\t\t\t\t\t\t\r\n\t\t\t\t\t\t\t\t\t<img decoding=\"async\" src=\"https:\/\/www.aicanada.ca\/wp-content\/uploads\/RSM.png\" alt=\"Image du commanditaire\" \/>\r\n\r\n\t\t\t\t\t\t\t\t\t\t\t\t\t\t\t\t\t<\/a>\r\n\t\t\t\t\t\t\t\t\r\n\t\t\t\t\t\t\t\t\t\t\t\t\t\t\t\t\t<\/li>\r\n\t\t\t\t\t\t\t\t\r\n\t\t\t\t\t\t\t\r\n\t\t\t\t\t\t\t\t\r\n\t\t\t\t\t\t\t\t\t\t\t\t\t\t\t\t\t<li class=\"splide__slide\">\r\n\t\t\t\t\t\t\t\t\r\n\t\t\t\t\t\t\t\t\t\t\t\t\t\t\t\t\t<a class=\"aic-sponsor\" href=\"https:\/\/www.rpsrealsolutions.com\/\" target=\"_blank\">\r\n\t\t\t\t\t\t\t\t\r\n\t\t\t\t\t\t\t\t\t<img decoding=\"async\" src=\"https:\/\/www.aicanada.ca\/wp-content\/uploads\/RPS-eng-tagline.png\" alt=\"Image du commanditaire\" \/>\r\n\r\n\t\t\t\t\t\t\t\t\t\t\t\t\t\t\t\t\t<\/a>\r\n\t\t\t\t\t\t\t\t\r\n\t\t\t\t\t\t\t\t\t\t\t\t\t\t\t\t\t<\/li>\r\n\t\t\t\t\t\t\t\t\r\n\t\t\t\t\t\t\t\r\n\t\t\t\t\t\t\t\t\r\n\t\t\t\t\t\t\t\t\t\t\t\t\t\t\t\t\t<li class=\"splide__slide\">\r\n\t\t\t\t\t\t\t\t\r\n\t\t\t\t\t\t\t\t\t\t\t\t\t\t\t\t\t<a class=\"aic-sponsor\" href=\"https:\/\/www.solidifi.ca\/\" target=\"_blank\">\r\n\t\t\t\t\t\t\t\t\r\n\t\t\t\t\t\t\t\t\t<img decoding=\"async\" src=\"https:\/\/www.aicanada.ca\/wp-content\/uploads\/solidifi_logo_BLUE.png\" alt=\"Image du commanditaire\" \/>\r\n\r\n\t\t\t\t\t\t\t\t\t\t\t\t\t\t\t\t\t<\/a>\r\n\t\t\t\t\t\t\t\t\r\n\t\t\t\t\t\t\t\t\t\t\t\t\t\t\t\t\t<\/li>\r\n\t\t\t\t\t\t\t\t\r\n\t\t\t\t\t\t\t\r\n\t\t\t\t\t\t\t\t\r\n\t\t\t\t\t\t\t\t\t\t\t\t\t\t\t\t\t<li class=\"splide__slide\">\r\n\t\t\t\t\t\t\t\t\r\n\t\t\t\t\t\t\t\t\t\t\t\t\t\t\t\t\t<div class=\"aic-sponsor\">\r\n\t\t\t\t\t\t\t\t\r\n\t\t\t\t\t\t\t\t\t<img decoding=\"async\" src=\"\" alt=\"Image du commanditaire\" \/>\r\n\r\n\t\t\t\t\t\t\t\t\t\t\t\t\t\t\t\t\t<\/div>\r\n\t\t\t\t\t\t\t\t\r\n\t\t\t\t\t\t\t\t\t\t\t\t\t\t\t\t\t<\/li>\r\n\t\t\t\t\t\t\t\t\r\n\t\t\t\t\t\t\t\r\n\t\t\t\t\t\t\t\t\r\n\t\t\t\t\t\t\t\t\t\t\t\t\t\t\t\t\t<li class=\"splide__slide\">\r\n\t\t\t\t\t\t\t\t\r\n\t\t\t\t\t\t\t\t\t\t\t\t\t\t\t\t\t<a class=\"aic-sponsor\" href=\"https:\/\/www.ulaval.ca\/\" target=\"_blank\">\r\n\t\t\t\t\t\t\t\t\r\n\t\t\t\t\t\t\t\t\t<img decoding=\"async\" src=\"https:\/\/www.aicanada.ca\/wp-content\/uploads\/UL_FSA_DFAI_C_d.jpeg\" alt=\"Image du commanditaire\" \/>\r\n\r\n\t\t\t\t\t\t\t\t\t\t\t\t\t\t\t\t\t<\/a>\r\n\t\t\t\t\t\t\t\t\r\n\t\t\t\t\t\t\t\t\t\t\t\t\t\t\t\t\t<\/li>\r\n\t\t\t\t\t\t\t\t\r\n\t\t\t\t\t\t\t\r\n\t\t\t\t\t\t\t\t\r\n\t\t\t\t\t\t\t\t\t\t\t\t\t\t\t\t\t<li class=\"splide__slide\">\r\n\t\t\t\t\t\t\t\t\r\n\t\t\t\t\t\t\t\t\t\t\t\t\t\t\t\t\t<a class=\"aic-sponsor\" href=\"https:\/\/www.nationwideappraisals.com\/NAS\/\" target=\"_blank\">\r\n\t\t\t\t\t\t\t\t\r\n\t\t\t\t\t\t\t\t\t<img decoding=\"async\" src=\"https:\/\/www.aicanada.ca\/wp-content\/uploads\/NAS-Logo-Horiz-RGB-13.png\" alt=\"Image du commanditaire\" \/>\r\n\r\n\t\t\t\t\t\t\t\t\t\t\t\t\t\t\t\t\t<\/a>\r\n\t\t\t\t\t\t\t\t\r\n\t\t\t\t\t\t\t\t\t\t\t\t\t\t\t\t\t<\/li>\r\n\t\t\t\t\t\t\t\t\r\n\t\t\t\t\t\t\t\r\n\t\t\t\t\t\t\t\t\r\n\t\t\t\t\t\t\t\t\t\t\t\t\t\t\t\t\t<li class=\"splide__slide\">\r\n\t\t\t\t\t\t\t\t\r\n\t\t\t\t\t\t\t\t\t\t\t\t\t\t\t\t\t<a class=\"aic-sponsor\" href=\"https:\/\/www.sauder.ubc.ca\/\" target=\"_blank\">\r\n\t\t\t\t\t\t\t\t\r\n\t\t\t\t\t\t\t\t\t<img decoding=\"async\" src=\"https:\/\/www.aicanada.ca\/wp-content\/uploads\/UBC-1.png\" alt=\"Image du commanditaire\" \/>\r\n\r\n\t\t\t\t\t\t\t\t\t\t\t\t\t\t\t\t\t<\/a>\r\n\t\t\t\t\t\t\t\t\r\n\t\t\t\t\t\t\t\t\t\t\t\t\t\t\t\t\t<\/li>\r\n\t\t\t\t\t\t\t\t\r\n\t\t\t\t\t\t\t\r\n\t\t\t\t\t\t\t\t\r\n\t\t\t\t\t\t\t\t\t\t\t\t\t\t\t\t\t<li class=\"splide__slide\">\r\n\t\t\t\t\t\t\t\t\r\n\t\t\t\t\t\t\t\t\t\t\t\t\t\t\t\t\t<a class=\"aic-sponsor\" href=\"https:\/\/www.ulaval.ca\/\" target=\"_blank\">\r\n\t\t\t\t\t\t\t\t\r\n\t\t\t\t\t\t\t\t\t<img decoding=\"async\" src=\"https:\/\/www.aicanada.ca\/wp-content\/uploads\/UL_FSA_DFAI_C_d-1.jpeg\" alt=\"Image du commanditaire\" \/>\r\n\r\n\t\t\t\t\t\t\t\t\t\t\t\t\t\t\t\t\t<\/a>\r\n\t\t\t\t\t\t\t\t\r\n\t\t\t\t\t\t\t\t\t\t\t\t\t\t\t\t\t<\/li>\r\n\t\t\t\t\t\t\t\t\r\n\t\t\t\t\t\t\t\r\n\t\t\t\t\t\t\t\t\r\n\t\t\t\t\t\t\t\t\t\t\t\t\t\t\t\t\t<li class=\"splide__slide\">\r\n\t\t\t\t\t\t\t\t\r\n\t\t\t\t\t\t\t\t\t\t\t\t\t\t\t\t\t<a class=\"aic-sponsor\" href=\"https:\/\/www.trisura.com\/investors\/\" target=\"_blank\">\r\n\t\t\t\t\t\t\t\t\r\n\t\t\t\t\t\t\t\t\t<img decoding=\"async\" src=\"https:\/\/www.aicanada.ca\/wp-content\/uploads\/Trisura-1.png\" alt=\"Image du commanditaire\" \/>\r\n\r\n\t\t\t\t\t\t\t\t\t\t\t\t\t\t\t\t\t<\/a>\r\n\t\t\t\t\t\t\t\t\r\n\t\t\t\t\t\t\t\t\t\t\t\t\t\t\t\t\t<\/li>\r\n\t\t\t\t\t\t\t\t\r\n\t\t\t\t\t\t\t\r\n\t\t\t\t\t\t\t\t\r\n\t\t\t\t\t\t\t\t\t\t\t\t\t\t\t\t\t<li class=\"splide__slide\">\r\n\t\t\t\t\t\t\t\t\r\n\t\t\t\t\t\t\t\t\t\t\t\t\t\t\t\t\t<a class=\"aic-sponsor\" href=\"https:\/\/www.verragroupvaluation.com\/\" target=\"_blank\">\r\n\t\t\t\t\t\t\t\t\r\n\t\t\t\t\t\t\t\t\t<img decoding=\"async\" src=\"https:\/\/www.aicanada.ca\/wp-content\/uploads\/VerraGroup-scaled.jpg\" alt=\"Image du commanditaire\" \/>\r\n\r\n\t\t\t\t\t\t\t\t\t\t\t\t\t\t\t\t\t<\/a>\r\n\t\t\t\t\t\t\t\t\r\n\t\t\t\t\t\t\t\t\t\t\t\t\t\t\t\t\t<\/li>\r\n\t\t\t\t\t\t\t\t\r\n\t\t\t\t\t\t\t\r\n\t\t\t\t\t\t\r\n\t\t\t\t\t\t\t\t\t\t\t\t\t<\/li>\r\n\t\t\t\t\t\t\r\n\t\t\t\t\t\r\n\t\t\t\t\t\t\t\t\t\t\t\t\t<\/ul>\r\n\t\t\t\t\t\t\t<\/div>\r\n\t\t\t\t\t\t<\/div>\r\n\t\t\t\t\t\r\n\t\t\t\t\r\n\t\t\t<\/div>\r\n\r\n\t\t\r\n\t\r\n<\/div>","protected":false},"excerpt":{"rendered":"<p>Le Congr\u00e8s national de l&rsquo;ICE est l&rsquo;\u00e9v\u00e9nement le plus important pour les professionnels de l&rsquo;\u00e9valuation immobili\u00e8re qui se r\u00e9unissent pour des s\u00e9minaires \u00e9ducatifs, le r\u00e9seautage<\/p>\n","protected":false},"author":4,"featured_media":0,"parent":125456,"menu_order":5,"comment_status":"closed","ping_status":"closed","template":"template-aic-conference.php","meta":{"_acf_changed":false,"_relevanssi_hide_post":"","_relevanssi_hide_content":"","_relevanssi_pin_for_all":"","_relevanssi_pin_keywords":"","_relevanssi_unpin_keywords":"","_relevanssi_related_keywords":"","_relevanssi_related_include_ids":"","_relevanssi_related_exclude_ids":"","_relevanssi_related_no_append":"","_relevanssi_related_not_related":"","_relevanssi_related_posts":"","_relevanssi_noindex_reason":"","_lmt_disableupdate":"no","_lmt_disable":"","footnotes":""},"class_list":["post-55137","page","type-page","status-publish","hentry"],"acf":[],"_links":{"self":[{"href":"https:\/\/www.aicanada.ca\/fr\/wp-json\/wp\/v2\/pages\/55137","targetHints":{"allow":["GET"]}}],"collection":[{"href":"https:\/\/www.aicanada.ca\/fr\/wp-json\/wp\/v2\/pages"}],"about":[{"href":"https:\/\/www.aicanada.ca\/fr\/wp-json\/wp\/v2\/types\/page"}],"author":[{"embeddable":true,"href":"https:\/\/www.aicanada.ca\/fr\/wp-json\/wp\/v2\/users\/4"}],"replies":[{"embeddable":true,"href":"https:\/\/www.aicanada.ca\/fr\/wp-json\/wp\/v2\/comments?post=55137"}],"version-history":[{"count":15,"href":"https:\/\/www.aicanada.ca\/fr\/wp-json\/wp\/v2\/pages\/55137\/revisions"}],"predecessor-version":[{"id":153984,"href":"https:\/\/www.aicanada.ca\/fr\/wp-json\/wp\/v2\/pages\/55137\/revisions\/153984"}],"up":[{"embeddable":true,"href":"https:\/\/www.aicanada.ca\/fr\/wp-json\/wp\/v2\/pages\/125456"}],"wp:attachment":[{"href":"https:\/\/www.aicanada.ca\/fr\/wp-json\/wp\/v2\/media?parent=55137"}],"curies":[{"name":"wp","href":"https:\/\/api.w.org\/{rel}","templated":true}]}}