{"id":58902,"date":"2017-11-17T09:55:46","date_gmt":"2017-11-17T14:55:46","guid":{"rendered":"https:\/\/www.aicanada.ca\/about-aic\/contact-us\/"},"modified":"2026-01-29T11:33:15","modified_gmt":"2026-01-29T16:33:15","slug":"contactez-nous","status":"publish","type":"page","link":"https:\/\/www.aicanada.ca\/fr\/a-propos-de-lice\/contactez-nous\/","title":{"rendered":"Contactez nous"},"content":{"rendered":"\n<p><strong>Avis &#8211;<\/strong> <strong>\u00c0 l\u2019Institut canadien des \u00e9valuateurs (ICE), nous valorisons le professionnalisme, le respect et la communication positive. Bien que notre Code de d\u00e9ontologie s\u2019applique aux membres de l\u2019ICE, nous demandons \u00e0 toute personne interagissant avec l\u2019Institut d\u2019adopter un ton courtois et constructif. Veuillez noter que les messages contenant un langage hostile ou irrespectueux ne recevront pas de r\u00e9ponse, car nous sommes r\u00e9solus \u00e0 favoriser un environnement de travail collaboratif et bienveillant pour tous.<\/strong><\/p>\n\n\n\n<p><\/p>\n\n\n\n<div class=\"wp-block-columns is-layout-flex wp-container-core-columns-is-layout-28f84493 wp-block-columns-is-layout-flex\">\n<div class=\"wp-block-column is-layout-flow wp-block-column-is-layout-flow\">\n<h2 class=\"wp-block-heading\"><span class=\"wp-rich-text-font-awesome-icon wp-font-awesome-icon\"><svg aria-hidden=\"true\" focusable=\"false\" data-prefix=\"fas\" data-icon=\"envelope\" class=\"svg-inline--fa fa-envelope \" role=\"img\" xmlns=\"http:\/\/www.w3.org\/2000\/svg\" viewBox=\"0 0 512 512\"><path fill=\"currentColor\" d=\"M48 64c-26.5 0-48 21.5-48 48 0 15.1 7.1 29.3 19.2 38.4l208 156c17.1 12.8 40.5 12.8 57.6 0l208-156c12.1-9.1 19.2-23.3 19.2-38.4 0-26.5-21.5-48-48-48L48 64zM0 196L0 384c0 35.3 28.7 64 64 64l384 0c35.3 0 64-28.7 64-64l0-188-198.4 148.8c-34.1 25.6-81.1 25.6-115.2 0L0 196z\"><\/path><\/svg><\/span> Envoie-nous un message<\/h2>\n\n\n\n<div class=\"wpcf7 no-js\" id=\"wpcf7-f54860-o1\" lang=\"en-US\" dir=\"ltr\" data-wpcf7-id=\"54860\">\n<div class=\"screen-reader-response\"><p role=\"status\" aria-live=\"polite\" aria-atomic=\"true\"><\/p> <ul><\/ul><\/div>\n<form action=\"\/fr\/wp-json\/wp\/v2\/pages\/58902#wpcf7-f54860-o1\" method=\"post\" class=\"wpcf7-form init\" aria-label=\"Contact form\" novalidate=\"novalidate\" data-status=\"init\">\n<fieldset class=\"hidden-fields-container\"><input type=\"hidden\" name=\"_wpcf7\" value=\"54860\" \/><input type=\"hidden\" name=\"_wpcf7_version\" value=\"6.1.5\" \/><input type=\"hidden\" name=\"_wpcf7_locale\" value=\"en_US\" \/><input type=\"hidden\" name=\"_wpcf7_unit_tag\" value=\"wpcf7-f54860-o1\" \/><input type=\"hidden\" name=\"_wpcf7_container_post\" value=\"0\" \/><input type=\"hidden\" name=\"_wpcf7_posted_data_hash\" value=\"\" \/><input type=\"hidden\" name=\"_wpcf7_recaptcha_response\" value=\"\" \/>\n<\/fieldset>\n<p><label> Your Name (required)<br \/>\n<span class=\"wpcf7-form-control-wrap\" data-name=\"your-name\"><input size=\"40\" maxlength=\"400\" class=\"wpcf7-form-control wpcf7-text wpcf7-validates-as-required\" aria-required=\"true\" aria-invalid=\"false\" value=\"\" type=\"text\" name=\"your-name\" \/><\/span> <\/label>\n<\/p>\n<p><label> Your Email (required)<br \/>\n<span class=\"wpcf7-form-control-wrap\" data-name=\"your-email\"><input size=\"40\" maxlength=\"400\" class=\"wpcf7-form-control wpcf7-email wpcf7-validates-as-required wpcf7-text wpcf7-validates-as-email\" aria-required=\"true\" aria-invalid=\"false\" value=\"\" type=\"email\" name=\"your-email\" \/><\/span> <\/label>\n<\/p>\n<p><label> Subject<br \/>\n<span class=\"wpcf7-form-control-wrap\" data-name=\"your-subject\"><input size=\"40\" maxlength=\"400\" class=\"wpcf7-form-control wpcf7-text\" aria-invalid=\"false\" value=\"\" type=\"text\" name=\"your-subject\" \/><\/span> <\/label>\n<\/p>\n<p><label> Your Message<br \/>\n<span class=\"wpcf7-form-control-wrap\" data-name=\"your-message\"><textarea cols=\"40\" rows=\"10\" maxlength=\"2000\" class=\"wpcf7-form-control wpcf7-textarea\" aria-invalid=\"false\" name=\"your-message\"><\/textarea><\/span> <\/label>\n<\/p>\n<p><input class=\"wpcf7-form-control wpcf7-submit has-spinner\" type=\"submit\" value=\"Send\" \/>\n<\/p><div class=\"wpcf7-response-output\" aria-hidden=\"true\"><\/div>\n<\/form>\n<\/div>\n\n<\/div>\n\n\n\n<div class=\"wp-block-column is-layout-flow wp-block-column-is-layout-flow\">\n<h2 class=\"wp-block-heading\">Si\u00e8ge social<\/h2>\n\n\n\n<p>Le si\u00e8ge social de l\u2019Institut canadien des \u00e9valuateurs est situ\u00e9 \u00e0 Ottawa, en Ontario.<\/p>\n\n\n\n<p><strong>Institut canadien des \u00e9valuateurs<\/strong><br>200, rue Catherine, bureau 403,<br>Ottawa (Ontario) CANADA K2P 2K9<\/p>\n\n\n\n<p><strong>Pour laisser un message:<\/strong> (613) 234-6533 ou sans-frais 1-888-551-5521<br><\/p>\n\n\n\n<p><strong>Heures d\u2019ouverture:<\/strong><br>08:00 \u2013 16:00 ET<\/p>\n\n\n\n<p><strong>Email:<\/strong><br><a href=\"mailto:info@aicanada.ca\">info@aicanada.ca<\/a><\/p>\n<\/div>\n<\/div>\n","protected":false},"excerpt":{"rendered":"<p>Avis &#8211; \u00c0 l\u2019Institut canadien des \u00e9valuateurs (ICE), nous valorisons le professionnalisme, le respect et la communication positive. Bien que notre Code de d\u00e9ontologie s\u2019applique<\/p>\n","protected":false},"author":4,"featured_media":0,"parent":54085,"menu_order":6,"comment_status":"closed","ping_status":"closed","template":"","meta":{"_acf_changed":false,"_relevanssi_hide_post":"","_relevanssi_hide_content":"","_relevanssi_pin_for_all":"","_relevanssi_pin_keywords":"","_relevanssi_unpin_keywords":"","_relevanssi_related_keywords":"","_relevanssi_related_include_ids":"","_relevanssi_related_exclude_ids":"","_relevanssi_related_no_append":"","_relevanssi_related_not_related":"","_relevanssi_related_posts":"","_relevanssi_noindex_reason":"","_lmt_disableupdate":"no","_lmt_disable":"","footnotes":""},"class_list":["post-58902","page","type-page","status-publish","hentry"],"acf":[],"_links":{"self":[{"href":"https:\/\/www.aicanada.ca\/fr\/wp-json\/wp\/v2\/pages\/58902","targetHints":{"allow":["GET"]}}],"collection":[{"href":"https:\/\/www.aicanada.ca\/fr\/wp-json\/wp\/v2\/pages"}],"about":[{"href":"https:\/\/www.aicanada.ca\/fr\/wp-json\/wp\/v2\/types\/page"}],"author":[{"embeddable":true,"href":"https:\/\/www.aicanada.ca\/fr\/wp-json\/wp\/v2\/users\/4"}],"replies":[{"embeddable":true,"href":"https:\/\/www.aicanada.ca\/fr\/wp-json\/wp\/v2\/comments?post=58902"}],"version-history":[{"count":15,"href":"https:\/\/www.aicanada.ca\/fr\/wp-json\/wp\/v2\/pages\/58902\/revisions"}],"predecessor-version":[{"id":157125,"href":"https:\/\/www.aicanada.ca\/fr\/wp-json\/wp\/v2\/pages\/58902\/revisions\/157125"}],"up":[{"embeddable":true,"href":"https:\/\/www.aicanada.ca\/fr\/wp-json\/wp\/v2\/pages\/54085"}],"wp:attachment":[{"href":"https:\/\/www.aicanada.ca\/fr\/wp-json\/wp\/v2\/media?parent=58902"}],"curies":[{"name":"wp","href":"https:\/\/api.w.org\/{rel}","templated":true}]}}