{"id":63170,"date":"2019-02-21T14:31:24","date_gmt":"2019-02-21T19:31:24","guid":{"rendered":"https:\/\/www.aicanada.ca\/?page_id=63170"},"modified":"2024-07-05T18:31:45","modified_gmt":"2024-07-05T22:31:45","slug":"liste-des-associations-organisations-ordres","status":"publish","type":"page","link":"https:\/\/www.aicanada.ca\/fr\/liste-des-associations-organisations-ordres\/","title":{"rendered":"Liste des Associations\/Organisations\/Ordres"},"content":{"rendered":"\n<p><strong>L\u2019adh\u00e9sion \u00e0 une association\/organisation\/commande approuv\u00e9e par l\u2019ICE pour la fourniture d\u2019une assistance technique d\u2019inspection n\u2019est qu\u2019une partie de l\u2019\u00e9ligibilit\u00e9.<\/strong><\/p>\n\n\n\n<p>Vous trouverez ci-dessous des exemples d\u2019associations\/organisations\/ordres et licences\/certifications pouvant r\u00e9pondre \u00e0 l\u2019approbation de l\u2019ICE pour la fourniture de l\u2019assistance d\u2019inspection professionnelle. Ils sont fournis pour votre r\u00e9f\u00e9rence.<\/p>\n\n\n\n<p><strong>Inspecteurs de maison<\/strong><\/p>\n\n\n\n<ul class=\"wp-block-list\">\n<li><strong>Ontario&nbsp;Building&nbsp;Officials&nbsp;Association<\/strong>\n<ul class=\"wp-block-list\">\n<li>Certified&nbsp;Building&nbsp;Code&nbsp;Official (CBCO)<\/li>\n\n\n\n<li>Building&nbsp;Code&nbsp;Qualified (BCQ)<\/li>\n<\/ul>\n<\/li>\n\n\n\n<li><strong>Canadian Association of Home and Property Inspectors<\/strong>\n<ul class=\"wp-block-list\">\n<li>National Certificate (NC)<\/li>\n\n\n\n<li>Registered Home Inspector (RHI)<\/li>\n<\/ul>\n<\/li>\n\n\n\n<li><strong>Consumer Protection BC (CPBC)<\/strong>\n<ul class=\"wp-block-list\">\n<li>Home inspector license<\/li>\n<\/ul>\n<\/li>\n\n\n\n<li><strong>Service Alberta<\/strong>\n<ul class=\"wp-block-list\">\n<li>Home Inspector license<\/li>\n<\/ul>\n<\/li>\n\n\n\n<li><strong>National Home Inspector Certification Council<\/strong>\n<ul class=\"wp-block-list\">\n<li>National Home Inspector (NHI) designation<\/li>\n<\/ul>\n<\/li>\n\n\n\n<li><strong>Ontario Association of Home Inspectors<\/strong>\n<ul class=\"wp-block-list\">\n<li>Certified Home Inspector (CCHI)<\/li>\n\n\n\n<li>Registered Home Inspector (RHI)<\/li>\n<\/ul>\n<\/li>\n<\/ul>\n\n\n\n<p><strong>Appraisers<\/strong><\/p>\n\n\n\n<ul class=\"wp-block-list\">\n<li><strong>Appraisal Institute<\/strong>\n<ul class=\"wp-block-list\">\n<li>D\u00e9signation MAI&nbsp;<\/li>\n\n\n\n<li>D\u00e9signation SRA&nbsp;<\/li>\n<\/ul>\n<\/li>\n\n\n\n<li><strong>American Society of Appraisers<\/strong>\n<ul class=\"wp-block-list\">\n<li>Accredited Member (AM)<\/li>\n\n\n\n<li>Accredited Senior Appraiser (ASA)<\/li>\n<\/ul>\n<\/li>\n\n\n\n<li><strong>Canadian Personal Property Appraisal Group<\/strong>\n<ul class=\"wp-block-list\">\n<li>Canadian Personal Property Appraiser (CPPA)<\/li>\n<\/ul>\n<\/li>\n\n\n\n<li>The<strong>&nbsp;OEAQ<\/strong>\n<ul class=\"wp-block-list\">\n<li>\u00c9valuateur Agre\u00e9 (\u00c9A) designation<br><\/li>\n<\/ul>\n<\/li>\n<\/ul>\n\n\n\n<p><strong>Autres Professions<\/strong><\/p>\n\n\n\n<ul class=\"wp-block-list\">\n<li><strong>Agrologist\/Agronomes Canada<\/strong>\n<ul class=\"wp-block-list\">\n<li>D\u00e9signation provinciale de P.Ag<\/li>\n<\/ul>\n<\/li>\n\n\n\n<li>Un affili\u00e9 provincial de l&rsquo;<strong>Association of Certified Engineering Technicians and Technologists<\/strong>\n<ul class=\"wp-block-list\">\n<li>Certified Engineering Technologists<\/li>\n<\/ul>\n<\/li>\n\n\n\n<li>The\u00a0<strong>Real Estate Institute of Canada<\/strong>\n<ul class=\"wp-block-list\">\n<li>Certified Reserve Fund Planner (CRP).<\/li>\n<\/ul>\n<\/li>\n\n\n\n<li>The\u00a0<strong>Canadian Institute of Quantity Surveyors<\/strong>\n<ul class=\"wp-block-list\">\n<li>Professional Quantity Surveyor (PQS)<\/li>\n<\/ul>\n<\/li>\n\n\n\n<li>Un affili\u00e9 provincial de l&rsquo;<strong>Association of Architectural Technologists<\/strong>\n<ul class=\"wp-block-list\">\n<li>Architectural Technologist<\/li>\n<\/ul>\n<\/li>\n\n\n\n<li>L&rsquo;\u00a0<em>Association des techniciens en \u00e9valuation fonci\u00e8re du Qu\u00e9bec (ATEFQ)<\/em>\n<ul class=\"wp-block-list\">\n<li>Certificat en gestion immobili\u00e8re et urbaine (Universit\u00e9 Laval \u00e0 Qu\u00e9bec)<\/li>\n\n\n\n<li>Certificat en immobilier (UQAM)<\/li>\n\n\n\n<li>Certificat en \u00e9valuation et gestion immobili\u00e8re (Universit\u00e9 du Qu\u00e9bec en Outaouais)<\/li>\n<\/ul>\n<\/li>\n\n\n\n<li>Membre certifi\u00e9 ou membre associ\u00e9 de l&rsquo;<strong>Alliance of Canadian Building Officials Association<\/strong>\n<ul class=\"wp-block-list\">\n<li>Certified&nbsp;Building&nbsp;Code&nbsp;Official (CBCO)<\/li>\n\n\n\n<li>Building&nbsp;Code&nbsp;Qualified (BCQ)<br><\/li>\n<\/ul>\n<\/li>\n<\/ul>\n\n\n\n<p><strong>Licenses\/Certifications<\/strong><\/p>\n\n\n\n<p><strong>Certificat de pratique<\/strong> au sens de la <strong>Loi sur les architectes<\/strong>.<br><strong>Certificat d&rsquo;autorisation<\/strong> au sens de la <strong>Loi sur les ing\u00e9nieurs<\/strong>.<br>Inscription \u00e0 titre de technologue du b\u00e2timent en vertu d&rsquo;une loi provinciale<\/p>\n","protected":false},"excerpt":{"rendered":"<p>L\u2019adh\u00e9sion \u00e0 une association\/organisation\/commande approuv\u00e9e par l\u2019ICE pour la fourniture d\u2019une assistance technique d\u2019inspection n\u2019est qu\u2019une partie de l\u2019\u00e9ligibilit\u00e9. Vous trouverez ci-dessous des exemples d\u2019associations\/organisations\/ordres<\/p>\n","protected":false},"author":15571,"featured_media":0,"parent":0,"menu_order":0,"comment_status":"closed","ping_status":"closed","template":"","meta":{"_acf_changed":false,"_relevanssi_hide_post":"","_relevanssi_hide_content":"","_relevanssi_pin_for_all":"","_relevanssi_pin_keywords":"","_relevanssi_unpin_keywords":"","_relevanssi_related_keywords":"","_relevanssi_related_include_ids":"","_relevanssi_related_exclude_ids":"","_relevanssi_related_no_append":"","_relevanssi_related_not_related":"","_relevanssi_related_posts":"","_relevanssi_noindex_reason":"","_lmt_disableupdate":"","_lmt_disable":"","footnotes":""},"class_list":["post-63170","page","type-page","status-publish","hentry"],"acf":[],"_links":{"self":[{"href":"https:\/\/www.aicanada.ca\/fr\/wp-json\/wp\/v2\/pages\/63170","targetHints":{"allow":["GET"]}}],"collection":[{"href":"https:\/\/www.aicanada.ca\/fr\/wp-json\/wp\/v2\/pages"}],"about":[{"href":"https:\/\/www.aicanada.ca\/fr\/wp-json\/wp\/v2\/types\/page"}],"author":[{"embeddable":true,"href":"https:\/\/www.aicanada.ca\/fr\/wp-json\/wp\/v2\/users\/15571"}],"replies":[{"embeddable":true,"href":"https:\/\/www.aicanada.ca\/fr\/wp-json\/wp\/v2\/comments?post=63170"}],"version-history":[{"count":10,"href":"https:\/\/www.aicanada.ca\/fr\/wp-json\/wp\/v2\/pages\/63170\/revisions"}],"predecessor-version":[{"id":109464,"href":"https:\/\/www.aicanada.ca\/fr\/wp-json\/wp\/v2\/pages\/63170\/revisions\/109464"}],"wp:attachment":[{"href":"https:\/\/www.aicanada.ca\/fr\/wp-json\/wp\/v2\/media?parent=63170"}],"curies":[{"name":"wp","href":"https:\/\/api.w.org\/{rel}","templated":true}]}}