{"id":64658,"date":"2012-11-06T21:57:39","date_gmt":"2012-11-06T21:57:39","guid":{"rendered":"https:\/\/www.aicanada.ca\/a-propos-de-lice\/provincial-affiliates-2\/"},"modified":"2025-10-31T20:55:29","modified_gmt":"2025-11-01T00:55:29","slug":"affilies-provinciaux","status":"publish","type":"page","link":"https:\/\/www.aicanada.ca\/fr\/a-propos-de-lice\/affilies-provinciaux\/","title":{"rendered":"Affili\u00e9s provinciaux"},"content":{"rendered":"\n<p>L&rsquo;ICE travaille en collaboration avec ses 10 associations provinciales affili\u00e9es pour accorder les prestigieux titres d\u2019Accredited Appraiser Canadian Institute (\u00c9valuateur agr\u00e9\u00e9 de l&rsquo;Institut canadien) (AACI\u2122) et de Canadian Residential Appraiser (\u00c9valuateur r\u00e9sidentiel canadien) (CRA\u2122). Le personnel et les b\u00e9n\u00e9voles nationaux et provinciaux s&rsquo;engagent \u00e0 promouvoir les int\u00e9r\u00eats de nos membres.<\/p>\n\n\n<div class=\"mp-block-provincial-affiliates-map mp-block clearfix\">\n\t<div class=\"provincial-affiliates-map scale-element\" style=\"text-align:center;\">\n\t\t<map name=\"prov-map\">\n\t\t\t<area shape=\"poly\" coords=\"102,160,26,253,116,310,116,300,104,296,109,176\" href=\"https:\/\/www.aicanada.ca\/fr\/\/province-british-columbia\/british-columbia\/\" alt=\"Yukon\"\/>\n\t\t\t<area shape=\"poly\" coords=\"114,180,179,204,175,228,216,276,214,282,225,296,254,344,121,314,119,299,108,294,101,229,110,226\" href=\"https:\/\/www.aicanada.ca\/fr\/\/province-alberta\/alberta\/\" alt=\"Territoires du Nord-Ouest\" \/>\n\t\t\t<area shape=\"poly\" coords=\"258,345,259,293,218,280,201,262,178,226,222,170,344,264,303,344\" href=\"https:\/\/www.aicanada.ca\/fr\/\/province-alberta\/alberta\/\" alt=\"Nunavut\" \/>\n\t\t\t<area shape=\"poly\" coords=\"30,264,138,325,110,399,137,475,38,447\" href=\"https:\/\/www.aicanada.ca\/fr\/\/province-british-columbia\/british-columbia\/\" alt=\"Colombie-Britannique\"\/>\n\t\t\t<area shape=\"poly\" coords=\"142,327,200,342,176,484,142,476,114,399\" href=\"https:\/\/www.aicanada.ca\/fr\/\/province-albera\/alberta\" alt=\"Alberta\"\/>\n\t\t\t<area shape=\"poly\" coords=\"206,344,254,349,247,496,181,485\" href=\"https:\/\/www.aicanada.ca\/fr\/\/province-saskatchewan\/saskatchewan\/\" alt=\"Saskatchewan\"\/>\n\t\t\t<area shape=\"poly\" coords=\"257,349,302,350,342,387,301,442,302,497,251,495\" href=\"https:\/\/www.aicanada.ca\/fr\/\/province-manitoba\/manitoba\/\" alt=\"Manitoba\"\/>\n\t\t\t<area shape=\"poly\" coords=\"345,390,397,403,429,448,453,503,505,508,432,574,435,527,307,498,306,444\" href=\"https:\/\/www.aicanada.ca\/fr\/\/province-ontario\/ontario\" alt=\"Ontario\"\/>\n\t\t\t<area shape=\"poly\" coords=\"399,300,455,301,467,324,485,323,486,296,527,351,498,366,531,393,592,357,585,392,511,507,457,501,431,442\" href=\"https:\/\/www.aicanada.ca\/fr\/\/province-quebec\/quebec\/\" alt=\"Qu\u00e9bec\"\/>\n\t\t\t<area shape=\"poly\" coords=\"497,301,665,391,608,414,599,357,531,399,505,367,532,349\" href=\"https:\/\/www.aicanada.ca\/fr\/\/province-newfoundland-labrador\/newfoundlandlabrador\/\" alt=\"Terre-Neuve-et-Labrador\"\/>\n\t\t\t<area shape=\"poly\" coords=\"552,438,573,438,574,460,563,467,553,459,553,438\" href=\"https:\/\/www.aicanada.ca\/fr\/\/province-new-brunswick\/newbrunswick\/\" alt=\"Nouveau-Brunswick\"\/>\n\t\t\t<area shape=\"poly\" coords=\"578,417,598,417,598,437,589,446,576,437\" href=\"https:\/\/www.aicanada.ca\/fr\/\/province-prince-edward-island\/princeedwardisland\/\" alt=\"\u00cele-du-Prince-\u00c9douard\"\/>\n\t\t\t<area shape=\"poly\" coords=\"581,452,601,452,602,472,591,480,580,474\" href=\"https:\/\/www.aicanada.ca\/fr\/\/province-nova-scotia\/novascotia\/\" alt=\"Nouvelle-\u00c9cosse\"\/>\n\t\t<\/map>\n\t\t<img loading=\"lazy\" decoding=\"async\" src=\"https:\/\/www.aicanada.ca\/wp-content\/themes\/aicanada\/resources\/images\/structure\/691x580_prov_affiliates_map_fr.jpg\" width=\"691\" height=\"580\" alt=\"Affili\u00e9es Provinciales\" usemap=\"#prov-map\">\n\t<\/div>\n<\/div>\n\n\n<h2 class=\"wp-block-heading\"><strong>R\u00f4les et responsabilit\u00e9s<\/strong><\/h2>\n\n\n\n<div class=\"wp-block-columns is-layout-flex wp-container-core-columns-is-layout-28f84493 wp-block-columns-is-layout-flex\">\n<div class=\"wp-block-column is-layout-flow wp-block-column-is-layout-flow\">\n<h3 class=\"wp-block-heading\"><strong>Bureau national<br>Le bureau national de l&rsquo;ICE \u00e9labore des politiques, des programmes et des initiatives \u00e0 l&rsquo;\u00e9chelle nationale dans les domaines suivants:<\/strong><\/h3>\n\n\n\n<details class=\"wp-block-details is-style-aic-grey-border-details is-layout-flow wp-block-details-is-layout-flow\"><summary>Pratique professionnelle<\/summary>\n<p>Normes uniformes de pratique professionnelle en mati\u00e8re d&rsquo;\u00e9valuation au Canada (NUPPEC), r\u00e8glements consolid\u00e9s, d\u00e9ontologie, conseils aux membres en mati\u00e8re de pratique professionnelle (sauf lorsque les lois provinciales s\u2019y opposent), demandes de renseignements et plaintes des consommateurs, mesures disciplinaires \u00e0 l&rsquo;\u00e9gard des membres, contenu des S\u00e9minaires de pratique professionnelle, prestation de webinaires nationaux et de programmes de formation \u00e0 distance pour les S\u00e9minaires de pratique professionnelle.<\/p>\n<\/details>\n\n\n\n<details class=\"wp-block-details is-style-aic-grey-border-details is-layout-flow wp-block-details-is-layout-flow\"><summary>Admissions et Accr\u00e9ditation<\/summary>\n<p>Normes d&rsquo;admission, normes de prestation\/instruction du Programme d&rsquo;\u00e9tudes professionnelles de l\u2019ICE, exigences en mati\u00e8re d&rsquo;examens\/de d\u00e9signation et entrevues relatives aux comp\u00e9tences professionnelles.<\/p>\n<\/details>\n\n\n\n<details class=\"wp-block-details is-style-aic-grey-border-details is-layout-flow wp-block-details-is-layout-flow\"><summary>Marketing et Communication<\/summary>\n<p>Activit\u00e9s de publicit\u00e9, de promotion et de recrutement, site Web de l\u2019ICE, m\u00e9dias sociaux et relations avec les m\u00e9dias.<\/p>\n<\/details>\n\n\n\n<details class=\"wp-block-details is-style-aic-grey-border-details is-layout-flow wp-block-details-is-layout-flow\"><summary>D\u00e9fense des int\u00e9r\u00eats<\/summary>\n<p>Sensibilisation du gouvernement du Canada, des organismes nationaux (y compris les soci\u00e9t\u00e9s d&rsquo;\u00c9tat), des associations nationales et des intervenants \u00e0 l&rsquo;\u00e9chelle nationale, et collaboration avec les affili\u00e9s provinciaux dans le cadre d&rsquo;initiatives de promotion des int\u00e9r\u00eats.<\/p>\n<\/details>\n\n\n\n<details class=\"wp-block-details is-style-aic-grey-border-details is-layout-flow wp-block-details-is-layout-flow\"><summary>Administration et Gouvernance<\/summary>\n<p>R\u00e8glements nationaux, cotisations des membres, Congr\u00e8s national et AGA.<\/p>\n<\/details>\n\n\n\n<details class=\"wp-block-details is-style-aic-grey-border-details is-layout-flow wp-block-details-is-layout-flow\"><summary>Programme d&rsquo;assurance responsabilit\u00e9 professionnelle de l\u2019ICE<\/summary>\n<p>Tous les aspects du programme.<\/p>\n<\/details>\n<\/div>\n\n\n\n<div class=\"wp-block-column is-layout-flow wp-block-column-is-layout-flow\">\n<h3 class=\"wp-block-heading\"><strong>Affili\u00e9s provinciaux<br>L&rsquo;organisme affili\u00e9 ex\u00e9cute les programmes nationaux de l\u2019ICE dans sa r\u00e9gion, comme suit:<\/strong><\/h3>\n\n\n\n<details class=\"wp-block-details is-style-aic-grey-border-details is-layout-flow wp-block-details-is-layout-flow\"><summary>Pratique professionnelle<\/summary>\n<p>Prestation de s\u00e9minaires provinciaux sur la pratique professionnelle en salle de classe et sur le Web.<\/p>\n<\/details>\n\n\n\n<details class=\"wp-block-details is-style-aic-grey-border-details is-layout-flow wp-block-details-is-layout-flow\"><summary>Admissions et Accr\u00e9ditation<\/summary>\n<p>Inscription de nouveaux membres \u00e9tudiants et stagiaires, r\u00e9int\u00e9gration d&rsquo;anciens membres inactifs, soutien aux membres stagiaires (y compris le mentorat local, l&rsquo;examen des dossiers, l&rsquo;inscription, la gestion et l&rsquo;ach\u00e8vement du Programme d&rsquo;exp\u00e9rience pratique) et prestation de possibilit\u00e9s de Perfectionnement professionnel continu.<\/p>\n<\/details>\n\n\n\n<details class=\"wp-block-details is-style-aic-grey-border-details is-layout-flow wp-block-details-is-layout-flow\"><summary>Marketing et Communication<\/summary>\n<p>Activit\u00e9s locales de publicit\u00e9, de promotion et de recrutement et maintien du site Web de l&rsquo;organisme affili\u00e9.<\/p>\n<\/details>\n\n\n\n<details class=\"wp-block-details is-style-aic-grey-border-details is-layout-flow wp-block-details-is-layout-flow\"><summary>D\u00e9fense des int\u00e9r\u00eats<\/summary>\n<p>Sensibilisation du gouvernement provincial, des organismes r\u00e9gionaux (y compris les soci\u00e9t\u00e9s d&rsquo;\u00c9tat), des associations provinciales et d&rsquo;autres groupes d&rsquo;intervenants propres \u00e0 leur&nbsp;r\u00e9gion.<\/p>\n<\/details>\n\n\n\n<details class=\"wp-block-details is-style-aic-grey-border-details is-layout-flow wp-block-details-is-layout-flow\"><summary>Administration et Gouvernance<\/summary>\n<p>R\u00e8glements provinciaux, conf\u00e9rences provinciales et AGA.<\/p>\n<\/details>\n<\/div>\n<\/div>\n","protected":false},"excerpt":{"rendered":"<p>L&rsquo;ICE travaille en collaboration avec ses 10 associations provinciales affili\u00e9es pour accorder les prestigieux titres d\u2019Accredited Appraiser Canadian Institute (\u00c9valuateur agr\u00e9\u00e9 de l&rsquo;Institut canadien) (AACI\u2122)<\/p>\n","protected":false},"author":4,"featured_media":0,"parent":54085,"menu_order":0,"comment_status":"closed","ping_status":"closed","template":"","meta":{"_acf_changed":false,"_relevanssi_hide_post":"","_relevanssi_hide_content":"","_relevanssi_pin_for_all":"","_relevanssi_pin_keywords":"","_relevanssi_unpin_keywords":"","_relevanssi_related_keywords":"","_relevanssi_related_include_ids":"","_relevanssi_related_exclude_ids":"","_relevanssi_related_no_append":"","_relevanssi_related_not_related":"","_relevanssi_related_posts":"","_relevanssi_noindex_reason":"","_lmt_disableupdate":"","_lmt_disable":"","footnotes":""},"class_list":["post-64658","page","type-page","status-publish","hentry"],"acf":[],"_links":{"self":[{"href":"https:\/\/www.aicanada.ca\/fr\/wp-json\/wp\/v2\/pages\/64658","targetHints":{"allow":["GET"]}}],"collection":[{"href":"https:\/\/www.aicanada.ca\/fr\/wp-json\/wp\/v2\/pages"}],"about":[{"href":"https:\/\/www.aicanada.ca\/fr\/wp-json\/wp\/v2\/types\/page"}],"author":[{"embeddable":true,"href":"https:\/\/www.aicanada.ca\/fr\/wp-json\/wp\/v2\/users\/4"}],"replies":[{"embeddable":true,"href":"https:\/\/www.aicanada.ca\/fr\/wp-json\/wp\/v2\/comments?post=64658"}],"version-history":[{"count":11,"href":"https:\/\/www.aicanada.ca\/fr\/wp-json\/wp\/v2\/pages\/64658\/revisions"}],"predecessor-version":[{"id":153947,"href":"https:\/\/www.aicanada.ca\/fr\/wp-json\/wp\/v2\/pages\/64658\/revisions\/153947"}],"up":[{"embeddable":true,"href":"https:\/\/www.aicanada.ca\/fr\/wp-json\/wp\/v2\/pages\/54085"}],"wp:attachment":[{"href":"https:\/\/www.aicanada.ca\/fr\/wp-json\/wp\/v2\/media?parent=64658"}],"curies":[{"name":"wp","href":"https:\/\/api.w.org\/{rel}","templated":true}]}}