{"id":65318,"date":"2019-06-12T15:53:26","date_gmt":"2019-06-12T19:53:26","guid":{"rendered":"https:\/\/www.aicanada.ca\/?page_id=65318"},"modified":"2025-12-17T09:18:48","modified_gmt":"2025-12-17T14:18:48","slug":"prix-w-c-mccutcheon","status":"publish","type":"page","link":"https:\/\/www.aicanada.ca\/fr\/prix-w-c-mccutcheon\/","title":{"rendered":"Prix W.C. McCutcheon"},"content":{"rendered":"\n<p>Le prix W.C. McCutcheon, cr\u00e9\u00e9 pour marquer le 80<sup>e<\/sup> anniversaire de l\u2019ICE, est un prix convoit\u00e9 qui porte le nom du premier pr\u00e9sident de l\u2019ICE en 1938. Ce prix prestigieux r\u00e9compense des b\u00e9n\u00e9voles exceptionnels qui ont fait preuve d&rsquo;un leadership, d&rsquo;un engagement et d&rsquo;un service exceptionnels au sein de l&rsquo;Institut canadien des \u00e9valuateurs (ICE).<\/p>\n\n\n\n<p>Les laur\u00e9ats sont des b\u00e9n\u00e9voles d\u00e9vou\u00e9s de l\u2019ICE qui se surpassent constamment et qui consacrent g\u00e9n\u00e9reusement leur temps, leur expertise et leur exp\u00e9rience \u00e0 l&rsquo;avancement de l\u2019ICE et de la profession d&rsquo;\u00e9valuateur.<\/p>\n\n\n\n<h2 class=\"wp-block-heading\"><span class=\"wp-rich-text-font-awesome-icon wp-font-awesome-icon\"><svg aria-hidden=\"true\" focusable=\"false\" data-prefix=\"fas\" data-icon=\"clipboard-check\" class=\"svg-inline--fa fa-clipboard-check \" role=\"img\" xmlns=\"http:\/\/www.w3.org\/2000\/svg\" viewBox=\"0 0 384 512\"><path fill=\"currentColor\" d=\"M311.4 32l8.6 0c35.3 0 64 28.7 64 64l0 352c0 35.3-28.7 64-64 64L64 512c-35.3 0-64-28.7-64-64L0 96C0 60.7 28.7 32 64 32l8.6 0C83.6 12.9 104.3 0 128 0L256 0c23.7 0 44.4 12.9 55.4 32zM248 112c13.3 0 24-10.7 24-24s-10.7-24-24-24L136 64c-13.3 0-24 10.7-24 24s10.7 24 24 24l112 0zm28.4 148.7c7-11.2 3.6-26-7.6-33.1s-26-3.6-33.1 7.6l-61.4 98.3-27-36c-8-10.6-23-12.8-33.6-4.8s-12.8 23-4.8 33.6l48 64c4.7 6.3 12.3 9.9 20.2 9.6s15.1-4.5 19.3-11.3l80-128z\"><\/path><\/svg><\/span> Processus de mise en candidature<\/h2>\n\n\n\n<details class=\"wp-block-details is-style-aic-grey-border-details is-layout-flow wp-block-details-is-layout-flow\"><summary>CANDIDATURES ADMISSIBLES<\/summary>\n<ul class=\"wp-block-list\">\n<li>Le membre doit \u00eatre en r\u00e8gle avec l\u2019ICE<\/li>\n\n\n\n<li>Le membre ne peut pas si\u00e9ger au conseil d&rsquo;administration actuel de l\u2019ICE<\/li>\n\n\n\n<li>Le membre ne doit pas avoir d\u00e9j\u00e0 re\u00e7u ce prix<\/li>\n\n\n\n<li>Le membre doit avoir au moins dix (10) ans d&rsquo;exp\u00e9rience combin\u00e9e en tant que b\u00e9n\u00e9vole au sein de comit\u00e9s nationaux, de groupes de travail, de programmes, d&rsquo;initiatives, etc.<\/li>\n\n\n\n<li><em>Remarque: Les employ\u00e9s de l\u2019ICE qui remplissaient les crit\u00e8res avant de devenir employ\u00e9s sont admissibles, mais leurs contributions en tant qu&#8217;employ\u00e9s ne sont pas prises en compte dans l&rsquo;admissibilit\u00e9.<\/em><\/li>\n<\/ul>\n<\/details>\n\n\n\n<details class=\"wp-block-details is-style-aic-grey-border-details is-layout-flow wp-block-details-is-layout-flow\"><summary>OFFRES ASSOCI\u00c9ES AU PRIX<\/summary>\n<ul class=\"wp-block-list\">\n<li>Prix avec le nom du laur\u00e9at, le nom du prix et l&rsquo;ann\u00e9e<\/li>\n\n\n\n<li>Fichier Jpeg du nom du prix et de l&rsquo;ann\u00e9e pour signature \u00e9lectronique, cartes de visite, supports marketing, etc. (disponible apr\u00e8s le Congr\u00e8s annuel de l\u2019ICE)<\/li>\n\n\n\n<li>Remise officielle du prix lors du Congr\u00e8s annuel de l\u2019ICE<\/li>\n\n\n\n<li>Inscription gratuite au Congr\u00e8s annuel de l\u2019ICE, y compris le d\u00eener\/d\u00e9jeuner de remise des prix<\/li>\n\n\n\n<li>1 000 $ pour couvrir les frais de participation \u00e0 la c\u00e9r\u00e9monie de remise des prix<\/li>\n<\/ul>\n<\/details>\n\n\n\n<details class=\"wp-block-details is-style-aic-grey-border-details is-layout-flow wp-block-details-is-layout-flow\"><summary>PROCESSUS DE MISE EN CANDIDATURE<\/summary>\n<ul class=\"wp-block-list\">\n<li>Le formulaire de mise en nomination au prix est envoy\u00e9 \u00e0 l&rsquo;ICE avant le 15 f\u00e9vrier.<\/li>\n<\/ul>\n\n\n\n<ol style=\"list-style-type:lower-alpha\" class=\"wp-block-list\"><\/ol>\n\n\n\n<p><em><strong>Remarque : <\/strong>les auto-nominations ne sont pas accept\u00e9es. Les mises en nomination doivent provenir de pairs.<\/em><\/p>\n\n\n\n<p><\/p>\n\n\n\n<ul class=\"wp-block-list\">\n<li>Les candidats seront pr\u00e9sent\u00e9s au comit\u00e9 ex\u00e9cutif et les laur\u00e9ats recommand\u00e9s seront pr\u00e9sent\u00e9s au conseil d&rsquo;administration national pour ratification finale.<\/li>\n\n\n\n<li>Une fois approuv\u00e9s, les laur\u00e9ats sont contact\u00e9s pour \u00eatre inform\u00e9s qu&rsquo;ils ont remport\u00e9 le prix.<\/li>\n\n\n\n<li>Le prix sera remis lors du Congr\u00e8s annuel de l\u2019ICE. Les laur\u00e9ats sont invit\u00e9s \u00e0 assister au Congr\u00e8s pour y recevoir leur prix. Les prix sont remis aux laur\u00e9ats une fois l&rsquo;annonce faite aux membres.<\/li>\n\n\n\n<li>Toutes les candidatures sont \u00e9valu\u00e9es de mani\u00e8re ind\u00e9pendante, examin\u00e9es et not\u00e9es selon les crit\u00e8res de mise en nomination.<\/li>\n<\/ul>\n<\/details>\n\n\n\n<h2 class=\"wp-block-heading\"><span class=\"wp-rich-text-font-awesome-icon wp-font-awesome-icon\"><svg aria-hidden=\"true\" focusable=\"false\" data-prefix=\"fas\" data-icon=\"award\" class=\"svg-inline--fa fa-award \" role=\"img\" xmlns=\"http:\/\/www.w3.org\/2000\/svg\" viewBox=\"0 0 448 512\"><path fill=\"currentColor\" d=\"M245.9-25.9c-13.4-8.2-30.3-8.2-43.7 0-24.4 14.9-39.5 18.9-68.1 18.3-15.7-.4-30.3 8.1-37.9 21.9-13.7 25.1-24.8 36.2-49.9 49.9-13.8 7.5-22.2 22.2-21.9 37.9 .7 28.6-3.4 43.7-18.3 68.1-8.2 13.4-8.2 30.3 0 43.7 14.9 24.4 18.9 39.5 18.3 68.1-.4 15.7 8.1 30.3 21.9 37.9 22.1 12.1 33.3 22.1 45.1 41.5L42.7 458.5c-5.9 11.9-1.1 26.3 10.7 32.2l86 43c11.5 5.7 25.5 1.4 31.7-9.8l52.8-95.1 52.8 95.1c6.2 11.2 20.2 15.6 31.7 9.8l86-43c11.9-5.9 16.7-20.3 10.7-32.2l-48.6-97.2c11.7-19.4 23-29.4 45.1-41.5 13.8-7.5 22.2-22.2 21.9-37.9-.7-28.6 3.4-43.7 18.3-68.1 8.2-13.4 8.2-30.3 0-43.7-14.9-24.4-18.9-39.5-18.3-68.1 .4-15.7-8.1-30.3-21.9-37.9-25.1-13.7-36.2-24.8-49.9-49.9-7.5-13.8-22.2-22.2-37.9-21.9-28.6 .7-43.7-3.4-68.1-18.3zM224 96a96 96 0 1 1 0 192 96 96 0 1 1 0-192z\"><\/path><\/svg><\/span> R\u00e9cipiendaire de 2024<\/h2>\n\n\n\n<p>Le r\u00e9cipiendaire de 2024 est Tony Sevelka, \u00c9. Pro., AACI.<\/p>\n\n\n\n<div style=\"height:35px\" aria-hidden=\"true\" class=\"wp-block-spacer\"><\/div>\n\n\n\n<details class=\"wp-block-details is-style-aic-grey-border-details is-layout-flow wp-block-details-is-layout-flow\"><summary>ANCIENS R\u00c9CIPIENDAIRES<\/summary>\n<p>2023<\/p>\n\n\n\n<ul class=\"wp-block-list\">\n<li>Brian Varner, \u00c9. Pro., AACI<\/li>\n\n\n\n<li>Brad Brewster, \u00c9. Pro., AACI<\/li>\n<\/ul>\n\n\n\n<p>2022<\/p>\n\n\n\n<ul class=\"wp-block-list\">\n<li>David Shum, \u00c9. Pro., AACI (Fellow)<\/li>\n\n\n\n<li>Dan Brewer, \u00c9. Pro., AACI (Fellow)<\/li>\n\n\n\n<li>Dan Wilson, \u00c9. Pro., AACI<\/li>\n<\/ul>\n\n\n\n<p>2021<\/p>\n\n\n\n<ul id=\"block-aae5d33b-ded9-414f-8692-cbbb465e31b9\" class=\"wp-block-list\">\n<li>John Sheldrake, \u00c9. Pro., AACI<\/li>\n\n\n\n<li>Philson Kempton, \u00c9. Pro., AACI<\/li>\n\n\n\n<li>Kenneth Hollett, \u00c9. Pro., AACI<\/li>\n\n\n\n<li>Darrell Thorvaldson, \u00c9. Pro., AACI<\/li>\n<\/ul>\n\n\n\n<p>2020<\/p>\n\n\n\n<ul id=\"block-9900a846-07ee-436d-b6db-0b2b2054938a\" class=\"wp-block-list\">\n<li>Craig Soderquist, \u00c9. Pro., AACI<\/li>\n<\/ul>\n\n\n\n<p>2019<\/p>\n\n\n\n<ul class=\"wp-block-list\">\n<li>Allan Beatty, \u00c9. Pro., AACI, (Fellow)<\/li>\n\n\n\n<li>Patricia Cooper, \u00c9. Pro., AACI<\/li>\n\n\n\n<li>John Manning, \u00c9. Pro., AACI<\/li>\n<\/ul>\n<\/details>\n","protected":false},"excerpt":{"rendered":"<p>Le prix W.C. McCutcheon, cr\u00e9\u00e9 pour marquer le 80e anniversaire de l\u2019ICE, est un prix convoit\u00e9 qui porte le nom du premier pr\u00e9sident de l\u2019ICE<\/p>\n","protected":false},"author":15571,"featured_media":0,"parent":0,"menu_order":0,"comment_status":"closed","ping_status":"closed","template":"","meta":{"_acf_changed":false,"_relevanssi_hide_post":"","_relevanssi_hide_content":"","_relevanssi_pin_for_all":"","_relevanssi_pin_keywords":"","_relevanssi_unpin_keywords":"","_relevanssi_related_keywords":"","_relevanssi_related_include_ids":"","_relevanssi_related_exclude_ids":"","_relevanssi_related_no_append":"","_relevanssi_related_not_related":"","_relevanssi_related_posts":"","_relevanssi_noindex_reason":"","_lmt_disableupdate":"","_lmt_disable":"","footnotes":""},"class_list":["post-65318","page","type-page","status-publish","hentry"],"acf":[],"_links":{"self":[{"href":"https:\/\/www.aicanada.ca\/fr\/wp-json\/wp\/v2\/pages\/65318","targetHints":{"allow":["GET"]}}],"collection":[{"href":"https:\/\/www.aicanada.ca\/fr\/wp-json\/wp\/v2\/pages"}],"about":[{"href":"https:\/\/www.aicanada.ca\/fr\/wp-json\/wp\/v2\/types\/page"}],"author":[{"embeddable":true,"href":"https:\/\/www.aicanada.ca\/fr\/wp-json\/wp\/v2\/users\/15571"}],"replies":[{"embeddable":true,"href":"https:\/\/www.aicanada.ca\/fr\/wp-json\/wp\/v2\/comments?post=65318"}],"version-history":[{"count":14,"href":"https:\/\/www.aicanada.ca\/fr\/wp-json\/wp\/v2\/pages\/65318\/revisions"}],"predecessor-version":[{"id":155876,"href":"https:\/\/www.aicanada.ca\/fr\/wp-json\/wp\/v2\/pages\/65318\/revisions\/155876"}],"wp:attachment":[{"href":"https:\/\/www.aicanada.ca\/fr\/wp-json\/wp\/v2\/media?parent=65318"}],"curies":[{"name":"wp","href":"https:\/\/api.w.org\/{rel}","templated":true}]}}