{"id":65959,"date":"2019-07-12T10:16:23","date_gmt":"2019-07-12T14:16:23","guid":{"rendered":"https:\/\/www.aicanada.ca\/a-propos-de-lice\/evaluation-immobiliere-au-canada\/canadian-property-valuation-2013\/"},"modified":"2024-07-05T18:31:37","modified_gmt":"2024-07-05T22:31:37","slug":"evaluation-immobiliere-au-canada-2013","status":"publish","type":"page","link":"https:\/\/www.aicanada.ca\/fr\/a-propos-de-lice\/evaluation-immobiliere-au-canada\/evaluation-immobiliere-au-canada-2013\/","title":{"rendered":"\u00c9valuation immobili\u00e8re au Canada &#8211; 2013"},"content":{"rendered":"\n<p>T\u00e9l\u00e9chargez les revues d&rsquo;\u00c9valuation immobili\u00e8re au Canada de 2013 ci-dessous.<\/p>\n\n\n    <div class=\"mp-block-cpv-issues mp-block clearfix\">\r\n\t\t\t\t\t            <div class=\"cpv-issue\">\r\n\t\t\t\t                    <div class=\"cpv-box-image\">\r\n                        <a href=\"https:\/\/www.aicanada.ca\/wp-content\/uploads\/CPV_Summer2013_Rich.pdf\" target=\"_blank\" onClick=\"gtag('event', 'cpv_link', {'event_category': 'PDF file', 'event_label': 'https:\/\/www.aicanada.ca\/wp-content\/uploads\/CPV_Summer2013_Rich.pdf'});\">\r\n                            <img decoding=\"async\" src=\"https:\/\/www.aicanada.ca\/wp-content\/uploads\/248x323_2013_v57_b2.png\" alt=\"2013 &#8211; Volume 57 &#8211; Tome 2\"\/>\r\n                            <span class=\"icon icon-download5\"><\/span>\r\n                        <\/a>\r\n                    <\/div>\r\n\t\t\t\t                <div class=\"cpv-box-text\">\r\n                    <div class=\"issue-title\">2013 &#8211; Volume 57 &#8211; Tome 2<\/div>\r\n\t\t\t\t\t<ul>\n<li>The Application of Multivariate Regression Analysis in Expropriation Matters<\/li>\n<li>New Residential Form<\/li>\n<li>Injurious Affection Claims<\/li>\n<\/ul>\n                <\/div>\r\n\t\t\t\t                    <div class=\"cpv-box-links\">\r\n\t\t\t\t\t\t                            <a href=\"https:\/\/www.aicanada.ca\/fr\/cpv-issue\/2013-volume-57-tome-2\/\" onClick=\"gtag('event', 'cpv_link', {'event_category': 'Web Link', 'event_label': 'https:\/\/www.aicanada.ca\/fr\/cpv-issue\/2013-volume-57-tome-2\/'});\">\r\n                                <span class=\"icon icon-new-tab2\"><\/span><br\/>\r\n                                WEB\r\n                            <\/a>\r\n\t\t\t\t\t\t\t\t\t\t\t\t                            <a href=\"http:\/\/www.kelmanonline.com\/httpdocs\/files\/AIC\/cpvsummer2013\/index.html\" onClick=\"gtag('event', 'cpv_link', {'event_category': 'Issuu Link', 'event_label': 'http:\/\/www.kelmanonline.com\/httpdocs\/files\/AIC\/cpvsummer2013\/index.html'});\">\r\n                                <span class=\"icon icon-new-tab2\"><\/span><br\/>\r\n                                3D\r\n                            <\/a>\r\n\t\t\t\t\t\t                    <\/div>\r\n\t\t\t\t            <\/div>\r\n\t\t\t\t\t            <div class=\"cpv-issue\">\r\n\t\t\t\t                    <div class=\"cpv-box-image\">\r\n                        <a href=\"https:\/\/www.aicanada.ca\/wp-content\/uploads\/CPV_Spring2013_MediaRich.pdf\" target=\"_blank\" onClick=\"gtag('event', 'cpv_link', {'event_category': 'PDF file', 'event_label': 'https:\/\/www.aicanada.ca\/wp-content\/uploads\/CPV_Spring2013_MediaRich.pdf'});\">\r\n                            <img decoding=\"async\" src=\"https:\/\/www.aicanada.ca\/wp-content\/uploads\/248x323_2013_v57_b1.png\" alt=\"2013 &#8211; Volume 57 &#8211; Tome 1\"\/>\r\n                            <span class=\"icon icon-download5\"><\/span>\r\n                        <\/a>\r\n                    <\/div>\r\n\t\t\t\t                <div class=\"cpv-box-text\">\r\n                    <div class=\"issue-title\">2013 &#8211; Volume 57 &#8211; Tome 1<\/div>\r\n\t\t\t\t\t<ul>\n<li>Canadian Property Valuation vol 57<\/li>\n<li>Forced Sale Valuation<\/li>\n<li>Tribunal Appraisers<\/li>\n<li>HR Trends in Appraisal Industry<\/li>\n<\/ul>\n                <\/div>\r\n\t\t\t\t                    <div class=\"cpv-box-links\">\r\n\t\t\t\t\t\t                            <a href=\"https:\/\/www.aicanada.ca\/fr\/cpv-issue\/2013-volume-57-tome-1\/\" onClick=\"gtag('event', 'cpv_link', {'event_category': 'Web Link', 'event_label': 'https:\/\/www.aicanada.ca\/fr\/cpv-issue\/2013-volume-57-tome-1\/'});\">\r\n                                <span class=\"icon icon-new-tab2\"><\/span><br\/>\r\n                                WEB\r\n                            <\/a>\r\n\t\t\t\t\t\t\t\t\t\t\t\t                            <a href=\"http:\/\/www.kelmanonline.com\/httpdocs\/files\/AIC\/cpvspring2013\/index.html\" onClick=\"gtag('event', 'cpv_link', {'event_category': 'Issuu Link', 'event_label': 'http:\/\/www.kelmanonline.com\/httpdocs\/files\/AIC\/cpvspring2013\/index.html'});\">\r\n                                <span class=\"icon icon-new-tab2\"><\/span><br\/>\r\n                                3D\r\n                            <\/a>\r\n\t\t\t\t\t\t                    <\/div>\r\n\t\t\t\t            <\/div>\r\n\t\t\t\t\t            <div class=\"cpv-issue\">\r\n\t\t\t\t                    <div class=\"cpv-box-image\">\r\n                        <a href=\"https:\/\/www.aicanada.ca\/wp-content\/uploads\/CPV_Book_3_2013.pdf\" target=\"_blank\" onClick=\"gtag('event', 'cpv_link', {'event_category': 'PDF file', 'event_label': 'https:\/\/www.aicanada.ca\/wp-content\/uploads\/CPV_Book_3_2013.pdf'});\">\r\n                            <img decoding=\"async\" src=\"https:\/\/www.aicanada.ca\/wp-content\/uploads\/248x323_2013_v57_b3.png\" alt=\"2013 \u2013 Volume 57 \u2013 Tome 3\"\/>\r\n                            <span class=\"icon icon-download5\"><\/span>\r\n                        <\/a>\r\n                    <\/div>\r\n\t\t\t\t                <div class=\"cpv-box-text\">\r\n                    <div class=\"issue-title\">2013 \u2013 Volume 57 \u2013 Tome 3<\/div>\r\n\t\t\t\t\t<ul>\n<li>Valuation at Canadian Airports<\/li>\n<li>Power Line Easements Require Thoughtful Consideration<\/li>\n<li>Confidentiality and Disclosure Requirements<\/li>\n<li>PWGSC Champions Real Estate Co-Op Program<\/li>\n<li>Work Product Review: A New Requirement for Designation<\/li>\n<\/ul>\n                <\/div>\r\n\t\t\t\t                    <div class=\"cpv-box-links\">\r\n\t\t\t\t\t\t                            <a href=\"https:\/\/www.aicanada.ca\/fr\/cpv-issue\/2013-volume-57-tome-3\/\" onClick=\"gtag('event', 'cpv_link', {'event_category': 'Web Link', 'event_label': 'https:\/\/www.aicanada.ca\/fr\/cpv-issue\/2013-volume-57-tome-3\/'});\">\r\n                                <span class=\"icon icon-new-tab2\"><\/span><br\/>\r\n                                WEB\r\n                            <\/a>\r\n\t\t\t\t\t\t\t\t\t\t\t\t                            <a href=\"http:\/\/www.kelmanonline.com\/httpdocs\/files\/AIC\/cpvfall2013\/index.html\" onClick=\"gtag('event', 'cpv_link', {'event_category': 'Issuu Link', 'event_label': 'http:\/\/www.kelmanonline.com\/httpdocs\/files\/AIC\/cpvfall2013\/index.html'});\">\r\n                                <span class=\"icon icon-new-tab2\"><\/span><br\/>\r\n                                3D\r\n                            <\/a>\r\n\t\t\t\t\t\t                    <\/div>\r\n\t\t\t\t            <\/div>\r\n\t\t\t\t\t            <div class=\"cpv-issue\">\r\n\t\t\t\t                    <div class=\"cpv-box-image\">\r\n                        <a href=\"https:\/\/www.aicanada.ca\/wp-content\/uploads\/CPV_Book_4__2013.pdf\" target=\"_blank\" onClick=\"gtag('event', 'cpv_link', {'event_category': 'PDF file', 'event_label': 'https:\/\/www.aicanada.ca\/wp-content\/uploads\/CPV_Book_4__2013.pdf'});\">\r\n                            <img decoding=\"async\" src=\"https:\/\/www.aicanada.ca\/wp-content\/uploads\/248x323_2013_v57_b4.jpg\" alt=\"2013 &#8211; Volume 57 &#8211; Tome 4\"\/>\r\n                            <span class=\"icon icon-download5\"><\/span>\r\n                        <\/a>\r\n                    <\/div>\r\n\t\t\t\t                <div class=\"cpv-box-text\">\r\n                    <div class=\"issue-title\">2013 &#8211; Volume 57 &#8211; Tome 4<\/div>\r\n\t\t\t\t\t<ul>\n<li>Measurement Practices<\/li>\n<li>Farmland Prices<\/li>\n<li>Mentoring<\/li>\n<li>Valuation of Seniors Housing<\/li>\n<\/ul>\n                <\/div>\r\n\t\t\t\t                    <div class=\"cpv-box-links\">\r\n\t\t\t\t\t\t                            <a href=\"https:\/\/www.aicanada.ca\/fr\/cpv-issue\/2013-volume-57-tome-4\/\" onClick=\"gtag('event', 'cpv_link', {'event_category': 'Web Link', 'event_label': 'https:\/\/www.aicanada.ca\/fr\/cpv-issue\/2013-volume-57-tome-4\/'});\">\r\n                                <span class=\"icon icon-new-tab2\"><\/span><br\/>\r\n                                WEB\r\n                            <\/a>\r\n\t\t\t\t\t\t\t\t\t\t\t\t                            <a href=\"http:\/\/www.kelmanonline.com\/httpdocs\/files\/AIC\/cpvwinter2013\/index.html\" onClick=\"gtag('event', 'cpv_link', {'event_category': 'Issuu Link', 'event_label': 'http:\/\/www.kelmanonline.com\/httpdocs\/files\/AIC\/cpvwinter2013\/index.html'});\">\r\n                                <span class=\"icon icon-new-tab2\"><\/span><br\/>\r\n                                3D\r\n                            <\/a>\r\n\t\t\t\t\t\t                    <\/div>\r\n\t\t\t\t            <\/div>\r\n\t\t    <\/div>\r\n","protected":false},"excerpt":{"rendered":"<p>T\u00e9l\u00e9chargez les revues d&rsquo;\u00c9valuation immobili\u00e8re au Canada de 2013 ci-dessous.<\/p>\n","protected":false},"author":4,"featured_media":0,"parent":28373,"menu_order":0,"comment_status":"closed","ping_status":"closed","template":"","meta":{"_acf_changed":false,"_relevanssi_hide_post":"","_relevanssi_hide_content":"","_relevanssi_pin_for_all":"","_relevanssi_pin_keywords":"","_relevanssi_unpin_keywords":"","_relevanssi_related_keywords":"","_relevanssi_related_include_ids":"","_relevanssi_related_exclude_ids":"","_relevanssi_related_no_append":"","_relevanssi_related_not_related":"","_relevanssi_related_posts":"","_relevanssi_noindex_reason":"","_lmt_disableupdate":"","_lmt_disable":"","footnotes":""},"class_list":["post-65959","page","type-page","status-publish","hentry"],"acf":[],"_links":{"self":[{"href":"https:\/\/www.aicanada.ca\/fr\/wp-json\/wp\/v2\/pages\/65959","targetHints":{"allow":["GET"]}}],"collection":[{"href":"https:\/\/www.aicanada.ca\/fr\/wp-json\/wp\/v2\/pages"}],"about":[{"href":"https:\/\/www.aicanada.ca\/fr\/wp-json\/wp\/v2\/types\/page"}],"author":[{"embeddable":true,"href":"https:\/\/www.aicanada.ca\/fr\/wp-json\/wp\/v2\/users\/4"}],"replies":[{"embeddable":true,"href":"https:\/\/www.aicanada.ca\/fr\/wp-json\/wp\/v2\/comments?post=65959"}],"version-history":[{"count":12,"href":"https:\/\/www.aicanada.ca\/fr\/wp-json\/wp\/v2\/pages\/65959\/revisions"}],"predecessor-version":[{"id":133429,"href":"https:\/\/www.aicanada.ca\/fr\/wp-json\/wp\/v2\/pages\/65959\/revisions\/133429"}],"up":[{"embeddable":true,"href":"https:\/\/www.aicanada.ca\/fr\/wp-json\/wp\/v2\/pages\/28373"}],"wp:attachment":[{"href":"https:\/\/www.aicanada.ca\/fr\/wp-json\/wp\/v2\/media?parent=65959"}],"curies":[{"name":"wp","href":"https:\/\/api.w.org\/{rel}","templated":true}]}}