{"id":65960,"date":"2019-07-12T10:14:36","date_gmt":"2019-07-12T14:14:36","guid":{"rendered":"https:\/\/www.aicanada.ca\/a-propos-de-lice\/evaluation-immobiliere-au-canada\/canadian-property-valuation-2014\/"},"modified":"2024-07-05T18:31:37","modified_gmt":"2024-07-05T22:31:37","slug":"evaluation-immobiliere-au-canada-2014","status":"publish","type":"page","link":"https:\/\/www.aicanada.ca\/fr\/a-propos-de-lice\/evaluation-immobiliere-au-canada\/evaluation-immobiliere-au-canada-2014\/","title":{"rendered":"Evaluation immobiliere au Canada 2014"},"content":{"rendered":"\n<p>T\u00e9l\u00e9chargez les revues d&rsquo;\u00c9valuation immobili\u00e8re au Canada de 2014 ci-dessous.<\/p>\n\n\n    <div class=\"mp-block-cpv-issues mp-block clearfix\">\r\n\t\t\t\t\t            <div class=\"cpv-issue\">\r\n\t\t\t\t                    <div class=\"cpv-box-image\">\r\n                        <a href=\"https:\/\/www.aicanada.ca\/wp-content\/uploads\/CPV_Winter2014_mediarich.pdf\" target=\"_blank\" onClick=\"gtag('event', 'cpv_link', {'event_category': 'PDF file', 'event_label': 'https:\/\/www.aicanada.ca\/wp-content\/uploads\/CPV_Winter2014_mediarich.pdf'});\">\r\n                            <img decoding=\"async\" src=\"https:\/\/www.aicanada.ca\/wp-content\/uploads\/cpv-book4-2014-cover.jpg\" alt=\"2014 &#8211; Volume 58 &#8211; Tome 4\"\/>\r\n                            <span class=\"icon icon-download5\"><\/span>\r\n                        <\/a>\r\n                    <\/div>\r\n\t\t\t\t                <div class=\"cpv-box-text\">\r\n                    <div class=\"issue-title\">2014 &#8211; Volume 58 &#8211; Tome 4<\/div>\r\n\t\t\t\t\t                <\/div>\r\n\t\t\t\t                    <div class=\"cpv-box-links\">\r\n\t\t\t\t\t\t                            <a href=\"https:\/\/www.aicanada.ca\/fr\/cpv-issue\/2014-volume-58-tome-4\/\" onClick=\"gtag('event', 'cpv_link', {'event_category': 'Web Link', 'event_label': 'https:\/\/www.aicanada.ca\/fr\/cpv-issue\/2014-volume-58-tome-4\/'});\">\r\n                                <span class=\"icon icon-new-tab2\"><\/span><br\/>\r\n                                WEB\r\n                            <\/a>\r\n\t\t\t\t\t\t\t\t\t\t\t\t                            <a href=\"http:\/\/www.kelmanonline.com\/httpdocs\/files\/AIC\/cpvwinter2014\/index.html\" onClick=\"gtag('event', 'cpv_link', {'event_category': 'Issuu Link', 'event_label': 'http:\/\/www.kelmanonline.com\/httpdocs\/files\/AIC\/cpvwinter2014\/index.html'});\">\r\n                                <span class=\"icon icon-new-tab2\"><\/span><br\/>\r\n                                3D\r\n                            <\/a>\r\n\t\t\t\t\t\t                    <\/div>\r\n\t\t\t\t            <\/div>\r\n\t\t\t\t\t            <div class=\"cpv-issue\">\r\n\t\t\t\t                    <div class=\"cpv-box-image\">\r\n                        <a href=\"https:\/\/www.aicanada.ca\/wp-content\/uploads\/CPV-BOOK-3-2004.pdf\" target=\"_blank\" onClick=\"gtag('event', 'cpv_link', {'event_category': 'PDF file', 'event_label': 'https:\/\/www.aicanada.ca\/wp-content\/uploads\/CPV-BOOK-3-2004.pdf'});\">\r\n                            <img decoding=\"async\" src=\"https:\/\/www.aicanada.ca\/wp-content\/uploads\/cpv-book3-2014-cover.jpg\" alt=\"2014 &#8211; Volume 58 &#8211; Tome 3\"\/>\r\n                            <span class=\"icon icon-download5\"><\/span>\r\n                        <\/a>\r\n                    <\/div>\r\n\t\t\t\t                <div class=\"cpv-box-text\">\r\n                    <div class=\"issue-title\">2014 &#8211; Volume 58 &#8211; Tome 3<\/div>\r\n\t\t\t\t\t                <\/div>\r\n\t\t\t\t                    <div class=\"cpv-box-links\">\r\n\t\t\t\t\t\t                            <a href=\"https:\/\/www.aicanada.ca\/fr\/cpv-issue\/2014-volume-58-tome-3\/\" onClick=\"gtag('event', 'cpv_link', {'event_category': 'Web Link', 'event_label': 'https:\/\/www.aicanada.ca\/fr\/cpv-issue\/2014-volume-58-tome-3\/'});\">\r\n                                <span class=\"icon icon-new-tab2\"><\/span><br\/>\r\n                                WEB\r\n                            <\/a>\r\n\t\t\t\t\t\t\t\t\t\t\t\t                            <a href=\"http:\/\/www.kelmanonline.com\/httpdocs\/files\/AIC\/cpvfall2014\/index.html\" onClick=\"gtag('event', 'cpv_link', {'event_category': 'Issuu Link', 'event_label': 'http:\/\/www.kelmanonline.com\/httpdocs\/files\/AIC\/cpvfall2014\/index.html'});\">\r\n                                <span class=\"icon icon-new-tab2\"><\/span><br\/>\r\n                                3D\r\n                            <\/a>\r\n\t\t\t\t\t\t                    <\/div>\r\n\t\t\t\t            <\/div>\r\n\t\t\t\t\t            <div class=\"cpv-issue\">\r\n\t\t\t\t                    <div class=\"cpv-box-image\">\r\n                        <a href=\"https:\/\/www.aicanada.ca\/wp-content\/uploads\/CPV_2014_Book2.pdf\" target=\"_blank\" onClick=\"gtag('event', 'cpv_link', {'event_category': 'PDF file', 'event_label': 'https:\/\/www.aicanada.ca\/wp-content\/uploads\/CPV_2014_Book2.pdf'});\">\r\n                            <img decoding=\"async\" src=\"https:\/\/www.aicanada.ca\/wp-content\/uploads\/248x323_2014_v58_b2.jpg\" alt=\"2014 &#8211; Volume 58 &#8211; Tome 2\"\/>\r\n                            <span class=\"icon icon-download5\"><\/span>\r\n                        <\/a>\r\n                    <\/div>\r\n\t\t\t\t                <div class=\"cpv-box-text\">\r\n                    <div class=\"issue-title\">2014 &#8211; Volume 58 &#8211; Tome 2<\/div>\r\n\t\t\t\t\t                <\/div>\r\n\t\t\t\t                    <div class=\"cpv-box-links\">\r\n\t\t\t\t\t\t                            <a href=\"https:\/\/www.aicanada.ca\/fr\/cpv-issue\/2014-volume-58-tome-2\/\" onClick=\"gtag('event', 'cpv_link', {'event_category': 'Web Link', 'event_label': 'https:\/\/www.aicanada.ca\/fr\/cpv-issue\/2014-volume-58-tome-2\/'});\">\r\n                                <span class=\"icon icon-new-tab2\"><\/span><br\/>\r\n                                WEB\r\n                            <\/a>\r\n\t\t\t\t\t\t\t\t\t\t\t\t                            <a href=\"https:\/\/www.aicanada.ca\/industry-resources\/canadian-property-valuation-magazine\/\" onClick=\"gtag('event', 'cpv_link', {'event_category': 'Issuu Link', 'event_label': 'https:\/\/www.aicanada.ca\/industry-resources\/canadian-property-valuation-magazine\/'});\">\r\n                                <span class=\"icon icon-new-tab2\"><\/span><br\/>\r\n                                3D\r\n                            <\/a>\r\n\t\t\t\t\t\t                    <\/div>\r\n\t\t\t\t            <\/div>\r\n\t\t\t\t\t            <div class=\"cpv-issue\">\r\n\t\t\t\t                    <div class=\"cpv-box-image\">\r\n                        <a href=\"https:\/\/www.aicanada.ca\/wp-content\/uploads\/CPV-Book-1-2014.pdf\" target=\"_blank\" onClick=\"gtag('event', 'cpv_link', {'event_category': 'PDF file', 'event_label': 'https:\/\/www.aicanada.ca\/wp-content\/uploads\/CPV-Book-1-2014.pdf'});\">\r\n                            <img decoding=\"async\" src=\"https:\/\/www.aicanada.ca\/wp-content\/uploads\/248x323_2014_v58_b1.png\" alt=\"2014 &#8211; Volume 58 &#8211; Tome 1\"\/>\r\n                            <span class=\"icon icon-download5\"><\/span>\r\n                        <\/a>\r\n                    <\/div>\r\n\t\t\t\t                <div class=\"cpv-box-text\">\r\n                    <div class=\"issue-title\">2014 &#8211; Volume 58 &#8211; Tome 1<\/div>\r\n\t\t\t\t\t                <\/div>\r\n\t\t\t\t                    <div class=\"cpv-box-links\">\r\n\t\t\t\t\t\t                            <a href=\"https:\/\/www.aicanada.ca\/fr\/cpv-issue\/2014-volume-58-tome-1\/\" onClick=\"gtag('event', 'cpv_link', {'event_category': 'Web Link', 'event_label': 'https:\/\/www.aicanada.ca\/fr\/cpv-issue\/2014-volume-58-tome-1\/'});\">\r\n                                <span class=\"icon icon-new-tab2\"><\/span><br\/>\r\n                                WEB\r\n                            <\/a>\r\n\t\t\t\t\t\t\t\t\t\t\t\t                            <a href=\"http:\/\/www.kelmanonline.com\/httpdocs\/files\/AIC\/cpvspring2014\/index.html\" onClick=\"gtag('event', 'cpv_link', {'event_category': 'Issuu Link', 'event_label': 'http:\/\/www.kelmanonline.com\/httpdocs\/files\/AIC\/cpvspring2014\/index.html'});\">\r\n                                <span class=\"icon icon-new-tab2\"><\/span><br\/>\r\n                                3D\r\n                            <\/a>\r\n\t\t\t\t\t\t                    <\/div>\r\n\t\t\t\t            <\/div>\r\n\t\t    <\/div>\r\n","protected":false},"excerpt":{"rendered":"<p>T\u00e9l\u00e9chargez les revues d&rsquo;\u00c9valuation immobili\u00e8re au Canada de 2014 ci-dessous.<\/p>\n","protected":false},"author":4,"featured_media":0,"parent":28373,"menu_order":0,"comment_status":"closed","ping_status":"closed","template":"","meta":{"_acf_changed":false,"_relevanssi_hide_post":"","_relevanssi_hide_content":"","_relevanssi_pin_for_all":"","_relevanssi_pin_keywords":"","_relevanssi_unpin_keywords":"","_relevanssi_related_keywords":"","_relevanssi_related_include_ids":"","_relevanssi_related_exclude_ids":"","_relevanssi_related_no_append":"","_relevanssi_related_not_related":"","_relevanssi_related_posts":"","_relevanssi_noindex_reason":"","_lmt_disableupdate":"","_lmt_disable":"","footnotes":""},"class_list":["post-65960","page","type-page","status-publish","hentry"],"acf":[],"_links":{"self":[{"href":"https:\/\/www.aicanada.ca\/fr\/wp-json\/wp\/v2\/pages\/65960","targetHints":{"allow":["GET"]}}],"collection":[{"href":"https:\/\/www.aicanada.ca\/fr\/wp-json\/wp\/v2\/pages"}],"about":[{"href":"https:\/\/www.aicanada.ca\/fr\/wp-json\/wp\/v2\/types\/page"}],"author":[{"embeddable":true,"href":"https:\/\/www.aicanada.ca\/fr\/wp-json\/wp\/v2\/users\/4"}],"replies":[{"embeddable":true,"href":"https:\/\/www.aicanada.ca\/fr\/wp-json\/wp\/v2\/comments?post=65960"}],"version-history":[{"count":13,"href":"https:\/\/www.aicanada.ca\/fr\/wp-json\/wp\/v2\/pages\/65960\/revisions"}],"predecessor-version":[{"id":133430,"href":"https:\/\/www.aicanada.ca\/fr\/wp-json\/wp\/v2\/pages\/65960\/revisions\/133430"}],"up":[{"embeddable":true,"href":"https:\/\/www.aicanada.ca\/fr\/wp-json\/wp\/v2\/pages\/28373"}],"wp:attachment":[{"href":"https:\/\/www.aicanada.ca\/fr\/wp-json\/wp\/v2\/media?parent=65960"}],"curies":[{"name":"wp","href":"https:\/\/api.w.org\/{rel}","templated":true}]}}