{"id":66067,"date":"2019-07-16T15:36:14","date_gmt":"2019-07-16T19:36:14","guid":{"rendered":"https:\/\/www.aicanada.ca\/?page_id=66067"},"modified":"2025-11-03T14:57:17","modified_gmt":"2025-11-03T19:57:17","slug":"congres-nationale-ice-presentations-des-conferenciers","status":"publish","type":"page","link":"https:\/\/www.aicanada.ca\/fr\/accueil-des-membres\/ressources-de-pratique-professionnelle\/congres-nationale-ice-presentations-des-conferenciers\/","title":{"rendered":"CONGR\u00c8S NATIONAL DE L&rsquo;ICE &#8211; PR\u00c9SENTATIONS ET DOCUMENTS DES CONF\u00c9RENCIERS"},"content":{"rendered":"Ce contenu est pour les types de membres avec autorisation uniquement. Veuillez vous connecter pour voir si vous pouvez voir ce contenu.","protected":false},"excerpt":{"rendered":"<p>Ce contenu est pour les types de membres avec autorisation uniquement. Veuillez vous connecter pour voir si vous pouvez voir ce contenu.<\/p>\n","protected":false},"author":15571,"featured_media":0,"parent":54058,"menu_order":0,"comment_status":"closed","ping_status":"closed","template":"template-member-page.php","meta":{"_acf_changed":false,"_relevanssi_hide_post":"","_relevanssi_hide_content":"","_relevanssi_pin_for_all":"","_relevanssi_pin_keywords":"","_relevanssi_unpin_keywords":"","_relevanssi_related_keywords":"","_relevanssi_related_include_ids":"","_relevanssi_related_exclude_ids":"","_relevanssi_related_no_append":"","_relevanssi_related_not_related":"","_relevanssi_related_posts":"","_relevanssi_noindex_reason":"","_lmt_disableupdate":"","_lmt_disable":"","footnotes":""},"class_list":["post-66067","page","type-page","status-publish","hentry"],"acf":[],"_links":{"self":[{"href":"https:\/\/www.aicanada.ca\/fr\/wp-json\/wp\/v2\/pages\/66067","targetHints":{"allow":["GET"]}}],"collection":[{"href":"https:\/\/www.aicanada.ca\/fr\/wp-json\/wp\/v2\/pages"}],"about":[{"href":"https:\/\/www.aicanada.ca\/fr\/wp-json\/wp\/v2\/types\/page"}],"author":[{"embeddable":true,"href":"https:\/\/www.aicanada.ca\/fr\/wp-json\/wp\/v2\/users\/15571"}],"replies":[{"embeddable":true,"href":"https:\/\/www.aicanada.ca\/fr\/wp-json\/wp\/v2\/comments?post=66067"}],"version-history":[{"count":15,"href":"https:\/\/www.aicanada.ca\/fr\/wp-json\/wp\/v2\/pages\/66067\/revisions"}],"predecessor-version":[{"id":154116,"href":"https:\/\/www.aicanada.ca\/fr\/wp-json\/wp\/v2\/pages\/66067\/revisions\/154116"}],"up":[{"embeddable":true,"href":"https:\/\/www.aicanada.ca\/fr\/wp-json\/wp\/v2\/pages\/54058"}],"wp:attachment":[{"href":"https:\/\/www.aicanada.ca\/fr\/wp-json\/wp\/v2\/media?parent=66067"}],"curies":[{"name":"wp","href":"https:\/\/api.w.org\/{rel}","templated":true}]}}