{"id":67757,"date":"2019-10-23T12:16:22","date_gmt":"2019-10-23T16:16:22","guid":{"rendered":"https:\/\/www.aicanada.ca\/?page_id=67757"},"modified":"2024-07-05T18:31:14","modified_gmt":"2024-07-05T22:31:14","slug":"code-of-professional-conduct","status":"publish","type":"page","link":"https:\/\/www.aicanada.ca\/fr\/code-of-professional-conduct\/","title":{"rendered":"Code de conduite professionnelle"},"content":{"rendered":"\n<p><strong>CODE DE CONDUITE<\/strong><\/p>\n\n\n\n<p>La conduite professionnelle et la comp\u00e9tence de ses membres sont deux caract\u00e9ristiques d&rsquo;une organisation autor\u00e9glement\u00e9e respect\u00e9e et digne de confiance.<\/p>\n\n\n\n<p>Les membres de l&rsquo;Institut canadien des \u00e9valuateurs (ICE) s&rsquo;engagent \u00e0 fournir des services professionnels et \u00e0 se conduire d&rsquo;une mani\u00e8re juste et impartiale qui ne porte pas pr\u00e9judice au public, \u00e0 l&rsquo;ICE ou \u00e0 ses membres, ou \u00e0 la profession d&rsquo;\u00e9valuateur de biens immobiliers.<\/p>\n\n\n\n<p>Les interactions professionnelles des membres avec les autres membres, l&rsquo;ICE et le public sont r\u00e9gies par la courtoisie, l&rsquo;impartialit\u00e9 et la bonne foi.<\/p>\n\n\n\n<p>Lorsqu&rsquo;ils fournissent des services professionnels, les membres se conforment aux Statuts de l&rsquo;ICE, aux R\u00e8glements consolid\u00e9s de l&rsquo;ICE et aux Normes uniformes de pratique professionnelle en mati\u00e8re d\u2019\u00e9valuation au Canada (NUPPEC) de l&rsquo;ICE.<\/p>\n","protected":false},"excerpt":{"rendered":"<p>CODE DE CONDUITE La conduite professionnelle et la comp\u00e9tence de ses membres sont deux caract\u00e9ristiques d&rsquo;une organisation autor\u00e9glement\u00e9e respect\u00e9e et digne de confiance. Les membres<\/p>\n","protected":false},"author":15571,"featured_media":0,"parent":0,"menu_order":0,"comment_status":"closed","ping_status":"closed","template":"","meta":{"_acf_changed":false,"_relevanssi_hide_post":"","_relevanssi_hide_content":"","_relevanssi_pin_for_all":"","_relevanssi_pin_keywords":"","_relevanssi_unpin_keywords":"","_relevanssi_related_keywords":"","_relevanssi_related_include_ids":"","_relevanssi_related_exclude_ids":"","_relevanssi_related_no_append":"","_relevanssi_related_not_related":"","_relevanssi_related_posts":"","_relevanssi_noindex_reason":"","_lmt_disableupdate":"","_lmt_disable":"","footnotes":""},"class_list":["post-67757","page","type-page","status-publish","hentry"],"acf":[],"_links":{"self":[{"href":"https:\/\/www.aicanada.ca\/fr\/wp-json\/wp\/v2\/pages\/67757","targetHints":{"allow":["GET"]}}],"collection":[{"href":"https:\/\/www.aicanada.ca\/fr\/wp-json\/wp\/v2\/pages"}],"about":[{"href":"https:\/\/www.aicanada.ca\/fr\/wp-json\/wp\/v2\/types\/page"}],"author":[{"embeddable":true,"href":"https:\/\/www.aicanada.ca\/fr\/wp-json\/wp\/v2\/users\/15571"}],"replies":[{"embeddable":true,"href":"https:\/\/www.aicanada.ca\/fr\/wp-json\/wp\/v2\/comments?post=67757"}],"version-history":[{"count":7,"href":"https:\/\/www.aicanada.ca\/fr\/wp-json\/wp\/v2\/pages\/67757\/revisions"}],"predecessor-version":[{"id":117830,"href":"https:\/\/www.aicanada.ca\/fr\/wp-json\/wp\/v2\/pages\/67757\/revisions\/117830"}],"wp:attachment":[{"href":"https:\/\/www.aicanada.ca\/fr\/wp-json\/wp\/v2\/media?parent=67757"}],"curies":[{"name":"wp","href":"https:\/\/api.w.org\/{rel}","templated":true}]}}