{"id":72466,"date":"2020-01-10T16:08:04","date_gmt":"2020-01-10T21:08:04","guid":{"rendered":"https:\/\/www.aicanada.ca\/?page_id=72466"},"modified":"2025-11-03T10:48:09","modified_gmt":"2025-11-03T15:48:09","slug":"ce-que-font-les-evaluateurs","status":"publish","type":"page","link":"https:\/\/www.aicanada.ca\/fr\/need-an-appraiser\/ce-que-font-les-evaluateurs\/","title":{"rendered":"Ce que font les \u00e9valuateurs"},"content":{"rendered":"\n<p>Les membres d\u00e9sign\u00e9s de l&rsquo;ICE jouent un r\u00f4le important sur le march\u00e9 immobilier en fournissant des services impartiaux d\u2019\u00e9valuation de biens immobiliers, d\u2019examen, de consultation, de planification de fonds de r\u00e9serve, d\u2019\u00e9valuation de machinerie et d\u2019\u00e9quipement et d\u2019\u00e9valuation de masse.<\/p>\n\n\n\n<p>Leurs opinions sur la valeur marchande reposent sur des recherches et des analyses exhaustives et sont essentielles au processus de prise de d\u00e9cisions des propri\u00e9taires, des entreprises, des investisseurs, des gouvernements et des autres professionnels lors de la planification d\u2019un portefeuille immobilier et des op\u00e9rations.<\/p>\n\n\n\n<p>S&rsquo;il s&rsquo;agit d&rsquo;immobilier, faites appel \u00e0 un \u00e9valuateur d\u00e9sign\u00e9 de l\u2019ICE!<\/p>\n\n\n\n<h2 class=\"wp-block-heading\"><strong>D\u00e9signations immobili\u00e8res de l\u2019ICE<\/strong><\/h2>\n\n\n\n<p>L&rsquo;ICE d\u00e9cerne deux d\u00e9signations professionnelles : Accredited Appraiser Canadian Institute (AACI) (\u00e9valuateur accr\u00e9dit\u00e9 de l\u2019Institut canadien) et Canadian Residential Appraiser (CRA)(\u00e9valuateur r\u00e9sidentiel canadien).<\/p>\n\n\n\n<div class=\"wp-block-columns is-layout-flex wp-container-core-columns-is-layout-28f84493 wp-block-columns-is-layout-flex\">\n<div class=\"wp-block-column is-layout-flow wp-block-column-is-layout-flow\">\n<div class=\"wp-block-group content-box has-lighter-grey-background-color has-background is-layout-flow wp-block-group-is-layout-flow\" style=\"padding-top:var(--wp--preset--spacing--50);padding-right:var(--wp--preset--spacing--50);padding-bottom:var(--wp--preset--spacing--50);padding-left:var(--wp--preset--spacing--50)\">\n<p><strong>AACI<\/strong>\u2014 membre poss\u00e9dant les qualifications lui permettant d\u2019entreprendre tout contrat de service d\u2019\u00e9valuation et de consultation sur des types de propri\u00e9t\u00e9s r\u00e9sidentielles, commerciales, industrielles, institutionnelles, agricoles, fonci\u00e8res et \u00e0 vocation particuli\u00e8re. &nbsp;<\/p>\n<\/div>\n<\/div>\n\n\n\n<div class=\"wp-block-column is-layout-flow wp-block-column-is-layout-flow\">\n<div class=\"wp-block-group content-box has-lighter-grey-background-color has-background is-layout-flow wp-block-group-is-layout-flow\" style=\"padding-top:var(--wp--preset--spacing--50);padding-right:var(--wp--preset--spacing--50);padding-bottom:var(--wp--preset--spacing--50);padding-left:var(--wp--preset--spacing--50)\">\n<p><strong>CRA<\/strong>\u2014 poss\u00e9dant les qualifications lui permettant d\u2019entreprendre tout contrat de service d&rsquo;\u00e9valuation et de consultation sur les logements ne contenant pas plus de quatre unit\u00e9s de logement familial autonome ou sur des emplacements de r\u00e9sidence individuelle non am\u00e9nag\u00e9s.<\/p>\n<\/div>\n<\/div>\n<\/div>\n\n\n\n<p>Chaque d\u00e9signation est une garantie de qualit\u00e9, de connaissance et de professionnalisme. De plus, les titulaires de d\u00e9signations de l\u2019ICE sont reconnus en tant qu&rsquo;experts dans des contextes judiciaires et quasi-judiciaires.<\/p>\n\n\n\n<p>Les membres d\u00e9sign\u00e9s de l\u2019ICE compl\u00e8tent le programme d&rsquo;\u00e9tudes professionnelles de l&rsquo;ICE, qui comprend un enseignement universitaire dispens\u00e9 en partenariat avec l&rsquo;Universit\u00e9 de la Colombie-Britannique et l&rsquo;Universit\u00e9 Laval. Ils sont \u00e9galement tenus de r\u00e9ussir un programme d&rsquo;exp\u00e9rience pratique et un examen, ainsi qu&rsquo;une entrevue de comp\u00e9tence professionnelle, et doivent d\u00e9tenir un dipl\u00f4me d&rsquo;une universit\u00e9 canadienne reconnue afin d\u2019obtenir une d\u00e9signation AACI ou CRA.<\/p>\n\n\n\n<hr class=\"wp-block-separator has-text-color has-light-grey-color has-css-opacity has-light-grey-background-color has-background is-style-wide\"\/>\n\n\n\r\n\r\n    <div class=\"mp-block-video mp-block clearfix\">\r\n        <div class=\"video-block\">\r\n            <h2><span class=\"icon icon-play\"><\/span> L&rsquo;avantage d&#8217;embaucher un membre de l&rsquo;ICE<\/h2>\r\n            <div class=\"video-oembed\">\r\n\t\t\t\t<img decoding=\"async\" src=\"https:\/\/i.vimeocdn.com\/video\/690351872-879d85df8c3d60f36d5d57e090e8ad2251907fc775935bcf2f9a2737c17c6901-d_640?region=us\" class=\"oembed-image\" data-video-src=\"https:\/\/player.vimeo.com\/video\/235405323?dnt=1&amp;app_id=122963&amp;autoplay=1\" alt=\"What are the benefits of hiring an appraiser vs. other professionals for decisions involving real estate\">                <div class=\"oembed-video-lighten\"><\/div>\r\n                <img decoding=\"async\" src=\"https:\/\/www.aicanada.ca\/wp-content\/themes\/aicanada\/resources\/images\/structure\/play.png\" class=\"oembed-play\" alt=\"L&#039;avantage d&#039;embaucher un membre de l&#039;ICE\"\/>\r\n            <\/div>\r\n            <div class=\"video-desc\">\r\n\t\t\t\t            <\/div>\r\n        <\/div>\r\n    <\/div>\r\n\r\n\n\n\n<hr class=\"wp-block-separator has-css-opacity is-style-wide\"\/>\n\n\n\n<details class=\"wp-block-details is-style-aic-grey-border-details is-layout-flow wp-block-details-is-layout-flow\"><summary>Quand un \u00e9valuateur d\u00e9sign\u00e9 par l&rsquo;ICE est-il impliqu\u00e9 dans une d\u00e9cision immobili\u00e8re ?<\/summary>\n<p>Un \u00e9valuateur d\u00e9sign\u00e9 par l&rsquo;ICE est engag\u00e9 lorsqu&rsquo;un propri\u00e9taire a besoin d&rsquo;une opinion experte et impartiale sur la valeur d&rsquo;un bien immobilier pour prendre une d\u00e9cision \u00e9clair\u00e9e en la mati\u00e8re. Il est impliqu\u00e9 dans :<\/p>\n\n\n\n<ul class=\"wp-block-list\">\n<li>R\u00e9novation ou construction<\/li>\n\n\n\n<li>Achat ou vente de biens immobiliers<\/li>\n\n\n\n<li>Financement ou refinancement de biens<\/li>\n\n\n\n<li>Prendre des d\u00e9cisions en mati\u00e8re d&rsquo;investissement immobilier<\/li>\n\n\n\n<li>R\u00e9vision des \u00e9valuations de l&rsquo;imp\u00f4t foncier<\/li>\n\n\n\n<li>\u00c9valuation des gains en capital<\/li>\n\n\n\n<li>Pr\u00e9senter une demande d&rsquo;indemnisation \u00e0 des fins d&rsquo;assurance<\/li>\n\n\n\n<li>D\u00e9terminer ou faire face \u00e0 une indemnit\u00e9 d&rsquo;expropriation<\/li>\n\n\n\n<li>\u00c9valuation des biens \u00e0 des fins matrimoniales, d&rsquo;arbitrage ou d&rsquo;autres questions litigieuses<\/li>\n\n\n\n<li>Fusions, acquisitions ou dissolutions d&rsquo;entreprises impliquant des biens immobiliers<\/li>\n\n\n\n<li>Communication de la valeur des biens immobiliers pour satisfaire aux normes internationales d&rsquo;information financi\u00e8re (IFRS)<\/li>\n\n\n\n<li>R\u00e9alisation d&rsquo;\u00e9tudes de fonds de r\u00e9serve ou de rapports d&rsquo;amortissement pour les biens en copropri\u00e9t\u00e9\/strat\u00e9gie<\/li>\n\n\n\n<li>\u00c9valuation des machines et des \u00e9quipements<\/li>\n\n\n\n<li>R\u00e9alisation d&rsquo;\u00e9valuations en masse<\/li>\n<\/ul>\n\n\n\n<p>&nbsp;<\/p>\n<\/details>\n\n\n\n<details class=\"wp-block-details is-style-aic-grey-border-details is-layout-flow wp-block-details-is-layout-flow\"><summary>Quels types de biens un membre d\u00e9sign\u00e9 de l&rsquo;ICE peut-il \u00e9valuer ?<\/summary>\n<p>Les \u00e9valuateurs d\u00e9sign\u00e9s par l&rsquo;ICE peuvent fournir des services d&rsquo;\u00e9valuation sur tous les types de biens, y compris :<\/p>\n\n\n\n<ul class=\"wp-block-list\">\n<li>R\u00e9sidences unifamiliales, immeubles \u00e0 logements multiples, propri\u00e9t\u00e9s de loisirs, propri\u00e9t\u00e9s patrimoniales, etc.<\/li>\n\n\n\n<li>Immeubles de bureaux commerciaux, commerces de d\u00e9tail, h\u00f4tels, entrep\u00f4ts et autres propri\u00e9t\u00e9s \u00e0 revenus<\/li>\n\n\n\n<li>Fabrication industrielle, ateliers d&rsquo;usinage, etc.<\/li>\n\n\n\n<li>Institutions &#8211; h\u00f4pitaux, \u00e9coles, \u00e9glises, propri\u00e9t\u00e9s publiques, etc.<\/li>\n\n\n\n<li>Exploitation mini\u00e8re\/ressources naturelles &#8211; p\u00e9trole et gaz, terrains forestiers exploitables, sabli\u00e8res, p\u00e2te \u00e0 papier, etc.<\/li>\n\n\n\n<li>Rurale &#8211; agriculture, terres, caves, vergers, etc.<\/li>\n\n\n\n<li>Utilisations sp\u00e9ciales &#8211; a\u00e9roports, terrains de golf, biens contamin\u00e9s, ports, installations militaires, prisons, etc.<\/li>\n\n\n\n<li>Machines et \u00e9quipements &#8211; commerciaux et industriels, hospitalit\u00e9, services de sant\u00e9, agriculture, etc.<\/li>\n<\/ul>\n<\/details>\n\n\n\n<details class=\"wp-block-details is-style-aic-grey-border-details is-layout-flow wp-block-details-is-layout-flow\"><summary>Quels services un \u00e9valuateur d\u00e9sign\u00e9 par l&rsquo;ICE peut-il offrir ?<\/summary>\n<p>De nombreux \u00e9valuateurs d\u00e9sign\u00e9s par l&rsquo;ICE offrent des connaissances sp\u00e9cialis\u00e9es en mati\u00e8re de biens immobiliers, comme par exemple :<\/p>\n\n\n\n<ul class=\"wp-block-list\">\n<li>l&rsquo;arbitrage et la n\u00e9gociation<\/li>\n\n\n\n<li>T\u00e9moignages d&rsquo;experts et soutien aux litiges<\/li>\n\n\n\n<li>Analyse co\u00fbts-avantages<\/li>\n\n\n\n<li>\u00c9tudes de faisabilit\u00e9<\/li>\n\n\n\n<li>Forclusion<\/li>\n\n\n\n<li>Utilisation maximale et optimale<\/li>\n\n\n\n<li>Assurance et co\u00fbt de remplacement<\/li>\n\n\n\n<li>\u00c9valuation de la relocalisation<\/li>\n\n\n\n<li>Analyse de march\u00e9 et \u00e9tudes sur la rente du march\u00e9<\/li>\n\n\n\n<li>\u00c9tudes sur les fonds de r\u00e9serve<\/li>\n\n\n\n<li>Gestion des actifs\/portefeuilles<\/li>\n\n\n\n<li>Droit de passage, servitude, pr\u00e9l\u00e8vements partiels<\/li>\n\n\n\n<li>Recours en mati\u00e8re d&rsquo;\u00e9valuation fiscale<\/li>\n\n\n\n<li>Revendications territoriales des Premi\u00e8res nations<\/li>\n\n\n\n<li>\u00c9valuation des machines et des \u00e9quipements<\/li>\n\n\n\n<li>Vert \/ Solaire<\/li>\n<\/ul>\n<\/details>\n\n\n\n<details class=\"wp-block-details is-style-aic-grey-border-details is-layout-flow wp-block-details-is-layout-flow\"><summary>Quelles sont les m\u00e9thodes utilis\u00e9es par les membres d\u00e9sign\u00e9s de l&rsquo;ICE ?<\/summary>\n<p>Plusieurs m\u00e9thodologies sont utilis\u00e9es par les \u00e9valuateurs d\u00e9sign\u00e9s par l&rsquo;ICE, en fonction de l&rsquo;\u00e9tendue de la mission et du type de bien.<\/p>\n\n\n\n<p><strong>Approche de comparaison directe :<\/strong> une m\u00e9thodologie par laquelle l&rsquo;\u00e9valuateur \u00e9labore une opinion de valeur en analysant les ventes r\u00e9alis\u00e9es, les inscriptions ou les ventes en cours de propri\u00e9t\u00e9s qui sont similaires \u00e0 la propri\u00e9t\u00e9 en question.<\/p>\n\n\n\n<p><strong>Approche par les co\u00fbts :<\/strong> une m\u00e9thodologie qui consid\u00e8re les \u00e9l\u00e9ments du terrain et du b\u00e2timent s\u00e9par\u00e9ment et qui aboutit \u00e0 une conclusion de valeur en additionnant ces estimations. Comme la m\u00e9thode de comparaison directe, la m\u00e9thode des co\u00fbts est bas\u00e9e sur une comparaison du co\u00fbt de remplacement du sujet (co\u00fbt neuf) ou du co\u00fbt de reproduction du sujet (propri\u00e9t\u00e9 de substitution). Le co\u00fbt est r\u00e9duit par l&rsquo;amortissement cumul\u00e9 (c&rsquo;est-\u00e0-dire l&rsquo;usure physique, les d\u00e9ficiences fonctionnelles et les influences ext\u00e9rieures) du logement et des am\u00e9liorations apport\u00e9es au site (c&rsquo;est-\u00e0-dire le garage, la terrasse, la piscine, etc.). L&rsquo;approche par les co\u00fbts est plus fiable lorsqu&rsquo;un bien est plus r\u00e9cent en raison de la diminution de l&rsquo;amortissement.<\/p>\n\n\n\n<p><strong>Approche des revenus :<\/strong> m\u00e9thodologie utilis\u00e9e pour d\u00e9terminer l&rsquo;\u00e9valuation des biens immobiliers productifs. G\u00e9n\u00e9ralement achet\u00e9s comme investissements, le potentiel de revenu est un \u00e9l\u00e9ment important qui affecte la valeur de ces propri\u00e9t\u00e9s. Gr\u00e2ce \u00e0 l&rsquo;Approche par les revenus, l&rsquo;\u00e9valuateur analyse les revenus et les d\u00e9penses d&rsquo;une propri\u00e9t\u00e9 pour convertir les revenus en une valeur actuelle. Cette m\u00e9thodologie n&rsquo;est g\u00e9n\u00e9ralement pas appliqu\u00e9e lors de l&rsquo;\u00e9valuation d&rsquo;une propri\u00e9t\u00e9 r\u00e9sidentielle.<\/p>\n<\/details>\n\n\n\n<details class=\"wp-block-details is-style-aic-grey-border-details is-layout-flow wp-block-details-is-layout-flow\"><summary>Quels types de rapports d&rsquo;\u00e9valuation les membres d\u00e9sign\u00e9s de l&rsquo;ICE remplissent-ils ?<\/summary>\n<p>Les \u00e9valuateurs d\u00e9sign\u00e9s d&rsquo;ICE \u00e9valuent le type de propri\u00e9t\u00e9 \u00e0 \u00e9valuer ainsi que la complexit\u00e9, la nature et la port\u00e9e de la mission lorsqu&rsquo;ils d\u00e9terminent le type de rapport \u00e0 remplir pour leurs clients. Trois types de rapports sont g\u00e9n\u00e9ralement utilis\u00e9s :<\/p>\n\n\n\n<ul class=\"wp-block-list\">\n<li>Les rapports sur formulaire sont plus couramment utilis\u00e9s pour remplir les rapports d&rsquo;\u00e9valuation des propri\u00e9t\u00e9s r\u00e9sidentielles.<\/li>\n\n\n\n<li>Les rapports narratifs courts sont utilis\u00e9s pour fournir des informations concises et exposer les principaux faits saillants et les conclusions d&rsquo;une mission.<\/li>\n\n\n\n<li>Les rapports narratifs complets sont utilis\u00e9s lorsqu&rsquo;un client a besoin de plus de d\u00e9tails, de recherches et de conclusions.<\/li>\n<\/ul>\n<\/details>\n\n\n\n<details class=\"wp-block-details is-style-aic-grey-border-details is-layout-flow wp-block-details-is-layout-flow\"><summary>Les services des \u00e9valuateurs d\u00e9sign\u00e9s par l&rsquo;ICE sont-ils assur\u00e9s ?<\/summary>\n<p><strong>PROGRAMME D&rsquo;ASSURANCE RESPONSABILIT\u00c9 PROFESSIONNELLE<\/strong><\/p>\n\n\n\n<p>L&rsquo;ICE a un programme d&rsquo;assurance responsabilit\u00e9 professionnelle obligatoire, offrant une couverture pour les erreurs et omissions de tous ses membres. Le programme d&rsquo;assurance offre une politique g\u00e9n\u00e9rale qui couvre les travaux d&rsquo;\u00e9valuation tels que d\u00e9finis par les normes de l&rsquo;ICE (NUPPEC). Le programme offre aux membres des services d&rsquo;assurance professionnels d\u00e9di\u00e9s, directement li\u00e9s \u00e0 l&rsquo;exp\u00e9rience de la profession.<\/p>\n\n\n\n<p><strong>Fournisseur :<\/strong> Compagnie d&rsquo;assurance Trisura Guarantee<\/p>\n\n\n\n<p><strong>Repr\u00e9sent\u00e9 par :<\/strong> HUB International (la soci\u00e9t\u00e9 de courtage en assurance repr\u00e9sentant les membres de l&rsquo;Institut canadien d&rsquo;\u00e9valuatEURS)<\/p>\n\n\n\n<p><strong>QU&rsquo;EST-CE QUI EST COUVERT ?<\/strong><\/p>\n\n\n\n<p>Tous les membres en r\u00e8gle sont couverts pour les services d&rsquo;\u00e9valuation professionnelle qu&rsquo;ils sont qualifi\u00e9s \u00e0 offrir.. La police d&rsquo;assurance de l&rsquo;ICE offre aux membres une protection complete, y compris :<\/p>\n\n\n\n<ul class=\"wp-block-list\">\n<li>une assurance responsabilit\u00e9 assortie d\u2019une limite de 2 million de dollars (par incident\/total par ann\u00e9e)<\/li>\n\n\n\n<li>es frais juridiques et de d\u00e9fense<\/li>\n<\/ul>\n\n\n\n<p><strong>COUVERTURE DE LA CYBER-RESPONSABILIT\u00c9<\/strong><\/p>\n\n\n\n<p>Les risques li\u00e9s \u00e0 la s\u00e9curit\u00e9 des r\u00e9seaux et \u00e0 la protection de la vie priv\u00e9e sont devenus une pr\u00e9occupation croissante pour les entreprises aujourd&rsquo;hui. La pand\u00e9mie COVID-19 et le passage au travail \u00e0 distance qui en a r\u00e9sult\u00e9 ont fait monter les cybermenaces \u00e0 un niveau jamais vu auparavant.<\/p>\n\n\n\n<p>En 2017, l&rsquo;ICE a introduit une am\u00e9lioration de la couverture pour aider les \u00e9valuateurs \u00e0 se pr\u00e9parer aux complexit\u00e9s et aux nuances de la s\u00e9curit\u00e9 des donn\u00e9es. Les programmes d&rsquo;assurance comprennent d\u00e9sormais la couverture des services de protection contre les atteintes \u00e0 la vie priv\u00e9e et \u00e0 la s\u00e9curit\u00e9, qui a \u00e9t\u00e9 int\u00e9gr\u00e9e \u00e0 la couverture de tous les membres.<\/p>\n\n\n\n<p><strong>PORTAIL D&rsquo;ASSURANCE DES MEMBRES DE L&rsquo;ICE<\/strong><\/p>\n\n\n\n<p>Les membres peuvent acc\u00e9der au portail Web du programme d\u2019assurance de l\u2019ICE en se connectant \u00e0 leur compte sur le portail Trisura ici : <a href=\"https:\/\/secure.trisura.com\/aic\/login.aspx?AspxAutoDetectCookieSupport=1\">https:\/\/secure.trisura.com\/ICE\/login.aspx?AspxAutoDetectCookieSupport=1<\/a><\/p>\n\n\n\n<p>Ayez votre adresse courriel et mot de passe \u00e0 port\u00e9e de la main.<\/p>\n\n\n\n<p>Consultez le portail des membres de l&rsquo;ICE pour toute difficult\u00e9 technique ou question concernant votre compte.<\/p>\n<\/details>\n","protected":false},"excerpt":{"rendered":"<p>Les membres d\u00e9sign\u00e9s de l&rsquo;ICE jouent un r\u00f4le important sur le march\u00e9 immobilier en fournissant des services impartiaux d\u2019\u00e9valuation de biens immobiliers, d\u2019examen, de consultation,<\/p>\n","protected":false},"author":4,"featured_media":0,"parent":54075,"menu_order":3,"comment_status":"closed","ping_status":"closed","template":"","meta":{"_acf_changed":false,"_relevanssi_hide_post":"","_relevanssi_hide_content":"","_relevanssi_pin_for_all":"","_relevanssi_pin_keywords":"","_relevanssi_unpin_keywords":"","_relevanssi_related_keywords":"","_relevanssi_related_include_ids":"","_relevanssi_related_exclude_ids":"","_relevanssi_related_no_append":"","_relevanssi_related_not_related":"","_relevanssi_related_posts":"","_relevanssi_noindex_reason":"","_lmt_disableupdate":"","_lmt_disable":"","footnotes":""},"class_list":["post-72466","page","type-page","status-publish","hentry"],"acf":[],"_links":{"self":[{"href":"https:\/\/www.aicanada.ca\/fr\/wp-json\/wp\/v2\/pages\/72466","targetHints":{"allow":["GET"]}}],"collection":[{"href":"https:\/\/www.aicanada.ca\/fr\/wp-json\/wp\/v2\/pages"}],"about":[{"href":"https:\/\/www.aicanada.ca\/fr\/wp-json\/wp\/v2\/types\/page"}],"author":[{"embeddable":true,"href":"https:\/\/www.aicanada.ca\/fr\/wp-json\/wp\/v2\/users\/4"}],"replies":[{"embeddable":true,"href":"https:\/\/www.aicanada.ca\/fr\/wp-json\/wp\/v2\/comments?post=72466"}],"version-history":[{"count":14,"href":"https:\/\/www.aicanada.ca\/fr\/wp-json\/wp\/v2\/pages\/72466\/revisions"}],"predecessor-version":[{"id":154046,"href":"https:\/\/www.aicanada.ca\/fr\/wp-json\/wp\/v2\/pages\/72466\/revisions\/154046"}],"up":[{"embeddable":true,"href":"https:\/\/www.aicanada.ca\/fr\/wp-json\/wp\/v2\/pages\/54075"}],"wp:attachment":[{"href":"https:\/\/www.aicanada.ca\/fr\/wp-json\/wp\/v2\/media?parent=72466"}],"curies":[{"name":"wp","href":"https:\/\/api.w.org\/{rel}","templated":true}]}}