{"id":87972,"date":"2021-09-01T10:25:34","date_gmt":"2021-09-01T14:25:34","guid":{"rendered":"https:\/\/www.aicanada.ca\/?page_id=87972"},"modified":"2025-04-23T11:25:50","modified_gmt":"2025-04-23T15:25:50","slug":"election-2025","status":"publish","type":"page","link":"https:\/\/www.aicanada.ca\/fr\/accueil-des-membres\/election-2025\/","title":{"rendered":"\u00c9lection f\u00e9d\u00e9rale de 2025"},"content":{"rendered":"Ce contenu est pour les types de membres avec autorisation uniquement. Veuillez vous connecter pour voir si vous pouvez voir ce contenu.","protected":false},"excerpt":{"rendered":"<p>Ce contenu est pour les types de membres avec autorisation uniquement. Veuillez vous connecter pour voir si vous pouvez voir ce contenu.<\/p>\n","protected":false},"author":4,"featured_media":0,"parent":54046,"menu_order":0,"comment_status":"closed","ping_status":"closed","template":"template-member-page.php","meta":{"_acf_changed":false,"_relevanssi_hide_post":"","_relevanssi_hide_content":"","_relevanssi_pin_for_all":"","_relevanssi_pin_keywords":"","_relevanssi_unpin_keywords":"","_relevanssi_related_keywords":"","_relevanssi_related_include_ids":"","_relevanssi_related_exclude_ids":"","_relevanssi_related_no_append":"","_relevanssi_related_not_related":"","_relevanssi_related_posts":"","_relevanssi_noindex_reason":"","_lmt_disableupdate":"","_lmt_disable":"","footnotes":""},"class_list":["post-87972","page","type-page","status-publish","hentry"],"acf":[],"_links":{"self":[{"href":"https:\/\/www.aicanada.ca\/fr\/wp-json\/wp\/v2\/pages\/87972","targetHints":{"allow":["GET"]}}],"collection":[{"href":"https:\/\/www.aicanada.ca\/fr\/wp-json\/wp\/v2\/pages"}],"about":[{"href":"https:\/\/www.aicanada.ca\/fr\/wp-json\/wp\/v2\/types\/page"}],"author":[{"embeddable":true,"href":"https:\/\/www.aicanada.ca\/fr\/wp-json\/wp\/v2\/users\/4"}],"replies":[{"embeddable":true,"href":"https:\/\/www.aicanada.ca\/fr\/wp-json\/wp\/v2\/comments?post=87972"}],"version-history":[{"count":15,"href":"https:\/\/www.aicanada.ca\/fr\/wp-json\/wp\/v2\/pages\/87972\/revisions"}],"predecessor-version":[{"id":146837,"href":"https:\/\/www.aicanada.ca\/fr\/wp-json\/wp\/v2\/pages\/87972\/revisions\/146837"}],"up":[{"embeddable":true,"href":"https:\/\/www.aicanada.ca\/fr\/wp-json\/wp\/v2\/pages\/54046"}],"wp:attachment":[{"href":"https:\/\/www.aicanada.ca\/fr\/wp-json\/wp\/v2\/media?parent=87972"}],"curies":[{"name":"wp","href":"https:\/\/api.w.org\/{rel}","templated":true}]}}